{"id":7428,"date":"2018-07-19T17:51:41","date_gmt":"2018-07-19T15:51:41","guid":{"rendered":"https:\/\/www.securetec.net\/?page_id=7428"},"modified":"2023-03-30T08:57:36","modified_gmt":"2023-03-30T06:57:36","slug":"our-portfolio-of-products-and-services-for-your-security","status":"publish","type":"page","link":"https:\/\/www.securetec.net\/en\/solutions\/workplace-drug-screening\/our-portfolio-of-products-and-services-for-your-security\/","title":{"rendered":"Our portfolio of products and services for your security"},"content":{"rendered":"<div class=\"wpb-content-wrapper\"><p>[vc_row lg_spacing=&#8221;margin_bottom:50&#8243;][vc_column][vc_column_text]<\/p>\n<h2>Reliable detection of the risks posed by\u00a0drugs<\/h2>\n<p><strong>Customized rapid screening drug tests for sensitive situations<\/strong><\/p>\n<p>In contrast to the signs of alcohol consumption, the outward signs of drug use in the workplace are usually more difficult to detect with certainty. Frequently, drug abuse is a taboo subject and establishing evidence requires a great deal of awareness and sensitivity. We support companies and institutions with innovative saliva rapid tests for objective detection.[\/vc_column_text][\/vc_column][\/vc_row][vc_row][vc_column][tm_table]<\/p>\n<table style=\"border-collapse: collapse; width: 100%;\">\n<tbody>\n<tr>\n<td style=\"width: 33.3333%;\"><strong>Saliva test<\/strong><\/td>\n<td style=\"width: 32.5119%;\"><strong>Surface test<\/strong><\/td>\n<td style=\"width: 34.1547%;\"><strong>Optional: Analysis device for saliva tests<\/strong><\/td>\n<\/tr>\n<tr>\n<td style=\"width: 33.3333%;\" width=\"201\">\n<ul>\n<li>Targeted test detects direct influence of the drug<\/li>\n<li>Results in 3\u00a0to 8\u00a0minutes<\/li>\n<li>Visual evaluation<\/li>\n<li>Hygienic, fast and easy sample collection<\/li>\n<li>Reliable and tamper-proof<\/li>\n<li>Different products for cannabis, cocaine, opiates, amphetamines\/methamphetamines, benzodiazepines, ketamine\/PCP, buprenorphine, methadone<\/li>\n<\/ul>\n<\/td>\n<td style=\"width: 32.5119%;\">\n<ul>\n<li>Reliable detection of invisible traces<\/li>\n<li>Visual evaluation<\/li>\n<li>Discreet testing with no direct personal contact<\/li>\n<li>Used worldwide by police, customs and companies<\/li>\n<li>Different products to detect cannabis, cocaine, opiates, amphetamines and meth\u00adamphetamines<\/li>\n<\/ul>\n<\/td>\n<td style=\"width: 34.1547%;\">\n<ul>\n<li>Always guarantees an objective result<\/li>\n<li>Mobile and light<\/li>\n<li>Integrated printer to document evidence rapidly<\/li>\n<li>All essential information, including time and date stamps, is captured and saved<\/li>\n<li>Data privacy guaranteed<\/li>\n<\/ul>\n<\/td>\n<\/tr>\n<tr>\n<td style=\"width: 33.3333%;\"><strong><a href=\"https:\/\/www.securetec.net\/en\/products\/saliva-drug-test-drugwipe\/\"><span style=\"color: #0000ff;\">DrugWipe<\/span><\/a><a href=\"https:\/\/www.securetec.net\/de\/produkte\/speicheltest\/\"><span style=\"color: #0000ff;\"><sup>\u00ae<\/sup><\/span><\/a><a href=\"https:\/\/www.securetec.net\/de\/produkte\/speicheltest\/\"><span style=\"color: #0000ff;\"> S<\/span><\/a><\/strong><\/td>\n<td style=\"width: 32.5119%;\"><a href=\"https:\/\/www.securetec.net\/en\/products\/drug-surface-test\/\"><strong><span style=\"color: #0000ff;\">DrugWipe<sup>\u00ae<\/sup> F<\/span><\/strong><\/a><\/td>\n<td style=\"width: 34.1547%;\"><a href=\"https:\/\/www.securetec.net\/en\/products\/device-for-drug-detection-wipealyser\/\"><span style=\"color: #0000ff;\"><strong>WipeAlyser<sup>\u00ae<\/sup><\/strong><\/span><\/a><\/td>\n<\/tr>\n<tr>\n<td style=\"width: 33.3333%;\"><img decoding=\"async\" class=\"alignnone size-medium wp-image-11363\" src=\"https:\/\/www.securetec.net\/app\/uploads\/2020\/07\/MG_3189_DrugWipe_saliva_testing-300x200.jpg\" alt=\"DrugWipe Speicheltest Drogen\" width=\"300\" height=\"200\" srcset=\"https:\/\/www.securetec.net\/app\/uploads\/2020\/07\/MG_3189_DrugWipe_saliva_testing-300x200.jpg 300w, https:\/\/www.securetec.net\/app\/uploads\/2020\/07\/MG_3189_DrugWipe_saliva_testing-1024x683.jpg 1024w, https:\/\/www.securetec.net\/app\/uploads\/2020\/07\/MG_3189_DrugWipe_saliva_testing-768x512.jpg 768w, https:\/\/www.securetec.net\/app\/uploads\/2020\/07\/MG_3189_DrugWipe_saliva_testing-1536x1024.jpg 1536w, https:\/\/www.securetec.net\/app\/uploads\/2020\/07\/MG_3189_DrugWipe_saliva_testing.jpg 1680w\" sizes=\"(max-width: 300px) 100vw, 300px\" \/><\/td>\n<td style=\"width: 32.5119%;\"><img decoding=\"async\" class=\"alignnone size-medium wp-image-4618\" src=\"https:\/\/www.securetec.net\/app\/uploads\/2018\/08\/oberflaechentest_drogentest_dw5f_probenahme_laptop_mg_3866_300dpi_smaller-300x200.jpg\" alt=\"Oberfl\u00e4chentest Drogen\" width=\"300\" height=\"200\" srcset=\"https:\/\/www.securetec.net\/app\/uploads\/2018\/08\/oberflaechentest_drogentest_dw5f_probenahme_laptop_mg_3866_300dpi_smaller-300x200.jpg 300w, https:\/\/www.securetec.net\/app\/uploads\/2018\/08\/oberflaechentest_drogentest_dw5f_probenahme_laptop_mg_3866_300dpi_smaller-768x512.jpg 768w, https:\/\/www.securetec.net\/app\/uploads\/2018\/08\/oberflaechentest_drogentest_dw5f_probenahme_laptop_mg_3866_300dpi_smaller-1024x683.jpg 1024w, https:\/\/www.securetec.net\/app\/uploads\/2018\/08\/oberflaechentest_drogentest_dw5f_probenahme_laptop_mg_3866_300dpi_smaller.jpg 1140w\" sizes=\"(max-width: 300px) 100vw, 300px\" \/><\/td>\n<td style=\"width: 34.1547%;\"><img decoding=\"async\" class=\"alignnone size-medium wp-image-8104\" src=\"https:\/\/www.securetec.net\/app\/uploads\/2018\/10\/1_wipealyser_mit_drugwipe_bearbeitet_web_-1-300x200.jpg\" alt=\"Wipealyser\" width=\"300\" height=\"200\" srcset=\"https:\/\/www.securetec.net\/app\/uploads\/2018\/10\/1_wipealyser_mit_drugwipe_bearbeitet_web_-1-300x200.jpg 300w, https:\/\/www.securetec.net\/app\/uploads\/2018\/10\/1_wipealyser_mit_drugwipe_bearbeitet_web_-1-768x512.jpg 768w, https:\/\/www.securetec.net\/app\/uploads\/2018\/10\/1_wipealyser_mit_drugwipe_bearbeitet_web_-1.jpg 1000w\" sizes=\"(max-width: 300px) 100vw, 300px\" \/><\/td>\n<\/tr>\n<tr>\n<td style=\"width: 33.3333%;\">Saliva screening<\/td>\n<td style=\"width: 32.5119%;\">Surface screening<\/td>\n<td style=\"width: 34.1547%;\">Document results<\/td>\n<\/tr>\n<\/tbody>\n<\/table>\n<p>[\/tm_table][\/vc_column][\/vc_row][vc_row][vc_column][tm_spacer size=&#8221;lg:30&#8243;][vc_column_text css=&#8221;.vc_custom_1680159429400{margin-bottom: 40px !important;}&#8221;]Once an appropriate agreement is in place and the person to be tested has given consent, a\u00a0safety officer or company doctor can perform a drug test quickly, reliably and hygienically with the DrugWipe rapid screening drug test. The <a href=\"https:\/\/www.securetec.net\/en\/products\/saliva-drug-test-drugwipe\/\">DrugWipe<sup>\u00ae<\/sup>\u00a0S saliva test<\/a> is easy to use and is a fast, hygienic means of detecting the prevalent substances.<\/p>\n<p>Surface tests offer another alternative option for discreet testing in case of suspicion. Drug consumption always leaves some traces behind \u2013 which can be clearly identified by the <a href=\"https:\/\/www.securetec.net\/en\/products\/drug-surface-test\/\">DrugWipe<sup>\u00ae<\/sup>\u00a0F surface\u00a0test<\/a>.<\/p>\n<p>If you need any more information or have any unresolved questions about reliable drug detection, please feel free to contact us for a\u00a0detailed consultation.<\/p>\n<p>Stephanie Konopac<br \/>\nTel: 089 \/ 203080-16 51<br \/>\nE-mail:\u00a0<a href=\"mailto:info@securetec.net\">info@securetec.net<\/a><\/p>\n<p><a href=\"https:\/\/www.securetec.net\/en\/drug-test\/\">&gt;&gt; DrugWipe<sup>\u00ae<\/sup> drug\u00a0tests<\/a>[\/vc_column_text][tm_spacer size=&#8221;lg:30&#8243;][tm_button button=&#8221;url:https%3A%2F%2Fwww.securetec.net%2Fen%2Fcontact%2F|title:Contact&#8221;][\/vc_column][\/vc_row][vc_row][vc_column][\/vc_column][\/vc_row]<\/p>\n<\/div>","protected":false},"excerpt":{"rendered":"[vc_row lg_spacing=&#8221;margin_bottom:50&#8243;][vc_column][vc_column_text] Reliable detection of the risks posed by\u00a0drugs Customized rapid screening drug tests for sensitive situations In contrast to the signs of alcohol consumption, the outward signs of drug use in the workplace are usually more difficult to detect with certainty. Frequently, drug abuse is a taboo subject and establishing evidence requires a great deal of awareness and sensitivity. We support companies and institutions with innovative saliva rapid tests for objective detection.[\/vc_column_text][\/vc_column][\/vc_row][vc_row][vc_column][tm_table] Saliva test Surface test Optional: Analysis device for saliva tests Targeted test detects direct influence of the drug Results in 3\u00a0to 8\u00a0minutes Visual evaluation Hygienic, fast and easy sample collection Reliable and tamper-proof Different products for cannabis, cocaine, opiates, amphetamines\/methamphetamines, benzodiazepines, ketamine\/PCP, buprenorphine, methadone Reliable detection of invisible traces Visual evaluation Discreet testing with no direct personal contact Used worldwide by police, customs and companies Different products to detect cannabis, cocaine, opiates, amphetamines and meth\u00adamphetamines Always guarantees an objective result Mobile and light Integrated printer to document evidence rapidly All essential information, including time and date stamps, is captured and saved Data privacy guaranteed DrugWipe\u00ae S DrugWipe\u00ae F WipeAlyser\u00ae Saliva screening Surface screening Document results [\/tm_table][\/vc_column][\/vc_row][vc_row][vc_column][tm_spacer size=&#8221;lg:30&#8243;][vc_column_text css=&#8221;.vc_custom_1680159429400{margin-bottom: 40px !important;}&#8221;]Once an appropriate agreement is in place and the person to be tested has given consent, a\u00a0safety officer or company doctor can perform a drug test quickly, reliably and hygienically with the DrugWipe rapid screening drug test. The DrugWipe\u00ae\u00a0S saliva test is easy to use and is a fast, hygienic means of detecting the prevalent substances. Surface tests offer another alternative option for discreet testing in case of suspicion. Drug consumption always leaves some traces behind \u2013 which can be clearly identified by the DrugWipe\u00ae\u00a0F surface\u00a0test. If you need any more information or have any unresolved questions about reliable drug detection, please feel free to contact us for a\u00a0detailed consultation. Stephanie Konopac Tel: 089 \/ 203080-16 51 E-mail:\u00a0info@securetec.net &gt;&gt; DrugWipe\u00ae drug\u00a0tests[\/vc_column_text][tm_spacer size=&#8221;lg:30&#8243;][tm_button button=&#8221;url:https%3A%2F%2Fwww.securetec.net%2Fen%2Fcontact%2F|title:Contact&#8221;][\/vc_column][\/vc_row][vc_row][vc_column][\/vc_column][\/vc_row]","protected":false},"author":1,"featured_media":0,"parent":7387,"menu_order":0,"comment_status":"closed","ping_status":"closed","template":"","meta":{"footnotes":""},"class_list":["post-7428","page","type-page","status-publish","hentry"],"yoast_head":"<!-- This site is optimized with the Yoast SEO plugin v25.6 - https:\/\/yoast.com\/wordpress\/plugins\/seo\/ -->\n<title>Drogenscreenings f\u00fcr Ihre Sicherheit - Unser Leistungsspektrum<\/title>\n<meta name=\"description\" content=\"Im Falle der meist verbreiteten Bet\u00e4ubungsmittel wird mit DrugWipe\u00ae Speicheltests die unmittelbare Beeinflussung eines Mitarbeiters sicher erkannt. Eine andere Handlungsoption f\u00fcr die diskrete \u00dcberpr\u00fcfung eines Verdachts bieten Oberfl\u00e4chentests.\" \/>\n<meta name=\"robots\" content=\"index, follow, max-snippet:-1, max-image-preview:large, max-video-preview:-1\" \/>\n<link rel=\"canonical\" href=\"https:\/\/www.securetec.net\/en\/solutions\/workplace-drug-screening\/our-portfolio-of-products-and-services-for-your-security\/\" \/>\n<meta property=\"og:locale\" content=\"en_US\" \/>\n<meta property=\"og:type\" content=\"article\" \/>\n<meta property=\"og:title\" content=\"Drogenscreenings f\u00fcr Ihre Sicherheit - Unser Leistungsspektrum\" \/>\n<meta property=\"og:description\" content=\"Im Falle der meist verbreiteten Bet\u00e4ubungsmittel wird mit DrugWipe\u00ae Speicheltests die unmittelbare Beeinflussung eines Mitarbeiters sicher erkannt. Eine andere Handlungsoption f\u00fcr die diskrete \u00dcberpr\u00fcfung eines Verdachts bieten Oberfl\u00e4chentests.\" \/>\n<meta property=\"og:url\" content=\"https:\/\/www.securetec.net\/en\/solutions\/workplace-drug-screening\/our-portfolio-of-products-and-services-for-your-security\/\" \/>\n<meta property=\"og:site_name\" content=\"Securetec Detektions-Systeme AG\" \/>\n<meta property=\"article:modified_time\" content=\"2023-03-30T06:57:36+00:00\" \/>\n<meta property=\"og:image\" content=\"https:\/\/www.securetec.net\/app\/uploads\/2020\/07\/MG_3189_DrugWipe_saliva_testing-300x200.jpg\" \/>\n<meta name=\"twitter:card\" content=\"summary_large_image\" \/>\n<meta name=\"twitter:site\" content=\"@DrugWipeUK\" \/>\n<meta name=\"twitter:label1\" content=\"Est. reading time\" \/>\n\t<meta name=\"twitter:data1\" content=\"3 minutes\" \/>\n<script type=\"application\/ld+json\" class=\"yoast-schema-graph\">{\"@context\":\"https:\/\/schema.org\",\"@graph\":[{\"@type\":\"WebPage\",\"@id\":\"https:\/\/www.securetec.net\/en\/solutions\/workplace-drug-screening\/our-portfolio-of-products-and-services-for-your-security\/\",\"url\":\"https:\/\/www.securetec.net\/en\/solutions\/workplace-drug-screening\/our-portfolio-of-products-and-services-for-your-security\/\",\"name\":\"Drogenscreenings f\u00fcr Ihre Sicherheit - Unser Leistungsspektrum\",\"isPartOf\":{\"@id\":\"https:\/\/www.securetec.net\/en\/#website\"},\"primaryImageOfPage\":{\"@id\":\"https:\/\/www.securetec.net\/en\/solutions\/workplace-drug-screening\/our-portfolio-of-products-and-services-for-your-security\/#primaryimage\"},\"image\":{\"@id\":\"https:\/\/www.securetec.net\/en\/solutions\/workplace-drug-screening\/our-portfolio-of-products-and-services-for-your-security\/#primaryimage\"},\"thumbnailUrl\":\"https:\/\/www.securetec.net\/app\/uploads\/2020\/07\/MG_3189_DrugWipe_saliva_testing-300x200.jpg\",\"datePublished\":\"2018-07-19T15:51:41+00:00\",\"dateModified\":\"2023-03-30T06:57:36+00:00\",\"description\":\"Im Falle der meist verbreiteten Bet\u00e4ubungsmittel wird mit DrugWipe\u00ae Speicheltests die unmittelbare Beeinflussung eines Mitarbeiters sicher erkannt. Eine andere Handlungsoption f\u00fcr die diskrete \u00dcberpr\u00fcfung eines Verdachts bieten Oberfl\u00e4chentests.\",\"breadcrumb\":{\"@id\":\"https:\/\/www.securetec.net\/en\/solutions\/workplace-drug-screening\/our-portfolio-of-products-and-services-for-your-security\/#breadcrumb\"},\"inLanguage\":\"en-US\",\"potentialAction\":[{\"@type\":\"ReadAction\",\"target\":[\"https:\/\/www.securetec.net\/en\/solutions\/workplace-drug-screening\/our-portfolio-of-products-and-services-for-your-security\/\"]}]},{\"@type\":\"ImageObject\",\"inLanguage\":\"en-US\",\"@id\":\"https:\/\/www.securetec.net\/en\/solutions\/workplace-drug-screening\/our-portfolio-of-products-and-services-for-your-security\/#primaryimage\",\"url\":\"https:\/\/www.securetec.net\/app\/uploads\/2020\/07\/MG_3189_DrugWipe_saliva_testing-300x200.jpg\",\"contentUrl\":\"https:\/\/www.securetec.net\/app\/uploads\/2020\/07\/MG_3189_DrugWipe_saliva_testing-300x200.jpg\"},{\"@type\":\"BreadcrumbList\",\"@id\":\"https:\/\/www.securetec.net\/en\/solutions\/workplace-drug-screening\/our-portfolio-of-products-and-services-for-your-security\/#breadcrumb\",\"itemListElement\":[{\"@type\":\"ListItem\",\"position\":1,\"name\":\"Startseite\",\"item\":\"https:\/\/www.securetec.net\/en\/\"},{\"@type\":\"ListItem\",\"position\":2,\"name\":\"Solutions\",\"item\":\"https:\/\/www.securetec.net\/en\/solutions\/\"},{\"@type\":\"ListItem\",\"position\":3,\"name\":\"Workplace drug screening\",\"item\":\"https:\/\/www.securetec.net\/en\/solutions\/workplace-drug-screening\/\"},{\"@type\":\"ListItem\",\"position\":4,\"name\":\"Our portfolio of products and services for your security\"}]},{\"@type\":\"WebSite\",\"@id\":\"https:\/\/www.securetec.net\/en\/#website\",\"url\":\"https:\/\/www.securetec.net\/en\/\",\"name\":\"Securetec Detektions-Systeme AG\",\"description\":\"We detect to protect\",\"publisher\":{\"@id\":\"https:\/\/www.securetec.net\/en\/#organization\"},\"potentialAction\":[{\"@type\":\"SearchAction\",\"target\":{\"@type\":\"EntryPoint\",\"urlTemplate\":\"https:\/\/www.securetec.net\/en\/?s={search_term_string}\"},\"query-input\":{\"@type\":\"PropertyValueSpecification\",\"valueRequired\":true,\"valueName\":\"search_term_string\"}}],\"inLanguage\":\"en-US\"},{\"@type\":\"Organization\",\"@id\":\"https:\/\/www.securetec.net\/en\/#organization\",\"name\":\"Securetec Detektions-Systeme AG\",\"url\":\"https:\/\/www.securetec.net\/en\/\",\"logo\":{\"@type\":\"ImageObject\",\"inLanguage\":\"en-US\",\"@id\":\"https:\/\/www.securetec.net\/en\/#\/schema\/logo\/image\/\",\"url\":\"https:\/\/www.securetec.net\/app\/uploads\/2018\/07\/Securetec_Logo_.png\",\"contentUrl\":\"https:\/\/www.securetec.net\/app\/uploads\/2018\/07\/Securetec_Logo_.png\",\"width\":411,\"height\":189,\"caption\":\"Securetec Detektions-Systeme AG\"},\"image\":{\"@id\":\"https:\/\/www.securetec.net\/en\/#\/schema\/logo\/image\/\"},\"sameAs\":[\"https:\/\/x.com\/DrugWipeUK\",\"https:\/\/www.linkedin.com\/company\/securetec\",\"https:\/\/www.youtube.com\/channel\/UCP9jQA-TYhtqanhaooppMqw\"]}]}<\/script>\n<!-- \/ Yoast SEO plugin. -->","yoast_head_json":{"title":"Drogenscreenings f\u00fcr Ihre Sicherheit - Unser Leistungsspektrum","description":"Im Falle der meist verbreiteten Bet\u00e4ubungsmittel wird mit DrugWipe\u00ae Speicheltests die unmittelbare Beeinflussung eines Mitarbeiters sicher erkannt. Eine andere Handlungsoption f\u00fcr die diskrete \u00dcberpr\u00fcfung eines Verdachts bieten Oberfl\u00e4chentests.","robots":{"index":"index","follow":"follow","max-snippet":"max-snippet:-1","max-image-preview":"max-image-preview:large","max-video-preview":"max-video-preview:-1"},"canonical":"https:\/\/www.securetec.net\/en\/solutions\/workplace-drug-screening\/our-portfolio-of-products-and-services-for-your-security\/","og_locale":"en_US","og_type":"article","og_title":"Drogenscreenings f\u00fcr Ihre Sicherheit - Unser Leistungsspektrum","og_description":"Im Falle der meist verbreiteten Bet\u00e4ubungsmittel wird mit DrugWipe\u00ae Speicheltests die unmittelbare Beeinflussung eines Mitarbeiters sicher erkannt. Eine andere Handlungsoption f\u00fcr die diskrete \u00dcberpr\u00fcfung eines Verdachts bieten Oberfl\u00e4chentests.","og_url":"https:\/\/www.securetec.net\/en\/solutions\/workplace-drug-screening\/our-portfolio-of-products-and-services-for-your-security\/","og_site_name":"Securetec Detektions-Systeme AG","article_modified_time":"2023-03-30T06:57:36+00:00","og_image":[{"url":"https:\/\/www.securetec.net\/app\/uploads\/2020\/07\/MG_3189_DrugWipe_saliva_testing-300x200.jpg","type":"","width":"","height":""}],"twitter_card":"summary_large_image","twitter_site":"@DrugWipeUK","twitter_misc":{"Est. reading time":"3 minutes"},"schema":{"@context":"https:\/\/schema.org","@graph":[{"@type":"WebPage","@id":"https:\/\/www.securetec.net\/en\/solutions\/workplace-drug-screening\/our-portfolio-of-products-and-services-for-your-security\/","url":"https:\/\/www.securetec.net\/en\/solutions\/workplace-drug-screening\/our-portfolio-of-products-and-services-for-your-security\/","name":"Drogenscreenings f\u00fcr Ihre Sicherheit - Unser Leistungsspektrum","isPartOf":{"@id":"https:\/\/www.securetec.net\/en\/#website"},"primaryImageOfPage":{"@id":"https:\/\/www.securetec.net\/en\/solutions\/workplace-drug-screening\/our-portfolio-of-products-and-services-for-your-security\/#primaryimage"},"image":{"@id":"https:\/\/www.securetec.net\/en\/solutions\/workplace-drug-screening\/our-portfolio-of-products-and-services-for-your-security\/#primaryimage"},"thumbnailUrl":"https:\/\/www.securetec.net\/app\/uploads\/2020\/07\/MG_3189_DrugWipe_saliva_testing-300x200.jpg","datePublished":"2018-07-19T15:51:41+00:00","dateModified":"2023-03-30T06:57:36+00:00","description":"Im Falle der meist verbreiteten Bet\u00e4ubungsmittel wird mit DrugWipe\u00ae Speicheltests die unmittelbare Beeinflussung eines Mitarbeiters sicher erkannt. Eine andere Handlungsoption f\u00fcr die diskrete \u00dcberpr\u00fcfung eines Verdachts bieten Oberfl\u00e4chentests.","breadcrumb":{"@id":"https:\/\/www.securetec.net\/en\/solutions\/workplace-drug-screening\/our-portfolio-of-products-and-services-for-your-security\/#breadcrumb"},"inLanguage":"en-US","potentialAction":[{"@type":"ReadAction","target":["https:\/\/www.securetec.net\/en\/solutions\/workplace-drug-screening\/our-portfolio-of-products-and-services-for-your-security\/"]}]},{"@type":"ImageObject","inLanguage":"en-US","@id":"https:\/\/www.securetec.net\/en\/solutions\/workplace-drug-screening\/our-portfolio-of-products-and-services-for-your-security\/#primaryimage","url":"https:\/\/www.securetec.net\/app\/uploads\/2020\/07\/MG_3189_DrugWipe_saliva_testing-300x200.jpg","contentUrl":"https:\/\/www.securetec.net\/app\/uploads\/2020\/07\/MG_3189_DrugWipe_saliva_testing-300x200.jpg"},{"@type":"BreadcrumbList","@id":"https:\/\/www.securetec.net\/en\/solutions\/workplace-drug-screening\/our-portfolio-of-products-and-services-for-your-security\/#breadcrumb","itemListElement":[{"@type":"ListItem","position":1,"name":"Startseite","item":"https:\/\/www.securetec.net\/en\/"},{"@type":"ListItem","position":2,"name":"Solutions","item":"https:\/\/www.securetec.net\/en\/solutions\/"},{"@type":"ListItem","position":3,"name":"Workplace drug screening","item":"https:\/\/www.securetec.net\/en\/solutions\/workplace-drug-screening\/"},{"@type":"ListItem","position":4,"name":"Our portfolio of products and services for your security"}]},{"@type":"WebSite","@id":"https:\/\/www.securetec.net\/en\/#website","url":"https:\/\/www.securetec.net\/en\/","name":"Securetec Detektions-Systeme AG","description":"We detect to protect","publisher":{"@id":"https:\/\/www.securetec.net\/en\/#organization"},"potentialAction":[{"@type":"SearchAction","target":{"@type":"EntryPoint","urlTemplate":"https:\/\/www.securetec.net\/en\/?s={search_term_string}"},"query-input":{"@type":"PropertyValueSpecification","valueRequired":true,"valueName":"search_term_string"}}],"inLanguage":"en-US"},{"@type":"Organization","@id":"https:\/\/www.securetec.net\/en\/#organization","name":"Securetec Detektions-Systeme AG","url":"https:\/\/www.securetec.net\/en\/","logo":{"@type":"ImageObject","inLanguage":"en-US","@id":"https:\/\/www.securetec.net\/en\/#\/schema\/logo\/image\/","url":"https:\/\/www.securetec.net\/app\/uploads\/2018\/07\/Securetec_Logo_.png","contentUrl":"https:\/\/www.securetec.net\/app\/uploads\/2018\/07\/Securetec_Logo_.png","width":411,"height":189,"caption":"Securetec Detektions-Systeme AG"},"image":{"@id":"https:\/\/www.securetec.net\/en\/#\/schema\/logo\/image\/"},"sameAs":["https:\/\/x.com\/DrugWipeUK","https:\/\/www.linkedin.com\/company\/securetec","https:\/\/www.youtube.com\/channel\/UCP9jQA-TYhtqanhaooppMqw"]}]}},"_links":{"self":[{"href":"https:\/\/www.securetec.net\/en\/wp-json\/wp\/v2\/pages\/7428","targetHints":{"allow":["GET"]}}],"collection":[{"href":"https:\/\/www.securetec.net\/en\/wp-json\/wp\/v2\/pages"}],"about":[{"href":"https:\/\/www.securetec.net\/en\/wp-json\/wp\/v2\/types\/page"}],"author":[{"embeddable":true,"href":"https:\/\/www.securetec.net\/en\/wp-json\/wp\/v2\/users\/1"}],"replies":[{"embeddable":true,"href":"https:\/\/www.securetec.net\/en\/wp-json\/wp\/v2\/comments?post=7428"}],"version-history":[{"count":12,"href":"https:\/\/www.securetec.net\/en\/wp-json\/wp\/v2\/pages\/7428\/revisions"}],"predecessor-version":[{"id":14207,"href":"https:\/\/www.securetec.net\/en\/wp-json\/wp\/v2\/pages\/7428\/revisions\/14207"}],"up":[{"embeddable":true,"href":"https:\/\/www.securetec.net\/en\/wp-json\/wp\/v2\/pages\/7387"}],"wp:attachment":[{"href":"https:\/\/www.securetec.net\/en\/wp-json\/wp\/v2\/media?parent=7428"}],"curies":[{"name":"wp","href":"https:\/\/api.w.org\/{rel}","templated":true}]}}