{"id":7311,"date":"2018-11-20T18:43:11","date_gmt":"2018-11-20T17:43:11","guid":{"rendered":"https:\/\/www.securetec.net\/?page_id=7311"},"modified":"2023-11-09T09:02:39","modified_gmt":"2023-11-09T08:02:39","slug":"how-to-find-us","status":"publish","type":"page","link":"https:\/\/www.securetec.net\/en\/contact\/how-to-find-us\/","title":{"rendered":"How to find us"},"content":{"rendered":"<div class=\"wpb-content-wrapper\"><p>[vc_row][vc_column width=&#8221;1\/2&#8243;][tm_gmaps zoom=&#8221;16&#8243; markers=&#8221;%5B%7B%22address%22%3A%2248.0837777%2C11.6331026%22%2C%22icon%22%3A%223473%22%2C%22title%22%3A%22SECURETEC%20AG%22%2C%22info%22%3A%22Lilienthalstra%C3%9Fe%207%2C%5Cn85579%20Neubiberg%22%7D%5D&#8221; api_key=&#8221;AIzaSyC83lXYwLjqvNa7FeAHKxN_eSL83q_Qt2M&#8221;][\/vc_column][vc_column width=&#8221;1\/2&#8243;][vc_column_text]<strong>Our Address:<\/strong><\/p>\n<p>Securetec Detektions-Systeme AG<br \/>\nLilienthalstra\u00dfe 7<br \/>\n85579 Neubiberg<br \/>\nGermany[\/vc_column_text][\/vc_column][\/vc_row][vc_row lg_spacing=&#8221;margin_top:90&#8243;][vc_column width=&#8221;1\/3&#8243;][vc_column_text]<\/p>\n<h3>Coming by car<\/h3>\n<h4>Coming from Munich city\/A8 Munich &#8211; Salzburg<\/h4>\n<p>Go via Rosenheimer Stra\u00dfe on to the A8 (Direction Munich &#8211; Salzburg). Take exit Neubiberg then turn left to Neubiberg. On the second traffic light turn right and then turn left on street &#8220;Am Hachinger Bach&#8221;(direction Marktplatz). Afterwards follow Hachinger Bach, Unterbiberger Stra\u00dfe, Marktplatz, Zwergerstra\u00dfe, Universit\u00e4tsstra\u00dfe until you reach Lilienthalstra\u00dfe 7 on the left hand side.<\/p>\n<h4>Coming from South\/A8 Salzburg &#8211; Munich<\/h4>\n<p>Stay on A8 and take the exit Neubiberg. Turn right in direction Neubiberg. On the second traffic light turn right and then turn left on street &#8220;Am Hachinger Bach&#8221;(direction Marktplatz). Afterwards follow Hachinger Bach, Unterbiberger Stra\u00dfe, Marktplatz, Zwergerstra\u00dfe, Universit\u00e4tsstra\u00dfe until you reach Lilienthalstra\u00dfe 7 on the left hand side.<\/p>\n<h4>Coming from the Airport Franz Josef Strauss<\/h4>\n<p>We recommend the motorway A99 to avoid Muich centre. On the motorway crossing A99\/A8 take the A8 in direction Munich centre. Stay on A8 and take the exit Neubiberg. Turn right in direction Neubiberg. On the second traffic light turn right and then turn left on street &#8220;Am Hachinger Bach&#8221; (direction Marktplatz). Afterwards follow Hachinger Bach, Unterbiberger Stra\u00dfe, Marktplatz, Zwergerstra\u00dfe, Universit\u00e4tsstra\u00dfe until you reach Lilienthalstra\u00dfe 7 on the left hand side.<\/p>\n<h4>Parking<\/h4>\n<p>You can park left hand side from our entrance or you can park in front of the building complex along the street (3 hours).[\/vc_column_text][\/vc_column][vc_column width=&#8221;1\/3&#8243;][vc_column_text]<\/p>\n<h3>Coming by public transport<\/h3>\n<p>Ariving Munich central station &#8220;Hauptbahnhof&#8221; or &#8220;Ostbahnhof&#8221;<br \/>\nTake the S7 (S-Bahn) in direction Kreuzstra\u00dfe or the Underground line U5 in direction Neuperlach S\u00fcd. Drop off on the Station Neuperlach S\u00fcd. From there you can take a Taxi (ca. 10 minutes) or you take following regional busses:<\/p>\n<ul>\n<li>regional bus 217 to &#8220;Neuperlach S\u00fcd&#8221; drop out at the stop &#8220;Lilienthalstra\u00dfe&#8221;<\/li>\n<li>regional bus 199 to &#8220;Neubiberg, Campeon&#8221; drop out at the stop &#8220;Lilienthalstra\u00dfe&#8221;<\/li>\n<\/ul>\n<p>The bus stops in front of the building complex. Out entrance is on the left hand side entrance Lilienthalstra\u00dfe 7 (to walk app. 2 minutes, ca. 100 meters).<\/p>\n<p><a href=\"https:\/\/www.mvv-muenchen.de\/fileadmin\/media\/Dateien\/plaene\/pdf\/Netz_2013_A4_.pdf\" target=\"_blank\" rel=\"noopener noreferrer\">&gt; public transport map Munich MVV<\/a><br \/>\n<a href=\"https:\/\/www.mvv-muenchen.de\/\" target=\"_blank\" rel=\"noopener noreferrer\">&gt; timetables and prices<\/a><br \/>\n<a href=\"https:\/\/www.bahn.de\/p\/view\/index.shtml\" target=\"_blank\" rel=\"noopener noreferrer\">&gt; infos for train: Deutsche Bahn<\/a>[\/vc_column_text][\/vc_column][vc_column width=&#8221;1\/3&#8243;][vc_column_text]<\/p>\n<h3>Coming by plane<\/h3>\n<p>At Munich Airport take a taxi (app. 50 Euro) or take the S1 or S8 (S-Bahn) to Munich central station &#8220;Hauptbahnhof&#8221; or &#8220;Ostbahnhof&#8221;.<br \/>\nTake the S7 (S-Bahn) in direction Kreuzstra\u00dfe or the Underground line U5 in direction Neuperlach S\u00fcd. Drop off on the Station Neuperlach S\u00fcd. From there you can take a Taxi (ca. 10 minutes) or you take following regional busses:<\/p>\n<ul>\n<li>regional bus 217 to &#8220;Neuperlach S\u00fcd&#8221; drop out at the stop &#8220;Lilienthalstra\u00dfe&#8221;<\/li>\n<li>regional bus 199 to &#8220;Neubiberg, Campeon&#8221; drop out at the stop &#8220;Lilienthalstra\u00dfe&#8221;<\/li>\n<\/ul>\n<p>The bus stops in front of the building complex. Out entrance is on the left hand side entrance Lilienthalstra\u00dfe 7 (to walk app. 2 minutes, ca. 100 meters).<\/p>\n<p><a href=\"https:\/\/www.munich-airport.de\/\">&gt; www.flughafen-muenchen.de<\/a>[\/vc_column_text][\/vc_column][\/vc_row]<\/p>\n<\/div>","protected":false},"excerpt":{"rendered":"[vc_row][vc_column width=&#8221;1\/2&#8243;][tm_gmaps zoom=&#8221;16&#8243; markers=&#8221;%5B%7B%22address%22%3A%2248.0837777%2C11.6331026%22%2C%22icon%22%3A%223473%22%2C%22title%22%3A%22SECURETEC%20AG%22%2C%22info%22%3A%22Lilienthalstra%C3%9Fe%207%2C%5Cn85579%20Neubiberg%22%7D%5D&#8221; api_key=&#8221;AIzaSyC83lXYwLjqvNa7FeAHKxN_eSL83q_Qt2M&#8221;][\/vc_column][vc_column width=&#8221;1\/2&#8243;][vc_column_text]Our Address: Securetec Detektions-Systeme AG Lilienthalstra\u00dfe 7 85579 Neubiberg Germany[\/vc_column_text][\/vc_column][\/vc_row][vc_row lg_spacing=&#8221;margin_top:90&#8243;][vc_column width=&#8221;1\/3&#8243;][vc_column_text] Coming by car Coming from Munich city\/A8 Munich &#8211; Salzburg Go via Rosenheimer Stra\u00dfe on to the A8 (Direction Munich &#8211; Salzburg). Take exit Neubiberg then turn left to Neubiberg. On the second traffic light turn right and then turn left on street &#8220;Am Hachinger Bach&#8221;(direction Marktplatz). Afterwards follow Hachinger Bach, Unterbiberger Stra\u00dfe, Marktplatz, Zwergerstra\u00dfe, Universit\u00e4tsstra\u00dfe until you reach Lilienthalstra\u00dfe 7 on the left hand side. Coming from South\/A8 Salzburg &#8211; Munich Stay on A8 and take the exit Neubiberg. Turn right in direction Neubiberg. On the second traffic light turn right and then turn left on street &#8220;Am Hachinger Bach&#8221;(direction Marktplatz). Afterwards follow Hachinger Bach, Unterbiberger Stra\u00dfe, Marktplatz, Zwergerstra\u00dfe, Universit\u00e4tsstra\u00dfe until you reach Lilienthalstra\u00dfe 7 on the left hand side. Coming from the Airport Franz Josef Strauss We recommend the motorway A99 to avoid Muich centre. On the motorway crossing A99\/A8 take the A8 in direction Munich centre. Stay on A8 and take the exit Neubiberg. Turn right in direction Neubiberg. On the second traffic light turn right and then turn left on street &#8220;Am Hachinger Bach&#8221; (direction Marktplatz). Afterwards follow Hachinger Bach, Unterbiberger Stra\u00dfe, Marktplatz, Zwergerstra\u00dfe, Universit\u00e4tsstra\u00dfe until you reach Lilienthalstra\u00dfe 7 on the left hand side. Parking You can park left hand side from our entrance or you can park in front of the building complex along the street (3 hours).[\/vc_column_text][\/vc_column][vc_column width=&#8221;1\/3&#8243;][vc_column_text] Coming by public transport Ariving Munich central station &#8220;Hauptbahnhof&#8221; or &#8220;Ostbahnhof&#8221; Take the S7 (S-Bahn) in direction Kreuzstra\u00dfe or the Underground line U5 in direction Neuperlach S\u00fcd. Drop off on the Station Neuperlach S\u00fcd. From there you can take a Taxi (ca. 10 minutes) or you take following regional busses: regional bus 217 to &#8220;Neuperlach S\u00fcd&#8221; drop out at the stop &#8220;Lilienthalstra\u00dfe&#8221; regional bus 199 to &#8220;Neubiberg, Campeon&#8221; drop out at the stop &#8220;Lilienthalstra\u00dfe&#8221; The bus stops in front of the building complex. Out entrance is on the left hand side entrance Lilienthalstra\u00dfe 7 (to walk app. 2 minutes, ca. 100 meters). &gt; public transport map Munich MVV &gt; timetables and prices &gt; infos for train: Deutsche Bahn[\/vc_column_text][\/vc_column][vc_column width=&#8221;1\/3&#8243;][vc_column_text] Coming by plane At Munich Airport take a taxi (app. 50 Euro) or take the S1 or S8 (S-Bahn) to Munich central station &#8220;Hauptbahnhof&#8221; or &#8220;Ostbahnhof&#8221;. Take the S7 (S-Bahn) in direction Kreuzstra\u00dfe or the Underground line U5 in direction Neuperlach S\u00fcd. Drop off on the Station Neuperlach S\u00fcd. From there you can take a Taxi (ca. 10 minutes) or you take following regional busses: regional bus 217 to &#8220;Neuperlach S\u00fcd&#8221; drop out at the stop &#8220;Lilienthalstra\u00dfe&#8221; regional bus 199 to &#8220;Neubiberg, Campeon&#8221; drop out at the stop &#8220;Lilienthalstra\u00dfe&#8221; The bus stops in front of the building complex. Out entrance is on the left hand side entrance Lilienthalstra\u00dfe 7 (to walk app. 2 minutes, ca. 100 meters). &gt; www.flughafen-muenchen.de[\/vc_column_text][\/vc_column][\/vc_row]","protected":false},"author":7,"featured_media":0,"parent":208,"menu_order":0,"comment_status":"closed","ping_status":"closed","template":"","meta":{"footnotes":""},"class_list":["post-7311","page","type-page","status-publish","hentry"],"yoast_head":"<!-- This site is optimized with the Yoast SEO plugin v25.6 - https:\/\/yoast.com\/wordpress\/plugins\/seo\/ -->\n<title>How to find us - Securetec Detektions-Systeme AG<\/title>\n<meta name=\"robots\" content=\"index, follow, max-snippet:-1, max-image-preview:large, max-video-preview:-1\" \/>\n<link rel=\"canonical\" href=\"https:\/\/www.securetec.net\/en\/contact\/how-to-find-us\/\" \/>\n<meta property=\"og:locale\" content=\"en_US\" \/>\n<meta property=\"og:type\" content=\"article\" \/>\n<meta property=\"og:title\" content=\"How to find us - Securetec Detektions-Systeme AG\" \/>\n<meta property=\"og:url\" content=\"https:\/\/www.securetec.net\/en\/contact\/how-to-find-us\/\" \/>\n<meta property=\"og:site_name\" content=\"Securetec Detektions-Systeme AG\" \/>\n<meta property=\"article:modified_time\" content=\"2023-11-09T08:02:39+00:00\" \/>\n<meta name=\"twitter:card\" content=\"summary_large_image\" \/>\n<meta name=\"twitter:site\" content=\"@DrugWipeUK\" \/>\n<meta name=\"twitter:label1\" content=\"Est. reading time\" \/>\n\t<meta name=\"twitter:data1\" content=\"3 minutes\" \/>\n<script type=\"application\/ld+json\" class=\"yoast-schema-graph\">{\"@context\":\"https:\/\/schema.org\",\"@graph\":[{\"@type\":\"WebPage\",\"@id\":\"https:\/\/www.securetec.net\/en\/contact\/how-to-find-us\/\",\"url\":\"https:\/\/www.securetec.net\/en\/contact\/how-to-find-us\/\",\"name\":\"How to find us - Securetec Detektions-Systeme AG\",\"isPartOf\":{\"@id\":\"https:\/\/www.securetec.net\/en\/#website\"},\"datePublished\":\"2018-11-20T17:43:11+00:00\",\"dateModified\":\"2023-11-09T08:02:39+00:00\",\"breadcrumb\":{\"@id\":\"https:\/\/www.securetec.net\/en\/contact\/how-to-find-us\/#breadcrumb\"},\"inLanguage\":\"en-US\",\"potentialAction\":[{\"@type\":\"ReadAction\",\"target\":[\"https:\/\/www.securetec.net\/en\/contact\/how-to-find-us\/\"]}]},{\"@type\":\"BreadcrumbList\",\"@id\":\"https:\/\/www.securetec.net\/en\/contact\/how-to-find-us\/#breadcrumb\",\"itemListElement\":[{\"@type\":\"ListItem\",\"position\":1,\"name\":\"Startseite\",\"item\":\"https:\/\/www.securetec.net\/en\/\"},{\"@type\":\"ListItem\",\"position\":2,\"name\":\"Contact\",\"item\":\"https:\/\/www.securetec.net\/en\/contact\/\"},{\"@type\":\"ListItem\",\"position\":3,\"name\":\"How to find us\"}]},{\"@type\":\"WebSite\",\"@id\":\"https:\/\/www.securetec.net\/en\/#website\",\"url\":\"https:\/\/www.securetec.net\/en\/\",\"name\":\"Securetec Detektions-Systeme AG\",\"description\":\"We detect to protect\",\"publisher\":{\"@id\":\"https:\/\/www.securetec.net\/en\/#organization\"},\"potentialAction\":[{\"@type\":\"SearchAction\",\"target\":{\"@type\":\"EntryPoint\",\"urlTemplate\":\"https:\/\/www.securetec.net\/en\/?s={search_term_string}\"},\"query-input\":{\"@type\":\"PropertyValueSpecification\",\"valueRequired\":true,\"valueName\":\"search_term_string\"}}],\"inLanguage\":\"en-US\"},{\"@type\":\"Organization\",\"@id\":\"https:\/\/www.securetec.net\/en\/#organization\",\"name\":\"Securetec Detektions-Systeme AG\",\"url\":\"https:\/\/www.securetec.net\/en\/\",\"logo\":{\"@type\":\"ImageObject\",\"inLanguage\":\"en-US\",\"@id\":\"https:\/\/www.securetec.net\/en\/#\/schema\/logo\/image\/\",\"url\":\"https:\/\/www.securetec.net\/app\/uploads\/2018\/07\/Securetec_Logo_.png\",\"contentUrl\":\"https:\/\/www.securetec.net\/app\/uploads\/2018\/07\/Securetec_Logo_.png\",\"width\":411,\"height\":189,\"caption\":\"Securetec Detektions-Systeme AG\"},\"image\":{\"@id\":\"https:\/\/www.securetec.net\/en\/#\/schema\/logo\/image\/\"},\"sameAs\":[\"https:\/\/x.com\/DrugWipeUK\",\"https:\/\/www.linkedin.com\/company\/securetec\",\"https:\/\/www.youtube.com\/channel\/UCP9jQA-TYhtqanhaooppMqw\"]}]}<\/script>\n<!-- \/ Yoast SEO plugin. -->","yoast_head_json":{"title":"How to find us - Securetec Detektions-Systeme AG","robots":{"index":"index","follow":"follow","max-snippet":"max-snippet:-1","max-image-preview":"max-image-preview:large","max-video-preview":"max-video-preview:-1"},"canonical":"https:\/\/www.securetec.net\/en\/contact\/how-to-find-us\/","og_locale":"en_US","og_type":"article","og_title":"How to find us - Securetec Detektions-Systeme AG","og_url":"https:\/\/www.securetec.net\/en\/contact\/how-to-find-us\/","og_site_name":"Securetec Detektions-Systeme AG","article_modified_time":"2023-11-09T08:02:39+00:00","twitter_card":"summary_large_image","twitter_site":"@DrugWipeUK","twitter_misc":{"Est. reading time":"3 minutes"},"schema":{"@context":"https:\/\/schema.org","@graph":[{"@type":"WebPage","@id":"https:\/\/www.securetec.net\/en\/contact\/how-to-find-us\/","url":"https:\/\/www.securetec.net\/en\/contact\/how-to-find-us\/","name":"How to find us - Securetec Detektions-Systeme AG","isPartOf":{"@id":"https:\/\/www.securetec.net\/en\/#website"},"datePublished":"2018-11-20T17:43:11+00:00","dateModified":"2023-11-09T08:02:39+00:00","breadcrumb":{"@id":"https:\/\/www.securetec.net\/en\/contact\/how-to-find-us\/#breadcrumb"},"inLanguage":"en-US","potentialAction":[{"@type":"ReadAction","target":["https:\/\/www.securetec.net\/en\/contact\/how-to-find-us\/"]}]},{"@type":"BreadcrumbList","@id":"https:\/\/www.securetec.net\/en\/contact\/how-to-find-us\/#breadcrumb","itemListElement":[{"@type":"ListItem","position":1,"name":"Startseite","item":"https:\/\/www.securetec.net\/en\/"},{"@type":"ListItem","position":2,"name":"Contact","item":"https:\/\/www.securetec.net\/en\/contact\/"},{"@type":"ListItem","position":3,"name":"How to find us"}]},{"@type":"WebSite","@id":"https:\/\/www.securetec.net\/en\/#website","url":"https:\/\/www.securetec.net\/en\/","name":"Securetec Detektions-Systeme AG","description":"We detect to protect","publisher":{"@id":"https:\/\/www.securetec.net\/en\/#organization"},"potentialAction":[{"@type":"SearchAction","target":{"@type":"EntryPoint","urlTemplate":"https:\/\/www.securetec.net\/en\/?s={search_term_string}"},"query-input":{"@type":"PropertyValueSpecification","valueRequired":true,"valueName":"search_term_string"}}],"inLanguage":"en-US"},{"@type":"Organization","@id":"https:\/\/www.securetec.net\/en\/#organization","name":"Securetec Detektions-Systeme AG","url":"https:\/\/www.securetec.net\/en\/","logo":{"@type":"ImageObject","inLanguage":"en-US","@id":"https:\/\/www.securetec.net\/en\/#\/schema\/logo\/image\/","url":"https:\/\/www.securetec.net\/app\/uploads\/2018\/07\/Securetec_Logo_.png","contentUrl":"https:\/\/www.securetec.net\/app\/uploads\/2018\/07\/Securetec_Logo_.png","width":411,"height":189,"caption":"Securetec Detektions-Systeme AG"},"image":{"@id":"https:\/\/www.securetec.net\/en\/#\/schema\/logo\/image\/"},"sameAs":["https:\/\/x.com\/DrugWipeUK","https:\/\/www.linkedin.com\/company\/securetec","https:\/\/www.youtube.com\/channel\/UCP9jQA-TYhtqanhaooppMqw"]}]}},"_links":{"self":[{"href":"https:\/\/www.securetec.net\/en\/wp-json\/wp\/v2\/pages\/7311","targetHints":{"allow":["GET"]}}],"collection":[{"href":"https:\/\/www.securetec.net\/en\/wp-json\/wp\/v2\/pages"}],"about":[{"href":"https:\/\/www.securetec.net\/en\/wp-json\/wp\/v2\/types\/page"}],"author":[{"embeddable":true,"href":"https:\/\/www.securetec.net\/en\/wp-json\/wp\/v2\/users\/7"}],"replies":[{"embeddable":true,"href":"https:\/\/www.securetec.net\/en\/wp-json\/wp\/v2\/comments?post=7311"}],"version-history":[{"count":6,"href":"https:\/\/www.securetec.net\/en\/wp-json\/wp\/v2\/pages\/7311\/revisions"}],"predecessor-version":[{"id":14995,"href":"https:\/\/www.securetec.net\/en\/wp-json\/wp\/v2\/pages\/7311\/revisions\/14995"}],"up":[{"embeddable":true,"href":"https:\/\/www.securetec.net\/en\/wp-json\/wp\/v2\/pages\/208"}],"wp:attachment":[{"href":"https:\/\/www.securetec.net\/en\/wp-json\/wp\/v2\/media?parent=7311"}],"curies":[{"name":"wp","href":"https:\/\/api.w.org\/{rel}","templated":true}]}}