{"id":98,"date":"2018-07-19T17:52:45","date_gmt":"2018-07-19T15:52:45","guid":{"rendered":"https:\/\/www.securetec.net\/?page_id=98"},"modified":"2019-01-07T17:02:02","modified_gmt":"2019-01-07T16:02:02","slug":"fruehdiagnose-in-der-wehrmedizin","status":"publish","type":"page","link":"https:\/\/www.securetec.net\/de\/kundenloesungen\/point-of-care-diagnostik\/fruehdiagnose-in-der-wehrmedizin\/","title":{"rendered":"Fr\u00fchdiagnose in der Wehrmedizin"},"content":{"rendered":"<div class=\"wpb-content-wrapper\"><p>[vc_row][vc_column width=&#8220;2\/3&#8243;][vc_column_text]<\/p>\n<h3>Sicherheit und Aktiver Schutz<\/h3>\n<p>Unsere pers\u00f6nliche und gesellschaftliche Sicherheit ist heute zahlreichen Bedrohungen ausgesetzt. Jeder wirksame Schutz setzt voraus, dass diese Gefahren in Umgang und Art richtig und schnell eingesch\u00e4tzt werden k\u00f6nnen. Fehlen uns die Mittel und Technologien zur Gefahrenerkennung, sind wir unserer Schutzm\u00f6glichkeiten beraubt. Wir reagieren falsch, zu sp\u00e4t und unangemessen &#8211; als Einzelperson und als Gesellschaft.<\/p>\n<p>Seit 1995 stellt die Securetec AG ihren Kunden in aller Welt Technologien und Produkte zum Nachweis von Sucht- und Gefahrenstoffen bereit. Wir sind stolz darauf, einen wichtigen Beitrag f\u00fcr die Sicherheit von Mensch und Gesellschaft leisten zu k\u00f6nnen.<\/p>\n<h3>Kontinuierliche Entwicklung neuer Perspektiven<\/h3>\n<p>Securetec ist erfahrener Kooperationspartner f\u00fcr Sicherheitsbeh\u00f6rden, Unternehmen und \u00a0die wehrmedizinische Forschung. Unsere Kernkompetenzen sind Vor-Ort-Testsysteme, feldtaugliche Schnelltests und diesbez\u00fcgliche Systemkompetenz. In teils BMBF und EU gef\u00f6rderten Verbundprojekten arbeiten wir mit zahlreichen Partnern aus Wirtschaft und Wissenschaft zusammen, unter anderem f\u00fcr L\u00f6sungen im medizinischen ABC-Schutz.<\/p>\n<p>Im Point-of-Care Bereich hat Securetec einen mobilen\u00a0Schnelltest f\u00fcr medizinische Notf\u00e4lle im Feld entwickelt (CBRN).[\/vc_column_text][\/vc_column][vc_column width=&#8220;1\/3&#8243; content_alignment=&#8220;right&#8220;][tm_image align=&#8220;right&#8220; image=&#8220;4754&#8243;][\/vc_column][\/vc_row]<\/p>\n<\/div>","protected":false},"excerpt":{"rendered":"[vc_row][vc_column width=&#8220;2\/3&#8243;][vc_column_text] Sicherheit und Aktiver Schutz Unsere pers\u00f6nliche und gesellschaftliche Sicherheit ist heute zahlreichen Bedrohungen ausgesetzt. Jeder wirksame Schutz setzt voraus, dass diese Gefahren in Umgang und Art richtig und schnell eingesch\u00e4tzt werden k\u00f6nnen. Fehlen uns die Mittel und Technologien zur Gefahrenerkennung, sind wir unserer Schutzm\u00f6glichkeiten beraubt. Wir reagieren falsch, zu sp\u00e4t und unangemessen &#8211; als Einzelperson und als Gesellschaft. Seit 1995 stellt die Securetec AG ihren Kunden in aller Welt Technologien und Produkte zum Nachweis von Sucht- und Gefahrenstoffen bereit. Wir sind stolz darauf, einen wichtigen Beitrag f\u00fcr die Sicherheit von Mensch und Gesellschaft leisten zu k\u00f6nnen. Kontinuierliche Entwicklung neuer Perspektiven Securetec ist erfahrener Kooperationspartner f\u00fcr Sicherheitsbeh\u00f6rden, Unternehmen und \u00a0die wehrmedizinische Forschung. Unsere Kernkompetenzen sind Vor-Ort-Testsysteme, feldtaugliche Schnelltests und diesbez\u00fcgliche Systemkompetenz. In teils BMBF und EU gef\u00f6rderten Verbundprojekten arbeiten wir mit zahlreichen Partnern aus Wirtschaft und Wissenschaft zusammen, unter anderem f\u00fcr L\u00f6sungen im medizinischen ABC-Schutz. Im Point-of-Care Bereich hat Securetec einen mobilen\u00a0Schnelltest f\u00fcr medizinische Notf\u00e4lle im Feld entwickelt (CBRN).[\/vc_column_text][\/vc_column][vc_column width=&#8220;1\/3&#8243; content_alignment=&#8220;right&#8220;][tm_image align=&#8220;right&#8220; image=&#8220;4754&#8243;][\/vc_column][\/vc_row]","protected":false},"author":1,"featured_media":0,"parent":94,"menu_order":0,"comment_status":"closed","ping_status":"closed","template":"","meta":{"footnotes":""},"class_list":["post-98","page","type-page","status-publish","hentry"],"yoast_head":"<!-- This site is optimized with the Yoast SEO plugin v25.6 - https:\/\/yoast.com\/wordpress\/plugins\/seo\/ -->\n<title>Fr\u00fchdiagnose in der Wehrmedizin - Securetec Detektions-Systeme AG<\/title>\n<meta name=\"description\" content=\"Schnelltest zur Fr\u00fchdiagnose im medizinischen ABC Schutz. Seit 1995 stellt die Securetec AG ihren Kunden in aller Welt Technologien und Produkte zum Nachweis von Sucht- und Gefahrenstoffen bereit.\" \/>\n<meta name=\"robots\" content=\"index, follow, max-snippet:-1, max-image-preview:large, max-video-preview:-1\" \/>\n<link rel=\"canonical\" href=\"https:\/\/www.securetec.net\/de\/kundenloesungen\/point-of-care-diagnostik\/fruehdiagnose-in-der-wehrmedizin\/\" \/>\n<meta property=\"og:locale\" content=\"de_DE\" \/>\n<meta property=\"og:type\" content=\"article\" \/>\n<meta property=\"og:title\" content=\"Fr\u00fchdiagnose in der Wehrmedizin - Securetec Detektions-Systeme AG\" \/>\n<meta property=\"og:description\" content=\"Schnelltest zur Fr\u00fchdiagnose im medizinischen ABC Schutz. Seit 1995 stellt die Securetec AG ihren Kunden in aller Welt Technologien und Produkte zum Nachweis von Sucht- und Gefahrenstoffen bereit.\" \/>\n<meta property=\"og:url\" content=\"https:\/\/www.securetec.net\/de\/kundenloesungen\/point-of-care-diagnostik\/fruehdiagnose-in-der-wehrmedizin\/\" \/>\n<meta property=\"og:site_name\" content=\"Securetec Detektions-Systeme AG\" \/>\n<meta property=\"article:modified_time\" content=\"2019-01-07T16:02:02+00:00\" \/>\n<meta name=\"twitter:card\" content=\"summary_large_image\" \/>\n<meta name=\"twitter:site\" content=\"@DrugWipeUK\" \/>\n<meta name=\"twitter:label1\" content=\"Est. reading time\" \/>\n\t<meta name=\"twitter:data1\" content=\"1\u00a0Minute\" \/>\n<script type=\"application\/ld+json\" class=\"yoast-schema-graph\">{\"@context\":\"https:\/\/schema.org\",\"@graph\":[{\"@type\":\"WebPage\",\"@id\":\"https:\/\/www.securetec.net\/de\/kundenloesungen\/point-of-care-diagnostik\/fruehdiagnose-in-der-wehrmedizin\/\",\"url\":\"https:\/\/www.securetec.net\/de\/kundenloesungen\/point-of-care-diagnostik\/fruehdiagnose-in-der-wehrmedizin\/\",\"name\":\"Fr\u00fchdiagnose in der Wehrmedizin - Securetec Detektions-Systeme AG\",\"isPartOf\":{\"@id\":\"https:\/\/www.securetec.net\/de\/#website\"},\"datePublished\":\"2018-07-19T15:52:45+00:00\",\"dateModified\":\"2019-01-07T16:02:02+00:00\",\"description\":\"Schnelltest zur Fr\u00fchdiagnose im medizinischen ABC Schutz. Seit 1995 stellt die Securetec AG ihren Kunden in aller Welt Technologien und Produkte zum Nachweis von Sucht- und Gefahrenstoffen bereit.\",\"breadcrumb\":{\"@id\":\"https:\/\/www.securetec.net\/de\/kundenloesungen\/point-of-care-diagnostik\/fruehdiagnose-in-der-wehrmedizin\/#breadcrumb\"},\"inLanguage\":\"de\",\"potentialAction\":[{\"@type\":\"ReadAction\",\"target\":[\"https:\/\/www.securetec.net\/de\/kundenloesungen\/point-of-care-diagnostik\/fruehdiagnose-in-der-wehrmedizin\/\"]}]},{\"@type\":\"BreadcrumbList\",\"@id\":\"https:\/\/www.securetec.net\/de\/kundenloesungen\/point-of-care-diagnostik\/fruehdiagnose-in-der-wehrmedizin\/#breadcrumb\",\"itemListElement\":[{\"@type\":\"ListItem\",\"position\":1,\"name\":\"Startseite\",\"item\":\"https:\/\/www.securetec.net\/de\/\"},{\"@type\":\"ListItem\",\"position\":2,\"name\":\"Kundenl\u00f6sungen\",\"item\":\"https:\/\/www.securetec.net\/de\/kundenloesungen\/\"},{\"@type\":\"ListItem\",\"position\":3,\"name\":\"Point-of-Care Diagnostik\",\"item\":\"https:\/\/www.securetec.net\/de\/kundenloesungen\/point-of-care-diagnostik\/\"},{\"@type\":\"ListItem\",\"position\":4,\"name\":\"Fr\u00fchdiagnose in der Wehrmedizin\"}]},{\"@type\":\"WebSite\",\"@id\":\"https:\/\/www.securetec.net\/de\/#website\",\"url\":\"https:\/\/www.securetec.net\/de\/\",\"name\":\"Securetec Detektions-Systeme AG\",\"description\":\"We detect to protect\",\"publisher\":{\"@id\":\"https:\/\/www.securetec.net\/de\/#organization\"},\"potentialAction\":[{\"@type\":\"SearchAction\",\"target\":{\"@type\":\"EntryPoint\",\"urlTemplate\":\"https:\/\/www.securetec.net\/de\/?s={search_term_string}\"},\"query-input\":{\"@type\":\"PropertyValueSpecification\",\"valueRequired\":true,\"valueName\":\"search_term_string\"}}],\"inLanguage\":\"de\"},{\"@type\":\"Organization\",\"@id\":\"https:\/\/www.securetec.net\/de\/#organization\",\"name\":\"Securetec Detektions-Systeme AG\",\"url\":\"https:\/\/www.securetec.net\/de\/\",\"logo\":{\"@type\":\"ImageObject\",\"inLanguage\":\"de\",\"@id\":\"https:\/\/www.securetec.net\/de\/#\/schema\/logo\/image\/\",\"url\":\"https:\/\/www.securetec.net\/app\/uploads\/2018\/07\/Securetec_Logo_.png\",\"contentUrl\":\"https:\/\/www.securetec.net\/app\/uploads\/2018\/07\/Securetec_Logo_.png\",\"width\":411,\"height\":189,\"caption\":\"Securetec Detektions-Systeme AG\"},\"image\":{\"@id\":\"https:\/\/www.securetec.net\/de\/#\/schema\/logo\/image\/\"},\"sameAs\":[\"https:\/\/x.com\/DrugWipeUK\",\"https:\/\/www.linkedin.com\/company\/securetec\",\"https:\/\/www.youtube.com\/channel\/UCP9jQA-TYhtqanhaooppMqw\"]}]}<\/script>\n<!-- \/ Yoast SEO plugin. -->","yoast_head_json":{"title":"Fr\u00fchdiagnose in der Wehrmedizin - Securetec Detektions-Systeme AG","description":"Schnelltest zur Fr\u00fchdiagnose im medizinischen ABC Schutz. Seit 1995 stellt die Securetec AG ihren Kunden in aller Welt Technologien und Produkte zum Nachweis von Sucht- und Gefahrenstoffen bereit.","robots":{"index":"index","follow":"follow","max-snippet":"max-snippet:-1","max-image-preview":"max-image-preview:large","max-video-preview":"max-video-preview:-1"},"canonical":"https:\/\/www.securetec.net\/de\/kundenloesungen\/point-of-care-diagnostik\/fruehdiagnose-in-der-wehrmedizin\/","og_locale":"de_DE","og_type":"article","og_title":"Fr\u00fchdiagnose in der Wehrmedizin - Securetec Detektions-Systeme AG","og_description":"Schnelltest zur Fr\u00fchdiagnose im medizinischen ABC Schutz. Seit 1995 stellt die Securetec AG ihren Kunden in aller Welt Technologien und Produkte zum Nachweis von Sucht- und Gefahrenstoffen bereit.","og_url":"https:\/\/www.securetec.net\/de\/kundenloesungen\/point-of-care-diagnostik\/fruehdiagnose-in-der-wehrmedizin\/","og_site_name":"Securetec Detektions-Systeme AG","article_modified_time":"2019-01-07T16:02:02+00:00","twitter_card":"summary_large_image","twitter_site":"@DrugWipeUK","twitter_misc":{"Est. reading time":"1\u00a0Minute"},"schema":{"@context":"https:\/\/schema.org","@graph":[{"@type":"WebPage","@id":"https:\/\/www.securetec.net\/de\/kundenloesungen\/point-of-care-diagnostik\/fruehdiagnose-in-der-wehrmedizin\/","url":"https:\/\/www.securetec.net\/de\/kundenloesungen\/point-of-care-diagnostik\/fruehdiagnose-in-der-wehrmedizin\/","name":"Fr\u00fchdiagnose in der Wehrmedizin - Securetec Detektions-Systeme AG","isPartOf":{"@id":"https:\/\/www.securetec.net\/de\/#website"},"datePublished":"2018-07-19T15:52:45+00:00","dateModified":"2019-01-07T16:02:02+00:00","description":"Schnelltest zur Fr\u00fchdiagnose im medizinischen ABC Schutz. Seit 1995 stellt die Securetec AG ihren Kunden in aller Welt Technologien und Produkte zum Nachweis von Sucht- und Gefahrenstoffen bereit.","breadcrumb":{"@id":"https:\/\/www.securetec.net\/de\/kundenloesungen\/point-of-care-diagnostik\/fruehdiagnose-in-der-wehrmedizin\/#breadcrumb"},"inLanguage":"de","potentialAction":[{"@type":"ReadAction","target":["https:\/\/www.securetec.net\/de\/kundenloesungen\/point-of-care-diagnostik\/fruehdiagnose-in-der-wehrmedizin\/"]}]},{"@type":"BreadcrumbList","@id":"https:\/\/www.securetec.net\/de\/kundenloesungen\/point-of-care-diagnostik\/fruehdiagnose-in-der-wehrmedizin\/#breadcrumb","itemListElement":[{"@type":"ListItem","position":1,"name":"Startseite","item":"https:\/\/www.securetec.net\/de\/"},{"@type":"ListItem","position":2,"name":"Kundenl\u00f6sungen","item":"https:\/\/www.securetec.net\/de\/kundenloesungen\/"},{"@type":"ListItem","position":3,"name":"Point-of-Care Diagnostik","item":"https:\/\/www.securetec.net\/de\/kundenloesungen\/point-of-care-diagnostik\/"},{"@type":"ListItem","position":4,"name":"Fr\u00fchdiagnose in der Wehrmedizin"}]},{"@type":"WebSite","@id":"https:\/\/www.securetec.net\/de\/#website","url":"https:\/\/www.securetec.net\/de\/","name":"Securetec Detektions-Systeme AG","description":"We detect to protect","publisher":{"@id":"https:\/\/www.securetec.net\/de\/#organization"},"potentialAction":[{"@type":"SearchAction","target":{"@type":"EntryPoint","urlTemplate":"https:\/\/www.securetec.net\/de\/?s={search_term_string}"},"query-input":{"@type":"PropertyValueSpecification","valueRequired":true,"valueName":"search_term_string"}}],"inLanguage":"de"},{"@type":"Organization","@id":"https:\/\/www.securetec.net\/de\/#organization","name":"Securetec Detektions-Systeme AG","url":"https:\/\/www.securetec.net\/de\/","logo":{"@type":"ImageObject","inLanguage":"de","@id":"https:\/\/www.securetec.net\/de\/#\/schema\/logo\/image\/","url":"https:\/\/www.securetec.net\/app\/uploads\/2018\/07\/Securetec_Logo_.png","contentUrl":"https:\/\/www.securetec.net\/app\/uploads\/2018\/07\/Securetec_Logo_.png","width":411,"height":189,"caption":"Securetec Detektions-Systeme AG"},"image":{"@id":"https:\/\/www.securetec.net\/de\/#\/schema\/logo\/image\/"},"sameAs":["https:\/\/x.com\/DrugWipeUK","https:\/\/www.linkedin.com\/company\/securetec","https:\/\/www.youtube.com\/channel\/UCP9jQA-TYhtqanhaooppMqw"]}]}},"_links":{"self":[{"href":"https:\/\/www.securetec.net\/de\/wp-json\/wp\/v2\/pages\/98","targetHints":{"allow":["GET"]}}],"collection":[{"href":"https:\/\/www.securetec.net\/de\/wp-json\/wp\/v2\/pages"}],"about":[{"href":"https:\/\/www.securetec.net\/de\/wp-json\/wp\/v2\/types\/page"}],"author":[{"embeddable":true,"href":"https:\/\/www.securetec.net\/de\/wp-json\/wp\/v2\/users\/1"}],"replies":[{"embeddable":true,"href":"https:\/\/www.securetec.net\/de\/wp-json\/wp\/v2\/comments?post=98"}],"version-history":[{"count":3,"href":"https:\/\/www.securetec.net\/de\/wp-json\/wp\/v2\/pages\/98\/revisions"}],"predecessor-version":[{"id":7995,"href":"https:\/\/www.securetec.net\/de\/wp-json\/wp\/v2\/pages\/98\/revisions\/7995"}],"up":[{"embeddable":true,"href":"https:\/\/www.securetec.net\/de\/wp-json\/wp\/v2\/pages\/94"}],"wp:attachment":[{"href":"https:\/\/www.securetec.net\/de\/wp-json\/wp\/v2\/media?parent=98"}],"curies":[{"name":"wp","href":"https:\/\/api.w.org\/{rel}","templated":true}]}}