{"id":94,"date":"2018-07-19T17:52:02","date_gmt":"2018-07-19T15:52:02","guid":{"rendered":"https:\/\/www.securetec.net\/?page_id=94"},"modified":"2022-05-18T12:09:40","modified_gmt":"2022-05-18T10:09:40","slug":"point-of-care-diagnostik","status":"publish","type":"page","link":"https:\/\/www.securetec.net\/de\/kundenloesungen\/point-of-care-diagnostik\/","title":{"rendered":"Point-of-Care Diagnostik"},"content":{"rendered":"<div class=\"wpb-content-wrapper\"><p>[vc_row][vc_column width=&#8220;2\/3&#8243;][vc_column_text]Die\u00a0<strong>Point-of-Care-Diagnostik\u00a0<\/strong>gewinnt sowohl im klinischen als auch im niedergelassenen Bereich immer mehr an Bedeutung. Technische Verbesserungen und neue Ans\u00e4tze erm\u00f6glichen zuverl\u00e4ssige Ergebnisse in kurzer Zeit und eine schnelle Einsch\u00e4tzung unmittelbar beim Patienten. Die Vorteile sind offensichtlich.<\/p>\n<p>Auch die diagnostischen Schnelltests von Securetec erm\u00f6glichen \u00c4rzten es, eine z\u00fcgige Diagnose direkt vor Ort zu stellen.<\/p>\n<p>&nbsp;<\/p>\n<p>&nbsp;<\/p>\n<p>[\/vc_column_text][\/vc_column][vc_column width=&#8220;1\/3&#8243;][tm_image align=&#8220;right&#8220; image=&#8220;4758&#8243;][\/vc_column][\/vc_row]<\/p>\n<\/div>","protected":false},"excerpt":{"rendered":"[vc_row][vc_column width=&#8220;2\/3&#8243;][vc_column_text]Die\u00a0Point-of-Care-Diagnostik\u00a0gewinnt sowohl im klinischen als auch im niedergelassenen Bereich immer mehr an Bedeutung. Technische Verbesserungen und neue Ans\u00e4tze erm\u00f6glichen zuverl\u00e4ssige Ergebnisse in kurzer Zeit und eine schnelle Einsch\u00e4tzung unmittelbar beim Patienten. Die Vorteile sind offensichtlich. Auch die diagnostischen Schnelltests von Securetec erm\u00f6glichen \u00c4rzten es, eine z\u00fcgige Diagnose direkt vor Ort zu stellen. &nbsp; &nbsp; [\/vc_column_text][\/vc_column][vc_column width=&#8220;1\/3&#8243;][tm_image align=&#8220;right&#8220; image=&#8220;4758&#8243;][\/vc_column][\/vc_row]","protected":false},"author":1,"featured_media":0,"parent":68,"menu_order":0,"comment_status":"closed","ping_status":"closed","template":"","meta":{"footnotes":""},"class_list":["post-94","page","type-page","status-publish","hentry"],"yoast_head":"<!-- This site is optimized with the Yoast SEO plugin v25.6 - https:\/\/yoast.com\/wordpress\/plugins\/seo\/ -->\n<title>Point-of-Care Diagnostik - Securetec Detektions-Systeme AG<\/title>\n<meta name=\"description\" content=\"Cholinesterase Monitoring: Diagnostischen Schnelltests erlauben \u00c4rzten eine z\u00fcgige Diagnose direkt vor Ort. Zuverl\u00e4ssige Ergebnisse in kurzer Zeit und schnelle Einsch\u00e4tzung unmittelbar beim Patienten.\" \/>\n<meta name=\"robots\" content=\"index, follow, max-snippet:-1, max-image-preview:large, max-video-preview:-1\" \/>\n<link rel=\"canonical\" href=\"https:\/\/www.securetec.net\/de\/kundenloesungen\/point-of-care-diagnostik\/\" \/>\n<meta property=\"og:locale\" content=\"de_DE\" \/>\n<meta property=\"og:type\" content=\"article\" \/>\n<meta property=\"og:title\" content=\"Point-of-Care Diagnostik - Securetec Detektions-Systeme AG\" \/>\n<meta property=\"og:description\" content=\"Cholinesterase Monitoring: Diagnostischen Schnelltests erlauben \u00c4rzten eine z\u00fcgige Diagnose direkt vor Ort. Zuverl\u00e4ssige Ergebnisse in kurzer Zeit und schnelle Einsch\u00e4tzung unmittelbar beim Patienten.\" \/>\n<meta property=\"og:url\" content=\"https:\/\/www.securetec.net\/de\/kundenloesungen\/point-of-care-diagnostik\/\" \/>\n<meta property=\"og:site_name\" content=\"Securetec Detektions-Systeme AG\" \/>\n<meta property=\"article:modified_time\" content=\"2022-05-18T10:09:40+00:00\" \/>\n<meta name=\"twitter:card\" content=\"summary_large_image\" \/>\n<meta name=\"twitter:site\" content=\"@DrugWipeUK\" \/>\n<meta name=\"twitter:label1\" content=\"Est. reading time\" \/>\n\t<meta name=\"twitter:data1\" content=\"1\u00a0Minute\" \/>\n<script type=\"application\/ld+json\" class=\"yoast-schema-graph\">{\"@context\":\"https:\/\/schema.org\",\"@graph\":[{\"@type\":\"WebPage\",\"@id\":\"https:\/\/www.securetec.net\/de\/kundenloesungen\/point-of-care-diagnostik\/\",\"url\":\"https:\/\/www.securetec.net\/de\/kundenloesungen\/point-of-care-diagnostik\/\",\"name\":\"Point-of-Care Diagnostik - Securetec Detektions-Systeme AG\",\"isPartOf\":{\"@id\":\"https:\/\/www.securetec.net\/de\/#website\"},\"datePublished\":\"2018-07-19T15:52:02+00:00\",\"dateModified\":\"2022-05-18T10:09:40+00:00\",\"description\":\"Cholinesterase Monitoring: Diagnostischen Schnelltests erlauben \u00c4rzten eine z\u00fcgige Diagnose direkt vor Ort. Zuverl\u00e4ssige Ergebnisse in kurzer Zeit und schnelle Einsch\u00e4tzung unmittelbar beim Patienten.\",\"breadcrumb\":{\"@id\":\"https:\/\/www.securetec.net\/de\/kundenloesungen\/point-of-care-diagnostik\/#breadcrumb\"},\"inLanguage\":\"de\",\"potentialAction\":[{\"@type\":\"ReadAction\",\"target\":[\"https:\/\/www.securetec.net\/de\/kundenloesungen\/point-of-care-diagnostik\/\"]}]},{\"@type\":\"BreadcrumbList\",\"@id\":\"https:\/\/www.securetec.net\/de\/kundenloesungen\/point-of-care-diagnostik\/#breadcrumb\",\"itemListElement\":[{\"@type\":\"ListItem\",\"position\":1,\"name\":\"Startseite\",\"item\":\"https:\/\/www.securetec.net\/de\/\"},{\"@type\":\"ListItem\",\"position\":2,\"name\":\"Kundenl\u00f6sungen\",\"item\":\"https:\/\/www.securetec.net\/de\/kundenloesungen\/\"},{\"@type\":\"ListItem\",\"position\":3,\"name\":\"Point-of-Care Diagnostik\"}]},{\"@type\":\"WebSite\",\"@id\":\"https:\/\/www.securetec.net\/de\/#website\",\"url\":\"https:\/\/www.securetec.net\/de\/\",\"name\":\"Securetec Detektions-Systeme AG\",\"description\":\"We detect to protect\",\"publisher\":{\"@id\":\"https:\/\/www.securetec.net\/de\/#organization\"},\"potentialAction\":[{\"@type\":\"SearchAction\",\"target\":{\"@type\":\"EntryPoint\",\"urlTemplate\":\"https:\/\/www.securetec.net\/de\/?s={search_term_string}\"},\"query-input\":{\"@type\":\"PropertyValueSpecification\",\"valueRequired\":true,\"valueName\":\"search_term_string\"}}],\"inLanguage\":\"de\"},{\"@type\":\"Organization\",\"@id\":\"https:\/\/www.securetec.net\/de\/#organization\",\"name\":\"Securetec Detektions-Systeme AG\",\"url\":\"https:\/\/www.securetec.net\/de\/\",\"logo\":{\"@type\":\"ImageObject\",\"inLanguage\":\"de\",\"@id\":\"https:\/\/www.securetec.net\/de\/#\/schema\/logo\/image\/\",\"url\":\"https:\/\/www.securetec.net\/app\/uploads\/2018\/07\/Securetec_Logo_.png\",\"contentUrl\":\"https:\/\/www.securetec.net\/app\/uploads\/2018\/07\/Securetec_Logo_.png\",\"width\":411,\"height\":189,\"caption\":\"Securetec Detektions-Systeme AG\"},\"image\":{\"@id\":\"https:\/\/www.securetec.net\/de\/#\/schema\/logo\/image\/\"},\"sameAs\":[\"https:\/\/x.com\/DrugWipeUK\",\"https:\/\/www.linkedin.com\/company\/securetec\",\"https:\/\/www.youtube.com\/channel\/UCP9jQA-TYhtqanhaooppMqw\"]}]}<\/script>\n<!-- \/ Yoast SEO plugin. -->","yoast_head_json":{"title":"Point-of-Care Diagnostik - Securetec Detektions-Systeme AG","description":"Cholinesterase Monitoring: Diagnostischen Schnelltests erlauben \u00c4rzten eine z\u00fcgige Diagnose direkt vor Ort. Zuverl\u00e4ssige Ergebnisse in kurzer Zeit und schnelle Einsch\u00e4tzung unmittelbar beim Patienten.","robots":{"index":"index","follow":"follow","max-snippet":"max-snippet:-1","max-image-preview":"max-image-preview:large","max-video-preview":"max-video-preview:-1"},"canonical":"https:\/\/www.securetec.net\/de\/kundenloesungen\/point-of-care-diagnostik\/","og_locale":"de_DE","og_type":"article","og_title":"Point-of-Care Diagnostik - Securetec Detektions-Systeme AG","og_description":"Cholinesterase Monitoring: Diagnostischen Schnelltests erlauben \u00c4rzten eine z\u00fcgige Diagnose direkt vor Ort. Zuverl\u00e4ssige Ergebnisse in kurzer Zeit und schnelle Einsch\u00e4tzung unmittelbar beim Patienten.","og_url":"https:\/\/www.securetec.net\/de\/kundenloesungen\/point-of-care-diagnostik\/","og_site_name":"Securetec Detektions-Systeme AG","article_modified_time":"2022-05-18T10:09:40+00:00","twitter_card":"summary_large_image","twitter_site":"@DrugWipeUK","twitter_misc":{"Est. reading time":"1\u00a0Minute"},"schema":{"@context":"https:\/\/schema.org","@graph":[{"@type":"WebPage","@id":"https:\/\/www.securetec.net\/de\/kundenloesungen\/point-of-care-diagnostik\/","url":"https:\/\/www.securetec.net\/de\/kundenloesungen\/point-of-care-diagnostik\/","name":"Point-of-Care Diagnostik - Securetec Detektions-Systeme AG","isPartOf":{"@id":"https:\/\/www.securetec.net\/de\/#website"},"datePublished":"2018-07-19T15:52:02+00:00","dateModified":"2022-05-18T10:09:40+00:00","description":"Cholinesterase Monitoring: Diagnostischen Schnelltests erlauben \u00c4rzten eine z\u00fcgige Diagnose direkt vor Ort. Zuverl\u00e4ssige Ergebnisse in kurzer Zeit und schnelle Einsch\u00e4tzung unmittelbar beim Patienten.","breadcrumb":{"@id":"https:\/\/www.securetec.net\/de\/kundenloesungen\/point-of-care-diagnostik\/#breadcrumb"},"inLanguage":"de","potentialAction":[{"@type":"ReadAction","target":["https:\/\/www.securetec.net\/de\/kundenloesungen\/point-of-care-diagnostik\/"]}]},{"@type":"BreadcrumbList","@id":"https:\/\/www.securetec.net\/de\/kundenloesungen\/point-of-care-diagnostik\/#breadcrumb","itemListElement":[{"@type":"ListItem","position":1,"name":"Startseite","item":"https:\/\/www.securetec.net\/de\/"},{"@type":"ListItem","position":2,"name":"Kundenl\u00f6sungen","item":"https:\/\/www.securetec.net\/de\/kundenloesungen\/"},{"@type":"ListItem","position":3,"name":"Point-of-Care Diagnostik"}]},{"@type":"WebSite","@id":"https:\/\/www.securetec.net\/de\/#website","url":"https:\/\/www.securetec.net\/de\/","name":"Securetec Detektions-Systeme AG","description":"We detect to protect","publisher":{"@id":"https:\/\/www.securetec.net\/de\/#organization"},"potentialAction":[{"@type":"SearchAction","target":{"@type":"EntryPoint","urlTemplate":"https:\/\/www.securetec.net\/de\/?s={search_term_string}"},"query-input":{"@type":"PropertyValueSpecification","valueRequired":true,"valueName":"search_term_string"}}],"inLanguage":"de"},{"@type":"Organization","@id":"https:\/\/www.securetec.net\/de\/#organization","name":"Securetec Detektions-Systeme AG","url":"https:\/\/www.securetec.net\/de\/","logo":{"@type":"ImageObject","inLanguage":"de","@id":"https:\/\/www.securetec.net\/de\/#\/schema\/logo\/image\/","url":"https:\/\/www.securetec.net\/app\/uploads\/2018\/07\/Securetec_Logo_.png","contentUrl":"https:\/\/www.securetec.net\/app\/uploads\/2018\/07\/Securetec_Logo_.png","width":411,"height":189,"caption":"Securetec Detektions-Systeme AG"},"image":{"@id":"https:\/\/www.securetec.net\/de\/#\/schema\/logo\/image\/"},"sameAs":["https:\/\/x.com\/DrugWipeUK","https:\/\/www.linkedin.com\/company\/securetec","https:\/\/www.youtube.com\/channel\/UCP9jQA-TYhtqanhaooppMqw"]}]}},"_links":{"self":[{"href":"https:\/\/www.securetec.net\/de\/wp-json\/wp\/v2\/pages\/94","targetHints":{"allow":["GET"]}}],"collection":[{"href":"https:\/\/www.securetec.net\/de\/wp-json\/wp\/v2\/pages"}],"about":[{"href":"https:\/\/www.securetec.net\/de\/wp-json\/wp\/v2\/types\/page"}],"author":[{"embeddable":true,"href":"https:\/\/www.securetec.net\/de\/wp-json\/wp\/v2\/users\/1"}],"replies":[{"embeddable":true,"href":"https:\/\/www.securetec.net\/de\/wp-json\/wp\/v2\/comments?post=94"}],"version-history":[{"count":9,"href":"https:\/\/www.securetec.net\/de\/wp-json\/wp\/v2\/pages\/94\/revisions"}],"predecessor-version":[{"id":13517,"href":"https:\/\/www.securetec.net\/de\/wp-json\/wp\/v2\/pages\/94\/revisions\/13517"}],"up":[{"embeddable":true,"href":"https:\/\/www.securetec.net\/de\/wp-json\/wp\/v2\/pages\/68"}],"wp:attachment":[{"href":"https:\/\/www.securetec.net\/de\/wp-json\/wp\/v2\/media?parent=94"}],"curies":[{"name":"wp","href":"https:\/\/api.w.org\/{rel}","templated":true}]}}