{"id":92,"date":"2018-07-19T17:51:41","date_gmt":"2018-07-19T15:51:41","guid":{"rendered":"https:\/\/www.securetec.net\/?page_id=92"},"modified":"2023-03-30T08:56:18","modified_gmt":"2023-03-30T06:56:18","slug":"drogenscreenings-unser-leistungsspektrum","status":"publish","type":"page","link":"https:\/\/www.securetec.net\/de\/kundenloesungen\/drogenscreening-in-unternehmen\/drogenscreenings-unser-leistungsspektrum\/","title":{"rendered":"Drogenscreenings \u2013 Unser Leistungsspektrum"},"content":{"rendered":"<div class=\"wpb-content-wrapper\"><p>[vc_row lg_spacing=&#8220;margin_bottom:50&#8243;][vc_column][vc_column_text]<\/p>\n<h2>Gefahren durch Drogen sicher erkennen<\/h2>\n<p><strong>Ma\u00dfgeschneiderte Drogenschnelltests f\u00fcr sensible Situationen<\/strong><\/p>\n<p>Anders als bei Alkohol sind verl\u00e4ssliche \u00e4u\u00dfere Anzeichen f\u00fcr Drogenkonsum im Unternehmen meist schwer zu erkennen. Drogenmissbrauch ist oft ein Tabuthema und der Nachweis bedarf gro\u00dfer Aufmerksamkeit und Sensibilit\u00e4t. Wir unterst\u00fctzen Unternehmen und Institutionen mit innovativen Speichelschnelltests f\u00fcr einen objektiven Nachweis.[\/vc_column_text][\/vc_column][\/vc_row][vc_row][vc_column][tm_table]<\/p>\n<table style=\"border-collapse: collapse; width: 100%;\">\n<tbody>\n<tr>\n<td style=\"width: 33.3333%;\"><strong>Speicheltest<\/strong><\/td>\n<td style=\"width: 32.5119%;\"><strong>Oberfl\u00e4chentest<\/strong><\/td>\n<td style=\"width: 34.1547%;\"><strong>Optional: Analyseger\u00e4t f\u00fcr Speicheltests<\/strong><\/td>\n<\/tr>\n<tr>\n<td style=\"width: 33.3333%;\" width=\"201\">\n<ul>\n<li>Testet gezielt auf unmittelbare Beeinflussung<\/li>\n<li>Ergebnisse in 3 bis 8Minuten<\/li>\n<li>Visuelle Auswertung<\/li>\n<li>Hygienische, schnelle und einfache Probenahme<\/li>\n<li>Zuverl\u00e4ssig und manipulationssicher<\/li>\n<li>Je nach Ausf\u00fchrung f\u00fcr Cannabis, Kokain, Opiate, Amphetamine\/ Methamphetamine, Benzodiazepine, Ketamin\/PCP, Buprenorphin, Methadon<\/li>\n<\/ul>\n<\/td>\n<td style=\"width: 32.5119%;\">\n<ul>\n<li>Zuverl\u00e4ssiger und sicherer Nachweis von unsichtbaren Spuren<\/li>\n<li>Visuelle Auswertung<\/li>\n<li>Diskretes Testen ohne direkten Personenkontakt<\/li>\n<li>Weltweit im Einsatz bei Polizei, Zoll und Unternehmen<\/li>\n<li>Je nach Ausf\u00fchrung f\u00fcr Cannabis, Kokain, Opiate sowie Amphetamine und Methamphetamine<\/li>\n<\/ul>\n<\/td>\n<td style=\"width: 34.1547%;\">\n<ul>\n<li>Garantiert jederzeit ein objektives Ergebnis<\/li>\n<li>Mobil und leicht<\/li>\n<li>Integrierter Drucker f\u00fcr eine schnelle Dokumentation als Nachweis<\/li>\n<li>Erfassung und Speicherung notwendiger Informationen inkl. Zeit- und Datumsangabe<\/li>\n<li>Gew\u00e4hrleistung des Datenschutzes<\/li>\n<\/ul>\n<\/td>\n<\/tr>\n<tr>\n<td style=\"width: 33.3333%;\"><strong><a href=\"https:\/\/www.securetec.net\/de\/produkte\/speicheltest\/\"><span style=\"color: #0000ff;\">DrugWipe<\/span><\/a><a href=\"https:\/\/www.securetec.net\/de\/produkte\/speicheltest\/\"><span style=\"color: #0000ff;\"><sup>\u00ae<\/sup><\/span><\/a><a href=\"https:\/\/www.securetec.net\/de\/produkte\/speicheltest\/\"><span style=\"color: #0000ff;\"> S<\/span><\/a><\/strong><\/td>\n<td style=\"width: 32.5119%;\"><a href=\"https:\/\/www.securetec.net\/de\/produkte\/oberflaechentest-drogen\/\"><strong><span style=\"color: #0000ff;\">DrugWipe<sup>\u00ae<\/sup> F<\/span><\/strong><\/a><\/td>\n<td style=\"width: 34.1547%;\"><a href=\"https:\/\/www.securetec.net\/de\/produkte\/drogenanalyse-geraet-wipealyser\/\"><span style=\"color: #0000ff;\"><strong>WipeAlyser<sup>\u00ae<\/sup><\/strong><\/span><\/a><\/td>\n<\/tr>\n<tr>\n<td style=\"width: 33.3333%;\"><img decoding=\"async\" class=\"alignnone size-medium wp-image-11363\" src=\"https:\/\/www.securetec.net\/app\/uploads\/2020\/07\/MG_3189_DrugWipe_saliva_testing-300x200.jpg\" alt=\"DrugWipe Speicheltest Drogen\" width=\"300\" height=\"200\" srcset=\"https:\/\/www.securetec.net\/app\/uploads\/2020\/07\/MG_3189_DrugWipe_saliva_testing-300x200.jpg 300w, https:\/\/www.securetec.net\/app\/uploads\/2020\/07\/MG_3189_DrugWipe_saliva_testing-1024x683.jpg 1024w, https:\/\/www.securetec.net\/app\/uploads\/2020\/07\/MG_3189_DrugWipe_saliva_testing-768x512.jpg 768w, https:\/\/www.securetec.net\/app\/uploads\/2020\/07\/MG_3189_DrugWipe_saliva_testing-1536x1024.jpg 1536w, https:\/\/www.securetec.net\/app\/uploads\/2020\/07\/MG_3189_DrugWipe_saliva_testing.jpg 1680w\" sizes=\"(max-width: 300px) 100vw, 300px\" \/><\/td>\n<td style=\"width: 32.5119%;\"><img decoding=\"async\" class=\"alignnone size-medium wp-image-4618\" src=\"https:\/\/www.securetec.net\/app\/uploads\/2018\/08\/oberflaechentest_drogentest_dw5f_probenahme_laptop_mg_3866_300dpi_smaller-300x200.jpg\" alt=\"Oberfl\u00e4chentest Drogen\" width=\"300\" height=\"200\" srcset=\"https:\/\/www.securetec.net\/app\/uploads\/2018\/08\/oberflaechentest_drogentest_dw5f_probenahme_laptop_mg_3866_300dpi_smaller-300x200.jpg 300w, https:\/\/www.securetec.net\/app\/uploads\/2018\/08\/oberflaechentest_drogentest_dw5f_probenahme_laptop_mg_3866_300dpi_smaller-768x512.jpg 768w, https:\/\/www.securetec.net\/app\/uploads\/2018\/08\/oberflaechentest_drogentest_dw5f_probenahme_laptop_mg_3866_300dpi_smaller-1024x683.jpg 1024w, https:\/\/www.securetec.net\/app\/uploads\/2018\/08\/oberflaechentest_drogentest_dw5f_probenahme_laptop_mg_3866_300dpi_smaller.jpg 1140w\" sizes=\"(max-width: 300px) 100vw, 300px\" \/><\/td>\n<td style=\"width: 34.1547%;\"><img decoding=\"async\" class=\"alignnone size-medium wp-image-8104\" src=\"https:\/\/www.securetec.net\/app\/uploads\/2018\/10\/1_wipealyser_mit_drugwipe_bearbeitet_web_-1-300x200.jpg\" alt=\"Wipealyser\" width=\"300\" height=\"200\" srcset=\"https:\/\/www.securetec.net\/app\/uploads\/2018\/10\/1_wipealyser_mit_drugwipe_bearbeitet_web_-1-300x200.jpg 300w, https:\/\/www.securetec.net\/app\/uploads\/2018\/10\/1_wipealyser_mit_drugwipe_bearbeitet_web_-1-768x512.jpg 768w, https:\/\/www.securetec.net\/app\/uploads\/2018\/10\/1_wipealyser_mit_drugwipe_bearbeitet_web_-1.jpg 1000w\" sizes=\"(max-width: 300px) 100vw, 300px\" \/><\/td>\n<\/tr>\n<tr>\n<td style=\"width: 33.3333%;\">Probenahme Speichel<\/td>\n<td style=\"width: 32.5119%;\">Probenahme Oberfl\u00e4che<\/td>\n<td style=\"width: 34.1547%;\">Dokumentation der Ergebnisse<\/td>\n<\/tr>\n<\/tbody>\n<\/table>\n<p>[\/tm_table][\/vc_column][\/vc_row][vc_row][vc_column][tm_spacer size=&#8220;lg:30&#8243;][vc_column_text css=&#8220;.vc_custom_1680159358331{margin-bottom: 40px !important;}&#8220;]Mit einer entsprechenden Betriebsvereinbarung und der Einwilligung der zu testenden Person kann ein Sicherheitsbeauftragter oder Betriebsarzt eines Unternehmens mit dem Drogenschnelltest DrugWipe schnell, zuverl\u00e4ssig und hygienisch einen Drogentest vornehmen. Einfach in der Handhabung, erkennt der <a href=\"https:\/\/www.securetec.net\/?p=3481\">DrugWipe<sup>\u00ae<\/sup>\u00a0S Speicheltest<\/a> sicher, hygienisch und schnell die g\u00e4ngigsten Bet\u00e4ubungsmittel.<\/p>\n<p>Eine weitere Handlungsoption zur diskreten \u00dcberpr\u00fcfung eines ersten Verdachts bieten die Oberfl\u00e4chentests. Der Konsum von Drogen hinterl\u00e4sst immer Spuren, die mit dem <a href=\"https:\/\/www.securetec.net\/de\/Oberflaechentest-Drogen\">DrugWipe<sup>\u00ae<\/sup>\u00a0F Oberfl\u00e4chentest<\/a> eindeutig identifiziert werden k\u00f6nnen.<\/p>\n<p>Wir freuen uns auf ein vertiefendes Gespr\u00e4ch, sollten Sie weitere Informationen ben\u00f6tigen oder offene Fragen zur zuverl\u00e4ssigen Drogendetektion haben.<\/p>\n<p>Stephanie Konopac<br \/>\nTel: 089 \/ 203080-16 51<br \/>\nE-Mail:\u00a0<a href=\"mailto:info@securetec.net\">info@securetec.net<\/a><\/p>\n<p><a href=\"https:\/\/www.securetec.net\/de\/Drogentest\">&gt;&gt; DrugWipe<sup>\u00ae<\/sup>\u00a0Drogentests<\/a>[\/vc_column_text][tm_spacer size=&#8220;lg:30&#8243;][tm_button button=&#8220;url:https%3A%2F%2Fwww.securetec.net%2Fde%2Fkontakt%2F|title:Kontakt&#8220;][\/vc_column][\/vc_row][vc_row][vc_column][\/vc_column][\/vc_row]<\/p>\n<\/div>","protected":false},"excerpt":{"rendered":"[vc_row lg_spacing=&#8220;margin_bottom:50&#8243;][vc_column][vc_column_text] Gefahren durch Drogen sicher erkennen Ma\u00dfgeschneiderte Drogenschnelltests f\u00fcr sensible Situationen Anders als bei Alkohol sind verl\u00e4ssliche \u00e4u\u00dfere Anzeichen f\u00fcr Drogenkonsum im Unternehmen meist schwer zu erkennen. Drogenmissbrauch ist oft ein Tabuthema und der Nachweis bedarf gro\u00dfer Aufmerksamkeit und Sensibilit\u00e4t. Wir unterst\u00fctzen Unternehmen und Institutionen mit innovativen Speichelschnelltests f\u00fcr einen objektiven Nachweis.[\/vc_column_text][\/vc_column][\/vc_row][vc_row][vc_column][tm_table] Speicheltest Oberfl\u00e4chentest Optional: Analyseger\u00e4t f\u00fcr Speicheltests Testet gezielt auf unmittelbare Beeinflussung Ergebnisse in 3 bis 8Minuten Visuelle Auswertung Hygienische, schnelle und einfache Probenahme Zuverl\u00e4ssig und manipulationssicher Je nach Ausf\u00fchrung f\u00fcr Cannabis, Kokain, Opiate, Amphetamine\/ Methamphetamine, Benzodiazepine, Ketamin\/PCP, Buprenorphin, Methadon Zuverl\u00e4ssiger und sicherer Nachweis von unsichtbaren Spuren Visuelle Auswertung Diskretes Testen ohne direkten Personenkontakt Weltweit im Einsatz bei Polizei, Zoll und Unternehmen Je nach Ausf\u00fchrung f\u00fcr Cannabis, Kokain, Opiate sowie Amphetamine und Methamphetamine Garantiert jederzeit ein objektives Ergebnis Mobil und leicht Integrierter Drucker f\u00fcr eine schnelle Dokumentation als Nachweis Erfassung und Speicherung notwendiger Informationen inkl. Zeit- und Datumsangabe Gew\u00e4hrleistung des Datenschutzes DrugWipe\u00ae S DrugWipe\u00ae F WipeAlyser\u00ae Probenahme Speichel Probenahme Oberfl\u00e4che Dokumentation der Ergebnisse [\/tm_table][\/vc_column][\/vc_row][vc_row][vc_column][tm_spacer size=&#8220;lg:30&#8243;][vc_column_text css=&#8220;.vc_custom_1680159358331{margin-bottom: 40px !important;}&#8220;]Mit einer entsprechenden Betriebsvereinbarung und der Einwilligung der zu testenden Person kann ein Sicherheitsbeauftragter oder Betriebsarzt eines Unternehmens mit dem Drogenschnelltest DrugWipe schnell, zuverl\u00e4ssig und hygienisch einen Drogentest vornehmen. Einfach in der Handhabung, erkennt der DrugWipe\u00ae\u00a0S Speicheltest sicher, hygienisch und schnell die g\u00e4ngigsten Bet\u00e4ubungsmittel. Eine weitere Handlungsoption zur diskreten \u00dcberpr\u00fcfung eines ersten Verdachts bieten die Oberfl\u00e4chentests. Der Konsum von Drogen hinterl\u00e4sst immer Spuren, die mit dem DrugWipe\u00ae\u00a0F Oberfl\u00e4chentest eindeutig identifiziert werden k\u00f6nnen. Wir freuen uns auf ein vertiefendes Gespr\u00e4ch, sollten Sie weitere Informationen ben\u00f6tigen oder offene Fragen zur zuverl\u00e4ssigen Drogendetektion haben. Stephanie Konopac Tel: 089 \/ 203080-16 51 E-Mail:\u00a0info@securetec.net &gt;&gt; DrugWipe\u00ae\u00a0Drogentests[\/vc_column_text][tm_spacer size=&#8220;lg:30&#8243;][tm_button button=&#8220;url:https%3A%2F%2Fwww.securetec.net%2Fde%2Fkontakt%2F|title:Kontakt&#8220;][\/vc_column][\/vc_row][vc_row][vc_column][\/vc_column][\/vc_row]","protected":false},"author":1,"featured_media":0,"parent":86,"menu_order":0,"comment_status":"closed","ping_status":"closed","template":"","meta":{"footnotes":""},"class_list":["post-92","page","type-page","status-publish","hentry"],"yoast_head":"<!-- This site is optimized with the Yoast SEO plugin v25.6 - https:\/\/yoast.com\/wordpress\/plugins\/seo\/ -->\n<title>Drogenscreenings f\u00fcr Ihre Sicherheit - Unser Leistungsspektrum<\/title>\n<meta name=\"description\" content=\"Im Falle der meist verbreiteten Bet\u00e4ubungsmittel wird mit DrugWipe\u00ae Speicheltests die unmittelbare Beeinflussung eines Mitarbeiters sicher erkannt. Eine andere Handlungsoption f\u00fcr die diskrete \u00dcberpr\u00fcfung eines Verdachts bieten Oberfl\u00e4chentests.\" \/>\n<meta name=\"robots\" content=\"index, follow, max-snippet:-1, max-image-preview:large, max-video-preview:-1\" \/>\n<link rel=\"canonical\" href=\"https:\/\/www.securetec.net\/de\/kundenloesungen\/drogenscreening-in-unternehmen\/drogenscreenings-unser-leistungsspektrum\/\" \/>\n<meta property=\"og:locale\" content=\"de_DE\" \/>\n<meta property=\"og:type\" content=\"article\" \/>\n<meta property=\"og:title\" content=\"Drogenscreenings f\u00fcr Ihre Sicherheit - Unser Leistungsspektrum\" \/>\n<meta property=\"og:description\" content=\"Im Falle der meist verbreiteten Bet\u00e4ubungsmittel wird mit DrugWipe\u00ae Speicheltests die unmittelbare Beeinflussung eines Mitarbeiters sicher erkannt. Eine andere Handlungsoption f\u00fcr die diskrete \u00dcberpr\u00fcfung eines Verdachts bieten Oberfl\u00e4chentests.\" \/>\n<meta property=\"og:url\" content=\"https:\/\/www.securetec.net\/de\/kundenloesungen\/drogenscreening-in-unternehmen\/drogenscreenings-unser-leistungsspektrum\/\" \/>\n<meta property=\"og:site_name\" content=\"Securetec Detektions-Systeme AG\" \/>\n<meta property=\"article:modified_time\" content=\"2023-03-30T06:56:18+00:00\" \/>\n<meta property=\"og:image\" content=\"https:\/\/www.securetec.net\/app\/uploads\/2020\/07\/MG_3189_DrugWipe_saliva_testing-300x200.jpg\" \/>\n<meta name=\"twitter:card\" content=\"summary_large_image\" \/>\n<meta name=\"twitter:site\" content=\"@DrugWipeUK\" \/>\n<meta name=\"twitter:label1\" content=\"Est. reading time\" \/>\n\t<meta name=\"twitter:data1\" content=\"3\u00a0Minuten\" \/>\n<script type=\"application\/ld+json\" class=\"yoast-schema-graph\">{\"@context\":\"https:\/\/schema.org\",\"@graph\":[{\"@type\":\"WebPage\",\"@id\":\"https:\/\/www.securetec.net\/de\/kundenloesungen\/drogenscreening-in-unternehmen\/drogenscreenings-unser-leistungsspektrum\/\",\"url\":\"https:\/\/www.securetec.net\/de\/kundenloesungen\/drogenscreening-in-unternehmen\/drogenscreenings-unser-leistungsspektrum\/\",\"name\":\"Drogenscreenings f\u00fcr Ihre Sicherheit - Unser Leistungsspektrum\",\"isPartOf\":{\"@id\":\"https:\/\/www.securetec.net\/de\/#website\"},\"primaryImageOfPage\":{\"@id\":\"https:\/\/www.securetec.net\/de\/kundenloesungen\/drogenscreening-in-unternehmen\/drogenscreenings-unser-leistungsspektrum\/#primaryimage\"},\"image\":{\"@id\":\"https:\/\/www.securetec.net\/de\/kundenloesungen\/drogenscreening-in-unternehmen\/drogenscreenings-unser-leistungsspektrum\/#primaryimage\"},\"thumbnailUrl\":\"https:\/\/www.securetec.net\/app\/uploads\/2020\/07\/MG_3189_DrugWipe_saliva_testing-300x200.jpg\",\"datePublished\":\"2018-07-19T15:51:41+00:00\",\"dateModified\":\"2023-03-30T06:56:18+00:00\",\"description\":\"Im Falle der meist verbreiteten Bet\u00e4ubungsmittel wird mit DrugWipe\u00ae Speicheltests die unmittelbare Beeinflussung eines Mitarbeiters sicher erkannt. Eine andere Handlungsoption f\u00fcr die diskrete \u00dcberpr\u00fcfung eines Verdachts bieten Oberfl\u00e4chentests.\",\"breadcrumb\":{\"@id\":\"https:\/\/www.securetec.net\/de\/kundenloesungen\/drogenscreening-in-unternehmen\/drogenscreenings-unser-leistungsspektrum\/#breadcrumb\"},\"inLanguage\":\"de\",\"potentialAction\":[{\"@type\":\"ReadAction\",\"target\":[\"https:\/\/www.securetec.net\/de\/kundenloesungen\/drogenscreening-in-unternehmen\/drogenscreenings-unser-leistungsspektrum\/\"]}]},{\"@type\":\"ImageObject\",\"inLanguage\":\"de\",\"@id\":\"https:\/\/www.securetec.net\/de\/kundenloesungen\/drogenscreening-in-unternehmen\/drogenscreenings-unser-leistungsspektrum\/#primaryimage\",\"url\":\"https:\/\/www.securetec.net\/app\/uploads\/2020\/07\/MG_3189_DrugWipe_saliva_testing-300x200.jpg\",\"contentUrl\":\"https:\/\/www.securetec.net\/app\/uploads\/2020\/07\/MG_3189_DrugWipe_saliva_testing-300x200.jpg\"},{\"@type\":\"BreadcrumbList\",\"@id\":\"https:\/\/www.securetec.net\/de\/kundenloesungen\/drogenscreening-in-unternehmen\/drogenscreenings-unser-leistungsspektrum\/#breadcrumb\",\"itemListElement\":[{\"@type\":\"ListItem\",\"position\":1,\"name\":\"Startseite\",\"item\":\"https:\/\/www.securetec.net\/de\/\"},{\"@type\":\"ListItem\",\"position\":2,\"name\":\"Kundenl\u00f6sungen\",\"item\":\"https:\/\/www.securetec.net\/de\/kundenloesungen\/\"},{\"@type\":\"ListItem\",\"position\":3,\"name\":\"Drogenscreening in Unternehmen\",\"item\":\"https:\/\/www.securetec.net\/de\/kundenloesungen\/drogenscreening-in-unternehmen\/\"},{\"@type\":\"ListItem\",\"position\":4,\"name\":\"Drogenscreenings \u2013 Unser Leistungsspektrum\"}]},{\"@type\":\"WebSite\",\"@id\":\"https:\/\/www.securetec.net\/de\/#website\",\"url\":\"https:\/\/www.securetec.net\/de\/\",\"name\":\"Securetec Detektions-Systeme AG\",\"description\":\"We detect to protect\",\"publisher\":{\"@id\":\"https:\/\/www.securetec.net\/de\/#organization\"},\"potentialAction\":[{\"@type\":\"SearchAction\",\"target\":{\"@type\":\"EntryPoint\",\"urlTemplate\":\"https:\/\/www.securetec.net\/de\/?s={search_term_string}\"},\"query-input\":{\"@type\":\"PropertyValueSpecification\",\"valueRequired\":true,\"valueName\":\"search_term_string\"}}],\"inLanguage\":\"de\"},{\"@type\":\"Organization\",\"@id\":\"https:\/\/www.securetec.net\/de\/#organization\",\"name\":\"Securetec Detektions-Systeme AG\",\"url\":\"https:\/\/www.securetec.net\/de\/\",\"logo\":{\"@type\":\"ImageObject\",\"inLanguage\":\"de\",\"@id\":\"https:\/\/www.securetec.net\/de\/#\/schema\/logo\/image\/\",\"url\":\"https:\/\/www.securetec.net\/app\/uploads\/2018\/07\/Securetec_Logo_.png\",\"contentUrl\":\"https:\/\/www.securetec.net\/app\/uploads\/2018\/07\/Securetec_Logo_.png\",\"width\":411,\"height\":189,\"caption\":\"Securetec Detektions-Systeme AG\"},\"image\":{\"@id\":\"https:\/\/www.securetec.net\/de\/#\/schema\/logo\/image\/\"},\"sameAs\":[\"https:\/\/x.com\/DrugWipeUK\",\"https:\/\/www.linkedin.com\/company\/securetec\",\"https:\/\/www.youtube.com\/channel\/UCP9jQA-TYhtqanhaooppMqw\"]}]}<\/script>\n<!-- \/ Yoast SEO plugin. -->","yoast_head_json":{"title":"Drogenscreenings f\u00fcr Ihre Sicherheit - Unser Leistungsspektrum","description":"Im Falle der meist verbreiteten Bet\u00e4ubungsmittel wird mit DrugWipe\u00ae Speicheltests die unmittelbare Beeinflussung eines Mitarbeiters sicher erkannt. Eine andere Handlungsoption f\u00fcr die diskrete \u00dcberpr\u00fcfung eines Verdachts bieten Oberfl\u00e4chentests.","robots":{"index":"index","follow":"follow","max-snippet":"max-snippet:-1","max-image-preview":"max-image-preview:large","max-video-preview":"max-video-preview:-1"},"canonical":"https:\/\/www.securetec.net\/de\/kundenloesungen\/drogenscreening-in-unternehmen\/drogenscreenings-unser-leistungsspektrum\/","og_locale":"de_DE","og_type":"article","og_title":"Drogenscreenings f\u00fcr Ihre Sicherheit - Unser Leistungsspektrum","og_description":"Im Falle der meist verbreiteten Bet\u00e4ubungsmittel wird mit DrugWipe\u00ae Speicheltests die unmittelbare Beeinflussung eines Mitarbeiters sicher erkannt. Eine andere Handlungsoption f\u00fcr die diskrete \u00dcberpr\u00fcfung eines Verdachts bieten Oberfl\u00e4chentests.","og_url":"https:\/\/www.securetec.net\/de\/kundenloesungen\/drogenscreening-in-unternehmen\/drogenscreenings-unser-leistungsspektrum\/","og_site_name":"Securetec Detektions-Systeme AG","article_modified_time":"2023-03-30T06:56:18+00:00","og_image":[{"url":"https:\/\/www.securetec.net\/app\/uploads\/2020\/07\/MG_3189_DrugWipe_saliva_testing-300x200.jpg","type":"","width":"","height":""}],"twitter_card":"summary_large_image","twitter_site":"@DrugWipeUK","twitter_misc":{"Est. reading time":"3\u00a0Minuten"},"schema":{"@context":"https:\/\/schema.org","@graph":[{"@type":"WebPage","@id":"https:\/\/www.securetec.net\/de\/kundenloesungen\/drogenscreening-in-unternehmen\/drogenscreenings-unser-leistungsspektrum\/","url":"https:\/\/www.securetec.net\/de\/kundenloesungen\/drogenscreening-in-unternehmen\/drogenscreenings-unser-leistungsspektrum\/","name":"Drogenscreenings f\u00fcr Ihre Sicherheit - Unser Leistungsspektrum","isPartOf":{"@id":"https:\/\/www.securetec.net\/de\/#website"},"primaryImageOfPage":{"@id":"https:\/\/www.securetec.net\/de\/kundenloesungen\/drogenscreening-in-unternehmen\/drogenscreenings-unser-leistungsspektrum\/#primaryimage"},"image":{"@id":"https:\/\/www.securetec.net\/de\/kundenloesungen\/drogenscreening-in-unternehmen\/drogenscreenings-unser-leistungsspektrum\/#primaryimage"},"thumbnailUrl":"https:\/\/www.securetec.net\/app\/uploads\/2020\/07\/MG_3189_DrugWipe_saliva_testing-300x200.jpg","datePublished":"2018-07-19T15:51:41+00:00","dateModified":"2023-03-30T06:56:18+00:00","description":"Im Falle der meist verbreiteten Bet\u00e4ubungsmittel wird mit DrugWipe\u00ae Speicheltests die unmittelbare Beeinflussung eines Mitarbeiters sicher erkannt. Eine andere Handlungsoption f\u00fcr die diskrete \u00dcberpr\u00fcfung eines Verdachts bieten Oberfl\u00e4chentests.","breadcrumb":{"@id":"https:\/\/www.securetec.net\/de\/kundenloesungen\/drogenscreening-in-unternehmen\/drogenscreenings-unser-leistungsspektrum\/#breadcrumb"},"inLanguage":"de","potentialAction":[{"@type":"ReadAction","target":["https:\/\/www.securetec.net\/de\/kundenloesungen\/drogenscreening-in-unternehmen\/drogenscreenings-unser-leistungsspektrum\/"]}]},{"@type":"ImageObject","inLanguage":"de","@id":"https:\/\/www.securetec.net\/de\/kundenloesungen\/drogenscreening-in-unternehmen\/drogenscreenings-unser-leistungsspektrum\/#primaryimage","url":"https:\/\/www.securetec.net\/app\/uploads\/2020\/07\/MG_3189_DrugWipe_saliva_testing-300x200.jpg","contentUrl":"https:\/\/www.securetec.net\/app\/uploads\/2020\/07\/MG_3189_DrugWipe_saliva_testing-300x200.jpg"},{"@type":"BreadcrumbList","@id":"https:\/\/www.securetec.net\/de\/kundenloesungen\/drogenscreening-in-unternehmen\/drogenscreenings-unser-leistungsspektrum\/#breadcrumb","itemListElement":[{"@type":"ListItem","position":1,"name":"Startseite","item":"https:\/\/www.securetec.net\/de\/"},{"@type":"ListItem","position":2,"name":"Kundenl\u00f6sungen","item":"https:\/\/www.securetec.net\/de\/kundenloesungen\/"},{"@type":"ListItem","position":3,"name":"Drogenscreening in Unternehmen","item":"https:\/\/www.securetec.net\/de\/kundenloesungen\/drogenscreening-in-unternehmen\/"},{"@type":"ListItem","position":4,"name":"Drogenscreenings \u2013 Unser Leistungsspektrum"}]},{"@type":"WebSite","@id":"https:\/\/www.securetec.net\/de\/#website","url":"https:\/\/www.securetec.net\/de\/","name":"Securetec Detektions-Systeme AG","description":"We detect to protect","publisher":{"@id":"https:\/\/www.securetec.net\/de\/#organization"},"potentialAction":[{"@type":"SearchAction","target":{"@type":"EntryPoint","urlTemplate":"https:\/\/www.securetec.net\/de\/?s={search_term_string}"},"query-input":{"@type":"PropertyValueSpecification","valueRequired":true,"valueName":"search_term_string"}}],"inLanguage":"de"},{"@type":"Organization","@id":"https:\/\/www.securetec.net\/de\/#organization","name":"Securetec Detektions-Systeme AG","url":"https:\/\/www.securetec.net\/de\/","logo":{"@type":"ImageObject","inLanguage":"de","@id":"https:\/\/www.securetec.net\/de\/#\/schema\/logo\/image\/","url":"https:\/\/www.securetec.net\/app\/uploads\/2018\/07\/Securetec_Logo_.png","contentUrl":"https:\/\/www.securetec.net\/app\/uploads\/2018\/07\/Securetec_Logo_.png","width":411,"height":189,"caption":"Securetec Detektions-Systeme AG"},"image":{"@id":"https:\/\/www.securetec.net\/de\/#\/schema\/logo\/image\/"},"sameAs":["https:\/\/x.com\/DrugWipeUK","https:\/\/www.linkedin.com\/company\/securetec","https:\/\/www.youtube.com\/channel\/UCP9jQA-TYhtqanhaooppMqw"]}]}},"_links":{"self":[{"href":"https:\/\/www.securetec.net\/de\/wp-json\/wp\/v2\/pages\/92","targetHints":{"allow":["GET"]}}],"collection":[{"href":"https:\/\/www.securetec.net\/de\/wp-json\/wp\/v2\/pages"}],"about":[{"href":"https:\/\/www.securetec.net\/de\/wp-json\/wp\/v2\/types\/page"}],"author":[{"embeddable":true,"href":"https:\/\/www.securetec.net\/de\/wp-json\/wp\/v2\/users\/1"}],"replies":[{"embeddable":true,"href":"https:\/\/www.securetec.net\/de\/wp-json\/wp\/v2\/comments?post=92"}],"version-history":[{"count":33,"href":"https:\/\/www.securetec.net\/de\/wp-json\/wp\/v2\/pages\/92\/revisions"}],"predecessor-version":[{"id":14206,"href":"https:\/\/www.securetec.net\/de\/wp-json\/wp\/v2\/pages\/92\/revisions\/14206"}],"up":[{"embeddable":true,"href":"https:\/\/www.securetec.net\/de\/wp-json\/wp\/v2\/pages\/86"}],"wp:attachment":[{"href":"https:\/\/www.securetec.net\/de\/wp-json\/wp\/v2\/media?parent=92"}],"curies":[{"name":"wp","href":"https:\/\/api.w.org\/{rel}","templated":true}]}}