{"id":86,"date":"2018-07-19T17:50:45","date_gmt":"2018-07-19T15:50:45","guid":{"rendered":"https:\/\/www.securetec.net\/?page_id=86"},"modified":"2023-03-30T08:14:29","modified_gmt":"2023-03-30T06:14:29","slug":"drogenscreening-in-unternehmen","status":"publish","type":"page","link":"https:\/\/www.securetec.net\/de\/kundenloesungen\/drogenscreening-in-unternehmen\/","title":{"rendered":"Drogenscreening in Unternehmen"},"content":{"rendered":"<div class=\"wpb-content-wrapper\"><p>[vc_row][vc_column width=&#8220;2\/3&#8243;][vc_column_text]<\/p>\n<h3>Suchtpr\u00e4vention &#8211; Herausforderung f\u00fcr jedes Unternehmen<\/h3>\n<p>Suchtpr\u00e4vention ist ein Thema f\u00fcr Unternehmen, Beh\u00f6rden und Institutionen aller Gr\u00f6\u00dfenordnungen und Branchen. Arbeitgeber haben eine F\u00fcrsorgepflicht und m\u00fcssen Unf\u00e4lle in Folge von Drogenkonsum verhindern. Speichelschnelltests sorgen f\u00fcr mehr Sicherheit im Betrieb, ohne die Privatsph\u00e4re der Mitarbeiterinnen und Mitarbeiter zu verletzen.<\/p>\n<p>Alkohol- und Drogenkonsum sowie Medikamentenmissbrauch gibt es quer durch alle Bev\u00f6lkerungsschichten. Studien zufolge konsumieren sieben Prozent der Deutschen im erwerbsf\u00e4higen Alter illegale Drogen.<\/p>\n<h3>Kontrolle als Zeichen der Verantwortung<\/h3>\n<p>L\u00e4ngst ist Drogenscreening in Unternehmen \u00fcbliche Praxis zur Erh\u00f6hung der Arbeitssicherheit. Dies gilt insbesondere f\u00fcr Besch\u00e4ftigte in besonders verantwortungsvollen Positionen, wie bei der Luftfahrtsicherheit, in Krankenh\u00e4usern, oder in Arbeitsbereichen mit erh\u00f6htem Gefahrenpotenzial, wie Arbeiten an Hochspannungsleitungen.<\/p>\n<p>Drogen beeinflussen die Wahrnehmung und das Verhalten und k\u00f6nnen folglich zu Unf\u00e4llen f\u00fchren. Neben unmittelbaren k\u00f6rperlichen Symptomen und Auswirkungen stellt auch ein ver\u00e4ndertes Arbeits- und Sozialverhalten der Betroffenen eine potenzielle Gefahrenquelle im Unternehmen dar. Abh\u00e4ngigkeit hat viele Gesichter und so ist bei Suchtkranken unter anderem mit h\u00f6herer Risikobereitschaft, verlangsamten Reaktionen oder Konzentrationsschw\u00e4che zu rechnen.<\/p>\n<p>Die Verantwortung f\u00fcr jede Mitarbeiterin und jeden Mitarbeiter sowie f\u00fcr die allgemeine Arbeitssicherheit verpflichtet Arbeitgeber zum Handeln. Wer als Arbeitgeber vor seiner Verantwortung die Augen verschlie\u00dft oder aus falsch verstandenem Verst\u00e4ndnis wegschaut, verletzt seine Arbeitgeberf\u00fcrsorgepflicht. Wir unterst\u00fctzen die aktive Suchtpr\u00e4vention in Ihrem Unternehmen mit effizienten, leicht zu handhabenden und hygienisch durchf\u00fchrbaren Speichelschnelltests.<\/p>\n<p>Wenn Sie weiterf\u00fchrende Fragen haben, finden Sie viele interessante Tipps und Details in unserer Brosch\u00fcre <a href=\"https:\/\/www.securetec.net\/de\/download\/broschuere-drogenfreier-arbeitsplatz\/\" target=\"_blank\" rel=\"noopener\">Drogenfreier Arbeitsplatz<\/a>.<\/p>\n<p>Wir stehen Ihnen selbstverst\u00e4ndlich auch gerne telefonisch f\u00fcr einen Beratungstermin zur Verf\u00fcgung.<\/p>\n<p>Stephanie Konopac<br \/>\nTel: 089 \/ 203080-16 51<br \/>\nE-Mail: <a href=\"mailto:info@securetec.net\">info@securetec.net<\/a><\/p>\n<p><a href=\"https:\/\/www.securetec.net\/de\/drogentest\/\">&gt;&gt; DrugWipe\u00ae Drogentests<\/a>[\/vc_column_text][tm_spacer size=&#8220;lg:30&#8243;][tm_button button=&#8220;url:https%3A%2F%2Fwww.securetec.net%2Fde%2Fkontakt%2F|title:Kontakt&#8220;][tm_spacer size=&#8220;lg:30&#8243;][vc_column_text]<div class='w3eden'><!-- WPDM Link Template: Default Template -->\n\n<div class=\"link-template-default card mb-2\">\n    <div class=\"card-body\">\n        <div class=\"media\">\n            <div class=\"mr-3 img-48\"><img decoding=\"async\" class=\"wpdm_icon\" alt=\"Icon\" src=\"https:\/\/www.securetec.net\/app\/plugins\/download-manager\/assets\/file-type-icons\/pdf.svg\" \/><\/div>\n            <div class=\"media-body\">\n                <h3 class=\"package-title\"><a href='https:\/\/www.securetec.net\/de\/download\/broschuere-drogenfreier-arbeitsplatz\/'>Brosch\u00fcre: Drogenfreier Arbeitsplatz<\/a><\/h3>\n                <div class=\"text-muted text-small\"><i class=\"fas fa-copy\"><\/i> 1 Datei(en) <i class=\"fas fa-hdd ml-3\"><\/i> 0.00 KB<\/div>\n            <\/div>\n            <div class=\"ml-3\">\n                <a class='wpdm-download-link download-on-click btn btn-primary ' target=_blank rel='nofollow' href='#' data-downloadurl=\"https:\/\/www.securetec.net\/de\/download\/broschuere-drogenfreier-arbeitsplatz\/?wpdmdl=12443&refresh=69df4c85bb1461776241797\">Download<\/a>\n            <\/div>\n        <\/div>\n    <\/div>\n<\/div>\n\n<\/div>[\/vc_column_text][\/vc_column][vc_column width=&#8220;1\/3&#8243;][tm_box_icon icon_type=&#8220;fontawesome&#8220; icon_fontawesome=&#8220;far fa-newspaper&#8220; heading=&#8220;Franz\u00f6sische Casestudy zum Thema: Suchtpr\u00e4vention und Drogenscreenings f\u00fcr Unternehmen&#8220; link=&#8220;url:https%3A%2F%2Fwww.securetec.net%2Fde%2Finterview-franzoesische-casestudy-zum-thema-suchtpraevention-und-drogenscreenings-fuer-unternehmen%2F|title:Interview%3A%20Suchtpr%C3%A4vention%20und%20Drogenscreenings%20f%C3%BCr%20Unternehmen|target:_blank&#8220; text=&#8220;Securetec im Gespr\u00e4ch mit Herrn Cado, Gesch\u00e4ftsf\u00fchrer von Ithylo, \u00fcber bew\u00e4hrte Methoden zur Reduzierung von Risiken am Arbeitsplatz im Zusammenhang mit der Alkohol- und Drogenabh\u00e4ngigkeit.&#8220; image=&#8220;4674&#8243;][vc_column_text]<div class='w3eden'><!-- WPDM Link Template: Default Template -->\n\n<div class=\"link-template-default card mb-2\">\n    <div class=\"card-body\">\n        <div class=\"media\">\n            <div class=\"mr-3 img-48\"><img decoding=\"async\" class=\"wpdm_icon\" alt=\"Icon\" src=\"https:\/\/www.securetec.net\/app\/plugins\/download-manager\/assets\/file-type-icons\/pdf.svg\" \/><\/div>\n            <div class=\"media-body\">\n                <h3 class=\"package-title\"><a href='https:\/\/www.securetec.net\/de\/download\/interview-suchtpraevention-und-drogenscreenings-fuer-unternehmen\/'>Case Study: Suchtpr\u00e4vention und Drogenscreenings f\u00fcr Unternehmen<\/a><\/h3>\n                <div class=\"text-muted text-small\"><i class=\"fas fa-copy\"><\/i> 1 Datei(en) <i class=\"fas fa-hdd ml-3\"><\/i> 0.00 KB<\/div>\n            <\/div>\n            <div class=\"ml-3\">\n                <a class='wpdm-download-link download-on-click btn btn-primary ' target=_blank rel='nofollow' href='#' data-downloadurl=\"https:\/\/www.securetec.net\/de\/download\/interview-suchtpraevention-und-drogenscreenings-fuer-unternehmen\/?wpdmdl=12604&refresh=69df4c85cf44e1776241797\">Download<\/a>\n            <\/div>\n        <\/div>\n    <\/div>\n<\/div>\n\n<\/div>[\/vc_column_text][\/vc_column][\/vc_row]<\/p>\n<\/div>","protected":false},"excerpt":{"rendered":"[vc_row][vc_column width=&#8220;2\/3&#8243;][vc_column_text] Suchtpr\u00e4vention &#8211; Herausforderung f\u00fcr jedes Unternehmen Suchtpr\u00e4vention ist ein Thema f\u00fcr Unternehmen, Beh\u00f6rden und Institutionen aller Gr\u00f6\u00dfenordnungen und Branchen. Arbeitgeber haben eine F\u00fcrsorgepflicht und m\u00fcssen Unf\u00e4lle in Folge von Drogenkonsum verhindern. Speichelschnelltests sorgen f\u00fcr mehr Sicherheit im Betrieb, ohne die Privatsph\u00e4re der Mitarbeiterinnen und Mitarbeiter zu verletzen. Alkohol- und Drogenkonsum sowie Medikamentenmissbrauch gibt es quer durch alle Bev\u00f6lkerungsschichten. Studien zufolge konsumieren sieben Prozent der Deutschen im erwerbsf\u00e4higen Alter illegale Drogen. Kontrolle als Zeichen der Verantwortung L\u00e4ngst ist Drogenscreening in Unternehmen \u00fcbliche Praxis zur Erh\u00f6hung der Arbeitssicherheit. Dies gilt insbesondere f\u00fcr Besch\u00e4ftigte in besonders verantwortungsvollen Positionen, wie bei der Luftfahrtsicherheit, in Krankenh\u00e4usern, oder in Arbeitsbereichen mit erh\u00f6htem Gefahrenpotenzial, wie Arbeiten an Hochspannungsleitungen. Drogen beeinflussen die Wahrnehmung und das Verhalten und k\u00f6nnen folglich zu Unf\u00e4llen f\u00fchren. Neben unmittelbaren k\u00f6rperlichen Symptomen und Auswirkungen stellt auch ein ver\u00e4ndertes Arbeits- und Sozialverhalten der Betroffenen eine potenzielle Gefahrenquelle im Unternehmen dar. Abh\u00e4ngigkeit hat viele Gesichter und so ist bei Suchtkranken unter anderem mit h\u00f6herer Risikobereitschaft, verlangsamten Reaktionen oder Konzentrationsschw\u00e4che zu rechnen. Die Verantwortung f\u00fcr jede Mitarbeiterin und jeden Mitarbeiter sowie f\u00fcr die allgemeine Arbeitssicherheit verpflichtet Arbeitgeber zum Handeln. Wer als Arbeitgeber vor seiner Verantwortung die Augen verschlie\u00dft oder aus falsch verstandenem Verst\u00e4ndnis wegschaut, verletzt seine Arbeitgeberf\u00fcrsorgepflicht. Wir unterst\u00fctzen die aktive Suchtpr\u00e4vention in Ihrem Unternehmen mit effizienten, leicht zu handhabenden und hygienisch durchf\u00fchrbaren Speichelschnelltests. Wenn Sie weiterf\u00fchrende Fragen haben, finden Sie viele interessante Tipps und Details in unserer Brosch\u00fcre Drogenfreier Arbeitsplatz. Wir stehen Ihnen selbstverst\u00e4ndlich auch gerne telefonisch f\u00fcr einen Beratungstermin zur Verf\u00fcgung. Stephanie Konopac Tel: 089 \/ 203080-16 51 E-Mail: info@securetec.net &gt;&gt; DrugWipe\u00ae Drogentests[\/vc_column_text][tm_spacer size=&#8220;lg:30&#8243;][tm_button button=&#8220;url:https%3A%2F%2Fwww.securetec.net%2Fde%2Fkontakt%2F|title:Kontakt&#8220;][tm_spacer size=&#8220;lg:30&#8243;][vc_column_text][\/vc_column_text][\/vc_column][vc_column width=&#8220;1\/3&#8243;][tm_box_icon icon_type=&#8220;fontawesome&#8220; icon_fontawesome=&#8220;far fa-newspaper&#8220; heading=&#8220;Franz\u00f6sische Casestudy zum Thema: Suchtpr\u00e4vention und Drogenscreenings f\u00fcr Unternehmen&#8220; link=&#8220;url:https%3A%2F%2Fwww.securetec.net%2Fde%2Finterview-franzoesische-casestudy-zum-thema-suchtpraevention-und-drogenscreenings-fuer-unternehmen%2F|title:Interview%3A%20Suchtpr%C3%A4vention%20und%20Drogenscreenings%20f%C3%BCr%20Unternehmen|target:_blank&#8220; text=&#8220;Securetec im Gespr\u00e4ch mit Herrn Cado, Gesch\u00e4ftsf\u00fchrer von Ithylo, \u00fcber bew\u00e4hrte Methoden zur Reduzierung von Risiken am Arbeitsplatz im Zusammenhang mit der Alkohol- und Drogenabh\u00e4ngigkeit.&#8220; image=&#8220;4674&#8243;][vc_column_text][\/vc_column_text][\/vc_column][\/vc_row]","protected":false},"author":1,"featured_media":0,"parent":68,"menu_order":0,"comment_status":"closed","ping_status":"closed","template":"","meta":{"footnotes":""},"class_list":["post-86","page","type-page","status-publish","hentry"],"yoast_head":"<!-- This site is optimized with the Yoast SEO plugin v25.6 - https:\/\/yoast.com\/wordpress\/plugins\/seo\/ -->\n<title>Drogenscreening in Unternehmen - Securetec Detektions-Systeme AG<\/title>\n<meta name=\"robots\" content=\"index, follow, max-snippet:-1, max-image-preview:large, max-video-preview:-1\" \/>\n<link rel=\"canonical\" href=\"https:\/\/www.securetec.net\/de\/kundenloesungen\/drogenscreening-in-unternehmen\/\" \/>\n<meta property=\"og:locale\" content=\"de_DE\" \/>\n<meta property=\"og:type\" content=\"article\" \/>\n<meta property=\"og:title\" content=\"Drogenscreening in Unternehmen - Securetec Detektions-Systeme AG\" \/>\n<meta property=\"og:url\" content=\"https:\/\/www.securetec.net\/de\/kundenloesungen\/drogenscreening-in-unternehmen\/\" \/>\n<meta property=\"og:site_name\" content=\"Securetec Detektions-Systeme AG\" \/>\n<meta property=\"article:modified_time\" content=\"2023-03-30T06:14:29+00:00\" \/>\n<meta name=\"twitter:card\" content=\"summary_large_image\" \/>\n<meta name=\"twitter:site\" content=\"@DrugWipeUK\" \/>\n<meta name=\"twitter:label1\" content=\"Est. reading time\" \/>\n\t<meta name=\"twitter:data1\" content=\"2\u00a0Minuten\" \/>\n<script type=\"application\/ld+json\" class=\"yoast-schema-graph\">{\"@context\":\"https:\/\/schema.org\",\"@graph\":[{\"@type\":\"WebPage\",\"@id\":\"https:\/\/www.securetec.net\/de\/kundenloesungen\/drogenscreening-in-unternehmen\/\",\"url\":\"https:\/\/www.securetec.net\/de\/kundenloesungen\/drogenscreening-in-unternehmen\/\",\"name\":\"Drogenscreening in Unternehmen - Securetec Detektions-Systeme AG\",\"isPartOf\":{\"@id\":\"https:\/\/www.securetec.net\/de\/#website\"},\"datePublished\":\"2018-07-19T15:50:45+00:00\",\"dateModified\":\"2023-03-30T06:14:29+00:00\",\"breadcrumb\":{\"@id\":\"https:\/\/www.securetec.net\/de\/kundenloesungen\/drogenscreening-in-unternehmen\/#breadcrumb\"},\"inLanguage\":\"de\",\"potentialAction\":[{\"@type\":\"ReadAction\",\"target\":[\"https:\/\/www.securetec.net\/de\/kundenloesungen\/drogenscreening-in-unternehmen\/\"]}]},{\"@type\":\"BreadcrumbList\",\"@id\":\"https:\/\/www.securetec.net\/de\/kundenloesungen\/drogenscreening-in-unternehmen\/#breadcrumb\",\"itemListElement\":[{\"@type\":\"ListItem\",\"position\":1,\"name\":\"Startseite\",\"item\":\"https:\/\/www.securetec.net\/de\/\"},{\"@type\":\"ListItem\",\"position\":2,\"name\":\"Kundenl\u00f6sungen\",\"item\":\"https:\/\/www.securetec.net\/de\/kundenloesungen\/\"},{\"@type\":\"ListItem\",\"position\":3,\"name\":\"Drogenscreening in Unternehmen\"}]},{\"@type\":\"WebSite\",\"@id\":\"https:\/\/www.securetec.net\/de\/#website\",\"url\":\"https:\/\/www.securetec.net\/de\/\",\"name\":\"Securetec Detektions-Systeme AG\",\"description\":\"We detect to protect\",\"publisher\":{\"@id\":\"https:\/\/www.securetec.net\/de\/#organization\"},\"potentialAction\":[{\"@type\":\"SearchAction\",\"target\":{\"@type\":\"EntryPoint\",\"urlTemplate\":\"https:\/\/www.securetec.net\/de\/?s={search_term_string}\"},\"query-input\":{\"@type\":\"PropertyValueSpecification\",\"valueRequired\":true,\"valueName\":\"search_term_string\"}}],\"inLanguage\":\"de\"},{\"@type\":\"Organization\",\"@id\":\"https:\/\/www.securetec.net\/de\/#organization\",\"name\":\"Securetec Detektions-Systeme AG\",\"url\":\"https:\/\/www.securetec.net\/de\/\",\"logo\":{\"@type\":\"ImageObject\",\"inLanguage\":\"de\",\"@id\":\"https:\/\/www.securetec.net\/de\/#\/schema\/logo\/image\/\",\"url\":\"https:\/\/www.securetec.net\/app\/uploads\/2018\/07\/Securetec_Logo_.png\",\"contentUrl\":\"https:\/\/www.securetec.net\/app\/uploads\/2018\/07\/Securetec_Logo_.png\",\"width\":411,\"height\":189,\"caption\":\"Securetec Detektions-Systeme AG\"},\"image\":{\"@id\":\"https:\/\/www.securetec.net\/de\/#\/schema\/logo\/image\/\"},\"sameAs\":[\"https:\/\/x.com\/DrugWipeUK\",\"https:\/\/www.linkedin.com\/company\/securetec\",\"https:\/\/www.youtube.com\/channel\/UCP9jQA-TYhtqanhaooppMqw\"]}]}<\/script>\n<!-- \/ Yoast SEO plugin. -->","yoast_head_json":{"title":"Drogenscreening in Unternehmen - Securetec Detektions-Systeme AG","robots":{"index":"index","follow":"follow","max-snippet":"max-snippet:-1","max-image-preview":"max-image-preview:large","max-video-preview":"max-video-preview:-1"},"canonical":"https:\/\/www.securetec.net\/de\/kundenloesungen\/drogenscreening-in-unternehmen\/","og_locale":"de_DE","og_type":"article","og_title":"Drogenscreening in Unternehmen - Securetec Detektions-Systeme AG","og_url":"https:\/\/www.securetec.net\/de\/kundenloesungen\/drogenscreening-in-unternehmen\/","og_site_name":"Securetec Detektions-Systeme AG","article_modified_time":"2023-03-30T06:14:29+00:00","twitter_card":"summary_large_image","twitter_site":"@DrugWipeUK","twitter_misc":{"Est. reading time":"2\u00a0Minuten"},"schema":{"@context":"https:\/\/schema.org","@graph":[{"@type":"WebPage","@id":"https:\/\/www.securetec.net\/de\/kundenloesungen\/drogenscreening-in-unternehmen\/","url":"https:\/\/www.securetec.net\/de\/kundenloesungen\/drogenscreening-in-unternehmen\/","name":"Drogenscreening in Unternehmen - Securetec Detektions-Systeme AG","isPartOf":{"@id":"https:\/\/www.securetec.net\/de\/#website"},"datePublished":"2018-07-19T15:50:45+00:00","dateModified":"2023-03-30T06:14:29+00:00","breadcrumb":{"@id":"https:\/\/www.securetec.net\/de\/kundenloesungen\/drogenscreening-in-unternehmen\/#breadcrumb"},"inLanguage":"de","potentialAction":[{"@type":"ReadAction","target":["https:\/\/www.securetec.net\/de\/kundenloesungen\/drogenscreening-in-unternehmen\/"]}]},{"@type":"BreadcrumbList","@id":"https:\/\/www.securetec.net\/de\/kundenloesungen\/drogenscreening-in-unternehmen\/#breadcrumb","itemListElement":[{"@type":"ListItem","position":1,"name":"Startseite","item":"https:\/\/www.securetec.net\/de\/"},{"@type":"ListItem","position":2,"name":"Kundenl\u00f6sungen","item":"https:\/\/www.securetec.net\/de\/kundenloesungen\/"},{"@type":"ListItem","position":3,"name":"Drogenscreening in Unternehmen"}]},{"@type":"WebSite","@id":"https:\/\/www.securetec.net\/de\/#website","url":"https:\/\/www.securetec.net\/de\/","name":"Securetec Detektions-Systeme AG","description":"We detect to protect","publisher":{"@id":"https:\/\/www.securetec.net\/de\/#organization"},"potentialAction":[{"@type":"SearchAction","target":{"@type":"EntryPoint","urlTemplate":"https:\/\/www.securetec.net\/de\/?s={search_term_string}"},"query-input":{"@type":"PropertyValueSpecification","valueRequired":true,"valueName":"search_term_string"}}],"inLanguage":"de"},{"@type":"Organization","@id":"https:\/\/www.securetec.net\/de\/#organization","name":"Securetec Detektions-Systeme AG","url":"https:\/\/www.securetec.net\/de\/","logo":{"@type":"ImageObject","inLanguage":"de","@id":"https:\/\/www.securetec.net\/de\/#\/schema\/logo\/image\/","url":"https:\/\/www.securetec.net\/app\/uploads\/2018\/07\/Securetec_Logo_.png","contentUrl":"https:\/\/www.securetec.net\/app\/uploads\/2018\/07\/Securetec_Logo_.png","width":411,"height":189,"caption":"Securetec Detektions-Systeme AG"},"image":{"@id":"https:\/\/www.securetec.net\/de\/#\/schema\/logo\/image\/"},"sameAs":["https:\/\/x.com\/DrugWipeUK","https:\/\/www.linkedin.com\/company\/securetec","https:\/\/www.youtube.com\/channel\/UCP9jQA-TYhtqanhaooppMqw"]}]}},"_links":{"self":[{"href":"https:\/\/www.securetec.net\/de\/wp-json\/wp\/v2\/pages\/86","targetHints":{"allow":["GET"]}}],"collection":[{"href":"https:\/\/www.securetec.net\/de\/wp-json\/wp\/v2\/pages"}],"about":[{"href":"https:\/\/www.securetec.net\/de\/wp-json\/wp\/v2\/types\/page"}],"author":[{"embeddable":true,"href":"https:\/\/www.securetec.net\/de\/wp-json\/wp\/v2\/users\/1"}],"replies":[{"embeddable":true,"href":"https:\/\/www.securetec.net\/de\/wp-json\/wp\/v2\/comments?post=86"}],"version-history":[{"count":23,"href":"https:\/\/www.securetec.net\/de\/wp-json\/wp\/v2\/pages\/86\/revisions"}],"predecessor-version":[{"id":14201,"href":"https:\/\/www.securetec.net\/de\/wp-json\/wp\/v2\/pages\/86\/revisions\/14201"}],"up":[{"embeddable":true,"href":"https:\/\/www.securetec.net\/de\/wp-json\/wp\/v2\/pages\/68"}],"wp:attachment":[{"href":"https:\/\/www.securetec.net\/de\/wp-json\/wp\/v2\/media?parent=86"}],"curies":[{"name":"wp","href":"https:\/\/api.w.org\/{rel}","templated":true}]}}