{"id":82,"date":"2018-07-19T17:49:54","date_gmt":"2018-07-19T15:49:54","guid":{"rendered":"https:\/\/www.securetec.net\/?page_id=82"},"modified":"2021-05-12T09:51:39","modified_gmt":"2021-05-12T07:51:39","slug":"drogennachweis-in-der-kriminaltechnik","status":"publish","type":"page","link":"https:\/\/www.securetec.net\/de\/kundenloesungen\/drogenschnelltests-in-der-kriminaltechnik\/drogennachweis-in-der-kriminaltechnik\/","title":{"rendered":"Drogennachweis in der Kriminaltechnik"},"content":{"rendered":"<div class=\"wpb-content-wrapper\"><p>[vc_row lg_spacing=&#8220;margin_bottom:20&#8243;][vc_column][vc_column_text]<\/p>\n<h3>Einsatz- und Verdachtssituationen<\/h3>\n<p>[\/vc_column_text][\/vc_column][\/vc_row][vc_row][vc_column][vc_tta_tabs style=&#8220;atomlab-03&#8243; shape=&#8220;square&#8220; active_section=&#8220;1&#8243;][vc_tta_section title=&#8220;Drogenscreening im Strafvollzug&#8220; tab_id=&#8220;1536151185918-c16ef444-8ce115374072737971537407987215&#8243;][vc_row_inner][vc_column_inner width=&#8220;3\/5&#8243;][vc_column_text]Ein weiterer Anwendungsbereich ist das Drogenscreening im Strafvollzug.<\/p>\n<p>Die DrugWipe<sup>\u00ae\u00a0<\/sup>A\u00a0<a href=\"https:\/\/www.securetec.net\/de\/produkte\/drogenwischtest\/\">Wischtests\u00a0<\/a>sind auch hier ein wichtiges Instrument, um Besitz, Handel und Konsum illegaler Substanzen aufzusp\u00fcren und die Rehabilitation zu unterst\u00fctzen. Schnell, einfach und zuverl\u00e4ssig kann der Beamte das Hilfsmittel zum Einsatz bringen und so Verdachtsf\u00e4lle pr\u00fcfen. Anders als bei Urintests stellen Schwei\u00df- und Speicheltests keinen erniedrigenden Eingriff dar und sind f\u00fcr beide Seiten deutlich hygienischer in der Anwendung.<\/p>\n<p>F\u00fcr die weltweit dominierenden\u00a0Drogenarten gibt es entsprechende DrugWipe<sup>\u00ae\u00a0<\/sup>A\u00a0Wischtests, die den Beamtinnen und Beamten bei der Spuren- und Indiziensuche entscheidende Vorteile bieten.<\/p>\n<p>&nbsp;<\/p>\n<p>&nbsp;<\/p>\n<p>[\/vc_column_text][vc_message]<span style=\"font-size: 14pt;\"><strong>Drogenscreening im Strafvollzug \u2013 Vorteile des DrugWipe<sup>\u00ae\u00a0<\/sup><a href=\"https:\/\/www.securetec.net\/de\/produkte\/drogenwischtest\/\">Wischtest<\/a><\/strong><\/span><\/p>\n<ul>\n<li>Testergebnisse bereits nach 3-8 Minuten<\/li>\n<li>Zuverl\u00e4ssiger Nachweis von bis zu f\u00fcnf Drogenarten in einem einzigen Testvorgang<\/li>\n<li>Einfache und hygienische Probenahme<\/li>\n<li>Zuverl\u00e4ssiger Nachweis durch hochspezifische Antik\u00f6rper<\/li>\n<li>Gezieltes Vorgehen erm\u00f6glicht eindeutige Zuordnung von Person und Drogenfund.<\/li>\n<\/ul>\n<p>[\/vc_message][\/vc_column_inner][vc_column_inner width=&#8220;2\/5&#8243; content_alignment=&#8220;right&#8220;][tm_image align=&#8220;right&#8220; image=&#8220;4694&#8243;][\/vc_column_inner][\/vc_row_inner][\/vc_tta_section][vc_tta_section title=&#8220;Schleierfahndung Schengenbinnengrenze&#8220; tab_id=&#8220;1536151185476-85492477-ba2a15374072737971537407987215&#8243;][vc_row_inner][vc_column_inner width=&#8220;3\/5&#8243;][vc_column_text]Der\u00a0<a href=\"https:\/\/www.securetec.net\/de\/Drogenwischtest\">Wischtest DrugWipe<sup>\u00ae<\/sup>\u00a0A<\/a>\u00a0weist R\u00fcckst\u00e4nde von Drogen nach, die f\u00fcr das menschliche Auge unsichtbar sind. Drogenspuren auf Mobiltelefonen, Lenkr\u00e4dern, Taschen oder anderen Oberfl\u00e4chen k\u00f6nnen innerhalb von 8 Minuten sicher nachgewiesen werden. Der Hosentaschentest ist f\u00fcr die Beamten leicht und platzsparend im Polizeifahrzeug mitf\u00fchrbar. Im Alltag der Schleierfahndung hilft der Wischtest, den Erstverdacht hygienisch, schnell und kosteng\u00fcnstig zu best\u00e4tigen.[\/vc_column_text][\/vc_column_inner][vc_column_inner width=&#8220;2\/5&#8243; content_alignment=&#8220;right&#8220;][tm_image align=&#8220;right&#8220; image=&#8220;4714&#8243;][\/vc_column_inner][\/vc_row_inner][\/vc_tta_section][vc_tta_section title=&#8220;Unfallaufnahme&#8220; tab_id=&#8220;1536151185617-65e1a5bf-38c915374072737971537407987215&#8243;][vc_row_inner][vc_column_inner width=&#8220;3\/5&#8243;][vc_column_text]Die Anzahl der Verkehrsunf\u00e4lle unter Drogeneinfluss steigt. Der <a href=\"https:\/\/www.securetec.net\/de\/Drogenwischtest\">Wischtest DrugWipe<sup>\u00ae<\/sup>\u00a0A<\/a> unterst\u00fctzt die kriminaltechnische Aufkl\u00e4rung der Unfallursachen.<br \/>\nBei positiver Kontamination des Fahrzeugs k\u00f6nnen weitere Ermittlungen gegen den Unfallverursacher eingeleitet werden.[\/vc_column_text][\/vc_column_inner][vc_column_inner width=&#8220;2\/5&#8243; content_alignment=&#8220;right&#8220;][tm_image align=&#8220;right&#8220; image=&#8220;4718&#8243;][\/vc_column_inner][\/vc_row_inner][\/vc_tta_section][vc_tta_section title=&#8220;Nachweis von Drogenspuren als Indiz f\u00fcr illegalen Handel&#8220; tab_id=&#8220;1536151185770-a18ce226-d46e15374072737971537407987215&#8243;][vc_row_inner][vc_column_inner width=&#8220;3\/5&#8243;][vc_column_text]Das Spektrum der konsumierten Drogen ver\u00e4ndert sich stetig und neue psychoaktive Substanzen kommen auf den Markt. Sie werden in illegalen Drogenlaboren in Europa hergestellt und gehandelt. In 2018 wurden 23\u00a0MDMA-Labore unter anderem in Spanien, Schweden und den Niederlanden entdeckt und auch Labore zur Herstellung von Heroin in Osteuropa, Spanien und den Niederlanden.<sup>1<\/sup> Die Sicherstellung von mehr als 3\u00a0Millionen Cannabispflanzen in der EU in 2018 deutet zudem darauf hin, dass auch diese Droge innerhalb der Landesgrenzen hergestellt wird.<sup>1<\/sup><\/p>\n<p>Bei einem Verdacht auf illegalen Handel kann die Kriminaltechnik den <a href=\"https:\/\/www.securetec.net\/de\/Drogenwischtest\">Oberfl\u00e4chentest DrugWipe<sup>\u00ae<\/sup>\u00a0F<\/a> problemlos auf jeder Oberfl\u00e4che einsetzen, um so Drogenspuren nachzuweisen und folglich den Verdacht zu erh\u00e4rten.<\/p>\n<p><span style=\"font-size: 8pt;\">Quelle:<br \/>\n<\/span><em><span style=\"font-size: 8pt;\">1 Europ\u00e4ischer Drogenbericht 2019\/2020: https:\/\/www.emcdda.europa.eu\/system\/files\/attachments\/13242\/HighlightsEDR2020_DE_Final_web.pdf<\/span><\/em>[\/vc_column_text][\/vc_column_inner][vc_column_inner width=&#8220;2\/5&#8243; content_alignment=&#8220;right&#8220;][tm_image align=&#8220;right&#8220; image=&#8220;4706&#8243;][\/vc_column_inner][\/vc_row_inner][\/vc_tta_section][\/vc_tta_tabs][\/vc_column][\/vc_row][vc_row][vc_column][vc_column_text]<a href=\"https:\/\/www.securetec.net\/de\/drogentest\/\">&gt;&gt; weiter zu DrugWipe<sup>\u00ae<\/sup>\u00a0Drogentests<\/a><\/p>\n<p><a href=\"https:\/\/www.securetec.net\/de\/produkte\/speicheltest\/\">&gt;&gt; weiter zu\u00a0<\/a><a href=\"https:\/\/www.securetec.net\/de\/drogentest\/\">DrugWipe<sup>\u00ae<\/sup><\/a><a href=\"https:\/\/www.securetec.net\/de\/produkte\/speicheltest\/\">\u00a0Speicheltests<\/a>[\/vc_column_text][\/vc_column][\/vc_row]<\/p>\n<\/div>","protected":false},"excerpt":{"rendered":"[vc_row lg_spacing=&#8220;margin_bottom:20&#8243;][vc_column][vc_column_text] Einsatz- und Verdachtssituationen [\/vc_column_text][\/vc_column][\/vc_row][vc_row][vc_column][vc_tta_tabs style=&#8220;atomlab-03&#8243; shape=&#8220;square&#8220; active_section=&#8220;1&#8243;][vc_tta_section title=&#8220;Drogenscreening im Strafvollzug&#8220; tab_id=&#8220;1536151185918-c16ef444-8ce115374072737971537407987215&#8243;][vc_row_inner][vc_column_inner width=&#8220;3\/5&#8243;][vc_column_text]Ein weiterer Anwendungsbereich ist das Drogenscreening im Strafvollzug. Die DrugWipe\u00ae\u00a0A\u00a0Wischtests\u00a0sind auch hier ein wichtiges Instrument, um Besitz, Handel und Konsum illegaler Substanzen aufzusp\u00fcren und die Rehabilitation zu unterst\u00fctzen. Schnell, einfach und zuverl\u00e4ssig kann der Beamte das Hilfsmittel zum Einsatz bringen und so Verdachtsf\u00e4lle pr\u00fcfen. Anders als bei Urintests stellen Schwei\u00df- und Speicheltests keinen erniedrigenden Eingriff dar und sind f\u00fcr beide Seiten deutlich hygienischer in der Anwendung. F\u00fcr die weltweit dominierenden\u00a0Drogenarten gibt es entsprechende DrugWipe\u00ae\u00a0A\u00a0Wischtests, die den Beamtinnen und Beamten bei der Spuren- und Indiziensuche entscheidende Vorteile bieten. &nbsp; &nbsp; [\/vc_column_text][vc_message]Drogenscreening im Strafvollzug \u2013 Vorteile des DrugWipe\u00ae\u00a0Wischtest Testergebnisse bereits nach 3-8 Minuten Zuverl\u00e4ssiger Nachweis von bis zu f\u00fcnf Drogenarten in einem einzigen Testvorgang Einfache und hygienische Probenahme Zuverl\u00e4ssiger Nachweis durch hochspezifische Antik\u00f6rper Gezieltes Vorgehen erm\u00f6glicht eindeutige Zuordnung von Person und Drogenfund. [\/vc_message][\/vc_column_inner][vc_column_inner width=&#8220;2\/5&#8243; content_alignment=&#8220;right&#8220;][tm_image align=&#8220;right&#8220; image=&#8220;4694&#8243;][\/vc_column_inner][\/vc_row_inner][\/vc_tta_section][vc_tta_section title=&#8220;Schleierfahndung Schengenbinnengrenze&#8220; tab_id=&#8220;1536151185476-85492477-ba2a15374072737971537407987215&#8243;][vc_row_inner][vc_column_inner width=&#8220;3\/5&#8243;][vc_column_text]Der\u00a0Wischtest DrugWipe\u00ae\u00a0A\u00a0weist R\u00fcckst\u00e4nde von Drogen nach, die f\u00fcr das menschliche Auge unsichtbar sind. Drogenspuren auf Mobiltelefonen, Lenkr\u00e4dern, Taschen oder anderen Oberfl\u00e4chen k\u00f6nnen innerhalb von 8 Minuten sicher nachgewiesen werden. Der Hosentaschentest ist f\u00fcr die Beamten leicht und platzsparend im Polizeifahrzeug mitf\u00fchrbar. Im Alltag der Schleierfahndung hilft der Wischtest, den Erstverdacht hygienisch, schnell und kosteng\u00fcnstig zu best\u00e4tigen.[\/vc_column_text][\/vc_column_inner][vc_column_inner width=&#8220;2\/5&#8243; content_alignment=&#8220;right&#8220;][tm_image align=&#8220;right&#8220; image=&#8220;4714&#8243;][\/vc_column_inner][\/vc_row_inner][\/vc_tta_section][vc_tta_section title=&#8220;Unfallaufnahme&#8220; tab_id=&#8220;1536151185617-65e1a5bf-38c915374072737971537407987215&#8243;][vc_row_inner][vc_column_inner width=&#8220;3\/5&#8243;][vc_column_text]Die Anzahl der Verkehrsunf\u00e4lle unter Drogeneinfluss steigt. Der Wischtest DrugWipe\u00ae\u00a0A unterst\u00fctzt die kriminaltechnische Aufkl\u00e4rung der Unfallursachen. Bei positiver Kontamination des Fahrzeugs k\u00f6nnen weitere Ermittlungen gegen den Unfallverursacher eingeleitet werden.[\/vc_column_text][\/vc_column_inner][vc_column_inner width=&#8220;2\/5&#8243; content_alignment=&#8220;right&#8220;][tm_image align=&#8220;right&#8220; image=&#8220;4718&#8243;][\/vc_column_inner][\/vc_row_inner][\/vc_tta_section][vc_tta_section title=&#8220;Nachweis von Drogenspuren als Indiz f\u00fcr illegalen Handel&#8220; tab_id=&#8220;1536151185770-a18ce226-d46e15374072737971537407987215&#8243;][vc_row_inner][vc_column_inner width=&#8220;3\/5&#8243;][vc_column_text]Das Spektrum der konsumierten Drogen ver\u00e4ndert sich stetig und neue psychoaktive Substanzen kommen auf den Markt. Sie werden in illegalen Drogenlaboren in Europa hergestellt und gehandelt. In 2018 wurden 23\u00a0MDMA-Labore unter anderem in Spanien, Schweden und den Niederlanden entdeckt und auch Labore zur Herstellung von Heroin in Osteuropa, Spanien und den Niederlanden.1 Die Sicherstellung von mehr als 3\u00a0Millionen Cannabispflanzen in der EU in 2018 deutet zudem darauf hin, dass auch diese Droge innerhalb der Landesgrenzen hergestellt wird.1 Bei einem Verdacht auf illegalen Handel kann die Kriminaltechnik den Oberfl\u00e4chentest DrugWipe\u00ae\u00a0F problemlos auf jeder Oberfl\u00e4che einsetzen, um so Drogenspuren nachzuweisen und folglich den Verdacht zu erh\u00e4rten. Quelle: 1 Europ\u00e4ischer Drogenbericht 2019\/2020: https:\/\/www.emcdda.europa.eu\/system\/files\/attachments\/13242\/HighlightsEDR2020_DE_Final_web.pdf[\/vc_column_text][\/vc_column_inner][vc_column_inner width=&#8220;2\/5&#8243; content_alignment=&#8220;right&#8220;][tm_image align=&#8220;right&#8220; image=&#8220;4706&#8243;][\/vc_column_inner][\/vc_row_inner][\/vc_tta_section][\/vc_tta_tabs][\/vc_column][\/vc_row][vc_row][vc_column][vc_column_text]&gt;&gt; weiter zu DrugWipe\u00ae\u00a0Drogentests &gt;&gt; weiter zu\u00a0DrugWipe\u00ae\u00a0Speicheltests[\/vc_column_text][\/vc_column][\/vc_row]","protected":false},"author":1,"featured_media":0,"parent":78,"menu_order":0,"comment_status":"closed","ping_status":"closed","template":"","meta":{"footnotes":""},"class_list":["post-82","page","type-page","status-publish","hentry"],"yoast_head":"<!-- This site is optimized with the Yoast SEO plugin v25.6 - https:\/\/yoast.com\/wordpress\/plugins\/seo\/ -->\n<title>Drogennachweis in der Kriminaltechnik - Securetec Detektions-Systeme AG<\/title>\n<meta name=\"description\" content=\"Drogenwischtest bei Unfallaufnahme und Schleierfahndung Schengenbinnengrenze: Der Wischtest DrugWipe\u00ae A weist R\u00fcckst\u00e4nde von Drogen nach, die f\u00fcr das menschliche Auge unsichtbar sind. Drogenspuren auf Mobiltelefonen, Lenkr\u00e4dern, Taschen oder anderen Oberfl\u00e4chen.\" \/>\n<meta name=\"robots\" content=\"index, follow, max-snippet:-1, max-image-preview:large, max-video-preview:-1\" \/>\n<link rel=\"canonical\" href=\"https:\/\/www.securetec.net\/de\/kundenloesungen\/drogenschnelltests-in-der-kriminaltechnik\/drogennachweis-in-der-kriminaltechnik\/\" \/>\n<meta property=\"og:locale\" content=\"de_DE\" \/>\n<meta property=\"og:type\" content=\"article\" \/>\n<meta property=\"og:title\" content=\"Drogennachweis in der Kriminaltechnik - Securetec Detektions-Systeme AG\" \/>\n<meta property=\"og:description\" content=\"Drogenwischtest bei Unfallaufnahme und Schleierfahndung Schengenbinnengrenze: Der Wischtest DrugWipe\u00ae A weist R\u00fcckst\u00e4nde von Drogen nach, die f\u00fcr das menschliche Auge unsichtbar sind. Drogenspuren auf Mobiltelefonen, Lenkr\u00e4dern, Taschen oder anderen Oberfl\u00e4chen.\" \/>\n<meta property=\"og:url\" content=\"https:\/\/www.securetec.net\/de\/kundenloesungen\/drogenschnelltests-in-der-kriminaltechnik\/drogennachweis-in-der-kriminaltechnik\/\" \/>\n<meta property=\"og:site_name\" content=\"Securetec Detektions-Systeme AG\" \/>\n<meta property=\"article:modified_time\" content=\"2021-05-12T07:51:39+00:00\" \/>\n<meta name=\"twitter:card\" content=\"summary_large_image\" \/>\n<meta name=\"twitter:site\" content=\"@DrugWipeUK\" \/>\n<meta name=\"twitter:label1\" content=\"Est. reading time\" \/>\n\t<meta name=\"twitter:data1\" content=\"2\u00a0Minuten\" \/>\n<script type=\"application\/ld+json\" class=\"yoast-schema-graph\">{\"@context\":\"https:\/\/schema.org\",\"@graph\":[{\"@type\":\"WebPage\",\"@id\":\"https:\/\/www.securetec.net\/de\/kundenloesungen\/drogenschnelltests-in-der-kriminaltechnik\/drogennachweis-in-der-kriminaltechnik\/\",\"url\":\"https:\/\/www.securetec.net\/de\/kundenloesungen\/drogenschnelltests-in-der-kriminaltechnik\/drogennachweis-in-der-kriminaltechnik\/\",\"name\":\"Drogennachweis in der Kriminaltechnik - Securetec Detektions-Systeme AG\",\"isPartOf\":{\"@id\":\"https:\/\/www.securetec.net\/de\/#website\"},\"datePublished\":\"2018-07-19T15:49:54+00:00\",\"dateModified\":\"2021-05-12T07:51:39+00:00\",\"description\":\"Drogenwischtest bei Unfallaufnahme und Schleierfahndung Schengenbinnengrenze: Der Wischtest DrugWipe\u00ae A weist R\u00fcckst\u00e4nde von Drogen nach, die f\u00fcr das menschliche Auge unsichtbar sind. Drogenspuren auf Mobiltelefonen, Lenkr\u00e4dern, Taschen oder anderen Oberfl\u00e4chen.\",\"breadcrumb\":{\"@id\":\"https:\/\/www.securetec.net\/de\/kundenloesungen\/drogenschnelltests-in-der-kriminaltechnik\/drogennachweis-in-der-kriminaltechnik\/#breadcrumb\"},\"inLanguage\":\"de\",\"potentialAction\":[{\"@type\":\"ReadAction\",\"target\":[\"https:\/\/www.securetec.net\/de\/kundenloesungen\/drogenschnelltests-in-der-kriminaltechnik\/drogennachweis-in-der-kriminaltechnik\/\"]}]},{\"@type\":\"BreadcrumbList\",\"@id\":\"https:\/\/www.securetec.net\/de\/kundenloesungen\/drogenschnelltests-in-der-kriminaltechnik\/drogennachweis-in-der-kriminaltechnik\/#breadcrumb\",\"itemListElement\":[{\"@type\":\"ListItem\",\"position\":1,\"name\":\"Startseite\",\"item\":\"https:\/\/www.securetec.net\/de\/\"},{\"@type\":\"ListItem\",\"position\":2,\"name\":\"Kundenl\u00f6sungen\",\"item\":\"https:\/\/www.securetec.net\/de\/kundenloesungen\/\"},{\"@type\":\"ListItem\",\"position\":3,\"name\":\"Drogenschnelltests in der Kriminaltechnik\",\"item\":\"https:\/\/www.securetec.net\/de\/kundenloesungen\/drogenschnelltests-in-der-kriminaltechnik\/\"},{\"@type\":\"ListItem\",\"position\":4,\"name\":\"Drogennachweis in der Kriminaltechnik\"}]},{\"@type\":\"WebSite\",\"@id\":\"https:\/\/www.securetec.net\/de\/#website\",\"url\":\"https:\/\/www.securetec.net\/de\/\",\"name\":\"Securetec Detektions-Systeme AG\",\"description\":\"We detect to protect\",\"publisher\":{\"@id\":\"https:\/\/www.securetec.net\/de\/#organization\"},\"potentialAction\":[{\"@type\":\"SearchAction\",\"target\":{\"@type\":\"EntryPoint\",\"urlTemplate\":\"https:\/\/www.securetec.net\/de\/?s={search_term_string}\"},\"query-input\":{\"@type\":\"PropertyValueSpecification\",\"valueRequired\":true,\"valueName\":\"search_term_string\"}}],\"inLanguage\":\"de\"},{\"@type\":\"Organization\",\"@id\":\"https:\/\/www.securetec.net\/de\/#organization\",\"name\":\"Securetec Detektions-Systeme AG\",\"url\":\"https:\/\/www.securetec.net\/de\/\",\"logo\":{\"@type\":\"ImageObject\",\"inLanguage\":\"de\",\"@id\":\"https:\/\/www.securetec.net\/de\/#\/schema\/logo\/image\/\",\"url\":\"https:\/\/www.securetec.net\/app\/uploads\/2018\/07\/Securetec_Logo_.png\",\"contentUrl\":\"https:\/\/www.securetec.net\/app\/uploads\/2018\/07\/Securetec_Logo_.png\",\"width\":411,\"height\":189,\"caption\":\"Securetec Detektions-Systeme AG\"},\"image\":{\"@id\":\"https:\/\/www.securetec.net\/de\/#\/schema\/logo\/image\/\"},\"sameAs\":[\"https:\/\/x.com\/DrugWipeUK\",\"https:\/\/www.linkedin.com\/company\/securetec\",\"https:\/\/www.youtube.com\/channel\/UCP9jQA-TYhtqanhaooppMqw\"]}]}<\/script>\n<!-- \/ Yoast SEO plugin. -->","yoast_head_json":{"title":"Drogennachweis in der Kriminaltechnik - Securetec Detektions-Systeme AG","description":"Drogenwischtest bei Unfallaufnahme und Schleierfahndung Schengenbinnengrenze: Der Wischtest DrugWipe\u00ae A weist R\u00fcckst\u00e4nde von Drogen nach, die f\u00fcr das menschliche Auge unsichtbar sind. Drogenspuren auf Mobiltelefonen, Lenkr\u00e4dern, Taschen oder anderen Oberfl\u00e4chen.","robots":{"index":"index","follow":"follow","max-snippet":"max-snippet:-1","max-image-preview":"max-image-preview:large","max-video-preview":"max-video-preview:-1"},"canonical":"https:\/\/www.securetec.net\/de\/kundenloesungen\/drogenschnelltests-in-der-kriminaltechnik\/drogennachweis-in-der-kriminaltechnik\/","og_locale":"de_DE","og_type":"article","og_title":"Drogennachweis in der Kriminaltechnik - Securetec Detektions-Systeme AG","og_description":"Drogenwischtest bei Unfallaufnahme und Schleierfahndung Schengenbinnengrenze: Der Wischtest DrugWipe\u00ae A weist R\u00fcckst\u00e4nde von Drogen nach, die f\u00fcr das menschliche Auge unsichtbar sind. Drogenspuren auf Mobiltelefonen, Lenkr\u00e4dern, Taschen oder anderen Oberfl\u00e4chen.","og_url":"https:\/\/www.securetec.net\/de\/kundenloesungen\/drogenschnelltests-in-der-kriminaltechnik\/drogennachweis-in-der-kriminaltechnik\/","og_site_name":"Securetec Detektions-Systeme AG","article_modified_time":"2021-05-12T07:51:39+00:00","twitter_card":"summary_large_image","twitter_site":"@DrugWipeUK","twitter_misc":{"Est. reading time":"2\u00a0Minuten"},"schema":{"@context":"https:\/\/schema.org","@graph":[{"@type":"WebPage","@id":"https:\/\/www.securetec.net\/de\/kundenloesungen\/drogenschnelltests-in-der-kriminaltechnik\/drogennachweis-in-der-kriminaltechnik\/","url":"https:\/\/www.securetec.net\/de\/kundenloesungen\/drogenschnelltests-in-der-kriminaltechnik\/drogennachweis-in-der-kriminaltechnik\/","name":"Drogennachweis in der Kriminaltechnik - Securetec Detektions-Systeme AG","isPartOf":{"@id":"https:\/\/www.securetec.net\/de\/#website"},"datePublished":"2018-07-19T15:49:54+00:00","dateModified":"2021-05-12T07:51:39+00:00","description":"Drogenwischtest bei Unfallaufnahme und Schleierfahndung Schengenbinnengrenze: Der Wischtest DrugWipe\u00ae A weist R\u00fcckst\u00e4nde von Drogen nach, die f\u00fcr das menschliche Auge unsichtbar sind. Drogenspuren auf Mobiltelefonen, Lenkr\u00e4dern, Taschen oder anderen Oberfl\u00e4chen.","breadcrumb":{"@id":"https:\/\/www.securetec.net\/de\/kundenloesungen\/drogenschnelltests-in-der-kriminaltechnik\/drogennachweis-in-der-kriminaltechnik\/#breadcrumb"},"inLanguage":"de","potentialAction":[{"@type":"ReadAction","target":["https:\/\/www.securetec.net\/de\/kundenloesungen\/drogenschnelltests-in-der-kriminaltechnik\/drogennachweis-in-der-kriminaltechnik\/"]}]},{"@type":"BreadcrumbList","@id":"https:\/\/www.securetec.net\/de\/kundenloesungen\/drogenschnelltests-in-der-kriminaltechnik\/drogennachweis-in-der-kriminaltechnik\/#breadcrumb","itemListElement":[{"@type":"ListItem","position":1,"name":"Startseite","item":"https:\/\/www.securetec.net\/de\/"},{"@type":"ListItem","position":2,"name":"Kundenl\u00f6sungen","item":"https:\/\/www.securetec.net\/de\/kundenloesungen\/"},{"@type":"ListItem","position":3,"name":"Drogenschnelltests in der Kriminaltechnik","item":"https:\/\/www.securetec.net\/de\/kundenloesungen\/drogenschnelltests-in-der-kriminaltechnik\/"},{"@type":"ListItem","position":4,"name":"Drogennachweis in der Kriminaltechnik"}]},{"@type":"WebSite","@id":"https:\/\/www.securetec.net\/de\/#website","url":"https:\/\/www.securetec.net\/de\/","name":"Securetec Detektions-Systeme AG","description":"We detect to protect","publisher":{"@id":"https:\/\/www.securetec.net\/de\/#organization"},"potentialAction":[{"@type":"SearchAction","target":{"@type":"EntryPoint","urlTemplate":"https:\/\/www.securetec.net\/de\/?s={search_term_string}"},"query-input":{"@type":"PropertyValueSpecification","valueRequired":true,"valueName":"search_term_string"}}],"inLanguage":"de"},{"@type":"Organization","@id":"https:\/\/www.securetec.net\/de\/#organization","name":"Securetec Detektions-Systeme AG","url":"https:\/\/www.securetec.net\/de\/","logo":{"@type":"ImageObject","inLanguage":"de","@id":"https:\/\/www.securetec.net\/de\/#\/schema\/logo\/image\/","url":"https:\/\/www.securetec.net\/app\/uploads\/2018\/07\/Securetec_Logo_.png","contentUrl":"https:\/\/www.securetec.net\/app\/uploads\/2018\/07\/Securetec_Logo_.png","width":411,"height":189,"caption":"Securetec Detektions-Systeme AG"},"image":{"@id":"https:\/\/www.securetec.net\/de\/#\/schema\/logo\/image\/"},"sameAs":["https:\/\/x.com\/DrugWipeUK","https:\/\/www.linkedin.com\/company\/securetec","https:\/\/www.youtube.com\/channel\/UCP9jQA-TYhtqanhaooppMqw"]}]}},"_links":{"self":[{"href":"https:\/\/www.securetec.net\/de\/wp-json\/wp\/v2\/pages\/82","targetHints":{"allow":["GET"]}}],"collection":[{"href":"https:\/\/www.securetec.net\/de\/wp-json\/wp\/v2\/pages"}],"about":[{"href":"https:\/\/www.securetec.net\/de\/wp-json\/wp\/v2\/types\/page"}],"author":[{"embeddable":true,"href":"https:\/\/www.securetec.net\/de\/wp-json\/wp\/v2\/users\/1"}],"replies":[{"embeddable":true,"href":"https:\/\/www.securetec.net\/de\/wp-json\/wp\/v2\/comments?post=82"}],"version-history":[{"count":21,"href":"https:\/\/www.securetec.net\/de\/wp-json\/wp\/v2\/pages\/82\/revisions"}],"predecessor-version":[{"id":12477,"href":"https:\/\/www.securetec.net\/de\/wp-json\/wp\/v2\/pages\/82\/revisions\/12477"}],"up":[{"embeddable":true,"href":"https:\/\/www.securetec.net\/de\/wp-json\/wp\/v2\/pages\/78"}],"wp:attachment":[{"href":"https:\/\/www.securetec.net\/de\/wp-json\/wp\/v2\/media?parent=82"}],"curies":[{"name":"wp","href":"https:\/\/api.w.org\/{rel}","templated":true}]}}