{"id":78,"date":"2018-07-19T17:49:19","date_gmt":"2018-07-19T15:49:19","guid":{"rendered":"https:\/\/www.securetec.net\/?page_id=78"},"modified":"2021-05-18T12:57:46","modified_gmt":"2021-05-18T10:57:46","slug":"drogenschnelltests-in-der-kriminaltechnik","status":"publish","type":"page","link":"https:\/\/www.securetec.net\/de\/kundenloesungen\/drogenschnelltests-in-der-kriminaltechnik\/","title":{"rendered":"Drogenschnelltests in der Kriminaltechnik"},"content":{"rendered":"<div class=\"wpb-content-wrapper\"><p>[vc_row][vc_column width=&#8220;2\/3&#8243;][vc_column_text css=&#8220;.vc_custom_1620225655597{margin-bottom: 40px !important;}&#8220;]<\/p>\n<h3>Drogennachweis bei der Drogenfahndung<\/h3>\n<p>Moderne Technologien und Testsysteme gew\u00e4hrleisten einen wirksamen und effizienten Schutz vor der illegalen Einfuhr und dem Handel mit Drogen; insbesondere in L\u00e4ndern mit starkem Im- und Export.<\/p>\n<p>Die Securetec AG entwickelt in enger Kooperation mit Beh\u00f6rden im In- und Ausland Detektionssysteme, wie Oberfl\u00e4chen- bzw. Wischtests, die Zollbeamte, Grenzsch\u00fctzer und Drogenfahnder bei ihren Aufgaben zuverl\u00e4ssig unterst\u00fctzen.<\/p>\n<p>Die Herstellung von Drogen in Europa hat nicht nur zugenommen, sie ist auch vielf\u00e4ltiger geworden. Neben Cannabis, Heroin, Kokain und Amphetaminen werden im europ\u00e4ischen Markt vermehrt neue psychoaktive Substanzen hergestellt, gehandelt und konsumiert.<\/p>\n<p>Harte\u00a0Drogen\u00a0wie Kokain und Heroin sind in Europa auf dem Vormarsch.\u00a0Der Reinheitsgrad von Kokain hat sich erh\u00f6ht und die Zahl der Konsumenten steigt. Die Zahl der Sicherstellungen von Kokain lag in 2020 auf dem Rekordniveau von 181\u00a0Tonnen.<sup>1<\/sup><\/p>\n<p>Auch f\u00fcr Heroin lassen sich erschreckende Rekorde verzeichnen. So wurden in 2018 in der Europ\u00e4ischen Union ann\u00e4hernd 16\u00a0Tonnen Essigs\u00e4ureanhydrid, ein Ausgangsstoff f\u00fcr Heroin, sichergestellt. Weitere neun Tonnen wurden aufgehalten, bevor sie in den Marktkreislauf gelangen konnten. Zudem wurden in Osteuropa, Spanien und den Niederlanden Labore zur Herstellung von Heroin aus Morphin entdeckt. Dies sowie die stetig steigende Zahl der Sicherstellungen von Morphin und Opium legt den Schluss nahe, dass Heroin nicht nur vermehrt konsumiert, sondern auch zunehmend innerhalb der EU hergestellt wird.<sup>1 <\/sup><\/p>\n<p>Die Ausbreitung, Verf\u00fcgbarkeit und das Potenzial f\u00fcr vermehrten Konsum geben Anlass zur Sorge und zeigen auf, wie dringend geeignete L\u00f6sungen zur Bek\u00e4mpfung des Drogenhandels ben\u00f6tigt werden.[\/vc_column_text][vc_column_text]<\/p>\n<h3>Zuverl\u00e4ssiger Drogennachweis durch DrugWipe<sup>\u00ae\u00a0<\/sup>A<sup>\u00a0<\/sup>Wischtest<\/h3>\n<p>Ein Oberfl\u00e4chen- bzw. Wischtest, wie der DrugWipe<sup>\u00ae\u00a0<\/sup>A<sup>\u00a0<\/sup>Wischtest, bietet Fahndern hier wertvolle Unterst\u00fctzung. Dank modernster Antik\u00f6rper-Nachweisverfahren k\u00f6nnen auch Kleinstmengen der gesuchten Substanzen zuverl\u00e4ssig nachgewiesen und identifiziert werden. Dies gilt sowohl f\u00fcr den Nachweis auf Oberfl\u00e4chen als auch f\u00fcr das Screening von Frachtcontainern. Mit dem DrugWipe<sup>\u00ae\u00a0<\/sup>A<sup>\u00a0<\/sup>Wischtest k\u00f6nnen Fahnder Drogenspuren detektieren, die in etwa einem L\u00f6ffel Zucker in einem olympischen Schwimmbecken mit einem Wasservolumen von 2,5\u00a0Millionen Litern entsprechen.<\/p>\n<p>Auch bei der Ermittlung von Unfallursachen, im Strafvollzug oder bei Personenkontrollen sind DrugWipe<sup>\u00ae\u00a0<\/sup>A Wischtests ein wichtiges Instrument, um den Besitz, Handel und Konsum illegaler Substanzen innerhalb weniger Minuten aufzusp\u00fcren.<\/p>\n<p><em><span style=\"font-size: 8pt;\">Quelle:<\/span><br \/>\n<span style=\"font-size: 8pt;\">1 Europ\u00e4ischer Drogenbericht 2019\/2020: <\/span><\/em><span style=\"font-size: 8pt;\">https:\/\/www.emcdda.europa.eu\/system\/files\/attachments\/13242\/HighlightsEDR2020_DE_Final_web.pdf<\/span><\/p>\n<p><a href=\"https:\/\/www.securetec.net\/de\/drogentest\/\">&gt;&gt; weiter zu DrugWipe<sup>\u00ae<\/sup>\u00a0Drogentests<\/a><\/p>\n<p><a href=\"https:\/\/www.securetec.net\/de\/produkte\/speicheltest\/\">&gt;&gt; weiter zu <\/a><a href=\"https:\/\/www.securetec.net\/de\/drogentest\/\">DrugWipe<sup>\u00ae<\/sup><\/a><a href=\"https:\/\/www.securetec.net\/de\/produkte\/speicheltest\/\"> Speicheltests<\/a>[\/vc_column_text][\/vc_column][vc_column width=&#8220;1\/3&#8243;][tm_image align=&#8220;right&#8220; image=&#8220;4686&#8243;][\/vc_column][\/vc_row]<\/p>\n<\/div>","protected":false},"excerpt":{"rendered":"[vc_row][vc_column width=&#8220;2\/3&#8243;][vc_column_text css=&#8220;.vc_custom_1620225655597{margin-bottom: 40px !important;}&#8220;] Drogennachweis bei der Drogenfahndung Moderne Technologien und Testsysteme gew\u00e4hrleisten einen wirksamen und effizienten Schutz vor der illegalen Einfuhr und dem Handel mit Drogen; insbesondere in L\u00e4ndern mit starkem Im- und Export. Die Securetec AG entwickelt in enger Kooperation mit Beh\u00f6rden im In- und Ausland Detektionssysteme, wie Oberfl\u00e4chen- bzw. Wischtests, die Zollbeamte, Grenzsch\u00fctzer und Drogenfahnder bei ihren Aufgaben zuverl\u00e4ssig unterst\u00fctzen. Die Herstellung von Drogen in Europa hat nicht nur zugenommen, sie ist auch vielf\u00e4ltiger geworden. Neben Cannabis, Heroin, Kokain und Amphetaminen werden im europ\u00e4ischen Markt vermehrt neue psychoaktive Substanzen hergestellt, gehandelt und konsumiert. Harte\u00a0Drogen\u00a0wie Kokain und Heroin sind in Europa auf dem Vormarsch.\u00a0Der Reinheitsgrad von Kokain hat sich erh\u00f6ht und die Zahl der Konsumenten steigt. Die Zahl der Sicherstellungen von Kokain lag in 2020 auf dem Rekordniveau von 181\u00a0Tonnen.1 Auch f\u00fcr Heroin lassen sich erschreckende Rekorde verzeichnen. So wurden in 2018 in der Europ\u00e4ischen Union ann\u00e4hernd 16\u00a0Tonnen Essigs\u00e4ureanhydrid, ein Ausgangsstoff f\u00fcr Heroin, sichergestellt. Weitere neun Tonnen wurden aufgehalten, bevor sie in den Marktkreislauf gelangen konnten. Zudem wurden in Osteuropa, Spanien und den Niederlanden Labore zur Herstellung von Heroin aus Morphin entdeckt. Dies sowie die stetig steigende Zahl der Sicherstellungen von Morphin und Opium legt den Schluss nahe, dass Heroin nicht nur vermehrt konsumiert, sondern auch zunehmend innerhalb der EU hergestellt wird.1 Die Ausbreitung, Verf\u00fcgbarkeit und das Potenzial f\u00fcr vermehrten Konsum geben Anlass zur Sorge und zeigen auf, wie dringend geeignete L\u00f6sungen zur Bek\u00e4mpfung des Drogenhandels ben\u00f6tigt werden.[\/vc_column_text][vc_column_text] Zuverl\u00e4ssiger Drogennachweis durch DrugWipe\u00ae\u00a0A\u00a0Wischtest Ein Oberfl\u00e4chen- bzw. Wischtest, wie der DrugWipe\u00ae\u00a0A\u00a0Wischtest, bietet Fahndern hier wertvolle Unterst\u00fctzung. Dank modernster Antik\u00f6rper-Nachweisverfahren k\u00f6nnen auch Kleinstmengen der gesuchten Substanzen zuverl\u00e4ssig nachgewiesen und identifiziert werden. Dies gilt sowohl f\u00fcr den Nachweis auf Oberfl\u00e4chen als auch f\u00fcr das Screening von Frachtcontainern. Mit dem DrugWipe\u00ae\u00a0A\u00a0Wischtest k\u00f6nnen Fahnder Drogenspuren detektieren, die in etwa einem L\u00f6ffel Zucker in einem olympischen Schwimmbecken mit einem Wasservolumen von 2,5\u00a0Millionen Litern entsprechen. Auch bei der Ermittlung von Unfallursachen, im Strafvollzug oder bei Personenkontrollen sind DrugWipe\u00ae\u00a0A Wischtests ein wichtiges Instrument, um den Besitz, Handel und Konsum illegaler Substanzen innerhalb weniger Minuten aufzusp\u00fcren. Quelle: 1 Europ\u00e4ischer Drogenbericht 2019\/2020: https:\/\/www.emcdda.europa.eu\/system\/files\/attachments\/13242\/HighlightsEDR2020_DE_Final_web.pdf &gt;&gt; weiter zu DrugWipe\u00ae\u00a0Drogentests &gt;&gt; weiter zu DrugWipe\u00ae Speicheltests[\/vc_column_text][\/vc_column][vc_column width=&#8220;1\/3&#8243;][tm_image align=&#8220;right&#8220; image=&#8220;4686&#8243;][\/vc_column][\/vc_row]","protected":false},"author":1,"featured_media":0,"parent":68,"menu_order":0,"comment_status":"closed","ping_status":"closed","template":"","meta":{"footnotes":""},"class_list":["post-78","page","type-page","status-publish","hentry"],"yoast_head":"<!-- This site is optimized with the Yoast SEO plugin v25.6 - https:\/\/yoast.com\/wordpress\/plugins\/seo\/ -->\n<title>Drogenschnelltests in der Kriminaltechnik - Securetec Detektions-Systeme AG<\/title>\n<meta name=\"description\" content=\"Drogennachweis bei der Drogenfahndung: Oberfl\u00e4chen bzw. Wischtests bieten f\u00fcr die Fahnder wertvolle Unterst\u00fctzung. Dank modernster Antik\u00f6rper-Nachweisverfahren k\u00f6nnen \u00fcber die Testsysteme auch Kleinstmengen der gesuchten Substanzen\" \/>\n<meta name=\"robots\" content=\"index, follow, max-snippet:-1, max-image-preview:large, max-video-preview:-1\" \/>\n<link rel=\"canonical\" href=\"https:\/\/www.securetec.net\/de\/kundenloesungen\/drogenschnelltests-in-der-kriminaltechnik\/\" \/>\n<meta property=\"og:locale\" content=\"de_DE\" \/>\n<meta property=\"og:type\" content=\"article\" \/>\n<meta property=\"og:title\" content=\"Drogenschnelltests in der Kriminaltechnik - Securetec Detektions-Systeme AG\" \/>\n<meta property=\"og:description\" content=\"Drogennachweis bei der Drogenfahndung: Oberfl\u00e4chen bzw. Wischtests bieten f\u00fcr die Fahnder wertvolle Unterst\u00fctzung. Dank modernster Antik\u00f6rper-Nachweisverfahren k\u00f6nnen \u00fcber die Testsysteme auch Kleinstmengen der gesuchten Substanzen\" \/>\n<meta property=\"og:url\" content=\"https:\/\/www.securetec.net\/de\/kundenloesungen\/drogenschnelltests-in-der-kriminaltechnik\/\" \/>\n<meta property=\"og:site_name\" content=\"Securetec Detektions-Systeme AG\" \/>\n<meta property=\"article:modified_time\" content=\"2021-05-18T10:57:46+00:00\" \/>\n<meta name=\"twitter:card\" content=\"summary_large_image\" \/>\n<meta name=\"twitter:site\" content=\"@DrugWipeUK\" \/>\n<meta name=\"twitter:label1\" content=\"Est. reading time\" \/>\n\t<meta name=\"twitter:data1\" content=\"2\u00a0Minuten\" \/>\n<script type=\"application\/ld+json\" class=\"yoast-schema-graph\">{\"@context\":\"https:\/\/schema.org\",\"@graph\":[{\"@type\":\"WebPage\",\"@id\":\"https:\/\/www.securetec.net\/de\/kundenloesungen\/drogenschnelltests-in-der-kriminaltechnik\/\",\"url\":\"https:\/\/www.securetec.net\/de\/kundenloesungen\/drogenschnelltests-in-der-kriminaltechnik\/\",\"name\":\"Drogenschnelltests in der Kriminaltechnik - Securetec Detektions-Systeme AG\",\"isPartOf\":{\"@id\":\"https:\/\/www.securetec.net\/de\/#website\"},\"datePublished\":\"2018-07-19T15:49:19+00:00\",\"dateModified\":\"2021-05-18T10:57:46+00:00\",\"description\":\"Drogennachweis bei der Drogenfahndung: Oberfl\u00e4chen bzw. Wischtests bieten f\u00fcr die Fahnder wertvolle Unterst\u00fctzung. Dank modernster Antik\u00f6rper-Nachweisverfahren k\u00f6nnen \u00fcber die Testsysteme auch Kleinstmengen der gesuchten Substanzen\",\"breadcrumb\":{\"@id\":\"https:\/\/www.securetec.net\/de\/kundenloesungen\/drogenschnelltests-in-der-kriminaltechnik\/#breadcrumb\"},\"inLanguage\":\"de\",\"potentialAction\":[{\"@type\":\"ReadAction\",\"target\":[\"https:\/\/www.securetec.net\/de\/kundenloesungen\/drogenschnelltests-in-der-kriminaltechnik\/\"]}]},{\"@type\":\"BreadcrumbList\",\"@id\":\"https:\/\/www.securetec.net\/de\/kundenloesungen\/drogenschnelltests-in-der-kriminaltechnik\/#breadcrumb\",\"itemListElement\":[{\"@type\":\"ListItem\",\"position\":1,\"name\":\"Startseite\",\"item\":\"https:\/\/www.securetec.net\/de\/\"},{\"@type\":\"ListItem\",\"position\":2,\"name\":\"Kundenl\u00f6sungen\",\"item\":\"https:\/\/www.securetec.net\/de\/kundenloesungen\/\"},{\"@type\":\"ListItem\",\"position\":3,\"name\":\"Drogenschnelltests in der Kriminaltechnik\"}]},{\"@type\":\"WebSite\",\"@id\":\"https:\/\/www.securetec.net\/de\/#website\",\"url\":\"https:\/\/www.securetec.net\/de\/\",\"name\":\"Securetec Detektions-Systeme AG\",\"description\":\"We detect to protect\",\"publisher\":{\"@id\":\"https:\/\/www.securetec.net\/de\/#organization\"},\"potentialAction\":[{\"@type\":\"SearchAction\",\"target\":{\"@type\":\"EntryPoint\",\"urlTemplate\":\"https:\/\/www.securetec.net\/de\/?s={search_term_string}\"},\"query-input\":{\"@type\":\"PropertyValueSpecification\",\"valueRequired\":true,\"valueName\":\"search_term_string\"}}],\"inLanguage\":\"de\"},{\"@type\":\"Organization\",\"@id\":\"https:\/\/www.securetec.net\/de\/#organization\",\"name\":\"Securetec Detektions-Systeme AG\",\"url\":\"https:\/\/www.securetec.net\/de\/\",\"logo\":{\"@type\":\"ImageObject\",\"inLanguage\":\"de\",\"@id\":\"https:\/\/www.securetec.net\/de\/#\/schema\/logo\/image\/\",\"url\":\"https:\/\/www.securetec.net\/app\/uploads\/2018\/07\/Securetec_Logo_.png\",\"contentUrl\":\"https:\/\/www.securetec.net\/app\/uploads\/2018\/07\/Securetec_Logo_.png\",\"width\":411,\"height\":189,\"caption\":\"Securetec Detektions-Systeme AG\"},\"image\":{\"@id\":\"https:\/\/www.securetec.net\/de\/#\/schema\/logo\/image\/\"},\"sameAs\":[\"https:\/\/x.com\/DrugWipeUK\",\"https:\/\/www.linkedin.com\/company\/securetec\",\"https:\/\/www.youtube.com\/channel\/UCP9jQA-TYhtqanhaooppMqw\"]}]}<\/script>\n<!-- \/ Yoast SEO plugin. -->","yoast_head_json":{"title":"Drogenschnelltests in der Kriminaltechnik - Securetec Detektions-Systeme AG","description":"Drogennachweis bei der Drogenfahndung: Oberfl\u00e4chen bzw. Wischtests bieten f\u00fcr die Fahnder wertvolle Unterst\u00fctzung. Dank modernster Antik\u00f6rper-Nachweisverfahren k\u00f6nnen \u00fcber die Testsysteme auch Kleinstmengen der gesuchten Substanzen","robots":{"index":"index","follow":"follow","max-snippet":"max-snippet:-1","max-image-preview":"max-image-preview:large","max-video-preview":"max-video-preview:-1"},"canonical":"https:\/\/www.securetec.net\/de\/kundenloesungen\/drogenschnelltests-in-der-kriminaltechnik\/","og_locale":"de_DE","og_type":"article","og_title":"Drogenschnelltests in der Kriminaltechnik - Securetec Detektions-Systeme AG","og_description":"Drogennachweis bei der Drogenfahndung: Oberfl\u00e4chen bzw. Wischtests bieten f\u00fcr die Fahnder wertvolle Unterst\u00fctzung. Dank modernster Antik\u00f6rper-Nachweisverfahren k\u00f6nnen \u00fcber die Testsysteme auch Kleinstmengen der gesuchten Substanzen","og_url":"https:\/\/www.securetec.net\/de\/kundenloesungen\/drogenschnelltests-in-der-kriminaltechnik\/","og_site_name":"Securetec Detektions-Systeme AG","article_modified_time":"2021-05-18T10:57:46+00:00","twitter_card":"summary_large_image","twitter_site":"@DrugWipeUK","twitter_misc":{"Est. reading time":"2\u00a0Minuten"},"schema":{"@context":"https:\/\/schema.org","@graph":[{"@type":"WebPage","@id":"https:\/\/www.securetec.net\/de\/kundenloesungen\/drogenschnelltests-in-der-kriminaltechnik\/","url":"https:\/\/www.securetec.net\/de\/kundenloesungen\/drogenschnelltests-in-der-kriminaltechnik\/","name":"Drogenschnelltests in der Kriminaltechnik - Securetec Detektions-Systeme AG","isPartOf":{"@id":"https:\/\/www.securetec.net\/de\/#website"},"datePublished":"2018-07-19T15:49:19+00:00","dateModified":"2021-05-18T10:57:46+00:00","description":"Drogennachweis bei der Drogenfahndung: Oberfl\u00e4chen bzw. Wischtests bieten f\u00fcr die Fahnder wertvolle Unterst\u00fctzung. Dank modernster Antik\u00f6rper-Nachweisverfahren k\u00f6nnen \u00fcber die Testsysteme auch Kleinstmengen der gesuchten Substanzen","breadcrumb":{"@id":"https:\/\/www.securetec.net\/de\/kundenloesungen\/drogenschnelltests-in-der-kriminaltechnik\/#breadcrumb"},"inLanguage":"de","potentialAction":[{"@type":"ReadAction","target":["https:\/\/www.securetec.net\/de\/kundenloesungen\/drogenschnelltests-in-der-kriminaltechnik\/"]}]},{"@type":"BreadcrumbList","@id":"https:\/\/www.securetec.net\/de\/kundenloesungen\/drogenschnelltests-in-der-kriminaltechnik\/#breadcrumb","itemListElement":[{"@type":"ListItem","position":1,"name":"Startseite","item":"https:\/\/www.securetec.net\/de\/"},{"@type":"ListItem","position":2,"name":"Kundenl\u00f6sungen","item":"https:\/\/www.securetec.net\/de\/kundenloesungen\/"},{"@type":"ListItem","position":3,"name":"Drogenschnelltests in der Kriminaltechnik"}]},{"@type":"WebSite","@id":"https:\/\/www.securetec.net\/de\/#website","url":"https:\/\/www.securetec.net\/de\/","name":"Securetec Detektions-Systeme AG","description":"We detect to protect","publisher":{"@id":"https:\/\/www.securetec.net\/de\/#organization"},"potentialAction":[{"@type":"SearchAction","target":{"@type":"EntryPoint","urlTemplate":"https:\/\/www.securetec.net\/de\/?s={search_term_string}"},"query-input":{"@type":"PropertyValueSpecification","valueRequired":true,"valueName":"search_term_string"}}],"inLanguage":"de"},{"@type":"Organization","@id":"https:\/\/www.securetec.net\/de\/#organization","name":"Securetec Detektions-Systeme AG","url":"https:\/\/www.securetec.net\/de\/","logo":{"@type":"ImageObject","inLanguage":"de","@id":"https:\/\/www.securetec.net\/de\/#\/schema\/logo\/image\/","url":"https:\/\/www.securetec.net\/app\/uploads\/2018\/07\/Securetec_Logo_.png","contentUrl":"https:\/\/www.securetec.net\/app\/uploads\/2018\/07\/Securetec_Logo_.png","width":411,"height":189,"caption":"Securetec Detektions-Systeme AG"},"image":{"@id":"https:\/\/www.securetec.net\/de\/#\/schema\/logo\/image\/"},"sameAs":["https:\/\/x.com\/DrugWipeUK","https:\/\/www.linkedin.com\/company\/securetec","https:\/\/www.youtube.com\/channel\/UCP9jQA-TYhtqanhaooppMqw"]}]}},"_links":{"self":[{"href":"https:\/\/www.securetec.net\/de\/wp-json\/wp\/v2\/pages\/78","targetHints":{"allow":["GET"]}}],"collection":[{"href":"https:\/\/www.securetec.net\/de\/wp-json\/wp\/v2\/pages"}],"about":[{"href":"https:\/\/www.securetec.net\/de\/wp-json\/wp\/v2\/types\/page"}],"author":[{"embeddable":true,"href":"https:\/\/www.securetec.net\/de\/wp-json\/wp\/v2\/users\/1"}],"replies":[{"embeddable":true,"href":"https:\/\/www.securetec.net\/de\/wp-json\/wp\/v2\/comments?post=78"}],"version-history":[{"count":9,"href":"https:\/\/www.securetec.net\/de\/wp-json\/wp\/v2\/pages\/78\/revisions"}],"predecessor-version":[{"id":12332,"href":"https:\/\/www.securetec.net\/de\/wp-json\/wp\/v2\/pages\/78\/revisions\/12332"}],"up":[{"embeddable":true,"href":"https:\/\/www.securetec.net\/de\/wp-json\/wp\/v2\/pages\/68"}],"wp:attachment":[{"href":"https:\/\/www.securetec.net\/de\/wp-json\/wp\/v2\/media?parent=78"}],"curies":[{"name":"wp","href":"https:\/\/api.w.org\/{rel}","templated":true}]}}