{"id":76,"date":"2018-07-19T17:48:59","date_gmt":"2018-07-19T15:48:59","guid":{"rendered":"https:\/\/www.securetec.net\/?page_id=76"},"modified":"2021-05-04T09:32:45","modified_gmt":"2021-05-04T07:32:45","slug":"drogen-am-steuer","status":"publish","type":"page","link":"https:\/\/www.securetec.net\/de\/kundenloesungen\/drogenvortest-fuer-die-polizei\/drogen-am-steuer\/","title":{"rendered":"Drogen am Steuer"},"content":{"rendered":"<div class=\"wpb-content-wrapper\"><p>[vc_row][vc_column width=&#8220;2\/3&#8243;][vc_column_text]<strong>Schnelltests erm\u00f6glichen die Erkennung von Drogenkonsum \u2013 an jedem Ort, zu jeder Zeit. Speicheltests punkten gegen\u00fcber Urintests bez\u00fcglich Zuverl\u00e4ssigkeit, Handhabung und Hygiene.<\/strong><\/p>\n<p class=\"p1\">Beim Konsum von Drogen sind Auff\u00e4lligkeiten und Ausfallerscheinungen weniger offensichtlich als beim Konsum von Alkohol. Deshalb sind Drogenschnelltests unerl\u00e4sslich. Sie erm\u00f6glichen es Polizeikr\u00e4ften, einfach, hygienisch und direkt vor Ort ein effizientes Drogenscreening durchzuf\u00fchren. Im Bereich Stra\u00dfenverkehrssicherheit geh\u00f6ren Schnelltests seit langem zur Grundausstattung der Polizei und so ist in Deutschland heutzutage fast jedes Einsatzfahrzeug mit Drogenschnelltests ausgestattet.<span class=\"Apple-converted-space\">\u00a0<\/span><\/p>\n<p class=\"p1\">Beamte k\u00f6nnen die Probenahme direkt selbst durchf\u00fchren. Im Gegensatz zu Urintests ist so eine Manipulation nahezu unm\u00f6glich. Der Eingriff in die Privatsph\u00e4re der Fahrzeugf\u00fchrer ist sehr gering und die Kooperationsbereitschaft daher entsprechend gro\u00df. Gleichzeitig ist die Hemmschwelle, mit Speicheltests zu arbeiten, f\u00fcr die Anwender niedriger, denn man kommt dabei nicht mit dem Probenmedium in Ber\u00fchrung. Die Ergebnisse lassen sich fast immer im Blut best\u00e4tigen, da die Zeitfenster der aktiven Substanz in Speichel und Blut sehr gut \u00fcbereinstimmen. L\u00e4nder wie Australien, Frankreich oder Spanien haben bereits eine Best\u00e4tigungsanalyse im Speichel eingef\u00fchrt.<\/p>\n<p class=\"p1\"><b>Laboruntersuchung best\u00e4tigt Anfangsverdacht<br \/>\n<\/b>Auch im Bereich Arbeitssicherheit ist das regelm\u00e4\u00dfige Drogenscreening l\u00e4ngst \u00fcbliche Praxis, insbesondere f\u00fcr Besch\u00e4ftigte in besonders verantwortungsvollen Positionen, wie bei der Luftfahrtsicherheit, oder f\u00fcr Personen, die T\u00e4tigkeiten mit erh\u00f6htem Gefahrenpotenzial aus\u00fcben, wie Arbeiten an Hochspannungsleitungen.<span class=\"Apple-converted-space\">\u00a0<\/span><\/p>\n<p class=\"p1\">Dabei ersetzen mobile Drogentests, die auf der Stra\u00dfe oder im Unternehmen durchgef\u00fchrt werden, nie die Laboruntersuchung. Selbst bei einer 99%igen Testzuverl\u00e4ssigkeit muss eine Laboranalyse von Speichel oder Blut den Anfangsverdacht des Drogenkonsums rechtlich best\u00e4tigen.<\/p>\n<p><a href=\"\/?p=3481\">www.securetec.net\/drugwipe<\/a>[\/vc_column_text][\/vc_column][vc_column width=&#8220;1\/3&#8243; content_alignment=&#8220;right&#8220;][tm_image align=&#8220;right&#8220; image=&#8220;11363&#8243;][\/vc_column][\/vc_row]<\/p>\n<\/div>","protected":false},"excerpt":{"rendered":"[vc_row][vc_column width=&#8220;2\/3&#8243;][vc_column_text]Schnelltests erm\u00f6glichen die Erkennung von Drogenkonsum \u2013 an jedem Ort, zu jeder Zeit. Speicheltests punkten gegen\u00fcber Urintests bez\u00fcglich Zuverl\u00e4ssigkeit, Handhabung und Hygiene. Beim Konsum von Drogen sind Auff\u00e4lligkeiten und Ausfallerscheinungen weniger offensichtlich als beim Konsum von Alkohol. Deshalb sind Drogenschnelltests unerl\u00e4sslich. Sie erm\u00f6glichen es Polizeikr\u00e4ften, einfach, hygienisch und direkt vor Ort ein effizientes Drogenscreening durchzuf\u00fchren. Im Bereich Stra\u00dfenverkehrssicherheit geh\u00f6ren Schnelltests seit langem zur Grundausstattung der Polizei und so ist in Deutschland heutzutage fast jedes Einsatzfahrzeug mit Drogenschnelltests ausgestattet.\u00a0 Beamte k\u00f6nnen die Probenahme direkt selbst durchf\u00fchren. Im Gegensatz zu Urintests ist so eine Manipulation nahezu unm\u00f6glich. Der Eingriff in die Privatsph\u00e4re der Fahrzeugf\u00fchrer ist sehr gering und die Kooperationsbereitschaft daher entsprechend gro\u00df. Gleichzeitig ist die Hemmschwelle, mit Speicheltests zu arbeiten, f\u00fcr die Anwender niedriger, denn man kommt dabei nicht mit dem Probenmedium in Ber\u00fchrung. Die Ergebnisse lassen sich fast immer im Blut best\u00e4tigen, da die Zeitfenster der aktiven Substanz in Speichel und Blut sehr gut \u00fcbereinstimmen. L\u00e4nder wie Australien, Frankreich oder Spanien haben bereits eine Best\u00e4tigungsanalyse im Speichel eingef\u00fchrt. Laboruntersuchung best\u00e4tigt Anfangsverdacht Auch im Bereich Arbeitssicherheit ist das regelm\u00e4\u00dfige Drogenscreening l\u00e4ngst \u00fcbliche Praxis, insbesondere f\u00fcr Besch\u00e4ftigte in besonders verantwortungsvollen Positionen, wie bei der Luftfahrtsicherheit, oder f\u00fcr Personen, die T\u00e4tigkeiten mit erh\u00f6htem Gefahrenpotenzial aus\u00fcben, wie Arbeiten an Hochspannungsleitungen.\u00a0 Dabei ersetzen mobile Drogentests, die auf der Stra\u00dfe oder im Unternehmen durchgef\u00fchrt werden, nie die Laboruntersuchung. Selbst bei einer 99%igen Testzuverl\u00e4ssigkeit muss eine Laboranalyse von Speichel oder Blut den Anfangsverdacht des Drogenkonsums rechtlich best\u00e4tigen. www.securetec.net\/drugwipe[\/vc_column_text][\/vc_column][vc_column width=&#8220;1\/3&#8243; content_alignment=&#8220;right&#8220;][tm_image align=&#8220;right&#8220; image=&#8220;11363&#8243;][\/vc_column][\/vc_row]","protected":false},"author":1,"featured_media":0,"parent":70,"menu_order":0,"comment_status":"closed","ping_status":"closed","template":"","meta":{"footnotes":""},"class_list":["post-76","page","type-page","status-publish","hentry"],"yoast_head":"<!-- This site is optimized with the Yoast SEO plugin v25.6 - https:\/\/yoast.com\/wordpress\/plugins\/seo\/ -->\n<title>Drogen am Steuer - Securetec Detektions-Systeme AG<\/title>\n<meta name=\"robots\" content=\"index, follow, max-snippet:-1, max-image-preview:large, max-video-preview:-1\" \/>\n<link rel=\"canonical\" href=\"https:\/\/www.securetec.net\/de\/kundenloesungen\/drogenvortest-fuer-die-polizei\/drogen-am-steuer\/\" \/>\n<meta property=\"og:locale\" content=\"de_DE\" \/>\n<meta property=\"og:type\" content=\"article\" \/>\n<meta property=\"og:title\" content=\"Drogen am Steuer - Securetec Detektions-Systeme AG\" \/>\n<meta property=\"og:url\" content=\"https:\/\/www.securetec.net\/de\/kundenloesungen\/drogenvortest-fuer-die-polizei\/drogen-am-steuer\/\" \/>\n<meta property=\"og:site_name\" content=\"Securetec Detektions-Systeme AG\" \/>\n<meta property=\"article:modified_time\" content=\"2021-05-04T07:32:45+00:00\" \/>\n<meta name=\"twitter:card\" content=\"summary_large_image\" \/>\n<meta name=\"twitter:site\" content=\"@DrugWipeUK\" \/>\n<meta name=\"twitter:label1\" content=\"Est. reading time\" \/>\n\t<meta name=\"twitter:data1\" content=\"2\u00a0Minuten\" \/>\n<script type=\"application\/ld+json\" class=\"yoast-schema-graph\">{\"@context\":\"https:\/\/schema.org\",\"@graph\":[{\"@type\":\"WebPage\",\"@id\":\"https:\/\/www.securetec.net\/de\/kundenloesungen\/drogenvortest-fuer-die-polizei\/drogen-am-steuer\/\",\"url\":\"https:\/\/www.securetec.net\/de\/kundenloesungen\/drogenvortest-fuer-die-polizei\/drogen-am-steuer\/\",\"name\":\"Drogen am Steuer - Securetec Detektions-Systeme AG\",\"isPartOf\":{\"@id\":\"https:\/\/www.securetec.net\/de\/#website\"},\"datePublished\":\"2018-07-19T15:48:59+00:00\",\"dateModified\":\"2021-05-04T07:32:45+00:00\",\"breadcrumb\":{\"@id\":\"https:\/\/www.securetec.net\/de\/kundenloesungen\/drogenvortest-fuer-die-polizei\/drogen-am-steuer\/#breadcrumb\"},\"inLanguage\":\"de\",\"potentialAction\":[{\"@type\":\"ReadAction\",\"target\":[\"https:\/\/www.securetec.net\/de\/kundenloesungen\/drogenvortest-fuer-die-polizei\/drogen-am-steuer\/\"]}]},{\"@type\":\"BreadcrumbList\",\"@id\":\"https:\/\/www.securetec.net\/de\/kundenloesungen\/drogenvortest-fuer-die-polizei\/drogen-am-steuer\/#breadcrumb\",\"itemListElement\":[{\"@type\":\"ListItem\",\"position\":1,\"name\":\"Startseite\",\"item\":\"https:\/\/www.securetec.net\/de\/\"},{\"@type\":\"ListItem\",\"position\":2,\"name\":\"Kundenl\u00f6sungen\",\"item\":\"https:\/\/www.securetec.net\/de\/kundenloesungen\/\"},{\"@type\":\"ListItem\",\"position\":3,\"name\":\"Drogenvortest f\u00fcr die Polizei\",\"item\":\"https:\/\/www.securetec.net\/de\/kundenloesungen\/drogenvortest-fuer-die-polizei\/\"},{\"@type\":\"ListItem\",\"position\":4,\"name\":\"Drogen am Steuer\"}]},{\"@type\":\"WebSite\",\"@id\":\"https:\/\/www.securetec.net\/de\/#website\",\"url\":\"https:\/\/www.securetec.net\/de\/\",\"name\":\"Securetec Detektions-Systeme AG\",\"description\":\"We detect to protect\",\"publisher\":{\"@id\":\"https:\/\/www.securetec.net\/de\/#organization\"},\"potentialAction\":[{\"@type\":\"SearchAction\",\"target\":{\"@type\":\"EntryPoint\",\"urlTemplate\":\"https:\/\/www.securetec.net\/de\/?s={search_term_string}\"},\"query-input\":{\"@type\":\"PropertyValueSpecification\",\"valueRequired\":true,\"valueName\":\"search_term_string\"}}],\"inLanguage\":\"de\"},{\"@type\":\"Organization\",\"@id\":\"https:\/\/www.securetec.net\/de\/#organization\",\"name\":\"Securetec Detektions-Systeme AG\",\"url\":\"https:\/\/www.securetec.net\/de\/\",\"logo\":{\"@type\":\"ImageObject\",\"inLanguage\":\"de\",\"@id\":\"https:\/\/www.securetec.net\/de\/#\/schema\/logo\/image\/\",\"url\":\"https:\/\/www.securetec.net\/app\/uploads\/2018\/07\/Securetec_Logo_.png\",\"contentUrl\":\"https:\/\/www.securetec.net\/app\/uploads\/2018\/07\/Securetec_Logo_.png\",\"width\":411,\"height\":189,\"caption\":\"Securetec Detektions-Systeme AG\"},\"image\":{\"@id\":\"https:\/\/www.securetec.net\/de\/#\/schema\/logo\/image\/\"},\"sameAs\":[\"https:\/\/x.com\/DrugWipeUK\",\"https:\/\/www.linkedin.com\/company\/securetec\",\"https:\/\/www.youtube.com\/channel\/UCP9jQA-TYhtqanhaooppMqw\"]}]}<\/script>\n<!-- \/ Yoast SEO plugin. -->","yoast_head_json":{"title":"Drogen am Steuer - Securetec Detektions-Systeme AG","robots":{"index":"index","follow":"follow","max-snippet":"max-snippet:-1","max-image-preview":"max-image-preview:large","max-video-preview":"max-video-preview:-1"},"canonical":"https:\/\/www.securetec.net\/de\/kundenloesungen\/drogenvortest-fuer-die-polizei\/drogen-am-steuer\/","og_locale":"de_DE","og_type":"article","og_title":"Drogen am Steuer - Securetec Detektions-Systeme AG","og_url":"https:\/\/www.securetec.net\/de\/kundenloesungen\/drogenvortest-fuer-die-polizei\/drogen-am-steuer\/","og_site_name":"Securetec Detektions-Systeme AG","article_modified_time":"2021-05-04T07:32:45+00:00","twitter_card":"summary_large_image","twitter_site":"@DrugWipeUK","twitter_misc":{"Est. reading time":"2\u00a0Minuten"},"schema":{"@context":"https:\/\/schema.org","@graph":[{"@type":"WebPage","@id":"https:\/\/www.securetec.net\/de\/kundenloesungen\/drogenvortest-fuer-die-polizei\/drogen-am-steuer\/","url":"https:\/\/www.securetec.net\/de\/kundenloesungen\/drogenvortest-fuer-die-polizei\/drogen-am-steuer\/","name":"Drogen am Steuer - Securetec Detektions-Systeme AG","isPartOf":{"@id":"https:\/\/www.securetec.net\/de\/#website"},"datePublished":"2018-07-19T15:48:59+00:00","dateModified":"2021-05-04T07:32:45+00:00","breadcrumb":{"@id":"https:\/\/www.securetec.net\/de\/kundenloesungen\/drogenvortest-fuer-die-polizei\/drogen-am-steuer\/#breadcrumb"},"inLanguage":"de","potentialAction":[{"@type":"ReadAction","target":["https:\/\/www.securetec.net\/de\/kundenloesungen\/drogenvortest-fuer-die-polizei\/drogen-am-steuer\/"]}]},{"@type":"BreadcrumbList","@id":"https:\/\/www.securetec.net\/de\/kundenloesungen\/drogenvortest-fuer-die-polizei\/drogen-am-steuer\/#breadcrumb","itemListElement":[{"@type":"ListItem","position":1,"name":"Startseite","item":"https:\/\/www.securetec.net\/de\/"},{"@type":"ListItem","position":2,"name":"Kundenl\u00f6sungen","item":"https:\/\/www.securetec.net\/de\/kundenloesungen\/"},{"@type":"ListItem","position":3,"name":"Drogenvortest f\u00fcr die Polizei","item":"https:\/\/www.securetec.net\/de\/kundenloesungen\/drogenvortest-fuer-die-polizei\/"},{"@type":"ListItem","position":4,"name":"Drogen am Steuer"}]},{"@type":"WebSite","@id":"https:\/\/www.securetec.net\/de\/#website","url":"https:\/\/www.securetec.net\/de\/","name":"Securetec Detektions-Systeme AG","description":"We detect to protect","publisher":{"@id":"https:\/\/www.securetec.net\/de\/#organization"},"potentialAction":[{"@type":"SearchAction","target":{"@type":"EntryPoint","urlTemplate":"https:\/\/www.securetec.net\/de\/?s={search_term_string}"},"query-input":{"@type":"PropertyValueSpecification","valueRequired":true,"valueName":"search_term_string"}}],"inLanguage":"de"},{"@type":"Organization","@id":"https:\/\/www.securetec.net\/de\/#organization","name":"Securetec Detektions-Systeme AG","url":"https:\/\/www.securetec.net\/de\/","logo":{"@type":"ImageObject","inLanguage":"de","@id":"https:\/\/www.securetec.net\/de\/#\/schema\/logo\/image\/","url":"https:\/\/www.securetec.net\/app\/uploads\/2018\/07\/Securetec_Logo_.png","contentUrl":"https:\/\/www.securetec.net\/app\/uploads\/2018\/07\/Securetec_Logo_.png","width":411,"height":189,"caption":"Securetec Detektions-Systeme AG"},"image":{"@id":"https:\/\/www.securetec.net\/de\/#\/schema\/logo\/image\/"},"sameAs":["https:\/\/x.com\/DrugWipeUK","https:\/\/www.linkedin.com\/company\/securetec","https:\/\/www.youtube.com\/channel\/UCP9jQA-TYhtqanhaooppMqw"]}]}},"_links":{"self":[{"href":"https:\/\/www.securetec.net\/de\/wp-json\/wp\/v2\/pages\/76","targetHints":{"allow":["GET"]}}],"collection":[{"href":"https:\/\/www.securetec.net\/de\/wp-json\/wp\/v2\/pages"}],"about":[{"href":"https:\/\/www.securetec.net\/de\/wp-json\/wp\/v2\/types\/page"}],"author":[{"embeddable":true,"href":"https:\/\/www.securetec.net\/de\/wp-json\/wp\/v2\/users\/1"}],"replies":[{"embeddable":true,"href":"https:\/\/www.securetec.net\/de\/wp-json\/wp\/v2\/comments?post=76"}],"version-history":[{"count":7,"href":"https:\/\/www.securetec.net\/de\/wp-json\/wp\/v2\/pages\/76\/revisions"}],"predecessor-version":[{"id":12314,"href":"https:\/\/www.securetec.net\/de\/wp-json\/wp\/v2\/pages\/76\/revisions\/12314"}],"up":[{"embeddable":true,"href":"https:\/\/www.securetec.net\/de\/wp-json\/wp\/v2\/pages\/70"}],"wp:attachment":[{"href":"https:\/\/www.securetec.net\/de\/wp-json\/wp\/v2\/media?parent=76"}],"curies":[{"name":"wp","href":"https:\/\/api.w.org\/{rel}","templated":true}]}}