{"id":74,"date":"2018-07-19T17:48:38","date_gmt":"2018-07-19T15:48:38","guid":{"rendered":"https:\/\/www.securetec.net\/?page_id=74"},"modified":"2021-05-03T18:56:54","modified_gmt":"2021-05-03T16:56:54","slug":"schulung-drogenerkennung","status":"publish","type":"page","link":"https:\/\/www.securetec.net\/de\/kundenloesungen\/drogenvortest-fuer-die-polizei\/schulung-drogenerkennung\/","title":{"rendered":"Schulung Drogenerkennung"},"content":{"rendered":"<div class=\"wpb-content-wrapper\"><p>[vc_row][vc_column width=&#8220;2\/3&#8243;][vc_column_text]<\/p>\n<h3 class=\"heading\">Schulung Drogenerkennung<\/h3>\n<p class=\"p1\">Mit langj\u00e4hriger Expertise in der Drogenerkennung ist Securetec kompetenter Partner von Ermittlungsbeh\u00f6rden in mehr als 30\u00a0L\u00e4ndern weltweit.<span class=\"Apple-converted-space\">\u00a0<\/span><\/p>\n<p class=\"p1\">Gerne unterst\u00fctzen wir unsere Kunden mit individuellen und kostenneutralen Schulungsformaten f\u00fcr Polizeibeamtinnen und Polizeibeamte.<span class=\"Apple-converted-space\">\u00a0<\/span><\/p>\n<p class=\"p1\">Unsere erfahrenen Dozenten vermitteln Wissen \u00fcber Drogen und Medikamente in Theorie und Praxis.<span class=\"Apple-converted-space\">\u00a0<\/span><\/p>\n<p class=\"p1\">Wie wirken Drogen? Wie erkennt man Konsumenten? Und was ist bei der Durchf\u00fchrung von Drogentests zu beachten? Profitieren Sie von den l\u00e4nder\u00fcbergreifenden Erfahrungen der Securetec-Experten im In- und Ausland.<span class=\"Apple-converted-space\">\u00a0<\/span><\/p>\n<p class=\"p1\">Wir verstehen unsere Schulungen als Serviceleistung f\u00fcr unsere Kunden und unterst\u00fctzen Ihre Arbeit mit ma\u00dfgeschneiderten Schulungsformaten und Infomaterialien.<span class=\"Apple-converted-space\">\u00a0<\/span><\/p>\n<p class=\"p1\">Gerne stellen Ihnen unsere Dozenten Ihr individuelles Servicepaket zum Thema Drogenerkennung zusammen.<\/p>\n<p class=\"p1\">F\u00fcr weiterf\u00fchrende Fragen zu unserem umfangreichen Securetec-Schulungsprogramm \u201eDrogenerkennung im Stra\u00dfenverkehr\u201c wenden Sie sich gerne an:<span class=\"Apple-converted-space\">\u00a0<\/span><\/p>\n<p class=\"p1\">Stephanie Konopac<br \/>\nTel: 089 \/ 203080-16 51<br \/>\nE-Mail: <a href=\"mailto:info@securetec.net\">info@securetec.net<\/a><\/p>\n<p class=\"p1\">Gerne k\u00f6nnen Sie auch unser Kontaktformular nutzen.<\/p>\n<p class=\"p1\"><a href=\"\/?page_id=104\">&gt;&gt; Kontakt<\/a><\/p>\n<h3>Messen &amp; Veranstaltungen<\/h3>\n<p class=\"p1\">Lernen Sie unsere Mitarbeiterinnen und Mitarbeiter auf zahlreichen Fachmessen, Veranstaltungen und Schulungen rund um den Globus pers\u00f6nlich kennen. Wir freuen uns darauf, mit Ihnen die neuesten Entwicklungen und Innovationen im Bereich der Drogenerkennung zu diskutieren und treten gerne auch au\u00dferhalb des Veranstaltungskalenders mit Ihnen in den Dialog.<span class=\"Apple-converted-space\">\u00a0<\/span><\/p>\n<p class=\"p1\">Wir freuen uns auf Sie.<span class=\"Apple-converted-space\">\u00a0<\/span><\/p>\n<p><a href=\"\/?page_id=104\">&gt;&gt; Kontakt<\/a>[\/vc_column_text][\/vc_column][vc_column width=&#8220;1\/3&#8243; content_alignment=&#8220;right&#8220;][tm_image align=&#8220;right&#8220; image=&#8220;4770&#8243;][\/vc_column][\/vc_row]<\/p>\n<\/div>","protected":false},"excerpt":{"rendered":"[vc_row][vc_column width=&#8220;2\/3&#8243;][vc_column_text] Schulung Drogenerkennung Mit langj\u00e4hriger Expertise in der Drogenerkennung ist Securetec kompetenter Partner von Ermittlungsbeh\u00f6rden in mehr als 30\u00a0L\u00e4ndern weltweit.\u00a0 Gerne unterst\u00fctzen wir unsere Kunden mit individuellen und kostenneutralen Schulungsformaten f\u00fcr Polizeibeamtinnen und Polizeibeamte.\u00a0 Unsere erfahrenen Dozenten vermitteln Wissen \u00fcber Drogen und Medikamente in Theorie und Praxis.\u00a0 Wie wirken Drogen? Wie erkennt man Konsumenten? Und was ist bei der Durchf\u00fchrung von Drogentests zu beachten? Profitieren Sie von den l\u00e4nder\u00fcbergreifenden Erfahrungen der Securetec-Experten im In- und Ausland.\u00a0 Wir verstehen unsere Schulungen als Serviceleistung f\u00fcr unsere Kunden und unterst\u00fctzen Ihre Arbeit mit ma\u00dfgeschneiderten Schulungsformaten und Infomaterialien.\u00a0 Gerne stellen Ihnen unsere Dozenten Ihr individuelles Servicepaket zum Thema Drogenerkennung zusammen. F\u00fcr weiterf\u00fchrende Fragen zu unserem umfangreichen Securetec-Schulungsprogramm \u201eDrogenerkennung im Stra\u00dfenverkehr\u201c wenden Sie sich gerne an:\u00a0 Stephanie Konopac Tel: 089 \/ 203080-16 51 E-Mail: info@securetec.net Gerne k\u00f6nnen Sie auch unser Kontaktformular nutzen. &gt;&gt; Kontakt Messen &amp; Veranstaltungen Lernen Sie unsere Mitarbeiterinnen und Mitarbeiter auf zahlreichen Fachmessen, Veranstaltungen und Schulungen rund um den Globus pers\u00f6nlich kennen. Wir freuen uns darauf, mit Ihnen die neuesten Entwicklungen und Innovationen im Bereich der Drogenerkennung zu diskutieren und treten gerne auch au\u00dferhalb des Veranstaltungskalenders mit Ihnen in den Dialog.\u00a0 Wir freuen uns auf Sie.\u00a0 &gt;&gt; Kontakt[\/vc_column_text][\/vc_column][vc_column width=&#8220;1\/3&#8243; content_alignment=&#8220;right&#8220;][tm_image align=&#8220;right&#8220; image=&#8220;4770&#8243;][\/vc_column][\/vc_row]","protected":false},"author":1,"featured_media":0,"parent":70,"menu_order":0,"comment_status":"closed","ping_status":"closed","template":"","meta":{"footnotes":""},"class_list":["post-74","page","type-page","status-publish","hentry"],"yoast_head":"<!-- This site is optimized with the Yoast SEO plugin v25.6 - https:\/\/yoast.com\/wordpress\/plugins\/seo\/ -->\n<title>Schulung Drogenerkennung - Securetec Detektions-Systeme AG<\/title>\n<meta name=\"description\" content=\"Wir unterst\u00fctzen unsere Kunden mit individuellen Schulungsangeboten zum Thema Drogenerkennung. Gerne stellen Ihnen unsere Referenten zum Thema Drogenerkennung Ihr individuelles Servicepaket zusammen.\" \/>\n<meta name=\"robots\" content=\"index, follow, max-snippet:-1, max-image-preview:large, max-video-preview:-1\" \/>\n<link rel=\"canonical\" href=\"https:\/\/www.securetec.net\/de\/kundenloesungen\/drogenvortest-fuer-die-polizei\/schulung-drogenerkennung\/\" \/>\n<meta property=\"og:locale\" content=\"de_DE\" \/>\n<meta property=\"og:type\" content=\"article\" \/>\n<meta property=\"og:title\" content=\"Schulung Drogenerkennung - Securetec Detektions-Systeme AG\" \/>\n<meta property=\"og:description\" content=\"Wir unterst\u00fctzen unsere Kunden mit individuellen Schulungsangeboten zum Thema Drogenerkennung. Gerne stellen Ihnen unsere Referenten zum Thema Drogenerkennung Ihr individuelles Servicepaket zusammen.\" \/>\n<meta property=\"og:url\" content=\"https:\/\/www.securetec.net\/de\/kundenloesungen\/drogenvortest-fuer-die-polizei\/schulung-drogenerkennung\/\" \/>\n<meta property=\"og:site_name\" content=\"Securetec Detektions-Systeme AG\" \/>\n<meta property=\"article:modified_time\" content=\"2021-05-03T16:56:54+00:00\" \/>\n<meta name=\"twitter:card\" content=\"summary_large_image\" \/>\n<meta name=\"twitter:site\" content=\"@DrugWipeUK\" \/>\n<meta name=\"twitter:label1\" content=\"Est. reading time\" \/>\n\t<meta name=\"twitter:data1\" content=\"1\u00a0Minute\" \/>\n<script type=\"application\/ld+json\" class=\"yoast-schema-graph\">{\"@context\":\"https:\/\/schema.org\",\"@graph\":[{\"@type\":\"WebPage\",\"@id\":\"https:\/\/www.securetec.net\/de\/kundenloesungen\/drogenvortest-fuer-die-polizei\/schulung-drogenerkennung\/\",\"url\":\"https:\/\/www.securetec.net\/de\/kundenloesungen\/drogenvortest-fuer-die-polizei\/schulung-drogenerkennung\/\",\"name\":\"Schulung Drogenerkennung - Securetec Detektions-Systeme AG\",\"isPartOf\":{\"@id\":\"https:\/\/www.securetec.net\/de\/#website\"},\"datePublished\":\"2018-07-19T15:48:38+00:00\",\"dateModified\":\"2021-05-03T16:56:54+00:00\",\"description\":\"Wir unterst\u00fctzen unsere Kunden mit individuellen Schulungsangeboten zum Thema Drogenerkennung. Gerne stellen Ihnen unsere Referenten zum Thema Drogenerkennung Ihr individuelles Servicepaket zusammen.\",\"breadcrumb\":{\"@id\":\"https:\/\/www.securetec.net\/de\/kundenloesungen\/drogenvortest-fuer-die-polizei\/schulung-drogenerkennung\/#breadcrumb\"},\"inLanguage\":\"de\",\"potentialAction\":[{\"@type\":\"ReadAction\",\"target\":[\"https:\/\/www.securetec.net\/de\/kundenloesungen\/drogenvortest-fuer-die-polizei\/schulung-drogenerkennung\/\"]}]},{\"@type\":\"BreadcrumbList\",\"@id\":\"https:\/\/www.securetec.net\/de\/kundenloesungen\/drogenvortest-fuer-die-polizei\/schulung-drogenerkennung\/#breadcrumb\",\"itemListElement\":[{\"@type\":\"ListItem\",\"position\":1,\"name\":\"Startseite\",\"item\":\"https:\/\/www.securetec.net\/de\/\"},{\"@type\":\"ListItem\",\"position\":2,\"name\":\"Kundenl\u00f6sungen\",\"item\":\"https:\/\/www.securetec.net\/de\/kundenloesungen\/\"},{\"@type\":\"ListItem\",\"position\":3,\"name\":\"Drogenvortest f\u00fcr die Polizei\",\"item\":\"https:\/\/www.securetec.net\/de\/kundenloesungen\/drogenvortest-fuer-die-polizei\/\"},{\"@type\":\"ListItem\",\"position\":4,\"name\":\"Schulung Drogenerkennung\"}]},{\"@type\":\"WebSite\",\"@id\":\"https:\/\/www.securetec.net\/de\/#website\",\"url\":\"https:\/\/www.securetec.net\/de\/\",\"name\":\"Securetec Detektions-Systeme AG\",\"description\":\"We detect to protect\",\"publisher\":{\"@id\":\"https:\/\/www.securetec.net\/de\/#organization\"},\"potentialAction\":[{\"@type\":\"SearchAction\",\"target\":{\"@type\":\"EntryPoint\",\"urlTemplate\":\"https:\/\/www.securetec.net\/de\/?s={search_term_string}\"},\"query-input\":{\"@type\":\"PropertyValueSpecification\",\"valueRequired\":true,\"valueName\":\"search_term_string\"}}],\"inLanguage\":\"de\"},{\"@type\":\"Organization\",\"@id\":\"https:\/\/www.securetec.net\/de\/#organization\",\"name\":\"Securetec Detektions-Systeme AG\",\"url\":\"https:\/\/www.securetec.net\/de\/\",\"logo\":{\"@type\":\"ImageObject\",\"inLanguage\":\"de\",\"@id\":\"https:\/\/www.securetec.net\/de\/#\/schema\/logo\/image\/\",\"url\":\"https:\/\/www.securetec.net\/app\/uploads\/2018\/07\/Securetec_Logo_.png\",\"contentUrl\":\"https:\/\/www.securetec.net\/app\/uploads\/2018\/07\/Securetec_Logo_.png\",\"width\":411,\"height\":189,\"caption\":\"Securetec Detektions-Systeme AG\"},\"image\":{\"@id\":\"https:\/\/www.securetec.net\/de\/#\/schema\/logo\/image\/\"},\"sameAs\":[\"https:\/\/x.com\/DrugWipeUK\",\"https:\/\/www.linkedin.com\/company\/securetec\",\"https:\/\/www.youtube.com\/channel\/UCP9jQA-TYhtqanhaooppMqw\"]}]}<\/script>\n<!-- \/ Yoast SEO plugin. -->","yoast_head_json":{"title":"Schulung Drogenerkennung - Securetec Detektions-Systeme AG","description":"Wir unterst\u00fctzen unsere Kunden mit individuellen Schulungsangeboten zum Thema Drogenerkennung. Gerne stellen Ihnen unsere Referenten zum Thema Drogenerkennung Ihr individuelles Servicepaket zusammen.","robots":{"index":"index","follow":"follow","max-snippet":"max-snippet:-1","max-image-preview":"max-image-preview:large","max-video-preview":"max-video-preview:-1"},"canonical":"https:\/\/www.securetec.net\/de\/kundenloesungen\/drogenvortest-fuer-die-polizei\/schulung-drogenerkennung\/","og_locale":"de_DE","og_type":"article","og_title":"Schulung Drogenerkennung - Securetec Detektions-Systeme AG","og_description":"Wir unterst\u00fctzen unsere Kunden mit individuellen Schulungsangeboten zum Thema Drogenerkennung. Gerne stellen Ihnen unsere Referenten zum Thema Drogenerkennung Ihr individuelles Servicepaket zusammen.","og_url":"https:\/\/www.securetec.net\/de\/kundenloesungen\/drogenvortest-fuer-die-polizei\/schulung-drogenerkennung\/","og_site_name":"Securetec Detektions-Systeme AG","article_modified_time":"2021-05-03T16:56:54+00:00","twitter_card":"summary_large_image","twitter_site":"@DrugWipeUK","twitter_misc":{"Est. reading time":"1\u00a0Minute"},"schema":{"@context":"https:\/\/schema.org","@graph":[{"@type":"WebPage","@id":"https:\/\/www.securetec.net\/de\/kundenloesungen\/drogenvortest-fuer-die-polizei\/schulung-drogenerkennung\/","url":"https:\/\/www.securetec.net\/de\/kundenloesungen\/drogenvortest-fuer-die-polizei\/schulung-drogenerkennung\/","name":"Schulung Drogenerkennung - Securetec Detektions-Systeme AG","isPartOf":{"@id":"https:\/\/www.securetec.net\/de\/#website"},"datePublished":"2018-07-19T15:48:38+00:00","dateModified":"2021-05-03T16:56:54+00:00","description":"Wir unterst\u00fctzen unsere Kunden mit individuellen Schulungsangeboten zum Thema Drogenerkennung. Gerne stellen Ihnen unsere Referenten zum Thema Drogenerkennung Ihr individuelles Servicepaket zusammen.","breadcrumb":{"@id":"https:\/\/www.securetec.net\/de\/kundenloesungen\/drogenvortest-fuer-die-polizei\/schulung-drogenerkennung\/#breadcrumb"},"inLanguage":"de","potentialAction":[{"@type":"ReadAction","target":["https:\/\/www.securetec.net\/de\/kundenloesungen\/drogenvortest-fuer-die-polizei\/schulung-drogenerkennung\/"]}]},{"@type":"BreadcrumbList","@id":"https:\/\/www.securetec.net\/de\/kundenloesungen\/drogenvortest-fuer-die-polizei\/schulung-drogenerkennung\/#breadcrumb","itemListElement":[{"@type":"ListItem","position":1,"name":"Startseite","item":"https:\/\/www.securetec.net\/de\/"},{"@type":"ListItem","position":2,"name":"Kundenl\u00f6sungen","item":"https:\/\/www.securetec.net\/de\/kundenloesungen\/"},{"@type":"ListItem","position":3,"name":"Drogenvortest f\u00fcr die Polizei","item":"https:\/\/www.securetec.net\/de\/kundenloesungen\/drogenvortest-fuer-die-polizei\/"},{"@type":"ListItem","position":4,"name":"Schulung Drogenerkennung"}]},{"@type":"WebSite","@id":"https:\/\/www.securetec.net\/de\/#website","url":"https:\/\/www.securetec.net\/de\/","name":"Securetec Detektions-Systeme AG","description":"We detect to protect","publisher":{"@id":"https:\/\/www.securetec.net\/de\/#organization"},"potentialAction":[{"@type":"SearchAction","target":{"@type":"EntryPoint","urlTemplate":"https:\/\/www.securetec.net\/de\/?s={search_term_string}"},"query-input":{"@type":"PropertyValueSpecification","valueRequired":true,"valueName":"search_term_string"}}],"inLanguage":"de"},{"@type":"Organization","@id":"https:\/\/www.securetec.net\/de\/#organization","name":"Securetec Detektions-Systeme AG","url":"https:\/\/www.securetec.net\/de\/","logo":{"@type":"ImageObject","inLanguage":"de","@id":"https:\/\/www.securetec.net\/de\/#\/schema\/logo\/image\/","url":"https:\/\/www.securetec.net\/app\/uploads\/2018\/07\/Securetec_Logo_.png","contentUrl":"https:\/\/www.securetec.net\/app\/uploads\/2018\/07\/Securetec_Logo_.png","width":411,"height":189,"caption":"Securetec Detektions-Systeme AG"},"image":{"@id":"https:\/\/www.securetec.net\/de\/#\/schema\/logo\/image\/"},"sameAs":["https:\/\/x.com\/DrugWipeUK","https:\/\/www.linkedin.com\/company\/securetec","https:\/\/www.youtube.com\/channel\/UCP9jQA-TYhtqanhaooppMqw"]}]}},"_links":{"self":[{"href":"https:\/\/www.securetec.net\/de\/wp-json\/wp\/v2\/pages\/74","targetHints":{"allow":["GET"]}}],"collection":[{"href":"https:\/\/www.securetec.net\/de\/wp-json\/wp\/v2\/pages"}],"about":[{"href":"https:\/\/www.securetec.net\/de\/wp-json\/wp\/v2\/types\/page"}],"author":[{"embeddable":true,"href":"https:\/\/www.securetec.net\/de\/wp-json\/wp\/v2\/users\/1"}],"replies":[{"embeddable":true,"href":"https:\/\/www.securetec.net\/de\/wp-json\/wp\/v2\/comments?post=74"}],"version-history":[{"count":8,"href":"https:\/\/www.securetec.net\/de\/wp-json\/wp\/v2\/pages\/74\/revisions"}],"predecessor-version":[{"id":12308,"href":"https:\/\/www.securetec.net\/de\/wp-json\/wp\/v2\/pages\/74\/revisions\/12308"}],"up":[{"embeddable":true,"href":"https:\/\/www.securetec.net\/de\/wp-json\/wp\/v2\/pages\/70"}],"wp:attachment":[{"href":"https:\/\/www.securetec.net\/de\/wp-json\/wp\/v2\/media?parent=74"}],"curies":[{"name":"wp","href":"https:\/\/api.w.org\/{rel}","templated":true}]}}