{"id":70,"date":"2018-07-19T17:47:53","date_gmt":"2018-07-19T15:47:53","guid":{"rendered":"https:\/\/www.securetec.net\/?page_id=70"},"modified":"2021-05-03T18:24:10","modified_gmt":"2021-05-03T16:24:10","slug":"drogenvortest-fuer-die-polizei","status":"publish","type":"page","link":"https:\/\/www.securetec.net\/de\/kundenloesungen\/drogenvortest-fuer-die-polizei\/","title":{"rendered":"Drogenvortest f\u00fcr die Polizei"},"content":{"rendered":"<div class=\"wpb-content-wrapper\"><p>[vc_row][vc_column width=&#8220;2\/3&#8243;][vc_column_text]<\/p>\n<p class=\"p1\">Dank moderner Sicherheitstechnik und weit verbreiteter Alkohol- und Geschwindigkeitskontrollen sinkt die Zahl der Verkehrstoten europaweit seit Jahrzehnten. Fahren unter Drogeneinfluss stellt im Stra\u00dfenverkehr allerdings zunehmend eine erhebliche Gef\u00e4hrdung dar, und leider sind schwere Unf\u00e4lle mit Verletzten und Toten nicht selten auf Rauschmitteleinfluss zur\u00fcckzuf\u00fchren. Zudem gehen Experten von einer hohen Dunkelziffer aus, da Drogenkonsum zu einem festen Bestandteil unserer Gesellschaft geworden ist. Insbesondere durch den Konsum moderner Partydrogen, aber auch durch Medikamente wie Schlaf- und Beruhigungsmittel sind die entsprechenden Unfallzahlen in vielen Regionen gestiegen.<\/p>\n<p class=\"p1\"><b>Sicherheit im Fokus<br \/>\n<\/b>Unsere pers\u00f6nliche und gesellschaftliche Sicherheit ist heute zahlreichen Bedrohungen ausgesetzt. Jeder wirksame Schutz setzt voraus, dass diese Gefahren richtig eingesch\u00e4tzt werden k\u00f6nnen. Mobile Drogentests erm\u00f6glichen einen schnellen Nachweis vor Ort und sind weltweit Bestandteil von Pr\u00e4ventionskonzepten. Die Securetec AG stellt effiziente Produkte zum verl\u00e4sslichen Nachweis von Sucht- und Gefahrenstoffen bereit. Wir sind stolz darauf, einen wichtigen Beitrag f\u00fcr die Sicherheit von Menschen und Gesellschaft leisten zu k\u00f6nnen.<\/p>\n<p class=\"p1\"><b>Anwenderfreundlich, schnell, zuverl\u00e4ssig<br \/>\n<\/b>Mit den DrugWipe<sup>\u00ae<\/sup>\u00a0Drogenschnelltests der Securetec AG l\u00e4sst sich ein Anfangsverdacht bei Verkehrskontrollen schnell und zuverl\u00e4ssig erh\u00e4rten. Dank modernster Antik\u00f6rpertechnologie erfolgt der Nachweis im Speichel \u2013 ein Verfahren, das im Vergleich zu Urintests viele Vorteile aufweist und sowohl f\u00fcr die Beamtinnen und Beamten als auch f\u00fcr die Testpersonen deutlich angenehmer ist.<\/p>\n<p class=\"p1\">Unser DrugWipe<sup>\u00ae<\/sup>\u00a0weist den Konsum von Drogen hochspezifisch und sehr sensitiv nach, und so werden die Schnelltest-Ergebnisse mit gro\u00dfer Zuverl\u00e4ssigkeit durch die notwendigen, gerichtlich verwertbaren Laboranalysen best\u00e4tigt. Stra\u00dfenverkehrskontrollen und Laboruntersuchungen werden dadurch effizienter.<\/p>\n<h3 class=\"p1\">Handlicher Test im Hosentaschenformat<\/h3>\n<ul>\n<li class=\"li1\">Testergebnisse bereits nach 3-8 Minuten<\/li>\n<li class=\"li1\">Nachweis von sechs Drogenarten in einem einzigen Testvorgang<\/li>\n<li class=\"li1\">Einfache und hygienische Probenahme<\/li>\n<li class=\"li1\">Detektiert die unmittelbare Beeinflussung, nicht den Langzeitkonsum<\/li>\n<li class=\"li1\">Deutlich reduzierte Kontroll- und Laborkosten<\/li>\n<li class=\"li1\">Handlicher Test im Hosentaschenformat<\/li>\n<\/ul>\n<p><a href=\"\/?page_id=45\">&gt;&gt; DrugWipe<sup>\u00ae<\/sup>\u00a0Drogentests<\/a><\/p>\n<p><a href=\"\/?p=3481\">&gt;&gt; DrugWipe<sup>\u00ae<\/sup>\u00a0Speicheltests<\/a>[\/vc_column_text][\/vc_column][vc_column width=&#8220;1\/3&#8243; content_alignment=&#8220;right&#8220;][tm_image align=&#8220;right&#8220; image=&#8220;11522&#8243;][\/vc_column][\/vc_row]<\/p>\n<\/div>","protected":false},"excerpt":{"rendered":"[vc_row][vc_column width=&#8220;2\/3&#8243;][vc_column_text] Dank moderner Sicherheitstechnik und weit verbreiteter Alkohol- und Geschwindigkeitskontrollen sinkt die Zahl der Verkehrstoten europaweit seit Jahrzehnten. Fahren unter Drogeneinfluss stellt im Stra\u00dfenverkehr allerdings zunehmend eine erhebliche Gef\u00e4hrdung dar, und leider sind schwere Unf\u00e4lle mit Verletzten und Toten nicht selten auf Rauschmitteleinfluss zur\u00fcckzuf\u00fchren. Zudem gehen Experten von einer hohen Dunkelziffer aus, da Drogenkonsum zu einem festen Bestandteil unserer Gesellschaft geworden ist. Insbesondere durch den Konsum moderner Partydrogen, aber auch durch Medikamente wie Schlaf- und Beruhigungsmittel sind die entsprechenden Unfallzahlen in vielen Regionen gestiegen. Sicherheit im Fokus Unsere pers\u00f6nliche und gesellschaftliche Sicherheit ist heute zahlreichen Bedrohungen ausgesetzt. Jeder wirksame Schutz setzt voraus, dass diese Gefahren richtig eingesch\u00e4tzt werden k\u00f6nnen. Mobile Drogentests erm\u00f6glichen einen schnellen Nachweis vor Ort und sind weltweit Bestandteil von Pr\u00e4ventionskonzepten. Die Securetec AG stellt effiziente Produkte zum verl\u00e4sslichen Nachweis von Sucht- und Gefahrenstoffen bereit. Wir sind stolz darauf, einen wichtigen Beitrag f\u00fcr die Sicherheit von Menschen und Gesellschaft leisten zu k\u00f6nnen. Anwenderfreundlich, schnell, zuverl\u00e4ssig Mit den DrugWipe\u00ae\u00a0Drogenschnelltests der Securetec AG l\u00e4sst sich ein Anfangsverdacht bei Verkehrskontrollen schnell und zuverl\u00e4ssig erh\u00e4rten. Dank modernster Antik\u00f6rpertechnologie erfolgt der Nachweis im Speichel \u2013 ein Verfahren, das im Vergleich zu Urintests viele Vorteile aufweist und sowohl f\u00fcr die Beamtinnen und Beamten als auch f\u00fcr die Testpersonen deutlich angenehmer ist. Unser DrugWipe\u00ae\u00a0weist den Konsum von Drogen hochspezifisch und sehr sensitiv nach, und so werden die Schnelltest-Ergebnisse mit gro\u00dfer Zuverl\u00e4ssigkeit durch die notwendigen, gerichtlich verwertbaren Laboranalysen best\u00e4tigt. Stra\u00dfenverkehrskontrollen und Laboruntersuchungen werden dadurch effizienter. Handlicher Test im Hosentaschenformat Testergebnisse bereits nach 3-8 Minuten Nachweis von sechs Drogenarten in einem einzigen Testvorgang Einfache und hygienische Probenahme Detektiert die unmittelbare Beeinflussung, nicht den Langzeitkonsum Deutlich reduzierte Kontroll- und Laborkosten Handlicher Test im Hosentaschenformat &gt;&gt; DrugWipe\u00ae\u00a0Drogentests &gt;&gt; DrugWipe\u00ae\u00a0Speicheltests[\/vc_column_text][\/vc_column][vc_column width=&#8220;1\/3&#8243; content_alignment=&#8220;right&#8220;][tm_image align=&#8220;right&#8220; image=&#8220;11522&#8243;][\/vc_column][\/vc_row]","protected":false},"author":1,"featured_media":0,"parent":68,"menu_order":0,"comment_status":"closed","ping_status":"closed","template":"","meta":{"footnotes":""},"class_list":["post-70","page","type-page","status-publish","hentry"],"yoast_head":"<!-- This site is optimized with the Yoast SEO plugin v25.6 - https:\/\/yoast.com\/wordpress\/plugins\/seo\/ -->\n<title>Drogenvortest f\u00fcr die Polizei - Securetec Detektions-Systeme AG<\/title>\n<meta name=\"description\" content=\"Mit DrugWipe\u00ae\u00a0Drogenschnelltests der Securetec AG l\u00e4sst sich ein Anfangsverdacht bei Verkehrskontrollen schnell und zuverl\u00e4ssig erh\u00e4rten. Dank modernster antik\u00f6rperbasierter Nachweisverfahren erfolgt der Nachweis im Speichel\" \/>\n<meta name=\"robots\" content=\"index, follow, max-snippet:-1, max-image-preview:large, max-video-preview:-1\" \/>\n<link rel=\"canonical\" href=\"https:\/\/www.securetec.net\/de\/kundenloesungen\/drogenvortest-fuer-die-polizei\/\" \/>\n<meta property=\"og:locale\" content=\"de_DE\" \/>\n<meta property=\"og:type\" content=\"article\" \/>\n<meta property=\"og:title\" content=\"Drogenvortest f\u00fcr die Polizei - Securetec Detektions-Systeme AG\" \/>\n<meta property=\"og:description\" content=\"Mit DrugWipe\u00ae\u00a0Drogenschnelltests der Securetec AG l\u00e4sst sich ein Anfangsverdacht bei Verkehrskontrollen schnell und zuverl\u00e4ssig erh\u00e4rten. Dank modernster antik\u00f6rperbasierter Nachweisverfahren erfolgt der Nachweis im Speichel\" \/>\n<meta property=\"og:url\" content=\"https:\/\/www.securetec.net\/de\/kundenloesungen\/drogenvortest-fuer-die-polizei\/\" \/>\n<meta property=\"og:site_name\" content=\"Securetec Detektions-Systeme AG\" \/>\n<meta property=\"article:modified_time\" content=\"2021-05-03T16:24:10+00:00\" \/>\n<meta name=\"twitter:card\" content=\"summary_large_image\" \/>\n<meta name=\"twitter:site\" content=\"@DrugWipeUK\" \/>\n<meta name=\"twitter:label1\" content=\"Est. reading time\" \/>\n\t<meta name=\"twitter:data1\" content=\"2\u00a0Minuten\" \/>\n<script type=\"application\/ld+json\" class=\"yoast-schema-graph\">{\"@context\":\"https:\/\/schema.org\",\"@graph\":[{\"@type\":\"WebPage\",\"@id\":\"https:\/\/www.securetec.net\/de\/kundenloesungen\/drogenvortest-fuer-die-polizei\/\",\"url\":\"https:\/\/www.securetec.net\/de\/kundenloesungen\/drogenvortest-fuer-die-polizei\/\",\"name\":\"Drogenvortest f\u00fcr die Polizei - Securetec Detektions-Systeme AG\",\"isPartOf\":{\"@id\":\"https:\/\/www.securetec.net\/de\/#website\"},\"datePublished\":\"2018-07-19T15:47:53+00:00\",\"dateModified\":\"2021-05-03T16:24:10+00:00\",\"description\":\"Mit DrugWipe\u00ae\u00a0Drogenschnelltests der Securetec AG l\u00e4sst sich ein Anfangsverdacht bei Verkehrskontrollen schnell und zuverl\u00e4ssig erh\u00e4rten. Dank modernster antik\u00f6rperbasierter Nachweisverfahren erfolgt der Nachweis im Speichel\",\"breadcrumb\":{\"@id\":\"https:\/\/www.securetec.net\/de\/kundenloesungen\/drogenvortest-fuer-die-polizei\/#breadcrumb\"},\"inLanguage\":\"de\",\"potentialAction\":[{\"@type\":\"ReadAction\",\"target\":[\"https:\/\/www.securetec.net\/de\/kundenloesungen\/drogenvortest-fuer-die-polizei\/\"]}]},{\"@type\":\"BreadcrumbList\",\"@id\":\"https:\/\/www.securetec.net\/de\/kundenloesungen\/drogenvortest-fuer-die-polizei\/#breadcrumb\",\"itemListElement\":[{\"@type\":\"ListItem\",\"position\":1,\"name\":\"Startseite\",\"item\":\"https:\/\/www.securetec.net\/de\/\"},{\"@type\":\"ListItem\",\"position\":2,\"name\":\"Kundenl\u00f6sungen\",\"item\":\"https:\/\/www.securetec.net\/de\/kundenloesungen\/\"},{\"@type\":\"ListItem\",\"position\":3,\"name\":\"Drogenvortest f\u00fcr die Polizei\"}]},{\"@type\":\"WebSite\",\"@id\":\"https:\/\/www.securetec.net\/de\/#website\",\"url\":\"https:\/\/www.securetec.net\/de\/\",\"name\":\"Securetec Detektions-Systeme AG\",\"description\":\"We detect to protect\",\"publisher\":{\"@id\":\"https:\/\/www.securetec.net\/de\/#organization\"},\"potentialAction\":[{\"@type\":\"SearchAction\",\"target\":{\"@type\":\"EntryPoint\",\"urlTemplate\":\"https:\/\/www.securetec.net\/de\/?s={search_term_string}\"},\"query-input\":{\"@type\":\"PropertyValueSpecification\",\"valueRequired\":true,\"valueName\":\"search_term_string\"}}],\"inLanguage\":\"de\"},{\"@type\":\"Organization\",\"@id\":\"https:\/\/www.securetec.net\/de\/#organization\",\"name\":\"Securetec Detektions-Systeme AG\",\"url\":\"https:\/\/www.securetec.net\/de\/\",\"logo\":{\"@type\":\"ImageObject\",\"inLanguage\":\"de\",\"@id\":\"https:\/\/www.securetec.net\/de\/#\/schema\/logo\/image\/\",\"url\":\"https:\/\/www.securetec.net\/app\/uploads\/2018\/07\/Securetec_Logo_.png\",\"contentUrl\":\"https:\/\/www.securetec.net\/app\/uploads\/2018\/07\/Securetec_Logo_.png\",\"width\":411,\"height\":189,\"caption\":\"Securetec Detektions-Systeme AG\"},\"image\":{\"@id\":\"https:\/\/www.securetec.net\/de\/#\/schema\/logo\/image\/\"},\"sameAs\":[\"https:\/\/x.com\/DrugWipeUK\",\"https:\/\/www.linkedin.com\/company\/securetec\",\"https:\/\/www.youtube.com\/channel\/UCP9jQA-TYhtqanhaooppMqw\"]}]}<\/script>\n<!-- \/ Yoast SEO plugin. -->","yoast_head_json":{"title":"Drogenvortest f\u00fcr die Polizei - Securetec Detektions-Systeme AG","description":"Mit DrugWipe\u00ae\u00a0Drogenschnelltests der Securetec AG l\u00e4sst sich ein Anfangsverdacht bei Verkehrskontrollen schnell und zuverl\u00e4ssig erh\u00e4rten. Dank modernster antik\u00f6rperbasierter Nachweisverfahren erfolgt der Nachweis im Speichel","robots":{"index":"index","follow":"follow","max-snippet":"max-snippet:-1","max-image-preview":"max-image-preview:large","max-video-preview":"max-video-preview:-1"},"canonical":"https:\/\/www.securetec.net\/de\/kundenloesungen\/drogenvortest-fuer-die-polizei\/","og_locale":"de_DE","og_type":"article","og_title":"Drogenvortest f\u00fcr die Polizei - Securetec Detektions-Systeme AG","og_description":"Mit DrugWipe\u00ae\u00a0Drogenschnelltests der Securetec AG l\u00e4sst sich ein Anfangsverdacht bei Verkehrskontrollen schnell und zuverl\u00e4ssig erh\u00e4rten. Dank modernster antik\u00f6rperbasierter Nachweisverfahren erfolgt der Nachweis im Speichel","og_url":"https:\/\/www.securetec.net\/de\/kundenloesungen\/drogenvortest-fuer-die-polizei\/","og_site_name":"Securetec Detektions-Systeme AG","article_modified_time":"2021-05-03T16:24:10+00:00","twitter_card":"summary_large_image","twitter_site":"@DrugWipeUK","twitter_misc":{"Est. reading time":"2\u00a0Minuten"},"schema":{"@context":"https:\/\/schema.org","@graph":[{"@type":"WebPage","@id":"https:\/\/www.securetec.net\/de\/kundenloesungen\/drogenvortest-fuer-die-polizei\/","url":"https:\/\/www.securetec.net\/de\/kundenloesungen\/drogenvortest-fuer-die-polizei\/","name":"Drogenvortest f\u00fcr die Polizei - Securetec Detektions-Systeme AG","isPartOf":{"@id":"https:\/\/www.securetec.net\/de\/#website"},"datePublished":"2018-07-19T15:47:53+00:00","dateModified":"2021-05-03T16:24:10+00:00","description":"Mit DrugWipe\u00ae\u00a0Drogenschnelltests der Securetec AG l\u00e4sst sich ein Anfangsverdacht bei Verkehrskontrollen schnell und zuverl\u00e4ssig erh\u00e4rten. Dank modernster antik\u00f6rperbasierter Nachweisverfahren erfolgt der Nachweis im Speichel","breadcrumb":{"@id":"https:\/\/www.securetec.net\/de\/kundenloesungen\/drogenvortest-fuer-die-polizei\/#breadcrumb"},"inLanguage":"de","potentialAction":[{"@type":"ReadAction","target":["https:\/\/www.securetec.net\/de\/kundenloesungen\/drogenvortest-fuer-die-polizei\/"]}]},{"@type":"BreadcrumbList","@id":"https:\/\/www.securetec.net\/de\/kundenloesungen\/drogenvortest-fuer-die-polizei\/#breadcrumb","itemListElement":[{"@type":"ListItem","position":1,"name":"Startseite","item":"https:\/\/www.securetec.net\/de\/"},{"@type":"ListItem","position":2,"name":"Kundenl\u00f6sungen","item":"https:\/\/www.securetec.net\/de\/kundenloesungen\/"},{"@type":"ListItem","position":3,"name":"Drogenvortest f\u00fcr die Polizei"}]},{"@type":"WebSite","@id":"https:\/\/www.securetec.net\/de\/#website","url":"https:\/\/www.securetec.net\/de\/","name":"Securetec Detektions-Systeme AG","description":"We detect to protect","publisher":{"@id":"https:\/\/www.securetec.net\/de\/#organization"},"potentialAction":[{"@type":"SearchAction","target":{"@type":"EntryPoint","urlTemplate":"https:\/\/www.securetec.net\/de\/?s={search_term_string}"},"query-input":{"@type":"PropertyValueSpecification","valueRequired":true,"valueName":"search_term_string"}}],"inLanguage":"de"},{"@type":"Organization","@id":"https:\/\/www.securetec.net\/de\/#organization","name":"Securetec Detektions-Systeme AG","url":"https:\/\/www.securetec.net\/de\/","logo":{"@type":"ImageObject","inLanguage":"de","@id":"https:\/\/www.securetec.net\/de\/#\/schema\/logo\/image\/","url":"https:\/\/www.securetec.net\/app\/uploads\/2018\/07\/Securetec_Logo_.png","contentUrl":"https:\/\/www.securetec.net\/app\/uploads\/2018\/07\/Securetec_Logo_.png","width":411,"height":189,"caption":"Securetec Detektions-Systeme AG"},"image":{"@id":"https:\/\/www.securetec.net\/de\/#\/schema\/logo\/image\/"},"sameAs":["https:\/\/x.com\/DrugWipeUK","https:\/\/www.linkedin.com\/company\/securetec","https:\/\/www.youtube.com\/channel\/UCP9jQA-TYhtqanhaooppMqw"]}]}},"_links":{"self":[{"href":"https:\/\/www.securetec.net\/de\/wp-json\/wp\/v2\/pages\/70","targetHints":{"allow":["GET"]}}],"collection":[{"href":"https:\/\/www.securetec.net\/de\/wp-json\/wp\/v2\/pages"}],"about":[{"href":"https:\/\/www.securetec.net\/de\/wp-json\/wp\/v2\/types\/page"}],"author":[{"embeddable":true,"href":"https:\/\/www.securetec.net\/de\/wp-json\/wp\/v2\/users\/1"}],"replies":[{"embeddable":true,"href":"https:\/\/www.securetec.net\/de\/wp-json\/wp\/v2\/comments?post=70"}],"version-history":[{"count":15,"href":"https:\/\/www.securetec.net\/de\/wp-json\/wp\/v2\/pages\/70\/revisions"}],"predecessor-version":[{"id":12302,"href":"https:\/\/www.securetec.net\/de\/wp-json\/wp\/v2\/pages\/70\/revisions\/12302"}],"up":[{"embeddable":true,"href":"https:\/\/www.securetec.net\/de\/wp-json\/wp\/v2\/pages\/68"}],"wp:attachment":[{"href":"https:\/\/www.securetec.net\/de\/wp-json\/wp\/v2\/media?parent=70"}],"curies":[{"name":"wp","href":"https:\/\/api.w.org\/{rel}","templated":true}]}}