{"id":6964,"date":"2018-11-09T11:37:20","date_gmt":"2018-11-09T10:37:20","guid":{"rendered":"https:\/\/www.securetec.net\/?page_id=6964"},"modified":"2025-08-12T08:24:28","modified_gmt":"2025-08-12T06:24:28","slug":"securetec-partner","status":"publish","type":"page","link":"https:\/\/www.securetec.net\/de\/unternehmen\/marketing-und-vertrieb\/securetec-partner\/","title":{"rendered":"Securetec Partner"},"content":{"rendered":"<div class=\"wpb-content-wrapper\"><p>[vc_row][vc_column width=&#8220;2\/3&#8243;][vc_column_text css=&#8220;&#8220;]Global erfolgreich, verf\u00fcgt die Securetec Detektions-Systeme AG \u00fcber ein weltweites Netzwerk von f\u00fchrenden Vertriebspartnern und Entscheidungstr\u00e4gern. Die enge partnerschaftliche Zusammenarbeit mit Tochterunternehmen und Partnern rund um den Globus erm\u00f6glicht es Securetec, fr\u00fchzeitig auf internationale Technologietrends, Weiterentwicklungen in der Anwendung und ver\u00e4nderte Gesetzgebungen zu reagieren.<\/p>\n<p>Unsere etablierten Gesch\u00e4ftsbeziehungen tragen wesentlich zu unserem Erfolg bei und sind entscheidend f\u00fcr die schnelle Einf\u00fchrung neuer Produkte im Beh\u00f6rdenmarkt und bei privaten Unternehmen.<\/p>\n<p>F\u00fcr n\u00e4here Informationen zu unseren weltweiten Aktivit\u00e4ten senden Sie uns bitte eine schriftliche Anfrage.<\/p>\n<h2>Chancen nutzen &#8211; Neuer Partner werden<\/h2>\n<p>Sie m\u00f6chten\u00a0Securetec Partner werden? Wir erweitern unser erfolgreiches globales Vertriebsnetz stetig und freuen uns, von Ihnen zu h\u00f6ren. Senden Sie uns einfach Ihr aussagekr\u00e4ftiges Firmenprofil zu. Wir informieren Sie gerne \u00fcber weitere Details zu unserem Vertriebsnetzwerk und die M\u00f6glichkeiten unsere Produkte zu vertreiben.<\/p>\n<p>Haben wir Ihr Interesse geweckt? Bitte schicken Sie uns Ihre Anfrage \u00fcber unser <strong><a href=\"\/?page_id=104\">&gt;&gt; Kontaktformular<\/a><\/strong><\/p>\n<h2>Unsere Produkte<\/h2>\n<ul>\n<li><a href=\"https:\/\/www.securetec.net\/de\/drogentest\/\">Drogentest \u00dcberblick<\/a><\/li>\n<li><a href=\"https:\/\/www.securetec.net\/de\/produkte\/speicheltest\/\">Speicheltest Drogen<\/a><\/li>\n<li><a href=\"https:\/\/www.securetec.net\/de\/produkte\/oberflaechentest-drogen\/\">Oberfl\u00e4chentest Drogen<\/a><\/li>\n<li><a href=\"https:\/\/www.securetec.net\/de\/produkte\/drogenwischtest\/\">Drogenwischtest<\/a><\/li>\n<\/ul>\n<p>[\/vc_column_text][\/vc_column][vc_column width=&#8220;1\/3&#8243;][tm_image align=&#8220;center&#8220; image=&#8220;16381&#8243;][tm_spacer size=&#8220;lg:30&#8243;][vc_column_text css=&#8220;&#8220;]<\/p>\n<h3>Kontaktinformationen<\/h3>\n<p class=\"p1\">Securetec AG<br \/>\nStephanie Konopac<br \/>\nLilienthalstra\u00dfe 7<br \/>\n85579 Neubiberg<br \/>\nEmail:\u00a0info@securetec.net<br \/>\nTel: +49 (0)89 203080 1651<br \/>\nFax: +49 (0)89 203080 1652<\/p>\n<p>[\/vc_column_text][\/vc_column][\/vc_row]<\/p>\n<\/div>","protected":false},"excerpt":{"rendered":"[vc_row][vc_column width=&#8220;2\/3&#8243;][vc_column_text css=&#8220;&#8220;]Global erfolgreich, verf\u00fcgt die Securetec Detektions-Systeme AG \u00fcber ein weltweites Netzwerk von f\u00fchrenden Vertriebspartnern und Entscheidungstr\u00e4gern. Die enge partnerschaftliche Zusammenarbeit mit Tochterunternehmen und Partnern rund um den Globus erm\u00f6glicht es Securetec, fr\u00fchzeitig auf internationale Technologietrends, Weiterentwicklungen in der Anwendung und ver\u00e4nderte Gesetzgebungen zu reagieren. Unsere etablierten Gesch\u00e4ftsbeziehungen tragen wesentlich zu unserem Erfolg bei und sind entscheidend f\u00fcr die schnelle Einf\u00fchrung neuer Produkte im Beh\u00f6rdenmarkt und bei privaten Unternehmen. F\u00fcr n\u00e4here Informationen zu unseren weltweiten Aktivit\u00e4ten senden Sie uns bitte eine schriftliche Anfrage. Chancen nutzen &#8211; Neuer Partner werden Sie m\u00f6chten\u00a0Securetec Partner werden? Wir erweitern unser erfolgreiches globales Vertriebsnetz stetig und freuen uns, von Ihnen zu h\u00f6ren. Senden Sie uns einfach Ihr aussagekr\u00e4ftiges Firmenprofil zu. Wir informieren Sie gerne \u00fcber weitere Details zu unserem Vertriebsnetzwerk und die M\u00f6glichkeiten unsere Produkte zu vertreiben. Haben wir Ihr Interesse geweckt? Bitte schicken Sie uns Ihre Anfrage \u00fcber unser &gt;&gt; Kontaktformular Unsere Produkte Drogentest \u00dcberblick Speicheltest Drogen Oberfl\u00e4chentest Drogen Drogenwischtest [\/vc_column_text][\/vc_column][vc_column width=&#8220;1\/3&#8243;][tm_image align=&#8220;center&#8220; image=&#8220;16381&#8243;][tm_spacer size=&#8220;lg:30&#8243;][vc_column_text css=&#8220;&#8220;] Kontaktinformationen Securetec AG Stephanie Konopac Lilienthalstra\u00dfe 7 85579 Neubiberg Email:\u00a0info@securetec.net Tel: +49 (0)89 203080 1651 Fax: +49 (0)89 203080 1652 [\/vc_column_text][\/vc_column][\/vc_row]","protected":false},"author":6,"featured_media":0,"parent":35,"menu_order":0,"comment_status":"closed","ping_status":"closed","template":"","meta":{"footnotes":""},"class_list":["post-6964","page","type-page","status-publish","hentry"],"yoast_head":"<!-- This site is optimized with the Yoast SEO plugin v25.6 - https:\/\/yoast.com\/wordpress\/plugins\/seo\/ -->\n<title>Securetec Partner - Securetec Detektions-Systeme AG<\/title>\n<meta name=\"robots\" content=\"index, follow, max-snippet:-1, max-image-preview:large, max-video-preview:-1\" \/>\n<link rel=\"canonical\" href=\"https:\/\/www.securetec.net\/de\/unternehmen\/marketing-und-vertrieb\/securetec-partner\/\" \/>\n<meta property=\"og:locale\" content=\"de_DE\" \/>\n<meta property=\"og:type\" content=\"article\" \/>\n<meta property=\"og:title\" content=\"Securetec Partner - Securetec Detektions-Systeme AG\" \/>\n<meta property=\"og:url\" content=\"https:\/\/www.securetec.net\/de\/unternehmen\/marketing-und-vertrieb\/securetec-partner\/\" \/>\n<meta property=\"og:site_name\" content=\"Securetec Detektions-Systeme AG\" \/>\n<meta property=\"article:modified_time\" content=\"2025-08-12T06:24:28+00:00\" \/>\n<meta name=\"twitter:card\" content=\"summary_large_image\" \/>\n<meta name=\"twitter:site\" content=\"@DrugWipeUK\" \/>\n<meta name=\"twitter:label1\" content=\"Est. reading time\" \/>\n\t<meta name=\"twitter:data1\" content=\"2\u00a0Minuten\" \/>\n<script type=\"application\/ld+json\" class=\"yoast-schema-graph\">{\"@context\":\"https:\/\/schema.org\",\"@graph\":[{\"@type\":\"WebPage\",\"@id\":\"https:\/\/www.securetec.net\/de\/unternehmen\/marketing-und-vertrieb\/securetec-partner\/\",\"url\":\"https:\/\/www.securetec.net\/de\/unternehmen\/marketing-und-vertrieb\/securetec-partner\/\",\"name\":\"Securetec Partner - Securetec Detektions-Systeme AG\",\"isPartOf\":{\"@id\":\"https:\/\/www.securetec.net\/de\/#website\"},\"datePublished\":\"2018-11-09T10:37:20+00:00\",\"dateModified\":\"2025-08-12T06:24:28+00:00\",\"breadcrumb\":{\"@id\":\"https:\/\/www.securetec.net\/de\/unternehmen\/marketing-und-vertrieb\/securetec-partner\/#breadcrumb\"},\"inLanguage\":\"de\",\"potentialAction\":[{\"@type\":\"ReadAction\",\"target\":[\"https:\/\/www.securetec.net\/de\/unternehmen\/marketing-und-vertrieb\/securetec-partner\/\"]}]},{\"@type\":\"BreadcrumbList\",\"@id\":\"https:\/\/www.securetec.net\/de\/unternehmen\/marketing-und-vertrieb\/securetec-partner\/#breadcrumb\",\"itemListElement\":[{\"@type\":\"ListItem\",\"position\":1,\"name\":\"Startseite\",\"item\":\"https:\/\/www.securetec.net\/de\/\"},{\"@type\":\"ListItem\",\"position\":2,\"name\":\"Unternehmen\",\"item\":\"https:\/\/www.securetec.net\/de\/unternehmen\/\"},{\"@type\":\"ListItem\",\"position\":3,\"name\":\"Marketing &#038; Vertrieb\",\"item\":\"https:\/\/www.securetec.net\/de\/unternehmen\/marketing-und-vertrieb\/\"},{\"@type\":\"ListItem\",\"position\":4,\"name\":\"Securetec Partner\"}]},{\"@type\":\"WebSite\",\"@id\":\"https:\/\/www.securetec.net\/de\/#website\",\"url\":\"https:\/\/www.securetec.net\/de\/\",\"name\":\"Securetec Detektions-Systeme AG\",\"description\":\"We detect to protect\",\"publisher\":{\"@id\":\"https:\/\/www.securetec.net\/de\/#organization\"},\"potentialAction\":[{\"@type\":\"SearchAction\",\"target\":{\"@type\":\"EntryPoint\",\"urlTemplate\":\"https:\/\/www.securetec.net\/de\/?s={search_term_string}\"},\"query-input\":{\"@type\":\"PropertyValueSpecification\",\"valueRequired\":true,\"valueName\":\"search_term_string\"}}],\"inLanguage\":\"de\"},{\"@type\":\"Organization\",\"@id\":\"https:\/\/www.securetec.net\/de\/#organization\",\"name\":\"Securetec Detektions-Systeme AG\",\"url\":\"https:\/\/www.securetec.net\/de\/\",\"logo\":{\"@type\":\"ImageObject\",\"inLanguage\":\"de\",\"@id\":\"https:\/\/www.securetec.net\/de\/#\/schema\/logo\/image\/\",\"url\":\"https:\/\/www.securetec.net\/app\/uploads\/2018\/07\/Securetec_Logo_.png\",\"contentUrl\":\"https:\/\/www.securetec.net\/app\/uploads\/2018\/07\/Securetec_Logo_.png\",\"width\":411,\"height\":189,\"caption\":\"Securetec Detektions-Systeme AG\"},\"image\":{\"@id\":\"https:\/\/www.securetec.net\/de\/#\/schema\/logo\/image\/\"},\"sameAs\":[\"https:\/\/x.com\/DrugWipeUK\",\"https:\/\/www.linkedin.com\/company\/securetec\",\"https:\/\/www.youtube.com\/channel\/UCP9jQA-TYhtqanhaooppMqw\"]}]}<\/script>\n<!-- \/ Yoast SEO plugin. -->","yoast_head_json":{"title":"Securetec Partner - Securetec Detektions-Systeme AG","robots":{"index":"index","follow":"follow","max-snippet":"max-snippet:-1","max-image-preview":"max-image-preview:large","max-video-preview":"max-video-preview:-1"},"canonical":"https:\/\/www.securetec.net\/de\/unternehmen\/marketing-und-vertrieb\/securetec-partner\/","og_locale":"de_DE","og_type":"article","og_title":"Securetec Partner - Securetec Detektions-Systeme AG","og_url":"https:\/\/www.securetec.net\/de\/unternehmen\/marketing-und-vertrieb\/securetec-partner\/","og_site_name":"Securetec Detektions-Systeme AG","article_modified_time":"2025-08-12T06:24:28+00:00","twitter_card":"summary_large_image","twitter_site":"@DrugWipeUK","twitter_misc":{"Est. reading time":"2\u00a0Minuten"},"schema":{"@context":"https:\/\/schema.org","@graph":[{"@type":"WebPage","@id":"https:\/\/www.securetec.net\/de\/unternehmen\/marketing-und-vertrieb\/securetec-partner\/","url":"https:\/\/www.securetec.net\/de\/unternehmen\/marketing-und-vertrieb\/securetec-partner\/","name":"Securetec Partner - Securetec Detektions-Systeme AG","isPartOf":{"@id":"https:\/\/www.securetec.net\/de\/#website"},"datePublished":"2018-11-09T10:37:20+00:00","dateModified":"2025-08-12T06:24:28+00:00","breadcrumb":{"@id":"https:\/\/www.securetec.net\/de\/unternehmen\/marketing-und-vertrieb\/securetec-partner\/#breadcrumb"},"inLanguage":"de","potentialAction":[{"@type":"ReadAction","target":["https:\/\/www.securetec.net\/de\/unternehmen\/marketing-und-vertrieb\/securetec-partner\/"]}]},{"@type":"BreadcrumbList","@id":"https:\/\/www.securetec.net\/de\/unternehmen\/marketing-und-vertrieb\/securetec-partner\/#breadcrumb","itemListElement":[{"@type":"ListItem","position":1,"name":"Startseite","item":"https:\/\/www.securetec.net\/de\/"},{"@type":"ListItem","position":2,"name":"Unternehmen","item":"https:\/\/www.securetec.net\/de\/unternehmen\/"},{"@type":"ListItem","position":3,"name":"Marketing &#038; Vertrieb","item":"https:\/\/www.securetec.net\/de\/unternehmen\/marketing-und-vertrieb\/"},{"@type":"ListItem","position":4,"name":"Securetec Partner"}]},{"@type":"WebSite","@id":"https:\/\/www.securetec.net\/de\/#website","url":"https:\/\/www.securetec.net\/de\/","name":"Securetec Detektions-Systeme AG","description":"We detect to protect","publisher":{"@id":"https:\/\/www.securetec.net\/de\/#organization"},"potentialAction":[{"@type":"SearchAction","target":{"@type":"EntryPoint","urlTemplate":"https:\/\/www.securetec.net\/de\/?s={search_term_string}"},"query-input":{"@type":"PropertyValueSpecification","valueRequired":true,"valueName":"search_term_string"}}],"inLanguage":"de"},{"@type":"Organization","@id":"https:\/\/www.securetec.net\/de\/#organization","name":"Securetec Detektions-Systeme AG","url":"https:\/\/www.securetec.net\/de\/","logo":{"@type":"ImageObject","inLanguage":"de","@id":"https:\/\/www.securetec.net\/de\/#\/schema\/logo\/image\/","url":"https:\/\/www.securetec.net\/app\/uploads\/2018\/07\/Securetec_Logo_.png","contentUrl":"https:\/\/www.securetec.net\/app\/uploads\/2018\/07\/Securetec_Logo_.png","width":411,"height":189,"caption":"Securetec Detektions-Systeme AG"},"image":{"@id":"https:\/\/www.securetec.net\/de\/#\/schema\/logo\/image\/"},"sameAs":["https:\/\/x.com\/DrugWipeUK","https:\/\/www.linkedin.com\/company\/securetec","https:\/\/www.youtube.com\/channel\/UCP9jQA-TYhtqanhaooppMqw"]}]}},"_links":{"self":[{"href":"https:\/\/www.securetec.net\/de\/wp-json\/wp\/v2\/pages\/6964","targetHints":{"allow":["GET"]}}],"collection":[{"href":"https:\/\/www.securetec.net\/de\/wp-json\/wp\/v2\/pages"}],"about":[{"href":"https:\/\/www.securetec.net\/de\/wp-json\/wp\/v2\/types\/page"}],"author":[{"embeddable":true,"href":"https:\/\/www.securetec.net\/de\/wp-json\/wp\/v2\/users\/6"}],"replies":[{"embeddable":true,"href":"https:\/\/www.securetec.net\/de\/wp-json\/wp\/v2\/comments?post=6964"}],"version-history":[{"count":12,"href":"https:\/\/www.securetec.net\/de\/wp-json\/wp\/v2\/pages\/6964\/revisions"}],"predecessor-version":[{"id":16523,"href":"https:\/\/www.securetec.net\/de\/wp-json\/wp\/v2\/pages\/6964\/revisions\/16523"}],"up":[{"embeddable":true,"href":"https:\/\/www.securetec.net\/de\/wp-json\/wp\/v2\/pages\/35"}],"wp:attachment":[{"href":"https:\/\/www.securetec.net\/de\/wp-json\/wp\/v2\/media?parent=6964"}],"curies":[{"name":"wp","href":"https:\/\/api.w.org\/{rel}","templated":true}]}}