{"id":68,"date":"2018-07-19T17:47:25","date_gmt":"2018-07-19T15:47:25","guid":{"rendered":"https:\/\/www.securetec.net\/?page_id=68"},"modified":"2021-05-17T17:37:26","modified_gmt":"2021-05-17T15:37:26","slug":"kundenloesungen","status":"publish","type":"page","link":"https:\/\/www.securetec.net\/de\/kundenloesungen\/","title":{"rendered":"Kundenl\u00f6sungen"},"content":{"rendered":"<div class=\"wpb-content-wrapper\"><p>[vc_row equal_height=&#8220;yes&#8220; content_placement=&#8220;top&#8220; el_class=&#8220;sec-row-box&#8220; lg_spacing=&#8220;margin_bottom:50&#8243;][vc_column width=&#8220;1\/4&#8243;][tm_box_icon style=&#8220;13&#8243; icon_type=&#8220;linea_svg&#8220; icon_linea_svg=&#8220;linea-basic-helm&#8220; box_link=&#8220;url:https%3A%2F%2Fwww.securetec.net%2Fde%2Fkundenloesungen%2Fverkehrssicherheit%2F|||&#8220; heading=&#8220;Drogenvortest f\u00fcr die Polizei&#8220; link=&#8220;url:https%3A%2F%2Fwww.securetec.net%2Fde%2Fkundenloesungen%2Fverkehrssicherheit%2F|||&#8220; text=&#8220;\u02c3 Drogenvortest f\u00fcr die Polizei<br \/>\n\u02c3 Drogen am Steuer<br \/>\n\u02c3 Schulung Drogenerkennung&#8220;][\/vc_column][vc_column width=&#8220;1\/4&#8243;][tm_box_icon style=&#8220;13&#8243; icon_type=&#8220;linea_svg&#8220; icon_linea_svg=&#8220;linea-basic-accelerator&#8220; box_link=&#8220;url:https%3A%2F%2Fwww.securetec.net%2Fde%2Fkundenloesungen%2Ffahndung-grenzkontrollen%2F|||&#8220; heading=&#8220;Drogenschnelltests in der Kriminaltechnik&#8220; link=&#8220;url:https%3A%2F%2Fwww.securetec.net%2Fde%2Fkundenloesungen%2Ffahndung-grenzkontrollen%2F|||&#8220; text=&#8220;\u02c3 Drogenschnelltests in der Kriminaltechnik<br \/>\n\u02c3 Drogennachweis in der Kriminaltechnik&#8220;][\/vc_column][vc_column width=&#8220;1\/4&#8243;][tm_box_icon style=&#8220;13&#8243; icon_type=&#8220;linea_svg&#8220; icon_linea_svg=&#8220;linea-basic-case&#8220; box_link=&#8220;url:https%3A%2F%2Fwww.securetec.net%2Fde%2Fkundenloesungen%2Fdrogen-am-arbeitsplatz%2F|||&#8220; heading=&#8220;Drogenscreening in Unternehmen&#8220; link=&#8220;url:https%3A%2F%2Fwww.securetec.net%2Fde%2Fkundenloesungen%2Fdrogen-am-arbeitsplatz%2F|||&#8220; text=&#8220;\u02c3 Drogenscreening in Unternehmen<br \/>\n\u02c3 Suchtpr\u00e4vention<br \/>\n\u02c3 Drogenscreenings &#8211; Unser Leistungsspektrum&#8220;][\/vc_column][vc_column width=&#8220;1\/4&#8243;][tm_box_icon style=&#8220;13&#8243; icon_type=&#8220;linea_svg&#8220; icon_linea_svg=&#8220;linea-basic-heart&#8220; box_link=&#8220;url:https%3A%2F%2Fwww.securetec.net%2Fde%2Fkundenloesungen%2Fpoint-of-care-diagnostik%2F|||&#8220; heading=&#8220;Point-of-Care Diagnostik&#8220; link=&#8220;url:https%3A%2F%2Fwww.securetec.net%2Fde%2Fkundenloesungen%2Fpoint-of-care-diagnostik%2F|||&#8220; text=&#8220;\u02c3 Cholinesterase Monitoring<br \/>\n\u02c3 Fr\u00fchdiagnose in der Wehrmedizin<br \/>\n\u02c3 Point-of-Care Testing mit Immunoassays&#8220;][\/vc_column][\/vc_row]<\/p>\n<\/div>","protected":false},"excerpt":{"rendered":"[vc_row equal_height=&#8220;yes&#8220; content_placement=&#8220;top&#8220; el_class=&#8220;sec-row-box&#8220; lg_spacing=&#8220;margin_bottom:50&#8243;][vc_column width=&#8220;1\/4&#8243;][tm_box_icon style=&#8220;13&#8243; icon_type=&#8220;linea_svg&#8220; icon_linea_svg=&#8220;linea-basic-helm&#8220; box_link=&#8220;url:https%3A%2F%2Fwww.securetec.net%2Fde%2Fkundenloesungen%2Fverkehrssicherheit%2F|||&#8220; heading=&#8220;Drogenvortest f\u00fcr die Polizei&#8220; link=&#8220;url:https%3A%2F%2Fwww.securetec.net%2Fde%2Fkundenloesungen%2Fverkehrssicherheit%2F|||&#8220; text=&#8220;\u02c3 Drogenvortest f\u00fcr die Polizei \u02c3 Drogen am Steuer \u02c3 Schulung Drogenerkennung&#8220;][\/vc_column][vc_column width=&#8220;1\/4&#8243;][tm_box_icon style=&#8220;13&#8243; icon_type=&#8220;linea_svg&#8220; icon_linea_svg=&#8220;linea-basic-accelerator&#8220; box_link=&#8220;url:https%3A%2F%2Fwww.securetec.net%2Fde%2Fkundenloesungen%2Ffahndung-grenzkontrollen%2F|||&#8220; heading=&#8220;Drogenschnelltests in der Kriminaltechnik&#8220; link=&#8220;url:https%3A%2F%2Fwww.securetec.net%2Fde%2Fkundenloesungen%2Ffahndung-grenzkontrollen%2F|||&#8220; text=&#8220;\u02c3 Drogenschnelltests in der Kriminaltechnik \u02c3 Drogennachweis in der Kriminaltechnik&#8220;][\/vc_column][vc_column width=&#8220;1\/4&#8243;][tm_box_icon style=&#8220;13&#8243; icon_type=&#8220;linea_svg&#8220; icon_linea_svg=&#8220;linea-basic-case&#8220; box_link=&#8220;url:https%3A%2F%2Fwww.securetec.net%2Fde%2Fkundenloesungen%2Fdrogen-am-arbeitsplatz%2F|||&#8220; heading=&#8220;Drogenscreening in Unternehmen&#8220; link=&#8220;url:https%3A%2F%2Fwww.securetec.net%2Fde%2Fkundenloesungen%2Fdrogen-am-arbeitsplatz%2F|||&#8220; text=&#8220;\u02c3 Drogenscreening in Unternehmen \u02c3 Suchtpr\u00e4vention \u02c3 Drogenscreenings &#8211; Unser Leistungsspektrum&#8220;][\/vc_column][vc_column width=&#8220;1\/4&#8243;][tm_box_icon style=&#8220;13&#8243; icon_type=&#8220;linea_svg&#8220; icon_linea_svg=&#8220;linea-basic-heart&#8220; box_link=&#8220;url:https%3A%2F%2Fwww.securetec.net%2Fde%2Fkundenloesungen%2Fpoint-of-care-diagnostik%2F|||&#8220; heading=&#8220;Point-of-Care Diagnostik&#8220; link=&#8220;url:https%3A%2F%2Fwww.securetec.net%2Fde%2Fkundenloesungen%2Fpoint-of-care-diagnostik%2F|||&#8220; text=&#8220;\u02c3 Cholinesterase Monitoring \u02c3 Fr\u00fchdiagnose in der Wehrmedizin \u02c3 Point-of-Care Testing mit Immunoassays&#8220;][\/vc_column][\/vc_row]","protected":false},"author":1,"featured_media":0,"parent":0,"menu_order":0,"comment_status":"closed","ping_status":"closed","template":"","meta":{"footnotes":""},"class_list":["post-68","page","type-page","status-publish","hentry"],"yoast_head":"<!-- This site is optimized with the Yoast SEO plugin v25.6 - https:\/\/yoast.com\/wordpress\/plugins\/seo\/ -->\n<title>Kundenl\u00f6sungen - Securetec Detektions-Systeme AG<\/title>\n<meta name=\"description\" content=\"Referenzen: Detektion von Drogen, Molek\u00fclen und Microorganismen. Securetec ist Kooperationspartner f\u00fcr Sicherheitsbeh\u00f6rden, Unternehmen der freien Wirtschaft sowie der wehrmedizinische Forschung. Unsere Kernkompetenzen sind Drogenschnelltests\" \/>\n<meta name=\"robots\" content=\"index, follow, max-snippet:-1, max-image-preview:large, max-video-preview:-1\" \/>\n<link rel=\"canonical\" href=\"https:\/\/www.securetec.net\/de\/kundenloesungen\/\" \/>\n<meta property=\"og:locale\" content=\"de_DE\" \/>\n<meta property=\"og:type\" content=\"article\" \/>\n<meta property=\"og:title\" content=\"Kundenl\u00f6sungen - Securetec Detektions-Systeme AG\" \/>\n<meta property=\"og:description\" content=\"Referenzen: Detektion von Drogen, Molek\u00fclen und Microorganismen. Securetec ist Kooperationspartner f\u00fcr Sicherheitsbeh\u00f6rden, Unternehmen der freien Wirtschaft sowie der wehrmedizinische Forschung. Unsere Kernkompetenzen sind Drogenschnelltests\" \/>\n<meta property=\"og:url\" content=\"https:\/\/www.securetec.net\/de\/kundenloesungen\/\" \/>\n<meta property=\"og:site_name\" content=\"Securetec Detektions-Systeme AG\" \/>\n<meta property=\"article:modified_time\" content=\"2021-05-17T15:37:26+00:00\" \/>\n<meta name=\"twitter:card\" content=\"summary_large_image\" \/>\n<meta name=\"twitter:site\" content=\"@DrugWipeUK\" \/>\n<meta name=\"twitter:label1\" content=\"Est. reading time\" \/>\n\t<meta name=\"twitter:data1\" content=\"1\u00a0Minute\" \/>\n<script type=\"application\/ld+json\" class=\"yoast-schema-graph\">{\"@context\":\"https:\/\/schema.org\",\"@graph\":[{\"@type\":\"WebPage\",\"@id\":\"https:\/\/www.securetec.net\/de\/kundenloesungen\/\",\"url\":\"https:\/\/www.securetec.net\/de\/kundenloesungen\/\",\"name\":\"Kundenl\u00f6sungen - Securetec Detektions-Systeme AG\",\"isPartOf\":{\"@id\":\"https:\/\/www.securetec.net\/de\/#website\"},\"datePublished\":\"2018-07-19T15:47:25+00:00\",\"dateModified\":\"2021-05-17T15:37:26+00:00\",\"description\":\"Referenzen: Detektion von Drogen, Molek\u00fclen und Microorganismen. Securetec ist Kooperationspartner f\u00fcr Sicherheitsbeh\u00f6rden, Unternehmen der freien Wirtschaft sowie der wehrmedizinische Forschung. Unsere Kernkompetenzen sind Drogenschnelltests\",\"breadcrumb\":{\"@id\":\"https:\/\/www.securetec.net\/de\/kundenloesungen\/#breadcrumb\"},\"inLanguage\":\"de\",\"potentialAction\":[{\"@type\":\"ReadAction\",\"target\":[\"https:\/\/www.securetec.net\/de\/kundenloesungen\/\"]}]},{\"@type\":\"BreadcrumbList\",\"@id\":\"https:\/\/www.securetec.net\/de\/kundenloesungen\/#breadcrumb\",\"itemListElement\":[{\"@type\":\"ListItem\",\"position\":1,\"name\":\"Startseite\",\"item\":\"https:\/\/www.securetec.net\/de\/\"},{\"@type\":\"ListItem\",\"position\":2,\"name\":\"Kundenl\u00f6sungen\"}]},{\"@type\":\"WebSite\",\"@id\":\"https:\/\/www.securetec.net\/de\/#website\",\"url\":\"https:\/\/www.securetec.net\/de\/\",\"name\":\"Securetec Detektions-Systeme AG\",\"description\":\"We detect to protect\",\"publisher\":{\"@id\":\"https:\/\/www.securetec.net\/de\/#organization\"},\"potentialAction\":[{\"@type\":\"SearchAction\",\"target\":{\"@type\":\"EntryPoint\",\"urlTemplate\":\"https:\/\/www.securetec.net\/de\/?s={search_term_string}\"},\"query-input\":{\"@type\":\"PropertyValueSpecification\",\"valueRequired\":true,\"valueName\":\"search_term_string\"}}],\"inLanguage\":\"de\"},{\"@type\":\"Organization\",\"@id\":\"https:\/\/www.securetec.net\/de\/#organization\",\"name\":\"Securetec Detektions-Systeme AG\",\"url\":\"https:\/\/www.securetec.net\/de\/\",\"logo\":{\"@type\":\"ImageObject\",\"inLanguage\":\"de\",\"@id\":\"https:\/\/www.securetec.net\/de\/#\/schema\/logo\/image\/\",\"url\":\"https:\/\/www.securetec.net\/app\/uploads\/2018\/07\/Securetec_Logo_.png\",\"contentUrl\":\"https:\/\/www.securetec.net\/app\/uploads\/2018\/07\/Securetec_Logo_.png\",\"width\":411,\"height\":189,\"caption\":\"Securetec Detektions-Systeme AG\"},\"image\":{\"@id\":\"https:\/\/www.securetec.net\/de\/#\/schema\/logo\/image\/\"},\"sameAs\":[\"https:\/\/x.com\/DrugWipeUK\",\"https:\/\/www.linkedin.com\/company\/securetec\",\"https:\/\/www.youtube.com\/channel\/UCP9jQA-TYhtqanhaooppMqw\"]}]}<\/script>\n<!-- \/ Yoast SEO plugin. -->","yoast_head_json":{"title":"Kundenl\u00f6sungen - Securetec Detektions-Systeme AG","description":"Referenzen: Detektion von Drogen, Molek\u00fclen und Microorganismen. Securetec ist Kooperationspartner f\u00fcr Sicherheitsbeh\u00f6rden, Unternehmen der freien Wirtschaft sowie der wehrmedizinische Forschung. Unsere Kernkompetenzen sind Drogenschnelltests","robots":{"index":"index","follow":"follow","max-snippet":"max-snippet:-1","max-image-preview":"max-image-preview:large","max-video-preview":"max-video-preview:-1"},"canonical":"https:\/\/www.securetec.net\/de\/kundenloesungen\/","og_locale":"de_DE","og_type":"article","og_title":"Kundenl\u00f6sungen - Securetec Detektions-Systeme AG","og_description":"Referenzen: Detektion von Drogen, Molek\u00fclen und Microorganismen. Securetec ist Kooperationspartner f\u00fcr Sicherheitsbeh\u00f6rden, Unternehmen der freien Wirtschaft sowie der wehrmedizinische Forschung. Unsere Kernkompetenzen sind Drogenschnelltests","og_url":"https:\/\/www.securetec.net\/de\/kundenloesungen\/","og_site_name":"Securetec Detektions-Systeme AG","article_modified_time":"2021-05-17T15:37:26+00:00","twitter_card":"summary_large_image","twitter_site":"@DrugWipeUK","twitter_misc":{"Est. reading time":"1\u00a0Minute"},"schema":{"@context":"https:\/\/schema.org","@graph":[{"@type":"WebPage","@id":"https:\/\/www.securetec.net\/de\/kundenloesungen\/","url":"https:\/\/www.securetec.net\/de\/kundenloesungen\/","name":"Kundenl\u00f6sungen - Securetec Detektions-Systeme AG","isPartOf":{"@id":"https:\/\/www.securetec.net\/de\/#website"},"datePublished":"2018-07-19T15:47:25+00:00","dateModified":"2021-05-17T15:37:26+00:00","description":"Referenzen: Detektion von Drogen, Molek\u00fclen und Microorganismen. Securetec ist Kooperationspartner f\u00fcr Sicherheitsbeh\u00f6rden, Unternehmen der freien Wirtschaft sowie der wehrmedizinische Forschung. Unsere Kernkompetenzen sind Drogenschnelltests","breadcrumb":{"@id":"https:\/\/www.securetec.net\/de\/kundenloesungen\/#breadcrumb"},"inLanguage":"de","potentialAction":[{"@type":"ReadAction","target":["https:\/\/www.securetec.net\/de\/kundenloesungen\/"]}]},{"@type":"BreadcrumbList","@id":"https:\/\/www.securetec.net\/de\/kundenloesungen\/#breadcrumb","itemListElement":[{"@type":"ListItem","position":1,"name":"Startseite","item":"https:\/\/www.securetec.net\/de\/"},{"@type":"ListItem","position":2,"name":"Kundenl\u00f6sungen"}]},{"@type":"WebSite","@id":"https:\/\/www.securetec.net\/de\/#website","url":"https:\/\/www.securetec.net\/de\/","name":"Securetec Detektions-Systeme AG","description":"We detect to protect","publisher":{"@id":"https:\/\/www.securetec.net\/de\/#organization"},"potentialAction":[{"@type":"SearchAction","target":{"@type":"EntryPoint","urlTemplate":"https:\/\/www.securetec.net\/de\/?s={search_term_string}"},"query-input":{"@type":"PropertyValueSpecification","valueRequired":true,"valueName":"search_term_string"}}],"inLanguage":"de"},{"@type":"Organization","@id":"https:\/\/www.securetec.net\/de\/#organization","name":"Securetec Detektions-Systeme AG","url":"https:\/\/www.securetec.net\/de\/","logo":{"@type":"ImageObject","inLanguage":"de","@id":"https:\/\/www.securetec.net\/de\/#\/schema\/logo\/image\/","url":"https:\/\/www.securetec.net\/app\/uploads\/2018\/07\/Securetec_Logo_.png","contentUrl":"https:\/\/www.securetec.net\/app\/uploads\/2018\/07\/Securetec_Logo_.png","width":411,"height":189,"caption":"Securetec Detektions-Systeme AG"},"image":{"@id":"https:\/\/www.securetec.net\/de\/#\/schema\/logo\/image\/"},"sameAs":["https:\/\/x.com\/DrugWipeUK","https:\/\/www.linkedin.com\/company\/securetec","https:\/\/www.youtube.com\/channel\/UCP9jQA-TYhtqanhaooppMqw"]}]}},"_links":{"self":[{"href":"https:\/\/www.securetec.net\/de\/wp-json\/wp\/v2\/pages\/68","targetHints":{"allow":["GET"]}}],"collection":[{"href":"https:\/\/www.securetec.net\/de\/wp-json\/wp\/v2\/pages"}],"about":[{"href":"https:\/\/www.securetec.net\/de\/wp-json\/wp\/v2\/types\/page"}],"author":[{"embeddable":true,"href":"https:\/\/www.securetec.net\/de\/wp-json\/wp\/v2\/users\/1"}],"replies":[{"embeddable":true,"href":"https:\/\/www.securetec.net\/de\/wp-json\/wp\/v2\/comments?post=68"}],"version-history":[{"count":38,"href":"https:\/\/www.securetec.net\/de\/wp-json\/wp\/v2\/pages\/68\/revisions"}],"predecessor-version":[{"id":12492,"href":"https:\/\/www.securetec.net\/de\/wp-json\/wp\/v2\/pages\/68\/revisions\/12492"}],"wp:attachment":[{"href":"https:\/\/www.securetec.net\/de\/wp-json\/wp\/v2\/media?parent=68"}],"curies":[{"name":"wp","href":"https:\/\/api.w.org\/{rel}","templated":true}]}}