{"id":6320,"date":"2018-09-20T01:22:47","date_gmt":"2018-09-19T23:22:47","guid":{"rendered":"https:\/\/www.securetec.net\/?page_id=6320"},"modified":"2023-03-27T12:42:18","modified_gmt":"2023-03-27T10:42:18","slug":"links-zur-drogensituation-praevention","status":"publish","type":"page","link":"https:\/\/www.securetec.net\/de\/unternehmen\/news\/links-zur-drogensituation-praevention\/","title":{"rendered":"Links zur Drogensituation &#038; Pr\u00e4vention"},"content":{"rendered":"<div class=\"wpb-content-wrapper\"><p>[vc_row lg_spacing=&#8220;margin_bottom:40&#8243;][vc_column][vc_column_text]<\/p>\n<h3>Internationale Aufkl\u00e4rungskampagnen zum Thema Drogen<\/h3>\n<p>[\/vc_column_text][\/vc_column][\/vc_row][vc_row equal_height=&#8220;yes&#8220; lg_spacing=&#8220;margin_bottom:40&#8243;][vc_column width=&#8220;1\/2&#8243; lg_spacing=&#8220;margin_right:20;padding_top:0;padding_right:0;padding_bottom:0;padding_left:0&#8243;][vc_row_inner lg_spacing=&#8220;border_top:2;border_right:2;border_bottom:2;border_left:2;padding_top:0;padding_right:0;padding_bottom:0;padding_left:0&#8243;][vc_column_inner width=&#8220;1\/2&#8243;][vc_column_text css=&#8220;.vc_custom_1679913604309{padding-top: 20px !important;padding-bottom: 20px !important;padding-left: 10px !important;}&#8220;]<strong>Xperiment with drugs<\/strong><\/p>\n<p>Kreative Aufkl\u00e4rungskampagne des Canadian Centre on Substance Abuse\/Kanada, Juni 2011, \u00a9 CCSA,\u00a0<a title=\"www.ccsa.ca\" href=\"http:\/\/www.ccsa.ca\/\" target=\"_blank\" rel=\"noopener\">www.ccsa.ca<\/a>[\/vc_column_text][\/vc_column_inner][vc_column_inner width=&#8220;1\/2&#8243;][tm_image align=&#8220;right&#8220; image=&#8220;5302&#8243;][\/vc_column_inner][\/vc_row_inner][\/vc_column][vc_column width=&#8220;1\/2&#8243; lg_spacing=&#8220;margin_left:20;padding_top:0;padding_right:0;padding_bottom:0;padding_left:0&#8243;][vc_row_inner lg_spacing=&#8220;border_top:2;border_right:2;border_bottom:2;border_left:2;padding_top:0;padding_right:0;padding_bottom:0;padding_left:0&#8243;][vc_column_inner width=&#8220;1\/2&#8243;][vc_column_text css=&#8220;.vc_custom_1679913589610{padding-top: 20px !important;padding-bottom: 20px !important;padding-left: 10px !important;}&#8220;]<strong>Drug Driving. You won&#8217;t get away with it<\/strong><\/p>\n<p>&#8222;Zero Accidents on the Road, Hong Kong&#8217;s Goal &#8230;&#8220;, broadcasted in Youtube 2012, \u00a9 Road Safety Council Hong Kong,\u00a0<a title=\"www.roadsafety.gov.hk\/eng\/\" href=\"http:\/\/www.roadsafety.gov.hk\/eng\/\" target=\"_blank\" rel=\"noopener\">www.roadsafety.gov.hk\/eng\/<\/a><\/p>\n<p><strong><a title=\"Drug Driving. You won't get away with it \" href=\"http:\/\/www.youtube.com\/watch?v=20lEsU66X_I\" target=\"_blank\" rel=\"noopener\">\u00bb watch Video (eng)<\/a><\/strong>[\/vc_column_text][\/vc_column_inner][vc_column_inner width=&#8220;1\/2&#8243;][tm_image align=&#8220;right&#8220; image=&#8220;5314&#8243; lg_spacing=&#8220;padding_top:0;padding_right:0;padding_bottom:0&#8243;][\/vc_column_inner][\/vc_row_inner][\/vc_column][\/vc_row][vc_row lg_spacing=&#8220;margin_bottom:40&#8243;][vc_column][vc_column_text]<\/p>\n<h3>Aufkl\u00e4rung und Pr\u00e4vention<\/h3>\n<p><a title=\"Zur Homepage von www.drugcom.de\" href=\"http:\/\/www.drugcom.de\/\" target=\"_blank\" rel=\"noopener\">&gt;&gt; Alles \u00fcber Drogen: drugcom.de<\/a><\/p>\n<p><a title=\"Zur Homepage des suchtmittel.de\" href=\"http:\/\/www.suchtmittel.de\/\" target=\"_blank\" rel=\"noopener\">&gt;&gt; Sucht und Drogen allgemein: suchtmittel.de<\/a><\/p>\n<p><a title=\"Zur Homepage der www.bzga.de\" href=\"http:\/\/www.bzga.de\/service\/beratungsstellen\/suchtprobleme\/\" target=\"_blank\" rel=\"noopener\">&gt;&gt; Beratungsstellen Sucht: bzga.de<\/a><\/p>\n<p><a title=\"Zur Homepage des BADS\" href=\"http:\/\/www.bads.de\/\" target=\"_blank\" rel=\"noopener\">&gt;&gt; Bund gegen Alkohol und Drogen am Steuer: bads.de<\/a><\/p>\n<p><a title=\"Zur Homepage von drogenbeauftragte.de\" href=\"http:\/\/drogenbeauftragte.de\/\" target=\"_blank\" rel=\"noopener\">&gt;&gt; Drogenbeauftragte der Bundesregierung: drogenbeauftragte.de<\/a><\/p>\n<p><a title=\"Zur Homepage von drogen-und-du.de\" href=\"http:\/\/www.drogen-und-du.de\/Index1.htm\" target=\"_blank\" rel=\"noopener\">&gt;&gt; Initiative \u201eDrogen und Du&#8220;: drogen-und-du.de<\/a>[\/vc_column_text][\/vc_column][\/vc_row][vc_row lg_spacing=&#8220;margin_bottom:40&#8243;][vc_column][vc_column_text]<\/p>\n<h3>Drogensituation und Trends<\/h3>\n<p><a title=\"Zur Homepage von www.dbdd.de\" href=\"http:\/\/www.dbdd.de\/\" target=\"_blank\" rel=\"noopener\">&gt;&gt; Deutsche Beobachtungsstelle f\u00fcr Drogen und Drogensucht (Nationaler Jahresbericht)<\/a><\/p>\n<p><a title=\"Zur Homepage wikipedia.org\" href=\"http:\/\/de.wikipedia.org\/wiki\/Fahren_unter_Einfluss_psychoaktiver_Substanzen\" target=\"_blank\" rel=\"noopener\">&gt;&gt; Fahren unter Einfluss psychoaktiver Substanzen<\/a><\/p>\n<p><a title=\"Zur Homepage www.emcdda.europa.eu\" href=\"http:\/\/www.emcdda.europa.eu\/\" target=\"_blank\" rel=\"noopener\">&gt;&gt; EU Monitoring Zentrum f\u00fcr Drogen und Drogensucht<\/a><\/p>\n<p><a title=\"Zur Homepage von tiaft.org\" href=\"http:\/\/www.tiaft.org\/\" target=\"_blank\" rel=\"noopener\">&gt;&gt; The International Association of Forensic Toxicologists &#8211; TIAFT<\/a>[\/vc_column_text][\/vc_column][\/vc_row][vc_row][vc_column][vc_column_text]<\/p>\n<h3>Drogen und Recht<\/h3>\n<p><a title=\"Zur Homepagebetaeubungsmittelrecht.info\" href=\"http:\/\/www.betaeubungsmittelrecht.info\/\" target=\"_blank\" rel=\"noopener\">&gt;&gt; Bet\u00e4ubungsmittelrecht<\/a><\/p>\n<p><a title=\"Zur Homepage europa.eu\" href=\"http:\/\/europa.eu\/legislation_summaries\/justice_freedom_security\/combating_drugs\/index_de.htm\" target=\"_blank\" rel=\"noopener\">&gt;&gt; Zusammenfassung der EU-Gesetzgebung<\/a><\/p>\n<p><a href=\"https:\/\/www.roadpol.eu\/\">&gt;&gt; European Roads Policing Network &#8211; ROADPOL<\/a>[\/vc_column_text][\/vc_column][\/vc_row]<\/p>\n<\/div>","protected":false},"excerpt":{"rendered":"[vc_row lg_spacing=&#8220;margin_bottom:40&#8243;][vc_column][vc_column_text] Internationale Aufkl\u00e4rungskampagnen zum Thema Drogen [\/vc_column_text][\/vc_column][\/vc_row][vc_row equal_height=&#8220;yes&#8220; lg_spacing=&#8220;margin_bottom:40&#8243;][vc_column width=&#8220;1\/2&#8243; lg_spacing=&#8220;margin_right:20;padding_top:0;padding_right:0;padding_bottom:0;padding_left:0&#8243;][vc_row_inner lg_spacing=&#8220;border_top:2;border_right:2;border_bottom:2;border_left:2;padding_top:0;padding_right:0;padding_bottom:0;padding_left:0&#8243;][vc_column_inner width=&#8220;1\/2&#8243;][vc_column_text css=&#8220;.vc_custom_1679913604309{padding-top: 20px !important;padding-bottom: 20px !important;padding-left: 10px !important;}&#8220;]Xperiment with drugs Kreative Aufkl\u00e4rungskampagne des Canadian Centre on Substance Abuse\/Kanada, Juni 2011, \u00a9 CCSA,\u00a0www.ccsa.ca[\/vc_column_text][\/vc_column_inner][vc_column_inner width=&#8220;1\/2&#8243;][tm_image align=&#8220;right&#8220; image=&#8220;5302&#8243;][\/vc_column_inner][\/vc_row_inner][\/vc_column][vc_column width=&#8220;1\/2&#8243; lg_spacing=&#8220;margin_left:20;padding_top:0;padding_right:0;padding_bottom:0;padding_left:0&#8243;][vc_row_inner lg_spacing=&#8220;border_top:2;border_right:2;border_bottom:2;border_left:2;padding_top:0;padding_right:0;padding_bottom:0;padding_left:0&#8243;][vc_column_inner width=&#8220;1\/2&#8243;][vc_column_text css=&#8220;.vc_custom_1679913589610{padding-top: 20px !important;padding-bottom: 20px !important;padding-left: 10px !important;}&#8220;]Drug Driving. You won&#8217;t get away with it &#8222;Zero Accidents on the Road, Hong Kong&#8217;s Goal &#8230;&#8220;, broadcasted in Youtube 2012, \u00a9 Road Safety Council Hong Kong,\u00a0www.roadsafety.gov.hk\/eng\/ \u00bb watch Video (eng)[\/vc_column_text][\/vc_column_inner][vc_column_inner width=&#8220;1\/2&#8243;][tm_image align=&#8220;right&#8220; image=&#8220;5314&#8243; lg_spacing=&#8220;padding_top:0;padding_right:0;padding_bottom:0&#8243;][\/vc_column_inner][\/vc_row_inner][\/vc_column][\/vc_row][vc_row lg_spacing=&#8220;margin_bottom:40&#8243;][vc_column][vc_column_text] Aufkl\u00e4rung und Pr\u00e4vention &gt;&gt; Alles \u00fcber Drogen: drugcom.de &gt;&gt; Sucht und Drogen allgemein: suchtmittel.de &gt;&gt; Beratungsstellen Sucht: bzga.de &gt;&gt; Bund gegen Alkohol und Drogen am Steuer: bads.de &gt;&gt; Drogenbeauftragte der Bundesregierung: drogenbeauftragte.de &gt;&gt; Initiative \u201eDrogen und Du&#8220;: drogen-und-du.de[\/vc_column_text][\/vc_column][\/vc_row][vc_row lg_spacing=&#8220;margin_bottom:40&#8243;][vc_column][vc_column_text] Drogensituation und Trends &gt;&gt; Deutsche Beobachtungsstelle f\u00fcr Drogen und Drogensucht (Nationaler Jahresbericht) &gt;&gt; Fahren unter Einfluss psychoaktiver Substanzen &gt;&gt; EU Monitoring Zentrum f\u00fcr Drogen und Drogensucht &gt;&gt; The International Association of Forensic Toxicologists &#8211; TIAFT[\/vc_column_text][\/vc_column][\/vc_row][vc_row][vc_column][vc_column_text] Drogen und Recht &gt;&gt; Bet\u00e4ubungsmittelrecht &gt;&gt; Zusammenfassung der EU-Gesetzgebung &gt;&gt; European Roads Policing Network &#8211; ROADPOL[\/vc_column_text][\/vc_column][\/vc_row]","protected":false},"author":3,"featured_media":0,"parent":37,"menu_order":0,"comment_status":"closed","ping_status":"closed","template":"","meta":{"footnotes":""},"class_list":["post-6320","page","type-page","status-publish","hentry"],"yoast_head":"<!-- This site is optimized with the Yoast SEO plugin v25.6 - https:\/\/yoast.com\/wordpress\/plugins\/seo\/ -->\n<title>Links zur Drogensituation &amp; Pr\u00e4vention - Securetec Detektions-Systeme AG<\/title>\n<meta name=\"robots\" content=\"index, follow, max-snippet:-1, max-image-preview:large, max-video-preview:-1\" \/>\n<link rel=\"canonical\" href=\"https:\/\/www.securetec.net\/de\/unternehmen\/news\/links-zur-drogensituation-praevention\/\" \/>\n<meta property=\"og:locale\" content=\"de_DE\" \/>\n<meta property=\"og:type\" content=\"article\" \/>\n<meta property=\"og:title\" content=\"Links zur Drogensituation &amp; Pr\u00e4vention - Securetec Detektions-Systeme AG\" \/>\n<meta property=\"og:url\" content=\"https:\/\/www.securetec.net\/de\/unternehmen\/news\/links-zur-drogensituation-praevention\/\" \/>\n<meta property=\"og:site_name\" content=\"Securetec Detektions-Systeme AG\" \/>\n<meta property=\"article:modified_time\" content=\"2023-03-27T10:42:18+00:00\" \/>\n<meta name=\"twitter:card\" content=\"summary_large_image\" \/>\n<meta name=\"twitter:site\" content=\"@DrugWipeUK\" \/>\n<meta name=\"twitter:label1\" content=\"Est. reading time\" \/>\n\t<meta name=\"twitter:data1\" content=\"1\u00a0Minute\" \/>\n<script type=\"application\/ld+json\" class=\"yoast-schema-graph\">{\"@context\":\"https:\/\/schema.org\",\"@graph\":[{\"@type\":\"WebPage\",\"@id\":\"https:\/\/www.securetec.net\/de\/unternehmen\/news\/links-zur-drogensituation-praevention\/\",\"url\":\"https:\/\/www.securetec.net\/de\/unternehmen\/news\/links-zur-drogensituation-praevention\/\",\"name\":\"Links zur Drogensituation & Pr\u00e4vention - Securetec Detektions-Systeme AG\",\"isPartOf\":{\"@id\":\"https:\/\/www.securetec.net\/de\/#website\"},\"datePublished\":\"2018-09-19T23:22:47+00:00\",\"dateModified\":\"2023-03-27T10:42:18+00:00\",\"breadcrumb\":{\"@id\":\"https:\/\/www.securetec.net\/de\/unternehmen\/news\/links-zur-drogensituation-praevention\/#breadcrumb\"},\"inLanguage\":\"de\",\"potentialAction\":[{\"@type\":\"ReadAction\",\"target\":[\"https:\/\/www.securetec.net\/de\/unternehmen\/news\/links-zur-drogensituation-praevention\/\"]}]},{\"@type\":\"BreadcrumbList\",\"@id\":\"https:\/\/www.securetec.net\/de\/unternehmen\/news\/links-zur-drogensituation-praevention\/#breadcrumb\",\"itemListElement\":[{\"@type\":\"ListItem\",\"position\":1,\"name\":\"Startseite\",\"item\":\"https:\/\/www.securetec.net\/de\/\"},{\"@type\":\"ListItem\",\"position\":2,\"name\":\"Unternehmen\",\"item\":\"https:\/\/www.securetec.net\/de\/unternehmen\/\"},{\"@type\":\"ListItem\",\"position\":3,\"name\":\"News\",\"item\":\"https:\/\/www.securetec.net\/de\/unternehmen\/news\/\"},{\"@type\":\"ListItem\",\"position\":4,\"name\":\"Links zur Drogensituation &#038; Pr\u00e4vention\"}]},{\"@type\":\"WebSite\",\"@id\":\"https:\/\/www.securetec.net\/de\/#website\",\"url\":\"https:\/\/www.securetec.net\/de\/\",\"name\":\"Securetec Detektions-Systeme AG\",\"description\":\"We detect to protect\",\"publisher\":{\"@id\":\"https:\/\/www.securetec.net\/de\/#organization\"},\"potentialAction\":[{\"@type\":\"SearchAction\",\"target\":{\"@type\":\"EntryPoint\",\"urlTemplate\":\"https:\/\/www.securetec.net\/de\/?s={search_term_string}\"},\"query-input\":{\"@type\":\"PropertyValueSpecification\",\"valueRequired\":true,\"valueName\":\"search_term_string\"}}],\"inLanguage\":\"de\"},{\"@type\":\"Organization\",\"@id\":\"https:\/\/www.securetec.net\/de\/#organization\",\"name\":\"Securetec Detektions-Systeme AG\",\"url\":\"https:\/\/www.securetec.net\/de\/\",\"logo\":{\"@type\":\"ImageObject\",\"inLanguage\":\"de\",\"@id\":\"https:\/\/www.securetec.net\/de\/#\/schema\/logo\/image\/\",\"url\":\"https:\/\/www.securetec.net\/app\/uploads\/2018\/07\/Securetec_Logo_.png\",\"contentUrl\":\"https:\/\/www.securetec.net\/app\/uploads\/2018\/07\/Securetec_Logo_.png\",\"width\":411,\"height\":189,\"caption\":\"Securetec Detektions-Systeme AG\"},\"image\":{\"@id\":\"https:\/\/www.securetec.net\/de\/#\/schema\/logo\/image\/\"},\"sameAs\":[\"https:\/\/x.com\/DrugWipeUK\",\"https:\/\/www.linkedin.com\/company\/securetec\",\"https:\/\/www.youtube.com\/channel\/UCP9jQA-TYhtqanhaooppMqw\"]}]}<\/script>\n<!-- \/ Yoast SEO plugin. -->","yoast_head_json":{"title":"Links zur Drogensituation & Pr\u00e4vention - Securetec Detektions-Systeme AG","robots":{"index":"index","follow":"follow","max-snippet":"max-snippet:-1","max-image-preview":"max-image-preview:large","max-video-preview":"max-video-preview:-1"},"canonical":"https:\/\/www.securetec.net\/de\/unternehmen\/news\/links-zur-drogensituation-praevention\/","og_locale":"de_DE","og_type":"article","og_title":"Links zur Drogensituation & Pr\u00e4vention - Securetec Detektions-Systeme AG","og_url":"https:\/\/www.securetec.net\/de\/unternehmen\/news\/links-zur-drogensituation-praevention\/","og_site_name":"Securetec Detektions-Systeme AG","article_modified_time":"2023-03-27T10:42:18+00:00","twitter_card":"summary_large_image","twitter_site":"@DrugWipeUK","twitter_misc":{"Est. reading time":"1\u00a0Minute"},"schema":{"@context":"https:\/\/schema.org","@graph":[{"@type":"WebPage","@id":"https:\/\/www.securetec.net\/de\/unternehmen\/news\/links-zur-drogensituation-praevention\/","url":"https:\/\/www.securetec.net\/de\/unternehmen\/news\/links-zur-drogensituation-praevention\/","name":"Links zur Drogensituation & Pr\u00e4vention - Securetec Detektions-Systeme AG","isPartOf":{"@id":"https:\/\/www.securetec.net\/de\/#website"},"datePublished":"2018-09-19T23:22:47+00:00","dateModified":"2023-03-27T10:42:18+00:00","breadcrumb":{"@id":"https:\/\/www.securetec.net\/de\/unternehmen\/news\/links-zur-drogensituation-praevention\/#breadcrumb"},"inLanguage":"de","potentialAction":[{"@type":"ReadAction","target":["https:\/\/www.securetec.net\/de\/unternehmen\/news\/links-zur-drogensituation-praevention\/"]}]},{"@type":"BreadcrumbList","@id":"https:\/\/www.securetec.net\/de\/unternehmen\/news\/links-zur-drogensituation-praevention\/#breadcrumb","itemListElement":[{"@type":"ListItem","position":1,"name":"Startseite","item":"https:\/\/www.securetec.net\/de\/"},{"@type":"ListItem","position":2,"name":"Unternehmen","item":"https:\/\/www.securetec.net\/de\/unternehmen\/"},{"@type":"ListItem","position":3,"name":"News","item":"https:\/\/www.securetec.net\/de\/unternehmen\/news\/"},{"@type":"ListItem","position":4,"name":"Links zur Drogensituation &#038; Pr\u00e4vention"}]},{"@type":"WebSite","@id":"https:\/\/www.securetec.net\/de\/#website","url":"https:\/\/www.securetec.net\/de\/","name":"Securetec Detektions-Systeme AG","description":"We detect to protect","publisher":{"@id":"https:\/\/www.securetec.net\/de\/#organization"},"potentialAction":[{"@type":"SearchAction","target":{"@type":"EntryPoint","urlTemplate":"https:\/\/www.securetec.net\/de\/?s={search_term_string}"},"query-input":{"@type":"PropertyValueSpecification","valueRequired":true,"valueName":"search_term_string"}}],"inLanguage":"de"},{"@type":"Organization","@id":"https:\/\/www.securetec.net\/de\/#organization","name":"Securetec Detektions-Systeme AG","url":"https:\/\/www.securetec.net\/de\/","logo":{"@type":"ImageObject","inLanguage":"de","@id":"https:\/\/www.securetec.net\/de\/#\/schema\/logo\/image\/","url":"https:\/\/www.securetec.net\/app\/uploads\/2018\/07\/Securetec_Logo_.png","contentUrl":"https:\/\/www.securetec.net\/app\/uploads\/2018\/07\/Securetec_Logo_.png","width":411,"height":189,"caption":"Securetec Detektions-Systeme AG"},"image":{"@id":"https:\/\/www.securetec.net\/de\/#\/schema\/logo\/image\/"},"sameAs":["https:\/\/x.com\/DrugWipeUK","https:\/\/www.linkedin.com\/company\/securetec","https:\/\/www.youtube.com\/channel\/UCP9jQA-TYhtqanhaooppMqw"]}]}},"_links":{"self":[{"href":"https:\/\/www.securetec.net\/de\/wp-json\/wp\/v2\/pages\/6320","targetHints":{"allow":["GET"]}}],"collection":[{"href":"https:\/\/www.securetec.net\/de\/wp-json\/wp\/v2\/pages"}],"about":[{"href":"https:\/\/www.securetec.net\/de\/wp-json\/wp\/v2\/types\/page"}],"author":[{"embeddable":true,"href":"https:\/\/www.securetec.net\/de\/wp-json\/wp\/v2\/users\/3"}],"replies":[{"embeddable":true,"href":"https:\/\/www.securetec.net\/de\/wp-json\/wp\/v2\/comments?post=6320"}],"version-history":[{"count":7,"href":"https:\/\/www.securetec.net\/de\/wp-json\/wp\/v2\/pages\/6320\/revisions"}],"predecessor-version":[{"id":14093,"href":"https:\/\/www.securetec.net\/de\/wp-json\/wp\/v2\/pages\/6320\/revisions\/14093"}],"up":[{"embeddable":true,"href":"https:\/\/www.securetec.net\/de\/wp-json\/wp\/v2\/pages\/37"}],"wp:attachment":[{"href":"https:\/\/www.securetec.net\/de\/wp-json\/wp\/v2\/media?parent=6320"}],"curies":[{"name":"wp","href":"https:\/\/api.w.org\/{rel}","templated":true}]}}