{"id":62,"date":"2018-07-19T17:45:53","date_gmt":"2018-07-19T15:45:53","guid":{"rendered":"https:\/\/www.securetec.net\/?page_id=62"},"modified":"2019-01-07T17:05:31","modified_gmt":"2019-01-07T16:05:31","slug":"diagnostische-schnelltests","status":"publish","type":"page","link":"https:\/\/www.securetec.net\/de\/diagnostische-schnelltests\/","title":{"rendered":"Point-of-Care Test"},"content":{"rendered":"<div class=\"wpb-content-wrapper\"><p>[vc_row lg_spacing=&#8220;margin_top:40&#8243;][vc_column][tm_heading tag=&#8220;h1&#8243; custom_google_font=&#8220;&#8220; align=&#8220;center&#8220; text_color=&#8220;primary_color&#8220; text=&#8220;Point-of-Care Tests \/ Diagnostische Tests&#8220; css=&#8220;.vc_custom_1539035862350{margin-bottom: 10px !important;}&#8220;][vc_column_text]<\/p>\n<p style=\"text-align: center;\">Anwenderfreundliche Point-of-Care Tests wie Immunoassays, IVD Schnelltests oder auch eine ger\u00e4tebasierte L\u00f6sungen f\u00fcr das <strong>Point-of-Care Testing<\/strong> sind unsere Welt. Mit ma\u00dfgeschneiderten <strong>Point-Of-Care Tests<\/strong> kommt man schneller und einfacher zum Ergebnis. Wir \u00fcbernehmen die Entwicklung und Produktion bzw. unterst\u00fctzen Sie bei der Optimierung eines Assays, Teststreifens etc. zum Nachweis von Enzymen, Hormonen, Viren, Bakterien, Kampfstoffen oder anderen Analyten.<\/p>\n<p>[\/vc_column_text][\/vc_column][\/vc_row][vc_row lg_spacing=&#8220;margin_top:40&#8243;][vc_column][vc_basic_grid post_type=&#8220;sec_produkte&#8220; max_items=&#8220;9&#8243; style=&#8220;load-more&#8220; items_per_page=&#8220;9&#8243; show_filter=&#8220;yes&#8220; orderby=&#8220;ID&#8220; filter_color=&#8220;white&#8220; filter_size=&#8220;xs&#8220; initial_loading_animation=&#8220;slideInUp&#8220; btn_style=&#8220;outline&#8220; btn_color=&#8220;primary&#8220; btn_align=&#8220;center&#8220; grid_id=&#8220;vc_gid:1539035872563-bed76c2f-4c1f-1&#8243; taxonomies=&#8220;65&#8243; filter_source=&#8220;portfolio_tags&#8220; el_class=&#8220;post-grid-products&#8220;][\/vc_column][\/vc_row]<\/p>\n<\/div>","protected":false},"excerpt":{"rendered":"[vc_row lg_spacing=&#8220;margin_top:40&#8243;][vc_column][tm_heading tag=&#8220;h1&#8243; custom_google_font=&#8220;&#8220; align=&#8220;center&#8220; text_color=&#8220;primary_color&#8220; text=&#8220;Point-of-Care Tests \/ Diagnostische Tests&#8220; css=&#8220;.vc_custom_1539035862350{margin-bottom: 10px !important;}&#8220;][vc_column_text] Anwenderfreundliche Point-of-Care Tests wie Immunoassays, IVD Schnelltests oder auch eine ger\u00e4tebasierte L\u00f6sungen f\u00fcr das Point-of-Care Testing sind unsere Welt. Mit ma\u00dfgeschneiderten Point-Of-Care Tests kommt man schneller und einfacher zum Ergebnis. Wir \u00fcbernehmen die Entwicklung und Produktion bzw. unterst\u00fctzen Sie bei der Optimierung eines Assays, Teststreifens etc. zum Nachweis von Enzymen, Hormonen, Viren, Bakterien, Kampfstoffen oder anderen Analyten. [\/vc_column_text][\/vc_column][\/vc_row][vc_row lg_spacing=&#8220;margin_top:40&#8243;][vc_column][vc_basic_grid post_type=&#8220;sec_produkte&#8220; max_items=&#8220;9&#8243; style=&#8220;load-more&#8220; items_per_page=&#8220;9&#8243; show_filter=&#8220;yes&#8220; orderby=&#8220;ID&#8220; filter_color=&#8220;white&#8220; filter_size=&#8220;xs&#8220; initial_loading_animation=&#8220;slideInUp&#8220; btn_style=&#8220;outline&#8220; btn_color=&#8220;primary&#8220; btn_align=&#8220;center&#8220; grid_id=&#8220;vc_gid:1539035872563-bed76c2f-4c1f-1&#8243; taxonomies=&#8220;65&#8243; filter_source=&#8220;portfolio_tags&#8220; el_class=&#8220;post-grid-products&#8220;][\/vc_column][\/vc_row]","protected":false},"author":1,"featured_media":0,"parent":0,"menu_order":0,"comment_status":"closed","ping_status":"closed","template":"templates\/products.php","meta":{"footnotes":""},"class_list":["post-62","page","type-page","status-publish","hentry"],"yoast_head":"<!-- This site is optimized with the Yoast SEO plugin v25.6 - https:\/\/yoast.com\/wordpress\/plugins\/seo\/ -->\n<title>Point-of-Care Test - Securetec Detektions-Systeme AG<\/title>\n<meta name=\"robots\" content=\"index, follow, max-snippet:-1, max-image-preview:large, max-video-preview:-1\" \/>\n<link rel=\"canonical\" href=\"https:\/\/www.securetec.net\/de\/diagnostische-schnelltests\/\" \/>\n<meta property=\"og:locale\" content=\"de_DE\" \/>\n<meta property=\"og:type\" content=\"article\" \/>\n<meta property=\"og:title\" content=\"Point-of-Care Test - Securetec Detektions-Systeme AG\" \/>\n<meta property=\"og:url\" content=\"https:\/\/www.securetec.net\/de\/diagnostische-schnelltests\/\" \/>\n<meta property=\"og:site_name\" content=\"Securetec Detektions-Systeme AG\" \/>\n<meta property=\"article:modified_time\" content=\"2019-01-07T16:05:31+00:00\" \/>\n<meta name=\"twitter:card\" content=\"summary_large_image\" \/>\n<meta name=\"twitter:site\" content=\"@DrugWipeUK\" \/>\n<meta name=\"twitter:label1\" content=\"Est. reading time\" \/>\n\t<meta name=\"twitter:data1\" content=\"1\u00a0Minute\" \/>\n<script type=\"application\/ld+json\" class=\"yoast-schema-graph\">{\"@context\":\"https:\/\/schema.org\",\"@graph\":[{\"@type\":\"WebPage\",\"@id\":\"https:\/\/www.securetec.net\/de\/diagnostische-schnelltests\/\",\"url\":\"https:\/\/www.securetec.net\/de\/diagnostische-schnelltests\/\",\"name\":\"Point-of-Care Test - Securetec Detektions-Systeme AG\",\"isPartOf\":{\"@id\":\"https:\/\/www.securetec.net\/de\/#website\"},\"datePublished\":\"2018-07-19T15:45:53+00:00\",\"dateModified\":\"2019-01-07T16:05:31+00:00\",\"breadcrumb\":{\"@id\":\"https:\/\/www.securetec.net\/de\/diagnostische-schnelltests\/#breadcrumb\"},\"inLanguage\":\"de\",\"potentialAction\":[{\"@type\":\"ReadAction\",\"target\":[\"https:\/\/www.securetec.net\/de\/diagnostische-schnelltests\/\"]}]},{\"@type\":\"BreadcrumbList\",\"@id\":\"https:\/\/www.securetec.net\/de\/diagnostische-schnelltests\/#breadcrumb\",\"itemListElement\":[{\"@type\":\"ListItem\",\"position\":1,\"name\":\"Startseite\",\"item\":\"https:\/\/www.securetec.net\/de\/\"},{\"@type\":\"ListItem\",\"position\":2,\"name\":\"Point-of-Care Test\"}]},{\"@type\":\"WebSite\",\"@id\":\"https:\/\/www.securetec.net\/de\/#website\",\"url\":\"https:\/\/www.securetec.net\/de\/\",\"name\":\"Securetec Detektions-Systeme AG\",\"description\":\"We detect to protect\",\"publisher\":{\"@id\":\"https:\/\/www.securetec.net\/de\/#organization\"},\"potentialAction\":[{\"@type\":\"SearchAction\",\"target\":{\"@type\":\"EntryPoint\",\"urlTemplate\":\"https:\/\/www.securetec.net\/de\/?s={search_term_string}\"},\"query-input\":{\"@type\":\"PropertyValueSpecification\",\"valueRequired\":true,\"valueName\":\"search_term_string\"}}],\"inLanguage\":\"de\"},{\"@type\":\"Organization\",\"@id\":\"https:\/\/www.securetec.net\/de\/#organization\",\"name\":\"Securetec Detektions-Systeme AG\",\"url\":\"https:\/\/www.securetec.net\/de\/\",\"logo\":{\"@type\":\"ImageObject\",\"inLanguage\":\"de\",\"@id\":\"https:\/\/www.securetec.net\/de\/#\/schema\/logo\/image\/\",\"url\":\"https:\/\/www.securetec.net\/app\/uploads\/2018\/07\/Securetec_Logo_.png\",\"contentUrl\":\"https:\/\/www.securetec.net\/app\/uploads\/2018\/07\/Securetec_Logo_.png\",\"width\":411,\"height\":189,\"caption\":\"Securetec Detektions-Systeme AG\"},\"image\":{\"@id\":\"https:\/\/www.securetec.net\/de\/#\/schema\/logo\/image\/\"},\"sameAs\":[\"https:\/\/x.com\/DrugWipeUK\",\"https:\/\/www.linkedin.com\/company\/securetec\",\"https:\/\/www.youtube.com\/channel\/UCP9jQA-TYhtqanhaooppMqw\"]}]}<\/script>\n<!-- \/ Yoast SEO plugin. -->","yoast_head_json":{"title":"Point-of-Care Test - Securetec Detektions-Systeme AG","robots":{"index":"index","follow":"follow","max-snippet":"max-snippet:-1","max-image-preview":"max-image-preview:large","max-video-preview":"max-video-preview:-1"},"canonical":"https:\/\/www.securetec.net\/de\/diagnostische-schnelltests\/","og_locale":"de_DE","og_type":"article","og_title":"Point-of-Care Test - Securetec Detektions-Systeme AG","og_url":"https:\/\/www.securetec.net\/de\/diagnostische-schnelltests\/","og_site_name":"Securetec Detektions-Systeme AG","article_modified_time":"2019-01-07T16:05:31+00:00","twitter_card":"summary_large_image","twitter_site":"@DrugWipeUK","twitter_misc":{"Est. reading time":"1\u00a0Minute"},"schema":{"@context":"https:\/\/schema.org","@graph":[{"@type":"WebPage","@id":"https:\/\/www.securetec.net\/de\/diagnostische-schnelltests\/","url":"https:\/\/www.securetec.net\/de\/diagnostische-schnelltests\/","name":"Point-of-Care Test - Securetec Detektions-Systeme AG","isPartOf":{"@id":"https:\/\/www.securetec.net\/de\/#website"},"datePublished":"2018-07-19T15:45:53+00:00","dateModified":"2019-01-07T16:05:31+00:00","breadcrumb":{"@id":"https:\/\/www.securetec.net\/de\/diagnostische-schnelltests\/#breadcrumb"},"inLanguage":"de","potentialAction":[{"@type":"ReadAction","target":["https:\/\/www.securetec.net\/de\/diagnostische-schnelltests\/"]}]},{"@type":"BreadcrumbList","@id":"https:\/\/www.securetec.net\/de\/diagnostische-schnelltests\/#breadcrumb","itemListElement":[{"@type":"ListItem","position":1,"name":"Startseite","item":"https:\/\/www.securetec.net\/de\/"},{"@type":"ListItem","position":2,"name":"Point-of-Care Test"}]},{"@type":"WebSite","@id":"https:\/\/www.securetec.net\/de\/#website","url":"https:\/\/www.securetec.net\/de\/","name":"Securetec Detektions-Systeme AG","description":"We detect to protect","publisher":{"@id":"https:\/\/www.securetec.net\/de\/#organization"},"potentialAction":[{"@type":"SearchAction","target":{"@type":"EntryPoint","urlTemplate":"https:\/\/www.securetec.net\/de\/?s={search_term_string}"},"query-input":{"@type":"PropertyValueSpecification","valueRequired":true,"valueName":"search_term_string"}}],"inLanguage":"de"},{"@type":"Organization","@id":"https:\/\/www.securetec.net\/de\/#organization","name":"Securetec Detektions-Systeme AG","url":"https:\/\/www.securetec.net\/de\/","logo":{"@type":"ImageObject","inLanguage":"de","@id":"https:\/\/www.securetec.net\/de\/#\/schema\/logo\/image\/","url":"https:\/\/www.securetec.net\/app\/uploads\/2018\/07\/Securetec_Logo_.png","contentUrl":"https:\/\/www.securetec.net\/app\/uploads\/2018\/07\/Securetec_Logo_.png","width":411,"height":189,"caption":"Securetec Detektions-Systeme AG"},"image":{"@id":"https:\/\/www.securetec.net\/de\/#\/schema\/logo\/image\/"},"sameAs":["https:\/\/x.com\/DrugWipeUK","https:\/\/www.linkedin.com\/company\/securetec","https:\/\/www.youtube.com\/channel\/UCP9jQA-TYhtqanhaooppMqw"]}]}},"_links":{"self":[{"href":"https:\/\/www.securetec.net\/de\/wp-json\/wp\/v2\/pages\/62","targetHints":{"allow":["GET"]}}],"collection":[{"href":"https:\/\/www.securetec.net\/de\/wp-json\/wp\/v2\/pages"}],"about":[{"href":"https:\/\/www.securetec.net\/de\/wp-json\/wp\/v2\/types\/page"}],"author":[{"embeddable":true,"href":"https:\/\/www.securetec.net\/de\/wp-json\/wp\/v2\/users\/1"}],"replies":[{"embeddable":true,"href":"https:\/\/www.securetec.net\/de\/wp-json\/wp\/v2\/comments?post=62"}],"version-history":[{"count":10,"href":"https:\/\/www.securetec.net\/de\/wp-json\/wp\/v2\/pages\/62\/revisions"}],"predecessor-version":[{"id":8865,"href":"https:\/\/www.securetec.net\/de\/wp-json\/wp\/v2\/pages\/62\/revisions\/8865"}],"wp:attachment":[{"href":"https:\/\/www.securetec.net\/de\/wp-json\/wp\/v2\/media?parent=62"}],"curies":[{"name":"wp","href":"https:\/\/api.w.org\/{rel}","templated":true}]}}