{"id":45,"date":"2018-07-19T17:41:57","date_gmt":"2018-07-19T15:41:57","guid":{"rendered":"https:\/\/www.securetec.net\/?page_id=45"},"modified":"2025-08-06T08:20:42","modified_gmt":"2025-08-06T06:20:42","slug":"drogentest","status":"publish","type":"page","link":"https:\/\/www.securetec.net\/de\/drogentest\/","title":{"rendered":"Drogentest Produkt\u00fcbersicht"},"content":{"rendered":"<div class=\"wpb-content-wrapper\"><p>[vc_row css_animation=&#8220;slideInUp&#8220; lg_spacing=&#8220;margin_top:40;padding_top:0;padding_bottom:40&#8243;][vc_column][tm_heading tag=&#8220;h1&#8243; custom_google_font=&#8220;&#8220; animation=&#8220;none&#8220; text=&#8220;Drogentest DrugWipe\u00ae Produkt\u00fcbersicht&#8220;][vc_column_text]<\/p>\n<p style=\"text-align: center;\">Securetec bietet ein breites Produktspektrum an immunochemischen Einzel- und Mehrfachtests. Der <strong>Drogentest<\/strong> DrugWipe\u00ae steht f\u00fcr Zuverl\u00e4ssigkeit bei einfachster, hygienischer Handhabung. Neben den herk\u00f6mmlichen <strong>Drogen<\/strong> wie Cannabis, Kokain, Exstasy, Amphetamin, Methamphetamin und Heroin detektiert der <strong>Drogenschnelltest<\/strong> DrugWipe\u00ae auch Ketamin und Benzodiazepine.<\/p>\n<p>[\/vc_column_text][\/vc_column][\/vc_row][vc_row css_animation=&#8220;slideInUp&#8220;][vc_column][tm_heading tag=&#8220;h2&#8243; custom_google_font=&#8220;&#8220; align=&#8220;center&#8220; animation=&#8220;none&#8220; text=&#8220;Unser Drogentest ist weltweit im Einsatz&#8220; css=&#8220;.vc_custom_1601021474989{margin-bottom: 20px !important;}&#8220;][vc_column_text]<\/p>\n<p style=\"text-align: center;\">Der <strong>Drogenschnelltest<\/strong> DrugWipe\u00ae ist bei Einsatzkr\u00e4ften wie Verkehrspolizei, Zoll und Sicherheitsbeh\u00f6rden weltweit bew\u00e4hrt und in mehr als 40 L\u00e4ndern auf 6 Kontinenten verf\u00fcgbar (siehe Meilensteine). Unsere Kunden sch\u00e4tzen beim DrugWipe<sup>\u00ae<\/sup> Drogentest besonders die einfache Handhabung und das einzigartige Design f\u00fcr minimales Probenvolumen. Speziell entwickelt und kontinuierlich optimiert f\u00fcr die einzelnen Anwendungsfelder Speichel, Spurendetektion auf Oberfl\u00e4chen und Schwei\u00df stehen folgende Produktlinien zur Verf\u00fcgung:<\/p>\n<p>[\/vc_column_text][\/vc_column][\/vc_row][vc_row css_animation=&#8220;slideInUp&#8220; lg_spacing=&#8220;margin_top:40&#8243;][vc_column width=&#8220;1\/4&#8243;][\/vc_column][vc_column width=&#8220;1\/2&#8243;][\/vc_column][vc_column width=&#8220;1\/4&#8243;][\/vc_column][\/vc_row][vc_row css_animation=&#8220;slideInUp&#8220; lg_spacing=&#8220;margin_top:40&#8243;][vc_column][vc_basic_grid post_type=&#8220;sec_produkte&#8220; max_items=&#8220;9&#8243; style=&#8220;load-more&#8220; items_per_page=&#8220;9&#8243; show_filter=&#8220;yes&#8220; orderby=&#8220;ID&#8220; filter_color=&#8220;white&#8220; filter_size=&#8220;xs&#8220; initial_loading_animation=&#8220;slideInUp&#8220; css=&#8220;.vc_custom_1537266897607{margin-bottom: 10px !important;}&#8220; btn_title=&#8220;&#8220; btn_style=&#8220;outline&#8220; btn_color=&#8220;primary&#8220; btn_align=&#8220;center&#8220; grid_id=&#8220;vc_gid:1754460977023-20c8ff4e-7675-9&#8243; taxonomies=&#8220;67&#8243; el_class=&#8220;post-grid-products&#8220; filter_source=&#8220;portfolio_tags&#8220;][\/vc_column][\/vc_row][vc_row][vc_column][tm_heading custom_google_font=&#8220;&#8220; animation=&#8220;none&#8220; text=&#8220;Systeml\u00f6sung f\u00fcr die Drogendetektion&#8220; css=&#8220;.vc_custom_1546969857799{margin-bottom: 20px !important;}&#8220;][vc_column_text css=&#8220;.vc_custom_1547027340641{margin-bottom: 45px !important;}&#8220;]<\/p>\n<p style=\"text-align: center;\">Aufgrund unseres Netzwerks von kompetenten Partnerfirmen und Instituten entwickeln wir mit Ihnen gemeinsam Ihr ma\u00dfgeschneidertes Testsystem.<\/p>\n<p style=\"text-align: center;\">Nachfolgend ein Ger\u00e4t und Detektionssystem zur Drogenerkennung bzw. elektronischen Auswertung von Drogentests:<\/p>\n<p>[\/vc_column_text][vc_basic_grid post_type=&#8220;sec_produkte&#8220; max_items=&#8220;10&#8243; show_filter=&#8220;yes&#8220; filter_size=&#8220;xs&#8220; css=&#8220;.vc_custom_1539033205656{margin-bottom: 30px !important;}&#8220; grid_id=&#8220;vc_gid:1754460977024-23dc7304-b780-9&#8243; taxonomies=&#8220;66&#8243; filter_source=&#8220;portfolio_tags&#8220;][\/vc_column][\/vc_row][vc_row][vc_column][tm_heading custom_google_font=&#8220;&#8220; animation=&#8220;none&#8220; text=&#8220;Weitere Schnelltests&#8220; css=&#8220;.vc_custom_1536095528002{margin-bottom: 20px !important;}&#8220;][vc_column_text css=&#8220;.vc_custom_1754460996803{margin-bottom: 45px !important;}&#8220;]<\/p>\n<p style=\"text-align: center;\">Unbekannte Substanzen wie Kokain werden schnell und spezifisch \u00fcber den DrugID-Substanztest nachgewiesen.<\/p>\n<p>[\/vc_column_text][vc_basic_grid post_type=&#8220;sec_produkte&#8220; max_items=&#8220;1&#8243; show_filter=&#8220;yes&#8220; filter_size=&#8220;sm&#8220; css=&#8220;.vc_custom_1753957070806{margin-bottom: 30px !important;}&#8220; grid_id=&#8220;vc_gid:1754460977024-fd390e4b-4672-9&#8243; taxonomies=&#8220;68&#8243; filter_source=&#8220;portfolio_tags&#8220;][\/vc_column][\/vc_row]<\/p>\n<\/div>","protected":false},"excerpt":{"rendered":"[vc_row css_animation=&#8220;slideInUp&#8220; lg_spacing=&#8220;margin_top:40;padding_top:0;padding_bottom:40&#8243;][vc_column][tm_heading tag=&#8220;h1&#8243; custom_google_font=&#8220;&#8220; animation=&#8220;none&#8220; text=&#8220;Drogentest DrugWipe\u00ae Produkt\u00fcbersicht&#8220;][vc_column_text] Securetec bietet ein breites Produktspektrum an immunochemischen Einzel- und Mehrfachtests. Der Drogentest DrugWipe\u00ae steht f\u00fcr Zuverl\u00e4ssigkeit bei einfachster, hygienischer Handhabung. Neben den herk\u00f6mmlichen Drogen wie Cannabis, Kokain, Exstasy, Amphetamin, Methamphetamin und Heroin detektiert der Drogenschnelltest DrugWipe\u00ae auch Ketamin und Benzodiazepine. [\/vc_column_text][\/vc_column][\/vc_row][vc_row css_animation=&#8220;slideInUp&#8220;][vc_column][tm_heading tag=&#8220;h2&#8243; custom_google_font=&#8220;&#8220; align=&#8220;center&#8220; animation=&#8220;none&#8220; text=&#8220;Unser Drogentest ist weltweit im Einsatz&#8220; css=&#8220;.vc_custom_1601021474989{margin-bottom: 20px !important;}&#8220;][vc_column_text] Der Drogenschnelltest DrugWipe\u00ae ist bei Einsatzkr\u00e4ften wie Verkehrspolizei, Zoll und Sicherheitsbeh\u00f6rden weltweit bew\u00e4hrt und in mehr als 40 L\u00e4ndern auf 6 Kontinenten verf\u00fcgbar (siehe Meilensteine). Unsere Kunden sch\u00e4tzen beim DrugWipe\u00ae Drogentest besonders die einfache Handhabung und das einzigartige Design f\u00fcr minimales Probenvolumen. Speziell entwickelt und kontinuierlich optimiert f\u00fcr die einzelnen Anwendungsfelder Speichel, Spurendetektion auf Oberfl\u00e4chen und Schwei\u00df stehen folgende Produktlinien zur Verf\u00fcgung: [\/vc_column_text][\/vc_column][\/vc_row][vc_row css_animation=&#8220;slideInUp&#8220; lg_spacing=&#8220;margin_top:40&#8243;][vc_column width=&#8220;1\/4&#8243;][\/vc_column][vc_column width=&#8220;1\/2&#8243;][\/vc_column][vc_column width=&#8220;1\/4&#8243;][\/vc_column][\/vc_row][vc_row css_animation=&#8220;slideInUp&#8220; lg_spacing=&#8220;margin_top:40&#8243;][vc_column][vc_basic_grid post_type=&#8220;sec_produkte&#8220; max_items=&#8220;9&#8243; style=&#8220;load-more&#8220; items_per_page=&#8220;9&#8243; show_filter=&#8220;yes&#8220; orderby=&#8220;ID&#8220; filter_color=&#8220;white&#8220; filter_size=&#8220;xs&#8220; initial_loading_animation=&#8220;slideInUp&#8220; css=&#8220;.vc_custom_1537266897607{margin-bottom: 10px !important;}&#8220; btn_title=&#8220;&#8220; btn_style=&#8220;outline&#8220; btn_color=&#8220;primary&#8220; btn_align=&#8220;center&#8220; grid_id=&#8220;vc_gid:1754460977023-20c8ff4e-7675-9&#8243; taxonomies=&#8220;67&#8243; el_class=&#8220;post-grid-products&#8220; filter_source=&#8220;portfolio_tags&#8220;][\/vc_column][\/vc_row][vc_row][vc_column][tm_heading custom_google_font=&#8220;&#8220; animation=&#8220;none&#8220; text=&#8220;Systeml\u00f6sung f\u00fcr die Drogendetektion&#8220; css=&#8220;.vc_custom_1546969857799{margin-bottom: 20px !important;}&#8220;][vc_column_text css=&#8220;.vc_custom_1547027340641{margin-bottom: 45px !important;}&#8220;] Aufgrund unseres Netzwerks von kompetenten Partnerfirmen und Instituten entwickeln wir mit Ihnen gemeinsam Ihr ma\u00dfgeschneidertes Testsystem. Nachfolgend ein Ger\u00e4t und Detektionssystem zur Drogenerkennung bzw. elektronischen Auswertung von Drogentests: [\/vc_column_text][vc_basic_grid post_type=&#8220;sec_produkte&#8220; max_items=&#8220;10&#8243; show_filter=&#8220;yes&#8220; filter_size=&#8220;xs&#8220; css=&#8220;.vc_custom_1539033205656{margin-bottom: 30px !important;}&#8220; grid_id=&#8220;vc_gid:1754460977024-23dc7304-b780-9&#8243; taxonomies=&#8220;66&#8243; filter_source=&#8220;portfolio_tags&#8220;][\/vc_column][\/vc_row][vc_row][vc_column][tm_heading custom_google_font=&#8220;&#8220; animation=&#8220;none&#8220; text=&#8220;Weitere Schnelltests&#8220; css=&#8220;.vc_custom_1536095528002{margin-bottom: 20px !important;}&#8220;][vc_column_text css=&#8220;.vc_custom_1754460996803{margin-bottom: 45px !important;}&#8220;] Unbekannte Substanzen wie Kokain werden schnell und spezifisch \u00fcber den DrugID-Substanztest nachgewiesen. [\/vc_column_text][vc_basic_grid post_type=&#8220;sec_produkte&#8220; max_items=&#8220;1&#8243; show_filter=&#8220;yes&#8220; filter_size=&#8220;sm&#8220; css=&#8220;.vc_custom_1753957070806{margin-bottom: 30px !important;}&#8220; grid_id=&#8220;vc_gid:1754460977024-fd390e4b-4672-9&#8243; taxonomies=&#8220;68&#8243; filter_source=&#8220;portfolio_tags&#8220;][\/vc_column][\/vc_row]","protected":false},"author":1,"featured_media":0,"parent":0,"menu_order":0,"comment_status":"closed","ping_status":"closed","template":"templates\/products.php","meta":{"footnotes":""},"class_list":["post-45","page","type-page","status-publish","hentry"],"yoast_head":"<!-- This site is optimized with the Yoast SEO plugin v25.6 - https:\/\/yoast.com\/wordpress\/plugins\/seo\/ -->\n<title>Drogentest f\u00fcr den Nachweis in Speichel und Oberfl\u00e4chen - Securetec Detektions-Systeme AG<\/title>\n<meta name=\"description\" content=\"Mobiler Drogentest detektiert z.B. Cannabis, Kokain, Exstasy, Amphetamin und Methamphetamin. Bei Verkehrspolizei und Zoll in mehr als 40 L\u00e4ndern weltweit im Einsatz.\" \/>\n<meta name=\"robots\" content=\"index, follow, max-snippet:-1, max-image-preview:large, max-video-preview:-1\" \/>\n<link rel=\"canonical\" href=\"https:\/\/www.securetec.net\/de\/drogentest\/\" \/>\n<meta property=\"og:locale\" content=\"de_DE\" \/>\n<meta property=\"og:type\" content=\"article\" \/>\n<meta property=\"og:title\" content=\"Drogentest f\u00fcr den Nachweis in Speichel und Oberfl\u00e4chen - Securetec Detektions-Systeme AG\" \/>\n<meta property=\"og:description\" content=\"Mobiler Drogentest detektiert z.B. Cannabis, Kokain, Exstasy, Amphetamin und Methamphetamin. Bei Verkehrspolizei und Zoll in mehr als 40 L\u00e4ndern weltweit im Einsatz.\" \/>\n<meta property=\"og:url\" content=\"https:\/\/www.securetec.net\/de\/drogentest\/\" \/>\n<meta property=\"og:site_name\" content=\"Securetec Detektions-Systeme AG\" \/>\n<meta property=\"article:modified_time\" content=\"2025-08-06T06:20:42+00:00\" \/>\n<meta name=\"twitter:card\" content=\"summary_large_image\" \/>\n<meta name=\"twitter:site\" content=\"@DrugWipeUK\" \/>\n<meta name=\"twitter:label1\" content=\"Est. reading time\" \/>\n\t<meta name=\"twitter:data1\" content=\"2\u00a0Minuten\" \/>\n<script type=\"application\/ld+json\" class=\"yoast-schema-graph\">{\"@context\":\"https:\/\/schema.org\",\"@graph\":[{\"@type\":\"WebPage\",\"@id\":\"https:\/\/www.securetec.net\/de\/drogentest\/\",\"url\":\"https:\/\/www.securetec.net\/de\/drogentest\/\",\"name\":\"Drogentest f\u00fcr den Nachweis in Speichel und Oberfl\u00e4chen - Securetec Detektions-Systeme AG\",\"isPartOf\":{\"@id\":\"https:\/\/www.securetec.net\/de\/#website\"},\"datePublished\":\"2018-07-19T15:41:57+00:00\",\"dateModified\":\"2025-08-06T06:20:42+00:00\",\"description\":\"Mobiler Drogentest detektiert z.B. Cannabis, Kokain, Exstasy, Amphetamin und Methamphetamin. Bei Verkehrspolizei und Zoll in mehr als 40 L\u00e4ndern weltweit im Einsatz.\",\"breadcrumb\":{\"@id\":\"https:\/\/www.securetec.net\/de\/drogentest\/#breadcrumb\"},\"inLanguage\":\"de\",\"potentialAction\":[{\"@type\":\"ReadAction\",\"target\":[\"https:\/\/www.securetec.net\/de\/drogentest\/\"]}]},{\"@type\":\"BreadcrumbList\",\"@id\":\"https:\/\/www.securetec.net\/de\/drogentest\/#breadcrumb\",\"itemListElement\":[{\"@type\":\"ListItem\",\"position\":1,\"name\":\"Startseite\",\"item\":\"https:\/\/www.securetec.net\/de\/\"},{\"@type\":\"ListItem\",\"position\":2,\"name\":\"Drogentest Produkt\u00fcbersicht\"}]},{\"@type\":\"WebSite\",\"@id\":\"https:\/\/www.securetec.net\/de\/#website\",\"url\":\"https:\/\/www.securetec.net\/de\/\",\"name\":\"Securetec Detektions-Systeme AG\",\"description\":\"We detect to protect\",\"publisher\":{\"@id\":\"https:\/\/www.securetec.net\/de\/#organization\"},\"potentialAction\":[{\"@type\":\"SearchAction\",\"target\":{\"@type\":\"EntryPoint\",\"urlTemplate\":\"https:\/\/www.securetec.net\/de\/?s={search_term_string}\"},\"query-input\":{\"@type\":\"PropertyValueSpecification\",\"valueRequired\":true,\"valueName\":\"search_term_string\"}}],\"inLanguage\":\"de\"},{\"@type\":\"Organization\",\"@id\":\"https:\/\/www.securetec.net\/de\/#organization\",\"name\":\"Securetec Detektions-Systeme AG\",\"url\":\"https:\/\/www.securetec.net\/de\/\",\"logo\":{\"@type\":\"ImageObject\",\"inLanguage\":\"de\",\"@id\":\"https:\/\/www.securetec.net\/de\/#\/schema\/logo\/image\/\",\"url\":\"https:\/\/www.securetec.net\/app\/uploads\/2018\/07\/Securetec_Logo_.png\",\"contentUrl\":\"https:\/\/www.securetec.net\/app\/uploads\/2018\/07\/Securetec_Logo_.png\",\"width\":411,\"height\":189,\"caption\":\"Securetec Detektions-Systeme AG\"},\"image\":{\"@id\":\"https:\/\/www.securetec.net\/de\/#\/schema\/logo\/image\/\"},\"sameAs\":[\"https:\/\/x.com\/DrugWipeUK\",\"https:\/\/www.linkedin.com\/company\/securetec\",\"https:\/\/www.youtube.com\/channel\/UCP9jQA-TYhtqanhaooppMqw\"]}]}<\/script>\n<!-- \/ Yoast SEO plugin. -->","yoast_head_json":{"title":"Drogentest f\u00fcr den Nachweis in Speichel und Oberfl\u00e4chen - Securetec Detektions-Systeme AG","description":"Mobiler Drogentest detektiert z.B. Cannabis, Kokain, Exstasy, Amphetamin und Methamphetamin. Bei Verkehrspolizei und Zoll in mehr als 40 L\u00e4ndern weltweit im Einsatz.","robots":{"index":"index","follow":"follow","max-snippet":"max-snippet:-1","max-image-preview":"max-image-preview:large","max-video-preview":"max-video-preview:-1"},"canonical":"https:\/\/www.securetec.net\/de\/drogentest\/","og_locale":"de_DE","og_type":"article","og_title":"Drogentest f\u00fcr den Nachweis in Speichel und Oberfl\u00e4chen - Securetec Detektions-Systeme AG","og_description":"Mobiler Drogentest detektiert z.B. Cannabis, Kokain, Exstasy, Amphetamin und Methamphetamin. Bei Verkehrspolizei und Zoll in mehr als 40 L\u00e4ndern weltweit im Einsatz.","og_url":"https:\/\/www.securetec.net\/de\/drogentest\/","og_site_name":"Securetec Detektions-Systeme AG","article_modified_time":"2025-08-06T06:20:42+00:00","twitter_card":"summary_large_image","twitter_site":"@DrugWipeUK","twitter_misc":{"Est. reading time":"2\u00a0Minuten"},"schema":{"@context":"https:\/\/schema.org","@graph":[{"@type":"WebPage","@id":"https:\/\/www.securetec.net\/de\/drogentest\/","url":"https:\/\/www.securetec.net\/de\/drogentest\/","name":"Drogentest f\u00fcr den Nachweis in Speichel und Oberfl\u00e4chen - Securetec Detektions-Systeme AG","isPartOf":{"@id":"https:\/\/www.securetec.net\/de\/#website"},"datePublished":"2018-07-19T15:41:57+00:00","dateModified":"2025-08-06T06:20:42+00:00","description":"Mobiler Drogentest detektiert z.B. Cannabis, Kokain, Exstasy, Amphetamin und Methamphetamin. Bei Verkehrspolizei und Zoll in mehr als 40 L\u00e4ndern weltweit im Einsatz.","breadcrumb":{"@id":"https:\/\/www.securetec.net\/de\/drogentest\/#breadcrumb"},"inLanguage":"de","potentialAction":[{"@type":"ReadAction","target":["https:\/\/www.securetec.net\/de\/drogentest\/"]}]},{"@type":"BreadcrumbList","@id":"https:\/\/www.securetec.net\/de\/drogentest\/#breadcrumb","itemListElement":[{"@type":"ListItem","position":1,"name":"Startseite","item":"https:\/\/www.securetec.net\/de\/"},{"@type":"ListItem","position":2,"name":"Drogentest Produkt\u00fcbersicht"}]},{"@type":"WebSite","@id":"https:\/\/www.securetec.net\/de\/#website","url":"https:\/\/www.securetec.net\/de\/","name":"Securetec Detektions-Systeme AG","description":"We detect to protect","publisher":{"@id":"https:\/\/www.securetec.net\/de\/#organization"},"potentialAction":[{"@type":"SearchAction","target":{"@type":"EntryPoint","urlTemplate":"https:\/\/www.securetec.net\/de\/?s={search_term_string}"},"query-input":{"@type":"PropertyValueSpecification","valueRequired":true,"valueName":"search_term_string"}}],"inLanguage":"de"},{"@type":"Organization","@id":"https:\/\/www.securetec.net\/de\/#organization","name":"Securetec Detektions-Systeme AG","url":"https:\/\/www.securetec.net\/de\/","logo":{"@type":"ImageObject","inLanguage":"de","@id":"https:\/\/www.securetec.net\/de\/#\/schema\/logo\/image\/","url":"https:\/\/www.securetec.net\/app\/uploads\/2018\/07\/Securetec_Logo_.png","contentUrl":"https:\/\/www.securetec.net\/app\/uploads\/2018\/07\/Securetec_Logo_.png","width":411,"height":189,"caption":"Securetec Detektions-Systeme AG"},"image":{"@id":"https:\/\/www.securetec.net\/de\/#\/schema\/logo\/image\/"},"sameAs":["https:\/\/x.com\/DrugWipeUK","https:\/\/www.linkedin.com\/company\/securetec","https:\/\/www.youtube.com\/channel\/UCP9jQA-TYhtqanhaooppMqw"]}]}},"_links":{"self":[{"href":"https:\/\/www.securetec.net\/de\/wp-json\/wp\/v2\/pages\/45","targetHints":{"allow":["GET"]}}],"collection":[{"href":"https:\/\/www.securetec.net\/de\/wp-json\/wp\/v2\/pages"}],"about":[{"href":"https:\/\/www.securetec.net\/de\/wp-json\/wp\/v2\/types\/page"}],"author":[{"embeddable":true,"href":"https:\/\/www.securetec.net\/de\/wp-json\/wp\/v2\/users\/1"}],"replies":[{"embeddable":true,"href":"https:\/\/www.securetec.net\/de\/wp-json\/wp\/v2\/comments?post=45"}],"version-history":[{"count":65,"href":"https:\/\/www.securetec.net\/de\/wp-json\/wp\/v2\/pages\/45\/revisions"}],"predecessor-version":[{"id":16266,"href":"https:\/\/www.securetec.net\/de\/wp-json\/wp\/v2\/pages\/45\/revisions\/16266"}],"wp:attachment":[{"href":"https:\/\/www.securetec.net\/de\/wp-json\/wp\/v2\/media?parent=45"}],"curies":[{"name":"wp","href":"https:\/\/api.w.org\/{rel}","templated":true}]}}