{"id":39,"date":"2018-07-19T17:40:28","date_gmt":"2018-07-19T15:40:28","guid":{"rendered":"https:\/\/www.securetec.net\/?page_id=39"},"modified":"2025-11-27T09:03:39","modified_gmt":"2025-11-27T08:03:39","slug":"karriere","status":"publish","type":"page","link":"https:\/\/www.securetec.net\/de\/unternehmen\/karriere\/","title":{"rendered":"Karriere"},"content":{"rendered":"<div class=\"wpb-content-wrapper\"><p>[vc_row][vc_column width=&#8220;1\/2&#8243;][vc_column_text css=&#8220;.vc_custom_1755067243336{margin-bottom: 0px !important;}&#8220;]Die Securetec Detektions-Systeme AG forscht, entwickelt, produziert und vermarktet seit 30 Jahren Drogenschnelltests. Heutiger und zuk\u00fcnftiger Firmenstandort ist Neubiberg mit sehr guter Anbindung nach M\u00fcnchen und in das Umland.<\/p>\n<p>Was in den 1990-er Jahren mit einer Handvoll Mitstreitern begann, ist heute eine Aktiengesellschaft mit Kunden auf allen Kontinenten. Die Expertise und Motivation unserer Mitarbeiter ist Basis f\u00fcr den Erfolg unseres Unternehmens. Daher freuen wir uns auf kompetente Menschen, die aktiv unseren Erfolg mitgestalten m\u00f6chten. Unsere T\u00e4tigkeiten leisten einen sinnvollen Beitrag f\u00fcr die Gesellschaft.[\/vc_column_text][tm_spacer size=&#8220;lg:30&#8243;][vc_column_text css=&#8220;.vc_custom_1755067365281{margin-bottom: 30px !important;}&#8220;]<strong>Wir wollen, dass jeder Mitarbeiter gerne f\u00fcr uns arbeitet. Aus diesem Grund sind uns folgende Punkte wichtig:<\/strong><\/p>\n<ul>\n<li>eigenst\u00e4ndige Arbeitsbereiche mit Entscheidungs- und Handlungsspielr\u00e4umen<\/li>\n<li>eigenverantwortliche Projekt- und Aufgabengestaltung<\/li>\n<li>abwechslungsreiche T\u00e4tigkeiten<\/li>\n<li>flache Hierarchien und offene T\u00fcren<\/li>\n<li>moderne, helle B\u00fcros und Labore mit neuester technischer Ausstattung<\/li>\n<\/ul>\n<p>[\/vc_column_text][vc_column_text css=&#8220;.vc_custom_1755067373306{margin-bottom: 30px !important;}&#8220;]<strong>Wir bieten unseren Mitarbeitern attraktive Sozialleistungen:<\/strong><\/p>\n<ul>\n<li>arbeitgeberfinanzierte betriebliche Altersversorgung<\/li>\n<li>Fahrrad-Leasing<\/li>\n<li>Sachbezugskarte<\/li>\n<li>Zuschuss zum Mittagessen, das frisch gekocht zweimal pro Woche ins B\u00fcro geliefert wird<\/li>\n<li>Obstkorb und Getr\u00e4nke<\/li>\n<\/ul>\n<p>[\/vc_column_text][vc_column_text css=&#8220;.vc_custom_1755067393932{margin-bottom: 30px !important;}&#8220;]<strong>Wir unterst\u00fctzen unsere Mitarbeiter dabei, Familie und Beruf bestens miteinander zu vereinbaren. Hierzu haben wir:<\/strong><\/p>\n<ul>\n<li>flexible Arbeitszeitmodelle, angepasst an pers\u00f6nliche und betriebliche Belange<\/li>\n<li>elektronische Zeiterfassung mit der M\u00f6glichkeit, \u00dcberstunden tageweise abzubauen<\/li>\n<li>Home-Office, wenn es die T\u00e4tigkeit erlaubt<\/li>\n<\/ul>\n<p>[\/vc_column_text][vc_column_text css=&#8220;.vc_custom_1755067421299{margin-bottom: 30px !important;}&#8220;]<strong>Wir f\u00f6rdern aktiv das Wachstum und die Entwicklung unserer Mitarbeiter \u2013 durch interne und externe Seminare.<\/strong><\/p>\n<p>Wir schaffen ein angenehmes und wertsch\u00e4tzendes Miteinander durch:<\/p>\n<ul>\n<li>abteilungs\u00fcbergreifende Zusammenarbeit<\/li>\n<li>regelm\u00e4\u00dfige Abteilungs- und Firmenevents<\/li>\n<\/ul>\n<p>[\/vc_column_text][vc_column_text css=&#8220;.vc_custom_1755070212847{margin-bottom: 30px !important;}&#8220;]<strong>Wir sind ein bunt gemischtes Team von Jung bis Alt, von \u201eneu im Team\u201c bis 25 Jahre Betriebszugeh\u00f6rigkeit und mit vielf\u00e4ltigen Ausbildungen und Erfahrungen.<\/strong>[\/vc_column_text][vc_column_text css=&#8220;.vc_custom_1755067761941{margin-bottom: 30px !important;}&#8220;]Ihre Ansprechpartnerinnen f\u00fcr Fragen rund um offene Stellen oder eine initiative Bewerbung:[\/vc_column_text][tm_image align=&#8220;center&#8220; image=&#8220;16440&#8243;][tm_spacer size=&#8220;lg:30&#8243;][vc_column_text css=&#8220;.vc_custom_1755067956945{margin-bottom: 30px !important;}&#8220;]Sandra Roth (Human Resources) und Verena Zimmermann (Vorstand, Teamleitung HR)[\/vc_column_text][\/vc_column][vc_column width=&#8220;1\/2&#8243;][vc_row_inner content_placement=&#8220;middle&#8220; lg_spacing=&#8220;margin_right:0;margin_left:0;border_top:2;border_right:2;border_bottom:2;border_left:2;padding_top:0;padding_right:0;padding_bottom:0;padding_left:0&#8243;][vc_column_inner][vc_column_text css=&#8220;.vc_custom_1738314806152{padding-top: 20px !important;padding-bottom: 20px !important;padding-left: 10px !important;}&#8220;]<strong>Krisensichere Zukunft mit Securetec<\/strong><\/p>\n<p>Securetec liegt unter den TOP 100 von insgesamt knapp 5.500 bewerteten deutschen Unternehmen. Zu diesem Schluss kommt das SZ-Institut zusammen mit der Creditreform Gruppe. Diese haben untersucht, wie krisensicher die Strategien deutscher Unternehmen in den Jahren 2020 bis 2022 waren. Die letzten Jahre haben gezeigt, welche einschneidenden Folgen globale und lokale Krisen f\u00fcr die eigene finanzielle Sicherheit haben k\u00f6nnen.<\/p>\n<p>Beginnen Sie mit uns Ihre krisensichere Zukunft \u2013 bewerben Sie sich jetzt![\/vc_column_text][\/vc_column_inner][\/vc_row_inner][tm_spacer size=&#8220;lg:30&#8243;][vc_row_inner content_placement=&#8220;middle&#8220; lg_spacing=&#8220;margin_right:0;margin_left:0;border_top:2;border_right:2;border_bottom:2;border_left:2;padding_top:0;padding_right:0;padding_bottom:0;padding_left:0&#8243;][vc_column_inner width=&#8220;1\/2&#8243;][vc_column_text css=&#8220;.vc_custom_1755069139336{padding-top: 20px !important;padding-bottom: 20px !important;padding-left: 10px !important;}&#8220;]Auch 2025 hat Securetec von der IHK M\u00fcnchen und Oberbayern das Ausbildungssiegel &#8222;IHK-Ausbildungsbetrieb 2025&#8243; erhalten.<br \/>\nDieses bringt nicht nur zum Ausdruck, dass Securetec ein attraktiver Arbeitgeber ist, sondern zeigt auch, dass wir f\u00fcr unseren eigenen Nachwuchs an Fach- und F\u00fchrungskr\u00e4ften sorgen.[\/vc_column_text][\/vc_column_inner][vc_column_inner width=&#8220;1\/2&#8243; lg_spacing=&#8220;margin_top:15;margin_bottom:15&#8243;][tm_image align=&#8220;right&#8220; image=&#8220;15894&#8243; lg_spacing=&#8220;padding_top:0;padding_right:0;padding_bottom:0&#8243;][\/vc_column_inner][\/vc_row_inner][tm_spacer size=&#8220;lg:30&#8243;][vc_column_text css=&#8220;.vc_custom_1732785781021{margin-bottom: 0px !important;}&#8220;]<\/p>\n<h3>Aktuelle Stellenangebote<\/h3>\n<p>Wir suchen zupackende Mitarbeiter, die weiterkommen m\u00f6chten. Wenn Sie engagiert und offen f\u00fcr Neues sind, bewerben Sie sich.<\/p>\n<h3>Attraktive Ausbildung<\/h3>\n<p>Wenn Sie auf der Suche nach einer spannenden Ausbildung sind, die Ihre St\u00e4rken f\u00f6rdert und Ihnen beste Chancen auf eine Karriere mit Zukunft er\u00f6ffnet, dann sind Sie bei uns richtig.<\/p>\n<h3>Werkstudenten Angebote<\/h3>\n<p>Auch wenn Sie noch nicht voll im Berufsleben stehen, finden Sie bei Securetec spannende Aufgaben.[\/vc_column_text][tm_spacer size=&#8220;lg:30&#8243;][tm_button full_wide=&#8220;1&#8243; button=&#8220;url:https%3A%2F%2Fwww.securetec.net%2Fde%2Funternehmen%2Fkarriere%2Fstellenangebote%2F|title:Stellenangebote|target:_blank&#8220; align=&#8220;center&#8220;][tm_spacer size=&#8220;lg:30&#8243;][vc_column_text css=&#8220;.vc_custom_1755068180277{margin-bottom: 80px !important;}&#8220;]Securetec Detektions-Systeme\u00a0AG<br \/>\nPersonalmanagement<br \/>\nLilienthalstra\u00dfe 7<br \/>\n85579\u00a0Neubiberg<\/p>\n<p>Tel.: +49 89 203080 1657[\/vc_column_text][\/vc_column][\/vc_row]<\/p>\n<\/div>","protected":false},"excerpt":{"rendered":"[vc_row][vc_column width=&#8220;1\/2&#8243;][vc_column_text css=&#8220;.vc_custom_1755067243336{margin-bottom: 0px !important;}&#8220;]Die Securetec Detektions-Systeme AG forscht, entwickelt, produziert und vermarktet seit 30 Jahren Drogenschnelltests. Heutiger und zuk\u00fcnftiger Firmenstandort ist Neubiberg mit sehr guter Anbindung nach M\u00fcnchen und in das Umland. Was in den 1990-er Jahren mit einer Handvoll Mitstreitern begann, ist heute eine Aktiengesellschaft mit Kunden auf allen Kontinenten. Die Expertise und Motivation unserer Mitarbeiter ist Basis f\u00fcr den Erfolg unseres Unternehmens. Daher freuen wir uns auf kompetente Menschen, die aktiv unseren Erfolg mitgestalten m\u00f6chten. Unsere T\u00e4tigkeiten leisten einen sinnvollen Beitrag f\u00fcr die Gesellschaft.[\/vc_column_text][tm_spacer size=&#8220;lg:30&#8243;][vc_column_text css=&#8220;.vc_custom_1755067365281{margin-bottom: 30px !important;}&#8220;]Wir wollen, dass jeder Mitarbeiter gerne f\u00fcr uns arbeitet. Aus diesem Grund sind uns folgende Punkte wichtig: eigenst\u00e4ndige Arbeitsbereiche mit Entscheidungs- und Handlungsspielr\u00e4umen eigenverantwortliche Projekt- und Aufgabengestaltung abwechslungsreiche T\u00e4tigkeiten flache Hierarchien und offene T\u00fcren moderne, helle B\u00fcros und Labore mit neuester technischer Ausstattung [\/vc_column_text][vc_column_text css=&#8220;.vc_custom_1755067373306{margin-bottom: 30px !important;}&#8220;]Wir bieten unseren Mitarbeitern attraktive Sozialleistungen: arbeitgeberfinanzierte betriebliche Altersversorgung Fahrrad-Leasing Sachbezugskarte Zuschuss zum Mittagessen, das frisch gekocht zweimal pro Woche ins B\u00fcro geliefert wird Obstkorb und Getr\u00e4nke [\/vc_column_text][vc_column_text css=&#8220;.vc_custom_1755067393932{margin-bottom: 30px !important;}&#8220;]Wir unterst\u00fctzen unsere Mitarbeiter dabei, Familie und Beruf bestens miteinander zu vereinbaren. Hierzu haben wir: flexible Arbeitszeitmodelle, angepasst an pers\u00f6nliche und betriebliche Belange elektronische Zeiterfassung mit der M\u00f6glichkeit, \u00dcberstunden tageweise abzubauen Home-Office, wenn es die T\u00e4tigkeit erlaubt [\/vc_column_text][vc_column_text css=&#8220;.vc_custom_1755067421299{margin-bottom: 30px !important;}&#8220;]Wir f\u00f6rdern aktiv das Wachstum und die Entwicklung unserer Mitarbeiter \u2013 durch interne und externe Seminare. Wir schaffen ein angenehmes und wertsch\u00e4tzendes Miteinander durch: abteilungs\u00fcbergreifende Zusammenarbeit regelm\u00e4\u00dfige Abteilungs- und Firmenevents [\/vc_column_text][vc_column_text css=&#8220;.vc_custom_1755070212847{margin-bottom: 30px !important;}&#8220;]Wir sind ein bunt gemischtes Team von Jung bis Alt, von \u201eneu im Team\u201c bis 25 Jahre Betriebszugeh\u00f6rigkeit und mit vielf\u00e4ltigen Ausbildungen und Erfahrungen.[\/vc_column_text][vc_column_text css=&#8220;.vc_custom_1755067761941{margin-bottom: 30px !important;}&#8220;]Ihre Ansprechpartnerinnen f\u00fcr Fragen rund um offene Stellen oder eine initiative Bewerbung:[\/vc_column_text][tm_image align=&#8220;center&#8220; image=&#8220;16440&#8243;][tm_spacer size=&#8220;lg:30&#8243;][vc_column_text css=&#8220;.vc_custom_1755067956945{margin-bottom: 30px !important;}&#8220;]Sandra Roth (Human Resources) und Verena Zimmermann (Vorstand, Teamleitung HR)[\/vc_column_text][\/vc_column][vc_column width=&#8220;1\/2&#8243;][vc_row_inner content_placement=&#8220;middle&#8220; lg_spacing=&#8220;margin_right:0;margin_left:0;border_top:2;border_right:2;border_bottom:2;border_left:2;padding_top:0;padding_right:0;padding_bottom:0;padding_left:0&#8243;][vc_column_inner][vc_column_text css=&#8220;.vc_custom_1738314806152{padding-top: 20px !important;padding-bottom: 20px !important;padding-left: 10px !important;}&#8220;]Krisensichere Zukunft mit Securetec Securetec liegt unter den TOP 100 von insgesamt knapp 5.500 bewerteten deutschen Unternehmen. Zu diesem Schluss kommt das SZ-Institut zusammen mit der Creditreform Gruppe. Diese haben untersucht, wie krisensicher die Strategien deutscher Unternehmen in den Jahren 2020 bis 2022 waren. Die letzten Jahre haben gezeigt, welche einschneidenden Folgen globale und lokale Krisen f\u00fcr die eigene finanzielle Sicherheit haben k\u00f6nnen. Beginnen Sie mit uns Ihre krisensichere Zukunft \u2013 bewerben Sie sich jetzt![\/vc_column_text][\/vc_column_inner][\/vc_row_inner][tm_spacer size=&#8220;lg:30&#8243;][vc_row_inner content_placement=&#8220;middle&#8220; lg_spacing=&#8220;margin_right:0;margin_left:0;border_top:2;border_right:2;border_bottom:2;border_left:2;padding_top:0;padding_right:0;padding_bottom:0;padding_left:0&#8243;][vc_column_inner width=&#8220;1\/2&#8243;][vc_column_text css=&#8220;.vc_custom_1755069139336{padding-top: 20px !important;padding-bottom: 20px !important;padding-left: 10px !important;}&#8220;]Auch 2025 hat Securetec von der IHK M\u00fcnchen und Oberbayern das Ausbildungssiegel &#8222;IHK-Ausbildungsbetrieb 2025&#8243; erhalten. Dieses bringt nicht nur zum Ausdruck, dass Securetec ein attraktiver Arbeitgeber ist, sondern zeigt auch, dass wir f\u00fcr unseren eigenen Nachwuchs an Fach- und F\u00fchrungskr\u00e4ften sorgen.[\/vc_column_text][\/vc_column_inner][vc_column_inner width=&#8220;1\/2&#8243; lg_spacing=&#8220;margin_top:15;margin_bottom:15&#8243;][tm_image align=&#8220;right&#8220; image=&#8220;15894&#8243; lg_spacing=&#8220;padding_top:0;padding_right:0;padding_bottom:0&#8243;][\/vc_column_inner][\/vc_row_inner][tm_spacer size=&#8220;lg:30&#8243;][vc_column_text css=&#8220;.vc_custom_1732785781021{margin-bottom: 0px !important;}&#8220;] Aktuelle Stellenangebote Wir suchen zupackende Mitarbeiter, die weiterkommen m\u00f6chten. Wenn Sie engagiert und offen f\u00fcr Neues sind, bewerben Sie sich. Attraktive Ausbildung Wenn Sie auf der Suche nach einer spannenden Ausbildung sind, die Ihre St\u00e4rken f\u00f6rdert und Ihnen beste Chancen auf eine Karriere mit Zukunft er\u00f6ffnet, dann sind Sie bei uns richtig. Werkstudenten Angebote Auch wenn Sie noch nicht voll im Berufsleben stehen, finden Sie bei Securetec spannende Aufgaben.[\/vc_column_text][tm_spacer size=&#8220;lg:30&#8243;][tm_button full_wide=&#8220;1&#8243; button=&#8220;url:https%3A%2F%2Fwww.securetec.net%2Fde%2Funternehmen%2Fkarriere%2Fstellenangebote%2F|title:Stellenangebote|target:_blank&#8220; align=&#8220;center&#8220;][tm_spacer size=&#8220;lg:30&#8243;][vc_column_text css=&#8220;.vc_custom_1755068180277{margin-bottom: 80px !important;}&#8220;]Securetec Detektions-Systeme\u00a0AG Personalmanagement Lilienthalstra\u00dfe 7 85579\u00a0Neubiberg Tel.: +49 89 203080 1657[\/vc_column_text][\/vc_column][\/vc_row]","protected":false},"author":1,"featured_media":0,"parent":25,"menu_order":0,"comment_status":"closed","ping_status":"closed","template":"","meta":{"footnotes":""},"class_list":["post-39","page","type-page","status-publish","hentry"],"yoast_head":"<!-- This site is optimized with the Yoast SEO plugin v25.6 - https:\/\/yoast.com\/wordpress\/plugins\/seo\/ -->\n<title>Karriere - Securetec Detektions-Systeme AG<\/title>\n<meta name=\"robots\" content=\"index, follow, max-snippet:-1, max-image-preview:large, max-video-preview:-1\" \/>\n<link rel=\"canonical\" href=\"https:\/\/www.securetec.net\/de\/unternehmen\/karriere\/\" \/>\n<meta property=\"og:locale\" content=\"de_DE\" \/>\n<meta property=\"og:type\" content=\"article\" \/>\n<meta property=\"og:title\" content=\"Karriere - Securetec Detektions-Systeme AG\" \/>\n<meta property=\"og:url\" content=\"https:\/\/www.securetec.net\/de\/unternehmen\/karriere\/\" \/>\n<meta property=\"og:site_name\" content=\"Securetec Detektions-Systeme AG\" \/>\n<meta property=\"article:modified_time\" content=\"2025-11-27T08:03:39+00:00\" \/>\n<meta name=\"twitter:card\" content=\"summary_large_image\" \/>\n<meta name=\"twitter:site\" content=\"@DrugWipeUK\" \/>\n<meta name=\"twitter:label1\" content=\"Est. reading time\" \/>\n\t<meta name=\"twitter:data1\" content=\"4\u00a0Minuten\" \/>\n<script type=\"application\/ld+json\" class=\"yoast-schema-graph\">{\"@context\":\"https:\/\/schema.org\",\"@graph\":[{\"@type\":\"WebPage\",\"@id\":\"https:\/\/www.securetec.net\/de\/unternehmen\/karriere\/\",\"url\":\"https:\/\/www.securetec.net\/de\/unternehmen\/karriere\/\",\"name\":\"Karriere - Securetec Detektions-Systeme AG\",\"isPartOf\":{\"@id\":\"https:\/\/www.securetec.net\/de\/#website\"},\"datePublished\":\"2018-07-19T15:40:28+00:00\",\"dateModified\":\"2025-11-27T08:03:39+00:00\",\"breadcrumb\":{\"@id\":\"https:\/\/www.securetec.net\/de\/unternehmen\/karriere\/#breadcrumb\"},\"inLanguage\":\"de\",\"potentialAction\":[{\"@type\":\"ReadAction\",\"target\":[\"https:\/\/www.securetec.net\/de\/unternehmen\/karriere\/\"]}]},{\"@type\":\"BreadcrumbList\",\"@id\":\"https:\/\/www.securetec.net\/de\/unternehmen\/karriere\/#breadcrumb\",\"itemListElement\":[{\"@type\":\"ListItem\",\"position\":1,\"name\":\"Startseite\",\"item\":\"https:\/\/www.securetec.net\/de\/\"},{\"@type\":\"ListItem\",\"position\":2,\"name\":\"Unternehmen\",\"item\":\"https:\/\/www.securetec.net\/de\/unternehmen\/\"},{\"@type\":\"ListItem\",\"position\":3,\"name\":\"Karriere\"}]},{\"@type\":\"WebSite\",\"@id\":\"https:\/\/www.securetec.net\/de\/#website\",\"url\":\"https:\/\/www.securetec.net\/de\/\",\"name\":\"Securetec Detektions-Systeme AG\",\"description\":\"We detect to protect\",\"publisher\":{\"@id\":\"https:\/\/www.securetec.net\/de\/#organization\"},\"potentialAction\":[{\"@type\":\"SearchAction\",\"target\":{\"@type\":\"EntryPoint\",\"urlTemplate\":\"https:\/\/www.securetec.net\/de\/?s={search_term_string}\"},\"query-input\":{\"@type\":\"PropertyValueSpecification\",\"valueRequired\":true,\"valueName\":\"search_term_string\"}}],\"inLanguage\":\"de\"},{\"@type\":\"Organization\",\"@id\":\"https:\/\/www.securetec.net\/de\/#organization\",\"name\":\"Securetec Detektions-Systeme AG\",\"url\":\"https:\/\/www.securetec.net\/de\/\",\"logo\":{\"@type\":\"ImageObject\",\"inLanguage\":\"de\",\"@id\":\"https:\/\/www.securetec.net\/de\/#\/schema\/logo\/image\/\",\"url\":\"https:\/\/www.securetec.net\/app\/uploads\/2018\/07\/Securetec_Logo_.png\",\"contentUrl\":\"https:\/\/www.securetec.net\/app\/uploads\/2018\/07\/Securetec_Logo_.png\",\"width\":411,\"height\":189,\"caption\":\"Securetec Detektions-Systeme AG\"},\"image\":{\"@id\":\"https:\/\/www.securetec.net\/de\/#\/schema\/logo\/image\/\"},\"sameAs\":[\"https:\/\/x.com\/DrugWipeUK\",\"https:\/\/www.linkedin.com\/company\/securetec\",\"https:\/\/www.youtube.com\/channel\/UCP9jQA-TYhtqanhaooppMqw\"]}]}<\/script>\n<!-- \/ Yoast SEO plugin. -->","yoast_head_json":{"title":"Karriere - Securetec Detektions-Systeme AG","robots":{"index":"index","follow":"follow","max-snippet":"max-snippet:-1","max-image-preview":"max-image-preview:large","max-video-preview":"max-video-preview:-1"},"canonical":"https:\/\/www.securetec.net\/de\/unternehmen\/karriere\/","og_locale":"de_DE","og_type":"article","og_title":"Karriere - Securetec Detektions-Systeme AG","og_url":"https:\/\/www.securetec.net\/de\/unternehmen\/karriere\/","og_site_name":"Securetec Detektions-Systeme AG","article_modified_time":"2025-11-27T08:03:39+00:00","twitter_card":"summary_large_image","twitter_site":"@DrugWipeUK","twitter_misc":{"Est. reading time":"4\u00a0Minuten"},"schema":{"@context":"https:\/\/schema.org","@graph":[{"@type":"WebPage","@id":"https:\/\/www.securetec.net\/de\/unternehmen\/karriere\/","url":"https:\/\/www.securetec.net\/de\/unternehmen\/karriere\/","name":"Karriere - Securetec Detektions-Systeme AG","isPartOf":{"@id":"https:\/\/www.securetec.net\/de\/#website"},"datePublished":"2018-07-19T15:40:28+00:00","dateModified":"2025-11-27T08:03:39+00:00","breadcrumb":{"@id":"https:\/\/www.securetec.net\/de\/unternehmen\/karriere\/#breadcrumb"},"inLanguage":"de","potentialAction":[{"@type":"ReadAction","target":["https:\/\/www.securetec.net\/de\/unternehmen\/karriere\/"]}]},{"@type":"BreadcrumbList","@id":"https:\/\/www.securetec.net\/de\/unternehmen\/karriere\/#breadcrumb","itemListElement":[{"@type":"ListItem","position":1,"name":"Startseite","item":"https:\/\/www.securetec.net\/de\/"},{"@type":"ListItem","position":2,"name":"Unternehmen","item":"https:\/\/www.securetec.net\/de\/unternehmen\/"},{"@type":"ListItem","position":3,"name":"Karriere"}]},{"@type":"WebSite","@id":"https:\/\/www.securetec.net\/de\/#website","url":"https:\/\/www.securetec.net\/de\/","name":"Securetec Detektions-Systeme AG","description":"We detect to protect","publisher":{"@id":"https:\/\/www.securetec.net\/de\/#organization"},"potentialAction":[{"@type":"SearchAction","target":{"@type":"EntryPoint","urlTemplate":"https:\/\/www.securetec.net\/de\/?s={search_term_string}"},"query-input":{"@type":"PropertyValueSpecification","valueRequired":true,"valueName":"search_term_string"}}],"inLanguage":"de"},{"@type":"Organization","@id":"https:\/\/www.securetec.net\/de\/#organization","name":"Securetec Detektions-Systeme AG","url":"https:\/\/www.securetec.net\/de\/","logo":{"@type":"ImageObject","inLanguage":"de","@id":"https:\/\/www.securetec.net\/de\/#\/schema\/logo\/image\/","url":"https:\/\/www.securetec.net\/app\/uploads\/2018\/07\/Securetec_Logo_.png","contentUrl":"https:\/\/www.securetec.net\/app\/uploads\/2018\/07\/Securetec_Logo_.png","width":411,"height":189,"caption":"Securetec Detektions-Systeme AG"},"image":{"@id":"https:\/\/www.securetec.net\/de\/#\/schema\/logo\/image\/"},"sameAs":["https:\/\/x.com\/DrugWipeUK","https:\/\/www.linkedin.com\/company\/securetec","https:\/\/www.youtube.com\/channel\/UCP9jQA-TYhtqanhaooppMqw"]}]}},"_links":{"self":[{"href":"https:\/\/www.securetec.net\/de\/wp-json\/wp\/v2\/pages\/39","targetHints":{"allow":["GET"]}}],"collection":[{"href":"https:\/\/www.securetec.net\/de\/wp-json\/wp\/v2\/pages"}],"about":[{"href":"https:\/\/www.securetec.net\/de\/wp-json\/wp\/v2\/types\/page"}],"author":[{"embeddable":true,"href":"https:\/\/www.securetec.net\/de\/wp-json\/wp\/v2\/users\/1"}],"replies":[{"embeddable":true,"href":"https:\/\/www.securetec.net\/de\/wp-json\/wp\/v2\/comments?post=39"}],"version-history":[{"count":70,"href":"https:\/\/www.securetec.net\/de\/wp-json\/wp\/v2\/pages\/39\/revisions"}],"predecessor-version":[{"id":16901,"href":"https:\/\/www.securetec.net\/de\/wp-json\/wp\/v2\/pages\/39\/revisions\/16901"}],"up":[{"embeddable":true,"href":"https:\/\/www.securetec.net\/de\/wp-json\/wp\/v2\/pages\/25"}],"wp:attachment":[{"href":"https:\/\/www.securetec.net\/de\/wp-json\/wp\/v2\/media?parent=39"}],"curies":[{"name":"wp","href":"https:\/\/api.w.org\/{rel}","templated":true}]}}