{"id":35,"date":"2018-07-19T17:39:37","date_gmt":"2018-07-19T15:39:37","guid":{"rendered":"https:\/\/www.securetec.net\/?page_id=35"},"modified":"2025-08-12T08:25:00","modified_gmt":"2025-08-12T06:25:00","slug":"marketing-und-vertrieb","status":"publish","type":"page","link":"https:\/\/www.securetec.net\/de\/unternehmen\/marketing-und-vertrieb\/","title":{"rendered":"Marketing &#038; Vertrieb"},"content":{"rendered":"<div class=\"wpb-content-wrapper\"><p>[vc_row][vc_column width=&#8220;2\/3&#8243;][vc_column_text css=&#8220;&#8220;]Kundenn\u00e4he liegt uns am Herzen. Und so setzt die Securetec AG seit mehr als 30 Jahren auf ein starkes Vertriebsnetzwerk, das stetig w\u00e4chst und sich durch globale Erfahrung und lokale Pr\u00e4senz auszeichnet. Wir sind f\u00fcr Sie da \u2013 vor Ort, weltweit.<\/p>\n<p>Vertrieb und Marketing des weltweit f\u00fchrenden Herstellers von Drogentests werden direkt vom Securetec Unternehmenssitz in Neubiberg bei M\u00fcnchen gesteuert. Unser erfahrenes Vertriebsteam, bestehend aus Au\u00dfen- und Innendienstmitarbeitern, steht Ihnen gern mit Kompetenz und Erfahrung zur Verf\u00fcgung.<\/p>\n<p>Die weltweite Verf\u00fcgbarkeit unserer effizienten Schnelltests gew\u00e4hren wir \u00fcber unsere internationalen Niederlassungen sowie unsere lokalen Kooperations- und Ansprechpartner.<\/p>\n<p><a href=\"\/?page_id=104\">&gt;&gt; Securetec Kontakt<\/a><\/p>\n<p><a href=\"\/?page_id=6964\">&gt;&gt; Securetec Distrutionspartner werden<\/a><\/p>\n<p><a href=\"https:\/\/www.securetec.net\/en\/distributer-area\/\">&gt;&gt; Distributionspartner Bereich<\/a>[\/vc_column_text][\/vc_column][vc_column width=&#8220;1\/3&#8243;][tm_image align=&#8220;center&#8220; image=&#8220;16367&#8243;][tm_spacer size=&#8220;lg:30&#8243;][tm_image align=&#8220;center&#8220; image=&#8220;16372&#8243;][\/vc_column][\/vc_row]<\/p>\n<\/div>","protected":false},"excerpt":{"rendered":"[vc_row][vc_column width=&#8220;2\/3&#8243;][vc_column_text css=&#8220;&#8220;]Kundenn\u00e4he liegt uns am Herzen. Und so setzt die Securetec AG seit mehr als 30 Jahren auf ein starkes Vertriebsnetzwerk, das stetig w\u00e4chst und sich durch globale Erfahrung und lokale Pr\u00e4senz auszeichnet. Wir sind f\u00fcr Sie da \u2013 vor Ort, weltweit. Vertrieb und Marketing des weltweit f\u00fchrenden Herstellers von Drogentests werden direkt vom Securetec Unternehmenssitz in Neubiberg bei M\u00fcnchen gesteuert. Unser erfahrenes Vertriebsteam, bestehend aus Au\u00dfen- und Innendienstmitarbeitern, steht Ihnen gern mit Kompetenz und Erfahrung zur Verf\u00fcgung. Die weltweite Verf\u00fcgbarkeit unserer effizienten Schnelltests gew\u00e4hren wir \u00fcber unsere internationalen Niederlassungen sowie unsere lokalen Kooperations- und Ansprechpartner. &gt;&gt; Securetec Kontakt &gt;&gt; Securetec Distrutionspartner werden &gt;&gt; Distributionspartner Bereich[\/vc_column_text][\/vc_column][vc_column width=&#8220;1\/3&#8243;][tm_image align=&#8220;center&#8220; image=&#8220;16367&#8243;][tm_spacer size=&#8220;lg:30&#8243;][tm_image align=&#8220;center&#8220; image=&#8220;16372&#8243;][\/vc_column][\/vc_row]","protected":false},"author":1,"featured_media":0,"parent":25,"menu_order":0,"comment_status":"closed","ping_status":"closed","template":"","meta":{"footnotes":""},"class_list":["post-35","page","type-page","status-publish","hentry"],"yoast_head":"<!-- This site is optimized with the Yoast SEO plugin v25.6 - https:\/\/yoast.com\/wordpress\/plugins\/seo\/ -->\n<title>Marketing &amp; Vertrieb - Securetec Detektions-Systeme AG<\/title>\n<meta name=\"robots\" content=\"index, follow, max-snippet:-1, max-image-preview:large, max-video-preview:-1\" \/>\n<link rel=\"canonical\" href=\"https:\/\/www.securetec.net\/de\/unternehmen\/marketing-und-vertrieb\/\" \/>\n<meta property=\"og:locale\" content=\"de_DE\" \/>\n<meta property=\"og:type\" content=\"article\" \/>\n<meta property=\"og:title\" content=\"Marketing &amp; Vertrieb - Securetec Detektions-Systeme AG\" \/>\n<meta property=\"og:url\" content=\"https:\/\/www.securetec.net\/de\/unternehmen\/marketing-und-vertrieb\/\" \/>\n<meta property=\"og:site_name\" content=\"Securetec Detektions-Systeme AG\" \/>\n<meta property=\"article:modified_time\" content=\"2025-08-12T06:25:00+00:00\" \/>\n<meta name=\"twitter:card\" content=\"summary_large_image\" \/>\n<meta name=\"twitter:site\" content=\"@DrugWipeUK\" \/>\n<meta name=\"twitter:label1\" content=\"Est. reading time\" \/>\n\t<meta name=\"twitter:data1\" content=\"2\u00a0Minuten\" \/>\n<script type=\"application\/ld+json\" class=\"yoast-schema-graph\">{\"@context\":\"https:\/\/schema.org\",\"@graph\":[{\"@type\":\"WebPage\",\"@id\":\"https:\/\/www.securetec.net\/de\/unternehmen\/marketing-und-vertrieb\/\",\"url\":\"https:\/\/www.securetec.net\/de\/unternehmen\/marketing-und-vertrieb\/\",\"name\":\"Marketing & Vertrieb - Securetec Detektions-Systeme AG\",\"isPartOf\":{\"@id\":\"https:\/\/www.securetec.net\/de\/#website\"},\"datePublished\":\"2018-07-19T15:39:37+00:00\",\"dateModified\":\"2025-08-12T06:25:00+00:00\",\"breadcrumb\":{\"@id\":\"https:\/\/www.securetec.net\/de\/unternehmen\/marketing-und-vertrieb\/#breadcrumb\"},\"inLanguage\":\"de\",\"potentialAction\":[{\"@type\":\"ReadAction\",\"target\":[\"https:\/\/www.securetec.net\/de\/unternehmen\/marketing-und-vertrieb\/\"]}]},{\"@type\":\"BreadcrumbList\",\"@id\":\"https:\/\/www.securetec.net\/de\/unternehmen\/marketing-und-vertrieb\/#breadcrumb\",\"itemListElement\":[{\"@type\":\"ListItem\",\"position\":1,\"name\":\"Startseite\",\"item\":\"https:\/\/www.securetec.net\/de\/\"},{\"@type\":\"ListItem\",\"position\":2,\"name\":\"Unternehmen\",\"item\":\"https:\/\/www.securetec.net\/de\/unternehmen\/\"},{\"@type\":\"ListItem\",\"position\":3,\"name\":\"Marketing &#038; Vertrieb\"}]},{\"@type\":\"WebSite\",\"@id\":\"https:\/\/www.securetec.net\/de\/#website\",\"url\":\"https:\/\/www.securetec.net\/de\/\",\"name\":\"Securetec Detektions-Systeme AG\",\"description\":\"We detect to protect\",\"publisher\":{\"@id\":\"https:\/\/www.securetec.net\/de\/#organization\"},\"potentialAction\":[{\"@type\":\"SearchAction\",\"target\":{\"@type\":\"EntryPoint\",\"urlTemplate\":\"https:\/\/www.securetec.net\/de\/?s={search_term_string}\"},\"query-input\":{\"@type\":\"PropertyValueSpecification\",\"valueRequired\":true,\"valueName\":\"search_term_string\"}}],\"inLanguage\":\"de\"},{\"@type\":\"Organization\",\"@id\":\"https:\/\/www.securetec.net\/de\/#organization\",\"name\":\"Securetec Detektions-Systeme AG\",\"url\":\"https:\/\/www.securetec.net\/de\/\",\"logo\":{\"@type\":\"ImageObject\",\"inLanguage\":\"de\",\"@id\":\"https:\/\/www.securetec.net\/de\/#\/schema\/logo\/image\/\",\"url\":\"https:\/\/www.securetec.net\/app\/uploads\/2018\/07\/Securetec_Logo_.png\",\"contentUrl\":\"https:\/\/www.securetec.net\/app\/uploads\/2018\/07\/Securetec_Logo_.png\",\"width\":411,\"height\":189,\"caption\":\"Securetec Detektions-Systeme AG\"},\"image\":{\"@id\":\"https:\/\/www.securetec.net\/de\/#\/schema\/logo\/image\/\"},\"sameAs\":[\"https:\/\/x.com\/DrugWipeUK\",\"https:\/\/www.linkedin.com\/company\/securetec\",\"https:\/\/www.youtube.com\/channel\/UCP9jQA-TYhtqanhaooppMqw\"]}]}<\/script>\n<!-- \/ Yoast SEO plugin. -->","yoast_head_json":{"title":"Marketing & Vertrieb - Securetec Detektions-Systeme AG","robots":{"index":"index","follow":"follow","max-snippet":"max-snippet:-1","max-image-preview":"max-image-preview:large","max-video-preview":"max-video-preview:-1"},"canonical":"https:\/\/www.securetec.net\/de\/unternehmen\/marketing-und-vertrieb\/","og_locale":"de_DE","og_type":"article","og_title":"Marketing & Vertrieb - Securetec Detektions-Systeme AG","og_url":"https:\/\/www.securetec.net\/de\/unternehmen\/marketing-und-vertrieb\/","og_site_name":"Securetec Detektions-Systeme AG","article_modified_time":"2025-08-12T06:25:00+00:00","twitter_card":"summary_large_image","twitter_site":"@DrugWipeUK","twitter_misc":{"Est. reading time":"2\u00a0Minuten"},"schema":{"@context":"https:\/\/schema.org","@graph":[{"@type":"WebPage","@id":"https:\/\/www.securetec.net\/de\/unternehmen\/marketing-und-vertrieb\/","url":"https:\/\/www.securetec.net\/de\/unternehmen\/marketing-und-vertrieb\/","name":"Marketing & Vertrieb - Securetec Detektions-Systeme AG","isPartOf":{"@id":"https:\/\/www.securetec.net\/de\/#website"},"datePublished":"2018-07-19T15:39:37+00:00","dateModified":"2025-08-12T06:25:00+00:00","breadcrumb":{"@id":"https:\/\/www.securetec.net\/de\/unternehmen\/marketing-und-vertrieb\/#breadcrumb"},"inLanguage":"de","potentialAction":[{"@type":"ReadAction","target":["https:\/\/www.securetec.net\/de\/unternehmen\/marketing-und-vertrieb\/"]}]},{"@type":"BreadcrumbList","@id":"https:\/\/www.securetec.net\/de\/unternehmen\/marketing-und-vertrieb\/#breadcrumb","itemListElement":[{"@type":"ListItem","position":1,"name":"Startseite","item":"https:\/\/www.securetec.net\/de\/"},{"@type":"ListItem","position":2,"name":"Unternehmen","item":"https:\/\/www.securetec.net\/de\/unternehmen\/"},{"@type":"ListItem","position":3,"name":"Marketing &#038; Vertrieb"}]},{"@type":"WebSite","@id":"https:\/\/www.securetec.net\/de\/#website","url":"https:\/\/www.securetec.net\/de\/","name":"Securetec Detektions-Systeme AG","description":"We detect to protect","publisher":{"@id":"https:\/\/www.securetec.net\/de\/#organization"},"potentialAction":[{"@type":"SearchAction","target":{"@type":"EntryPoint","urlTemplate":"https:\/\/www.securetec.net\/de\/?s={search_term_string}"},"query-input":{"@type":"PropertyValueSpecification","valueRequired":true,"valueName":"search_term_string"}}],"inLanguage":"de"},{"@type":"Organization","@id":"https:\/\/www.securetec.net\/de\/#organization","name":"Securetec Detektions-Systeme AG","url":"https:\/\/www.securetec.net\/de\/","logo":{"@type":"ImageObject","inLanguage":"de","@id":"https:\/\/www.securetec.net\/de\/#\/schema\/logo\/image\/","url":"https:\/\/www.securetec.net\/app\/uploads\/2018\/07\/Securetec_Logo_.png","contentUrl":"https:\/\/www.securetec.net\/app\/uploads\/2018\/07\/Securetec_Logo_.png","width":411,"height":189,"caption":"Securetec Detektions-Systeme AG"},"image":{"@id":"https:\/\/www.securetec.net\/de\/#\/schema\/logo\/image\/"},"sameAs":["https:\/\/x.com\/DrugWipeUK","https:\/\/www.linkedin.com\/company\/securetec","https:\/\/www.youtube.com\/channel\/UCP9jQA-TYhtqanhaooppMqw"]}]}},"_links":{"self":[{"href":"https:\/\/www.securetec.net\/de\/wp-json\/wp\/v2\/pages\/35","targetHints":{"allow":["GET"]}}],"collection":[{"href":"https:\/\/www.securetec.net\/de\/wp-json\/wp\/v2\/pages"}],"about":[{"href":"https:\/\/www.securetec.net\/de\/wp-json\/wp\/v2\/types\/page"}],"author":[{"embeddable":true,"href":"https:\/\/www.securetec.net\/de\/wp-json\/wp\/v2\/users\/1"}],"replies":[{"embeddable":true,"href":"https:\/\/www.securetec.net\/de\/wp-json\/wp\/v2\/comments?post=35"}],"version-history":[{"count":25,"href":"https:\/\/www.securetec.net\/de\/wp-json\/wp\/v2\/pages\/35\/revisions"}],"predecessor-version":[{"id":16407,"href":"https:\/\/www.securetec.net\/de\/wp-json\/wp\/v2\/pages\/35\/revisions\/16407"}],"up":[{"embeddable":true,"href":"https:\/\/www.securetec.net\/de\/wp-json\/wp\/v2\/pages\/25"}],"wp:attachment":[{"href":"https:\/\/www.securetec.net\/de\/wp-json\/wp\/v2\/media?parent=35"}],"curies":[{"name":"wp","href":"https:\/\/api.w.org\/{rel}","templated":true}]}}