{"id":33,"date":"2018-07-19T17:39:07","date_gmt":"2018-07-19T15:39:07","guid":{"rendered":"https:\/\/www.securetec.net\/?page_id=33"},"modified":"2025-08-12T08:31:25","modified_gmt":"2025-08-12T06:31:25","slug":"produktion-und-qualitaetssicherung","status":"publish","type":"page","link":"https:\/\/www.securetec.net\/de\/unternehmen\/produktion-und-qualitaetssicherung\/","title":{"rendered":"Produktion und Qualit\u00e4tssicherung"},"content":{"rendered":"<div class=\"wpb-content-wrapper\"><p>[vc_row lg_spacing=&#8220;margin_bottom:80&#8243;][vc_column width=&#8220;2\/3&#8243;][vc_column_text]<\/p>\n<h2>Produktion<\/h2>\n<p>In unserer Produktion am Unternehmensstandort Neubiberg bei M\u00fcnchen setzen wir als Drogentesthersteller auf eine interdisziplin\u00e4re Zusammenarbeit unserer hochqualifizierten Produktions- und Qualit\u00e4tssicherungsteams. Mit klarem Fokus auf gepr\u00fcfter Qualit\u00e4t und Arbeitssicherheit entstehen in den vier Produktionsphasen Verarbeitung von Rohmaterialien, Herstellung von Teststreifen, Herstellung von Geh\u00e4useteilen und Assemblierung der Produkte zuverl\u00e4ssige, effiziente und innovative Produkte zur Drogenerkennung.<\/p>\n<p>Teilautomatisierte Prozesse garantieren eine gleichbleibend hohe Qualit\u00e4t sowie flexibles Reagieren auf individuelle Kundenw\u00fcnsche.[\/vc_column_text][tm_spacer size=&#8220;lg:30&#8243;][vc_column_text css=&#8220;.vc_custom_1687935561955{margin-bottom: 50px !important;}&#8220;]<\/p>\n<h2>Qualit\u00e4tssicherung<\/h2>\n<p>Als f\u00fchrender Hersteller von Schnelltests legen wir h\u00f6chsten Wert auf die Qualit\u00e4t unserer Produkte. Seit 2004 ist Securetec gem\u00e4\u00df ISO 9001 und EN ISO 13485 zertifiziert. J\u00e4hrlich werden neben den T\u00dcV S\u00fcd Audits auch unternehmensweite, interne Audits durchgef\u00fchrt, um so eine kontinuierliche Verbesserung des Qualit\u00e4tsmanagementsystems sicherzustellen.<\/p>\n<p>Seit Juni 2022 erf\u00fcllen wir alle Anforderungen der Norm ISO 14001 und sind entsprechend zertifiziert. Diese Zertifizierung wird j\u00e4hrlich neu von der T\u00dcV Austria Cert vergeben.<\/p>\n<p>Neben Arbeits- und Prozessabl\u00e4ufen, die gem\u00e4\u00df Standard Operation Procedures (SOP) festgehalten und gelebt werden, haben wir ein Korrektur- und Vorbeugema\u00dfnahmen-Prozedere (CAPA) implementiert, um Produkte und Prozesse kontinuierlich zu optimieren.<\/p>\n<p>Regelm\u00e4\u00dfige Schulungen unserer Mitarbeiter zur Vertiefung des Qualit\u00e4tsbewusstseins erg\u00e4nzen unseren Fokus auf Qualit\u00e4t.<\/p>\n<p>Unsere Experten der Qualit\u00e4tssicherung begleiten von Beginn an alle Arbeitsschritte und Prozesse der Produktentwicklung und Herstellung bis zur Serienproduktion nach festgelegten Freigabekriterien.<br \/>\nSo stellen wir sicher, dass nur haltbare, funktionst\u00fcchtige Produkte h\u00f6chster Qualit\u00e4t zu unseren Kunden gelangen.[\/vc_column_text][\/vc_column][vc_column width=&#8220;1\/3&#8243;][tm_image align=&#8220;center&#8220; image=&#8220;16348&#8243;][tm_spacer size=&#8220;lg:30&#8243;][tm_image align=&#8220;center&#8220; image=&#8220;16352&#8243;][tm_spacer size=&#8220;lg:30&#8243;][tm_image align=&#8220;center&#8220; image=&#8220;16357&#8243;][\/vc_column][\/vc_row][vc_row][vc_column width=&#8220;1\/2&#8243;][vc_row_inner equal_height=&#8220;yes&#8220; content_placement=&#8220;middle&#8220; lg_spacing=&#8220;margin_right:30;border_top:2;border_right:2;border_bottom:2;border_left:2;padding_top:0;padding_right:0;padding_bottom:0;padding_left:0&#8243;][vc_column_inner width=&#8220;3\/4&#8243; content_alignment=&#8220;right&#8220; lg_spacing=&#8220;padding_top:0;padding_right:0;padding_bottom:0&#8243;][vc_column_text css=&#8220;.vc_custom_1680079595360{padding-top: 20px !important;padding-bottom: 20px !important;padding-left: 10px !important;background-color: #ffffff !important;}&#8220;]<div class='w3eden'><!-- WPDM Link Template: Default Template -->\n\n<div class=\"link-template-default card mb-2\">\n    <div class=\"card-body\">\n        <div class=\"media\">\n            <div class=\"mr-3 img-48\"><img decoding=\"async\" class=\"wpdm_icon\" alt=\"Icon\" src=\"https:\/\/www.securetec.net\/app\/plugins\/download-manager\/assets\/file-type-icons\/pdf.svg\" \/><\/div>\n            <div class=\"media-body\">\n                <h3 class=\"package-title\"><a href='https:\/\/www.securetec.net\/de\/download\/zertifikat-iso-13485-2\/'>Zertifikat ISO 13485<\/a><\/h3>\n                <div class=\"text-muted text-small\"><i class=\"fas fa-copy\"><\/i> 1 Datei(en) <i class=\"fas fa-hdd ml-3\"><\/i> 985.08 KB<\/div>\n            <\/div>\n            <div class=\"ml-3\">\n                <a class='wpdm-download-link download-on-click btn btn-primary ' target=_blank rel='nofollow' href='#' data-downloadurl=\"https:\/\/www.securetec.net\/de\/download\/zertifikat-iso-13485-2\/?wpdmdl=10706&refresh=69de5119c27b61776177433\">Download<\/a>\n            <\/div>\n        <\/div>\n    <\/div>\n<\/div>\n\n<\/div>\n<div class='w3eden'><!-- WPDM Link Template: Default Template -->\n\n<div class=\"link-template-default card mb-2\">\n    <div class=\"card-body\">\n        <div class=\"media\">\n            <div class=\"mr-3 img-48\"><img decoding=\"async\" class=\"wpdm_icon\" alt=\"Icon\" src=\"https:\/\/www.securetec.net\/app\/plugins\/download-manager\/assets\/file-type-icons\/pdf.svg\" \/><\/div>\n            <div class=\"media-body\">\n                <h3 class=\"package-title\"><a href='https:\/\/www.securetec.net\/de\/download\/zertifikat-iso-9001\/'>Zertifikat ISO 9001<\/a><\/h3>\n                <div class=\"text-muted text-small\"><i class=\"fas fa-copy\"><\/i> 1 Datei(en) <i class=\"fas fa-hdd ml-3\"><\/i> 284.67 KB<\/div>\n            <\/div>\n            <div class=\"ml-3\">\n                <a class='wpdm-download-link download-on-click btn btn-primary ' target=_blank rel='nofollow' href='#' data-downloadurl=\"https:\/\/www.securetec.net\/de\/download\/zertifikat-iso-9001\/?wpdmdl=10698&refresh=69de5119d743b1776177433\">Download<\/a>\n            <\/div>\n        <\/div>\n    <\/div>\n<\/div>\n\n<\/div>[\/vc_column_text][\/vc_column_inner][vc_column_inner width=&#8220;1\/4&#8243; lg_spacing=&#8220;margin_top:21;margin_bottom:20&#8243;][tm_image align=&#8220;right&#8220; image=&#8220;404&#8243; lg_spacing=&#8220;padding_top:0;padding_right:0;padding_bottom:0&#8243;][\/vc_column_inner][\/vc_row_inner][\/vc_column][vc_column width=&#8220;1\/2&#8243;][vc_row_inner equal_height=&#8220;yes&#8220; content_placement=&#8220;middle&#8220; lg_spacing=&#8220;border_top:2;border_right:2;border_bottom:2;border_left:2;padding_top:0;padding_right:0;padding_bottom:0;padding_left:0&#8243;][vc_column_inner width=&#8220;3\/4&#8243; content_alignment=&#8220;right&#8220; lg_spacing=&#8220;padding_top:0;padding_right:0;padding_bottom:0&#8243;][vc_column_text css=&#8220;.vc_custom_1656334263927{padding-top: 20px !important;padding-bottom: 20px !important;padding-left: 10px !important;}&#8220;]<div class='w3eden'><!-- WPDM Link Template: Default Template -->\n\n<div class=\"link-template-default card mb-2\">\n    <div class=\"card-body\">\n        <div class=\"media\">\n            <div class=\"mr-3 img-48\"><img decoding=\"async\" class=\"wpdm_icon\" alt=\"Icon\" src=\"https:\/\/www.securetec.net\/app\/plugins\/download-manager\/assets\/file-type-icons\/pdf.svg\" \/><\/div>\n            <div class=\"media-body\">\n                <h3 class=\"package-title\"><a href='https:\/\/www.securetec.net\/de\/download\/zertifikat-iso-14001\/'>Zertifikat ISO 14001<\/a><\/h3>\n                <div class=\"text-muted text-small\"><i class=\"fas fa-copy\"><\/i> 1 Datei(en) <i class=\"fas fa-hdd ml-3\"><\/i> 0.00 KB<\/div>\n            <\/div>\n            <div class=\"ml-3\">\n                <a class='wpdm-download-link download-on-click btn btn-primary ' target=_blank rel='nofollow' href='#' data-downloadurl=\"https:\/\/www.securetec.net\/de\/download\/zertifikat-iso-14001\/?wpdmdl=13623&refresh=69de5119f03a91776177433\">Download<\/a>\n            <\/div>\n        <\/div>\n    <\/div>\n<\/div>\n\n<\/div>[\/vc_column_text][\/vc_column_inner][vc_column_inner width=&#8220;1\/4&#8243; lg_spacing=&#8220;margin_top:21;margin_bottom:20&#8243;][tm_image align=&#8220;right&#8220; image=&#8220;13614&#8243; lg_spacing=&#8220;padding_top:0;padding_right:0;padding_bottom:0&#8243;][\/vc_column_inner][\/vc_row_inner][\/vc_column][\/vc_row]<\/p>\n<\/div>","protected":false},"excerpt":{"rendered":"[vc_row lg_spacing=&#8220;margin_bottom:80&#8243;][vc_column width=&#8220;2\/3&#8243;][vc_column_text] Produktion In unserer Produktion am Unternehmensstandort Neubiberg bei M\u00fcnchen setzen wir als Drogentesthersteller auf eine interdisziplin\u00e4re Zusammenarbeit unserer hochqualifizierten Produktions- und Qualit\u00e4tssicherungsteams. Mit klarem Fokus auf gepr\u00fcfter Qualit\u00e4t und Arbeitssicherheit entstehen in den vier Produktionsphasen Verarbeitung von Rohmaterialien, Herstellung von Teststreifen, Herstellung von Geh\u00e4useteilen und Assemblierung der Produkte zuverl\u00e4ssige, effiziente und innovative Produkte zur Drogenerkennung. Teilautomatisierte Prozesse garantieren eine gleichbleibend hohe Qualit\u00e4t sowie flexibles Reagieren auf individuelle Kundenw\u00fcnsche.[\/vc_column_text][tm_spacer size=&#8220;lg:30&#8243;][vc_column_text css=&#8220;.vc_custom_1687935561955{margin-bottom: 50px !important;}&#8220;] Qualit\u00e4tssicherung Als f\u00fchrender Hersteller von Schnelltests legen wir h\u00f6chsten Wert auf die Qualit\u00e4t unserer Produkte. Seit 2004 ist Securetec gem\u00e4\u00df ISO 9001 und EN ISO 13485 zertifiziert. J\u00e4hrlich werden neben den T\u00dcV S\u00fcd Audits auch unternehmensweite, interne Audits durchgef\u00fchrt, um so eine kontinuierliche Verbesserung des Qualit\u00e4tsmanagementsystems sicherzustellen. Seit Juni 2022 erf\u00fcllen wir alle Anforderungen der Norm ISO 14001 und sind entsprechend zertifiziert. Diese Zertifizierung wird j\u00e4hrlich neu von der T\u00dcV Austria Cert vergeben. Neben Arbeits- und Prozessabl\u00e4ufen, die gem\u00e4\u00df Standard Operation Procedures (SOP) festgehalten und gelebt werden, haben wir ein Korrektur- und Vorbeugema\u00dfnahmen-Prozedere (CAPA) implementiert, um Produkte und Prozesse kontinuierlich zu optimieren. Regelm\u00e4\u00dfige Schulungen unserer Mitarbeiter zur Vertiefung des Qualit\u00e4tsbewusstseins erg\u00e4nzen unseren Fokus auf Qualit\u00e4t. Unsere Experten der Qualit\u00e4tssicherung begleiten von Beginn an alle Arbeitsschritte und Prozesse der Produktentwicklung und Herstellung bis zur Serienproduktion nach festgelegten Freigabekriterien. So stellen wir sicher, dass nur haltbare, funktionst\u00fcchtige Produkte h\u00f6chster Qualit\u00e4t zu unseren Kunden gelangen.[\/vc_column_text][\/vc_column][vc_column width=&#8220;1\/3&#8243;][tm_image align=&#8220;center&#8220; image=&#8220;16348&#8243;][tm_spacer size=&#8220;lg:30&#8243;][tm_image align=&#8220;center&#8220; image=&#8220;16352&#8243;][tm_spacer size=&#8220;lg:30&#8243;][tm_image align=&#8220;center&#8220; image=&#8220;16357&#8243;][\/vc_column][\/vc_row][vc_row][vc_column width=&#8220;1\/2&#8243;][vc_row_inner equal_height=&#8220;yes&#8220; content_placement=&#8220;middle&#8220; lg_spacing=&#8220;margin_right:30;border_top:2;border_right:2;border_bottom:2;border_left:2;padding_top:0;padding_right:0;padding_bottom:0;padding_left:0&#8243;][vc_column_inner width=&#8220;3\/4&#8243; content_alignment=&#8220;right&#8220; lg_spacing=&#8220;padding_top:0;padding_right:0;padding_bottom:0&#8243;][vc_column_text css=&#8220;.vc_custom_1680079595360{padding-top: 20px !important;padding-bottom: 20px !important;padding-left: 10px !important;background-color: #ffffff !important;}&#8220;] [\/vc_column_text][\/vc_column_inner][vc_column_inner width=&#8220;1\/4&#8243; lg_spacing=&#8220;margin_top:21;margin_bottom:20&#8243;][tm_image align=&#8220;right&#8220; image=&#8220;404&#8243; lg_spacing=&#8220;padding_top:0;padding_right:0;padding_bottom:0&#8243;][\/vc_column_inner][\/vc_row_inner][\/vc_column][vc_column width=&#8220;1\/2&#8243;][vc_row_inner equal_height=&#8220;yes&#8220; content_placement=&#8220;middle&#8220; lg_spacing=&#8220;border_top:2;border_right:2;border_bottom:2;border_left:2;padding_top:0;padding_right:0;padding_bottom:0;padding_left:0&#8243;][vc_column_inner width=&#8220;3\/4&#8243; content_alignment=&#8220;right&#8220; lg_spacing=&#8220;padding_top:0;padding_right:0;padding_bottom:0&#8243;][vc_column_text css=&#8220;.vc_custom_1656334263927{padding-top: 20px !important;padding-bottom: 20px !important;padding-left: 10px !important;}&#8220;][\/vc_column_text][\/vc_column_inner][vc_column_inner width=&#8220;1\/4&#8243; lg_spacing=&#8220;margin_top:21;margin_bottom:20&#8243;][tm_image align=&#8220;right&#8220; image=&#8220;13614&#8243; lg_spacing=&#8220;padding_top:0;padding_right:0;padding_bottom:0&#8243;][\/vc_column_inner][\/vc_row_inner][\/vc_column][\/vc_row]","protected":false},"author":1,"featured_media":0,"parent":25,"menu_order":0,"comment_status":"closed","ping_status":"closed","template":"","meta":{"footnotes":""},"class_list":["post-33","page","type-page","status-publish","hentry"],"yoast_head":"<!-- This site is optimized with the Yoast SEO plugin v25.6 - https:\/\/yoast.com\/wordpress\/plugins\/seo\/ -->\n<title>Produktion und Qualit\u00e4tssicherung - Securetec Detektions-Systeme AG<\/title>\n<meta name=\"description\" content=\"Herstellung von Teststreifen und Geh\u00e4useteilen sowie Assemblierung von Produkten nach Qualit\u00e4tsstandard ISO 13485 und ISO 9001.\" \/>\n<meta name=\"robots\" content=\"index, follow, max-snippet:-1, max-image-preview:large, max-video-preview:-1\" \/>\n<link rel=\"canonical\" href=\"https:\/\/www.securetec.net\/de\/unternehmen\/produktion-und-qualitaetssicherung\/\" \/>\n<meta property=\"og:locale\" content=\"de_DE\" \/>\n<meta property=\"og:type\" content=\"article\" \/>\n<meta property=\"og:title\" content=\"Produktion und Qualit\u00e4tssicherung - Securetec Detektions-Systeme AG\" \/>\n<meta property=\"og:description\" content=\"Herstellung von Teststreifen und Geh\u00e4useteilen sowie Assemblierung von Produkten nach Qualit\u00e4tsstandard ISO 13485 und ISO 9001.\" \/>\n<meta property=\"og:url\" content=\"https:\/\/www.securetec.net\/de\/unternehmen\/produktion-und-qualitaetssicherung\/\" \/>\n<meta property=\"og:site_name\" content=\"Securetec Detektions-Systeme AG\" \/>\n<meta property=\"article:modified_time\" content=\"2025-08-12T06:31:25+00:00\" \/>\n<meta name=\"twitter:card\" content=\"summary_large_image\" \/>\n<meta name=\"twitter:site\" content=\"@DrugWipeUK\" \/>\n<meta name=\"twitter:label1\" content=\"Est. reading time\" \/>\n\t<meta name=\"twitter:data1\" content=\"2\u00a0Minuten\" \/>\n<script type=\"application\/ld+json\" class=\"yoast-schema-graph\">{\"@context\":\"https:\/\/schema.org\",\"@graph\":[{\"@type\":\"WebPage\",\"@id\":\"https:\/\/www.securetec.net\/de\/unternehmen\/produktion-und-qualitaetssicherung\/\",\"url\":\"https:\/\/www.securetec.net\/de\/unternehmen\/produktion-und-qualitaetssicherung\/\",\"name\":\"Produktion und Qualit\u00e4tssicherung - Securetec Detektions-Systeme AG\",\"isPartOf\":{\"@id\":\"https:\/\/www.securetec.net\/de\/#website\"},\"datePublished\":\"2018-07-19T15:39:07+00:00\",\"dateModified\":\"2025-08-12T06:31:25+00:00\",\"description\":\"Herstellung von Teststreifen und Geh\u00e4useteilen sowie Assemblierung von Produkten nach Qualit\u00e4tsstandard ISO 13485 und ISO 9001.\",\"breadcrumb\":{\"@id\":\"https:\/\/www.securetec.net\/de\/unternehmen\/produktion-und-qualitaetssicherung\/#breadcrumb\"},\"inLanguage\":\"de\",\"potentialAction\":[{\"@type\":\"ReadAction\",\"target\":[\"https:\/\/www.securetec.net\/de\/unternehmen\/produktion-und-qualitaetssicherung\/\"]}]},{\"@type\":\"BreadcrumbList\",\"@id\":\"https:\/\/www.securetec.net\/de\/unternehmen\/produktion-und-qualitaetssicherung\/#breadcrumb\",\"itemListElement\":[{\"@type\":\"ListItem\",\"position\":1,\"name\":\"Startseite\",\"item\":\"https:\/\/www.securetec.net\/de\/\"},{\"@type\":\"ListItem\",\"position\":2,\"name\":\"Unternehmen\",\"item\":\"https:\/\/www.securetec.net\/de\/unternehmen\/\"},{\"@type\":\"ListItem\",\"position\":3,\"name\":\"Produktion und Qualit\u00e4tssicherung\"}]},{\"@type\":\"WebSite\",\"@id\":\"https:\/\/www.securetec.net\/de\/#website\",\"url\":\"https:\/\/www.securetec.net\/de\/\",\"name\":\"Securetec Detektions-Systeme AG\",\"description\":\"We detect to protect\",\"publisher\":{\"@id\":\"https:\/\/www.securetec.net\/de\/#organization\"},\"potentialAction\":[{\"@type\":\"SearchAction\",\"target\":{\"@type\":\"EntryPoint\",\"urlTemplate\":\"https:\/\/www.securetec.net\/de\/?s={search_term_string}\"},\"query-input\":{\"@type\":\"PropertyValueSpecification\",\"valueRequired\":true,\"valueName\":\"search_term_string\"}}],\"inLanguage\":\"de\"},{\"@type\":\"Organization\",\"@id\":\"https:\/\/www.securetec.net\/de\/#organization\",\"name\":\"Securetec Detektions-Systeme AG\",\"url\":\"https:\/\/www.securetec.net\/de\/\",\"logo\":{\"@type\":\"ImageObject\",\"inLanguage\":\"de\",\"@id\":\"https:\/\/www.securetec.net\/de\/#\/schema\/logo\/image\/\",\"url\":\"https:\/\/www.securetec.net\/app\/uploads\/2018\/07\/Securetec_Logo_.png\",\"contentUrl\":\"https:\/\/www.securetec.net\/app\/uploads\/2018\/07\/Securetec_Logo_.png\",\"width\":411,\"height\":189,\"caption\":\"Securetec Detektions-Systeme AG\"},\"image\":{\"@id\":\"https:\/\/www.securetec.net\/de\/#\/schema\/logo\/image\/\"},\"sameAs\":[\"https:\/\/x.com\/DrugWipeUK\",\"https:\/\/www.linkedin.com\/company\/securetec\",\"https:\/\/www.youtube.com\/channel\/UCP9jQA-TYhtqanhaooppMqw\"]}]}<\/script>\n<!-- \/ Yoast SEO plugin. -->","yoast_head_json":{"title":"Produktion und Qualit\u00e4tssicherung - Securetec Detektions-Systeme AG","description":"Herstellung von Teststreifen und Geh\u00e4useteilen sowie Assemblierung von Produkten nach Qualit\u00e4tsstandard ISO 13485 und ISO 9001.","robots":{"index":"index","follow":"follow","max-snippet":"max-snippet:-1","max-image-preview":"max-image-preview:large","max-video-preview":"max-video-preview:-1"},"canonical":"https:\/\/www.securetec.net\/de\/unternehmen\/produktion-und-qualitaetssicherung\/","og_locale":"de_DE","og_type":"article","og_title":"Produktion und Qualit\u00e4tssicherung - Securetec Detektions-Systeme AG","og_description":"Herstellung von Teststreifen und Geh\u00e4useteilen sowie Assemblierung von Produkten nach Qualit\u00e4tsstandard ISO 13485 und ISO 9001.","og_url":"https:\/\/www.securetec.net\/de\/unternehmen\/produktion-und-qualitaetssicherung\/","og_site_name":"Securetec Detektions-Systeme AG","article_modified_time":"2025-08-12T06:31:25+00:00","twitter_card":"summary_large_image","twitter_site":"@DrugWipeUK","twitter_misc":{"Est. reading time":"2\u00a0Minuten"},"schema":{"@context":"https:\/\/schema.org","@graph":[{"@type":"WebPage","@id":"https:\/\/www.securetec.net\/de\/unternehmen\/produktion-und-qualitaetssicherung\/","url":"https:\/\/www.securetec.net\/de\/unternehmen\/produktion-und-qualitaetssicherung\/","name":"Produktion und Qualit\u00e4tssicherung - Securetec Detektions-Systeme AG","isPartOf":{"@id":"https:\/\/www.securetec.net\/de\/#website"},"datePublished":"2018-07-19T15:39:07+00:00","dateModified":"2025-08-12T06:31:25+00:00","description":"Herstellung von Teststreifen und Geh\u00e4useteilen sowie Assemblierung von Produkten nach Qualit\u00e4tsstandard ISO 13485 und ISO 9001.","breadcrumb":{"@id":"https:\/\/www.securetec.net\/de\/unternehmen\/produktion-und-qualitaetssicherung\/#breadcrumb"},"inLanguage":"de","potentialAction":[{"@type":"ReadAction","target":["https:\/\/www.securetec.net\/de\/unternehmen\/produktion-und-qualitaetssicherung\/"]}]},{"@type":"BreadcrumbList","@id":"https:\/\/www.securetec.net\/de\/unternehmen\/produktion-und-qualitaetssicherung\/#breadcrumb","itemListElement":[{"@type":"ListItem","position":1,"name":"Startseite","item":"https:\/\/www.securetec.net\/de\/"},{"@type":"ListItem","position":2,"name":"Unternehmen","item":"https:\/\/www.securetec.net\/de\/unternehmen\/"},{"@type":"ListItem","position":3,"name":"Produktion und Qualit\u00e4tssicherung"}]},{"@type":"WebSite","@id":"https:\/\/www.securetec.net\/de\/#website","url":"https:\/\/www.securetec.net\/de\/","name":"Securetec Detektions-Systeme AG","description":"We detect to protect","publisher":{"@id":"https:\/\/www.securetec.net\/de\/#organization"},"potentialAction":[{"@type":"SearchAction","target":{"@type":"EntryPoint","urlTemplate":"https:\/\/www.securetec.net\/de\/?s={search_term_string}"},"query-input":{"@type":"PropertyValueSpecification","valueRequired":true,"valueName":"search_term_string"}}],"inLanguage":"de"},{"@type":"Organization","@id":"https:\/\/www.securetec.net\/de\/#organization","name":"Securetec Detektions-Systeme AG","url":"https:\/\/www.securetec.net\/de\/","logo":{"@type":"ImageObject","inLanguage":"de","@id":"https:\/\/www.securetec.net\/de\/#\/schema\/logo\/image\/","url":"https:\/\/www.securetec.net\/app\/uploads\/2018\/07\/Securetec_Logo_.png","contentUrl":"https:\/\/www.securetec.net\/app\/uploads\/2018\/07\/Securetec_Logo_.png","width":411,"height":189,"caption":"Securetec Detektions-Systeme AG"},"image":{"@id":"https:\/\/www.securetec.net\/de\/#\/schema\/logo\/image\/"},"sameAs":["https:\/\/x.com\/DrugWipeUK","https:\/\/www.linkedin.com\/company\/securetec","https:\/\/www.youtube.com\/channel\/UCP9jQA-TYhtqanhaooppMqw"]}]}},"_links":{"self":[{"href":"https:\/\/www.securetec.net\/de\/wp-json\/wp\/v2\/pages\/33","targetHints":{"allow":["GET"]}}],"collection":[{"href":"https:\/\/www.securetec.net\/de\/wp-json\/wp\/v2\/pages"}],"about":[{"href":"https:\/\/www.securetec.net\/de\/wp-json\/wp\/v2\/types\/page"}],"author":[{"embeddable":true,"href":"https:\/\/www.securetec.net\/de\/wp-json\/wp\/v2\/users\/1"}],"replies":[{"embeddable":true,"href":"https:\/\/www.securetec.net\/de\/wp-json\/wp\/v2\/comments?post=33"}],"version-history":[{"count":47,"href":"https:\/\/www.securetec.net\/de\/wp-json\/wp\/v2\/pages\/33\/revisions"}],"predecessor-version":[{"id":16506,"href":"https:\/\/www.securetec.net\/de\/wp-json\/wp\/v2\/pages\/33\/revisions\/16506"}],"up":[{"embeddable":true,"href":"https:\/\/www.securetec.net\/de\/wp-json\/wp\/v2\/pages\/25"}],"wp:attachment":[{"href":"https:\/\/www.securetec.net\/de\/wp-json\/wp\/v2\/media?parent=33"}],"curies":[{"name":"wp","href":"https:\/\/api.w.org\/{rel}","templated":true}]}}