{"id":29,"date":"2018-07-19T17:38:23","date_gmt":"2018-07-19T15:38:23","guid":{"rendered":"https:\/\/www.securetec.net\/?page_id=29"},"modified":"2025-08-12T08:36:13","modified_gmt":"2025-08-12T06:36:13","slug":"auftragsentwicklung","status":"publish","type":"page","link":"https:\/\/www.securetec.net\/de\/unternehmen\/forschung-und-entwicklung\/auftragsentwicklung\/","title":{"rendered":"Auftragsentwicklung"},"content":{"rendered":"<div class=\"wpb-content-wrapper\"><p>[vc_row][vc_column width=&#8220;2\/3&#8243;][vc_column_text css=&#8220;.vc_custom_1754978007090{margin-bottom: 80px !important;}&#8220;]<\/p>\n<h3>Kooperationen und Auftragsentwicklung<\/h3>\n<p>Securetec steht f\u00fcr Know-how und langj\u00e4hrige Expertise im Bereich Auftragsentwicklung unterschiedlicher Lateral Flow Assays und Schnelltests. Gerne stellen wir diese unseren Kunden zur Verf\u00fcgung. Eine auf Kundenw\u00fcnsche zugeschnittene Durchf\u00fchrung individueller Entwicklungsprojekte ist ebenso selbstverst\u00e4ndlich wie eine transparente Planung und Abstimmung.<\/p>\n<p>In Kooperation mit unserem weltweiten Netzwerk kompetenter Partner sind wir in der Lage, Entwicklungsprojekte flexibel, zeit- und kosteneffizient zu realisieren.<\/p>\n<p>Wir verstehen uns als Innovationsf\u00fchrer und sind stets an neuen Forschungsans\u00e4tzen und Optimierungspotenzialen interessiert. Lassen Sie uns gemeinsam neue Technologien und Detektionssysteme f\u00fcr den verl\u00e4sslichen Einsatz im Bereich Schnelltests, In-Vitro-Diagnostik und Vor-Ort-Analytik pr\u00fcfen und in neue Produkte umsetzen.<\/p>\n<p>Entwicklungsprojekte, die bei Securetec wie alle Projekte gem\u00e4\u00df ISO 9001 und EN ISO 13458 Zertifizierungen und interner SOP-Vorschriften durchgef\u00fchrt werden, durchlaufen in der Regel folgende Phasen:[\/vc_column_text][vc_tta_tabs style=&#8220;atomlab-03&#8243; shape=&#8220;square&#8220; active_section=&#8220;1&#8243; css=&#8220;.vc_custom_1537385033263{margin-bottom: 30px !important;}&#8220;][vc_tta_section title=&#8220;Machbarkeit&#8220; tab_id=&#8220;1536151185476-85492477-ba2a1537384656884&#8243;][vc_column_text]Gemeinsam mit dem Kunden erarbeiten wir eine Spezifikation, die auf ihre prinzipielle Umsetzbarkeit \u00fcberpr\u00fcft wird.[\/vc_column_text][\/vc_tta_section][vc_tta_section title=&#8220;Entwicklung&#8220; tab_id=&#8220;1536151185617-65e1a5bf-38c91537384656884&#8243;][vc_column_text]Das neue Produkt wird gem\u00e4\u00df der finalen Spezifikation entwickelt und erste Labormuster hergestellt, die in einem weiteren Schritt im Feld evaluiert und optimiert werden.[\/vc_column_text][\/vc_tta_section][vc_tta_section title=&#8220;Design&#8220; tab_id=&#8220;1536151185770-a18ce226-d46e1537384656884&#8243;][vc_column_text]Gemeinsam mit unserem Partner entwickeln wir ein ma\u00dfgeschneidertes Produktdesign, welches von Beginn an technischen Anforderungen und individuellen Kundenw\u00fcnschen entspricht.[\/vc_column_text][\/vc_tta_section][vc_tta_section title=&#8220;Validierung&#8220; tab_id=&#8220;1537384726948-fca86e7c-f157&#8243;][vc_column_text]Wir \u00fcberpr\u00fcfen die Robustheit des Produktes in der Anwendung und im Produktionsprozess. So werden Praxistauglichkeit und\u00a0eine stabile, zuverl\u00e4ssige Produktion mit gleichbleibend hoher Qualit\u00e4t garantiert.[\/vc_column_text][\/vc_tta_section][vc_tta_section title=&#8220;Produktions\u00fcberleitung&#8220; tab_id=&#8220;1536151185918-c16ef444-8ce11537384656884&#8243;][vc_column_text]Schritt f\u00fcr Schritt wird das neue Produkt bis zur gew\u00fcnschten Chargengr\u00f6\u00dfe in die Produktion \u00fcberf\u00fchrt, wobei unser Qualit\u00e4tsteam diesen Entwicklungsprozess eng begleitet. Gerne \u00fcbernehmen wir in unseren modernen Produktionsst\u00e4tten auch die sp\u00e4tere Serienproduktion.[\/vc_column_text][\/vc_tta_section][\/vc_tta_tabs][\/vc_column][vc_column width=&#8220;1\/3&#8243;][tm_image align=&#8220;center&#8220; image=&#8220;16335&#8243;][tm_spacer size=&#8220;lg:30&#8243;][vc_column_text]Wenn wir Ihr Interesse an einer Zusammenarbeit geweckt haben oder Sie weitere Informationen w\u00fcnschen, freuen wir uns auf einen Anruf oder eine E-Mail von Ihnen.[\/vc_column_text][tm_spacer size=&#8220;lg:30&#8243;][tm_button full_wide=&#8220;1&#8243; button=&#8220;url:https%3A%2F%2Fwww.securetec.net%2Fde%2Fkontakt%2F|title:Kontakt&#8220; align=&#8220;center&#8220;][\/vc_column][\/vc_row]<\/p>\n<\/div>","protected":false},"excerpt":{"rendered":"[vc_row][vc_column width=&#8220;2\/3&#8243;][vc_column_text css=&#8220;.vc_custom_1754978007090{margin-bottom: 80px !important;}&#8220;] Kooperationen und Auftragsentwicklung Securetec steht f\u00fcr Know-how und langj\u00e4hrige Expertise im Bereich Auftragsentwicklung unterschiedlicher Lateral Flow Assays und Schnelltests. Gerne stellen wir diese unseren Kunden zur Verf\u00fcgung. Eine auf Kundenw\u00fcnsche zugeschnittene Durchf\u00fchrung individueller Entwicklungsprojekte ist ebenso selbstverst\u00e4ndlich wie eine transparente Planung und Abstimmung. In Kooperation mit unserem weltweiten Netzwerk kompetenter Partner sind wir in der Lage, Entwicklungsprojekte flexibel, zeit- und kosteneffizient zu realisieren. Wir verstehen uns als Innovationsf\u00fchrer und sind stets an neuen Forschungsans\u00e4tzen und Optimierungspotenzialen interessiert. Lassen Sie uns gemeinsam neue Technologien und Detektionssysteme f\u00fcr den verl\u00e4sslichen Einsatz im Bereich Schnelltests, In-Vitro-Diagnostik und Vor-Ort-Analytik pr\u00fcfen und in neue Produkte umsetzen. Entwicklungsprojekte, die bei Securetec wie alle Projekte gem\u00e4\u00df ISO 9001 und EN ISO 13458 Zertifizierungen und interner SOP-Vorschriften durchgef\u00fchrt werden, durchlaufen in der Regel folgende Phasen:[\/vc_column_text][vc_tta_tabs style=&#8220;atomlab-03&#8243; shape=&#8220;square&#8220; active_section=&#8220;1&#8243; css=&#8220;.vc_custom_1537385033263{margin-bottom: 30px !important;}&#8220;][vc_tta_section title=&#8220;Machbarkeit&#8220; tab_id=&#8220;1536151185476-85492477-ba2a1537384656884&#8243;][vc_column_text]Gemeinsam mit dem Kunden erarbeiten wir eine Spezifikation, die auf ihre prinzipielle Umsetzbarkeit \u00fcberpr\u00fcft wird.[\/vc_column_text][\/vc_tta_section][vc_tta_section title=&#8220;Entwicklung&#8220; tab_id=&#8220;1536151185617-65e1a5bf-38c91537384656884&#8243;][vc_column_text]Das neue Produkt wird gem\u00e4\u00df der finalen Spezifikation entwickelt und erste Labormuster hergestellt, die in einem weiteren Schritt im Feld evaluiert und optimiert werden.[\/vc_column_text][\/vc_tta_section][vc_tta_section title=&#8220;Design&#8220; tab_id=&#8220;1536151185770-a18ce226-d46e1537384656884&#8243;][vc_column_text]Gemeinsam mit unserem Partner entwickeln wir ein ma\u00dfgeschneidertes Produktdesign, welches von Beginn an technischen Anforderungen und individuellen Kundenw\u00fcnschen entspricht.[\/vc_column_text][\/vc_tta_section][vc_tta_section title=&#8220;Validierung&#8220; tab_id=&#8220;1537384726948-fca86e7c-f157&#8243;][vc_column_text]Wir \u00fcberpr\u00fcfen die Robustheit des Produktes in der Anwendung und im Produktionsprozess. So werden Praxistauglichkeit und\u00a0eine stabile, zuverl\u00e4ssige Produktion mit gleichbleibend hoher Qualit\u00e4t garantiert.[\/vc_column_text][\/vc_tta_section][vc_tta_section title=&#8220;Produktions\u00fcberleitung&#8220; tab_id=&#8220;1536151185918-c16ef444-8ce11537384656884&#8243;][vc_column_text]Schritt f\u00fcr Schritt wird das neue Produkt bis zur gew\u00fcnschten Chargengr\u00f6\u00dfe in die Produktion \u00fcberf\u00fchrt, wobei unser Qualit\u00e4tsteam diesen Entwicklungsprozess eng begleitet. Gerne \u00fcbernehmen wir in unseren modernen Produktionsst\u00e4tten auch die sp\u00e4tere Serienproduktion.[\/vc_column_text][\/vc_tta_section][\/vc_tta_tabs][\/vc_column][vc_column width=&#8220;1\/3&#8243;][tm_image align=&#8220;center&#8220; image=&#8220;16335&#8243;][tm_spacer size=&#8220;lg:30&#8243;][vc_column_text]Wenn wir Ihr Interesse an einer Zusammenarbeit geweckt haben oder Sie weitere Informationen w\u00fcnschen, freuen wir uns auf einen Anruf oder eine E-Mail von Ihnen.[\/vc_column_text][tm_spacer size=&#8220;lg:30&#8243;][tm_button full_wide=&#8220;1&#8243; button=&#8220;url:https%3A%2F%2Fwww.securetec.net%2Fde%2Fkontakt%2F|title:Kontakt&#8220; align=&#8220;center&#8220;][\/vc_column][\/vc_row]","protected":false},"author":1,"featured_media":0,"parent":27,"menu_order":0,"comment_status":"closed","ping_status":"closed","template":"","meta":{"footnotes":""},"class_list":["post-29","page","type-page","status-publish","hentry"],"yoast_head":"<!-- This site is optimized with the Yoast SEO plugin v25.6 - https:\/\/yoast.com\/wordpress\/plugins\/seo\/ -->\n<title>Auftragsentwicklung - Securetec Detektions-Systeme AG<\/title>\n<meta name=\"description\" content=\"Auftragsentwicklung unterschiedlicher Lateral Flow Assays und Schnelltests im Bereich Schnelltests, In-Vitro-Diagnostika und Vor-Ort-Analytik - gem\u00e4\u00df unserer ISO 13485 Zertifizierung\" \/>\n<meta name=\"robots\" content=\"index, follow, max-snippet:-1, max-image-preview:large, max-video-preview:-1\" \/>\n<link rel=\"canonical\" href=\"https:\/\/www.securetec.net\/de\/unternehmen\/forschung-und-entwicklung\/auftragsentwicklung\/\" \/>\n<meta property=\"og:locale\" content=\"de_DE\" \/>\n<meta property=\"og:type\" content=\"article\" \/>\n<meta property=\"og:title\" content=\"Auftragsentwicklung - Securetec Detektions-Systeme AG\" \/>\n<meta property=\"og:description\" content=\"Auftragsentwicklung unterschiedlicher Lateral Flow Assays und Schnelltests im Bereich Schnelltests, In-Vitro-Diagnostika und Vor-Ort-Analytik - gem\u00e4\u00df unserer ISO 13485 Zertifizierung\" \/>\n<meta property=\"og:url\" content=\"https:\/\/www.securetec.net\/de\/unternehmen\/forschung-und-entwicklung\/auftragsentwicklung\/\" \/>\n<meta property=\"og:site_name\" content=\"Securetec Detektions-Systeme AG\" \/>\n<meta property=\"article:modified_time\" content=\"2025-08-12T06:36:13+00:00\" \/>\n<meta name=\"twitter:card\" content=\"summary_large_image\" \/>\n<meta name=\"twitter:site\" content=\"@DrugWipeUK\" \/>\n<meta name=\"twitter:label1\" content=\"Est. reading time\" \/>\n\t<meta name=\"twitter:data1\" content=\"2\u00a0Minuten\" \/>\n<script type=\"application\/ld+json\" class=\"yoast-schema-graph\">{\"@context\":\"https:\/\/schema.org\",\"@graph\":[{\"@type\":\"WebPage\",\"@id\":\"https:\/\/www.securetec.net\/de\/unternehmen\/forschung-und-entwicklung\/auftragsentwicklung\/\",\"url\":\"https:\/\/www.securetec.net\/de\/unternehmen\/forschung-und-entwicklung\/auftragsentwicklung\/\",\"name\":\"Auftragsentwicklung - Securetec Detektions-Systeme AG\",\"isPartOf\":{\"@id\":\"https:\/\/www.securetec.net\/de\/#website\"},\"datePublished\":\"2018-07-19T15:38:23+00:00\",\"dateModified\":\"2025-08-12T06:36:13+00:00\",\"description\":\"Auftragsentwicklung unterschiedlicher Lateral Flow Assays und Schnelltests im Bereich Schnelltests, In-Vitro-Diagnostika und Vor-Ort-Analytik - gem\u00e4\u00df unserer ISO 13485 Zertifizierung\",\"breadcrumb\":{\"@id\":\"https:\/\/www.securetec.net\/de\/unternehmen\/forschung-und-entwicklung\/auftragsentwicklung\/#breadcrumb\"},\"inLanguage\":\"de\",\"potentialAction\":[{\"@type\":\"ReadAction\",\"target\":[\"https:\/\/www.securetec.net\/de\/unternehmen\/forschung-und-entwicklung\/auftragsentwicklung\/\"]}]},{\"@type\":\"BreadcrumbList\",\"@id\":\"https:\/\/www.securetec.net\/de\/unternehmen\/forschung-und-entwicklung\/auftragsentwicklung\/#breadcrumb\",\"itemListElement\":[{\"@type\":\"ListItem\",\"position\":1,\"name\":\"Startseite\",\"item\":\"https:\/\/www.securetec.net\/de\/\"},{\"@type\":\"ListItem\",\"position\":2,\"name\":\"Unternehmen\",\"item\":\"https:\/\/www.securetec.net\/de\/unternehmen\/\"},{\"@type\":\"ListItem\",\"position\":3,\"name\":\"Forschung &#038; Entwicklung\",\"item\":\"https:\/\/www.securetec.net\/de\/unternehmen\/forschung-und-entwicklung\/\"},{\"@type\":\"ListItem\",\"position\":4,\"name\":\"Auftragsentwicklung\"}]},{\"@type\":\"WebSite\",\"@id\":\"https:\/\/www.securetec.net\/de\/#website\",\"url\":\"https:\/\/www.securetec.net\/de\/\",\"name\":\"Securetec Detektions-Systeme AG\",\"description\":\"We detect to protect\",\"publisher\":{\"@id\":\"https:\/\/www.securetec.net\/de\/#organization\"},\"potentialAction\":[{\"@type\":\"SearchAction\",\"target\":{\"@type\":\"EntryPoint\",\"urlTemplate\":\"https:\/\/www.securetec.net\/de\/?s={search_term_string}\"},\"query-input\":{\"@type\":\"PropertyValueSpecification\",\"valueRequired\":true,\"valueName\":\"search_term_string\"}}],\"inLanguage\":\"de\"},{\"@type\":\"Organization\",\"@id\":\"https:\/\/www.securetec.net\/de\/#organization\",\"name\":\"Securetec Detektions-Systeme AG\",\"url\":\"https:\/\/www.securetec.net\/de\/\",\"logo\":{\"@type\":\"ImageObject\",\"inLanguage\":\"de\",\"@id\":\"https:\/\/www.securetec.net\/de\/#\/schema\/logo\/image\/\",\"url\":\"https:\/\/www.securetec.net\/app\/uploads\/2018\/07\/Securetec_Logo_.png\",\"contentUrl\":\"https:\/\/www.securetec.net\/app\/uploads\/2018\/07\/Securetec_Logo_.png\",\"width\":411,\"height\":189,\"caption\":\"Securetec Detektions-Systeme AG\"},\"image\":{\"@id\":\"https:\/\/www.securetec.net\/de\/#\/schema\/logo\/image\/\"},\"sameAs\":[\"https:\/\/x.com\/DrugWipeUK\",\"https:\/\/www.linkedin.com\/company\/securetec\",\"https:\/\/www.youtube.com\/channel\/UCP9jQA-TYhtqanhaooppMqw\"]}]}<\/script>\n<!-- \/ Yoast SEO plugin. -->","yoast_head_json":{"title":"Auftragsentwicklung - Securetec Detektions-Systeme AG","description":"Auftragsentwicklung unterschiedlicher Lateral Flow Assays und Schnelltests im Bereich Schnelltests, In-Vitro-Diagnostika und Vor-Ort-Analytik - gem\u00e4\u00df unserer ISO 13485 Zertifizierung","robots":{"index":"index","follow":"follow","max-snippet":"max-snippet:-1","max-image-preview":"max-image-preview:large","max-video-preview":"max-video-preview:-1"},"canonical":"https:\/\/www.securetec.net\/de\/unternehmen\/forschung-und-entwicklung\/auftragsentwicklung\/","og_locale":"de_DE","og_type":"article","og_title":"Auftragsentwicklung - Securetec Detektions-Systeme AG","og_description":"Auftragsentwicklung unterschiedlicher Lateral Flow Assays und Schnelltests im Bereich Schnelltests, In-Vitro-Diagnostika und Vor-Ort-Analytik - gem\u00e4\u00df unserer ISO 13485 Zertifizierung","og_url":"https:\/\/www.securetec.net\/de\/unternehmen\/forschung-und-entwicklung\/auftragsentwicklung\/","og_site_name":"Securetec Detektions-Systeme AG","article_modified_time":"2025-08-12T06:36:13+00:00","twitter_card":"summary_large_image","twitter_site":"@DrugWipeUK","twitter_misc":{"Est. reading time":"2\u00a0Minuten"},"schema":{"@context":"https:\/\/schema.org","@graph":[{"@type":"WebPage","@id":"https:\/\/www.securetec.net\/de\/unternehmen\/forschung-und-entwicklung\/auftragsentwicklung\/","url":"https:\/\/www.securetec.net\/de\/unternehmen\/forschung-und-entwicklung\/auftragsentwicklung\/","name":"Auftragsentwicklung - Securetec Detektions-Systeme AG","isPartOf":{"@id":"https:\/\/www.securetec.net\/de\/#website"},"datePublished":"2018-07-19T15:38:23+00:00","dateModified":"2025-08-12T06:36:13+00:00","description":"Auftragsentwicklung unterschiedlicher Lateral Flow Assays und Schnelltests im Bereich Schnelltests, In-Vitro-Diagnostika und Vor-Ort-Analytik - gem\u00e4\u00df unserer ISO 13485 Zertifizierung","breadcrumb":{"@id":"https:\/\/www.securetec.net\/de\/unternehmen\/forschung-und-entwicklung\/auftragsentwicklung\/#breadcrumb"},"inLanguage":"de","potentialAction":[{"@type":"ReadAction","target":["https:\/\/www.securetec.net\/de\/unternehmen\/forschung-und-entwicklung\/auftragsentwicklung\/"]}]},{"@type":"BreadcrumbList","@id":"https:\/\/www.securetec.net\/de\/unternehmen\/forschung-und-entwicklung\/auftragsentwicklung\/#breadcrumb","itemListElement":[{"@type":"ListItem","position":1,"name":"Startseite","item":"https:\/\/www.securetec.net\/de\/"},{"@type":"ListItem","position":2,"name":"Unternehmen","item":"https:\/\/www.securetec.net\/de\/unternehmen\/"},{"@type":"ListItem","position":3,"name":"Forschung &#038; Entwicklung","item":"https:\/\/www.securetec.net\/de\/unternehmen\/forschung-und-entwicklung\/"},{"@type":"ListItem","position":4,"name":"Auftragsentwicklung"}]},{"@type":"WebSite","@id":"https:\/\/www.securetec.net\/de\/#website","url":"https:\/\/www.securetec.net\/de\/","name":"Securetec Detektions-Systeme AG","description":"We detect to protect","publisher":{"@id":"https:\/\/www.securetec.net\/de\/#organization"},"potentialAction":[{"@type":"SearchAction","target":{"@type":"EntryPoint","urlTemplate":"https:\/\/www.securetec.net\/de\/?s={search_term_string}"},"query-input":{"@type":"PropertyValueSpecification","valueRequired":true,"valueName":"search_term_string"}}],"inLanguage":"de"},{"@type":"Organization","@id":"https:\/\/www.securetec.net\/de\/#organization","name":"Securetec Detektions-Systeme AG","url":"https:\/\/www.securetec.net\/de\/","logo":{"@type":"ImageObject","inLanguage":"de","@id":"https:\/\/www.securetec.net\/de\/#\/schema\/logo\/image\/","url":"https:\/\/www.securetec.net\/app\/uploads\/2018\/07\/Securetec_Logo_.png","contentUrl":"https:\/\/www.securetec.net\/app\/uploads\/2018\/07\/Securetec_Logo_.png","width":411,"height":189,"caption":"Securetec Detektions-Systeme AG"},"image":{"@id":"https:\/\/www.securetec.net\/de\/#\/schema\/logo\/image\/"},"sameAs":["https:\/\/x.com\/DrugWipeUK","https:\/\/www.linkedin.com\/company\/securetec","https:\/\/www.youtube.com\/channel\/UCP9jQA-TYhtqanhaooppMqw"]}]}},"_links":{"self":[{"href":"https:\/\/www.securetec.net\/de\/wp-json\/wp\/v2\/pages\/29","targetHints":{"allow":["GET"]}}],"collection":[{"href":"https:\/\/www.securetec.net\/de\/wp-json\/wp\/v2\/pages"}],"about":[{"href":"https:\/\/www.securetec.net\/de\/wp-json\/wp\/v2\/types\/page"}],"author":[{"embeddable":true,"href":"https:\/\/www.securetec.net\/de\/wp-json\/wp\/v2\/users\/1"}],"replies":[{"embeddable":true,"href":"https:\/\/www.securetec.net\/de\/wp-json\/wp\/v2\/comments?post=29"}],"version-history":[{"count":22,"href":"https:\/\/www.securetec.net\/de\/wp-json\/wp\/v2\/pages\/29\/revisions"}],"predecessor-version":[{"id":16417,"href":"https:\/\/www.securetec.net\/de\/wp-json\/wp\/v2\/pages\/29\/revisions\/16417"}],"up":[{"embeddable":true,"href":"https:\/\/www.securetec.net\/de\/wp-json\/wp\/v2\/pages\/27"}],"wp:attachment":[{"href":"https:\/\/www.securetec.net\/de\/wp-json\/wp\/v2\/media?parent=29"}],"curies":[{"name":"wp","href":"https:\/\/api.w.org\/{rel}","templated":true}]}}