{"id":27,"date":"2018-07-19T17:37:47","date_gmt":"2018-07-19T15:37:47","guid":{"rendered":"https:\/\/www.securetec.net\/?page_id=27"},"modified":"2025-08-25T10:44:35","modified_gmt":"2025-08-25T08:44:35","slug":"forschung-und-entwicklung","status":"publish","type":"page","link":"https:\/\/www.securetec.net\/de\/unternehmen\/forschung-und-entwicklung\/","title":{"rendered":"Forschung &#038; Entwicklung"},"content":{"rendered":"<div class=\"wpb-content-wrapper\"><p>[vc_row][vc_column width=&#8220;2\/3&#8243;][vc_column_text css=&#8220;&#8220;]Als international f\u00fchrender Hersteller von Drogentests weist Securetec mehr als 30 Jahre Entwicklungsexpertise auf dem Gebiet der Lateral-Flow-Technologie, Point-of-Care Diagnostik und In-Vitro-Diagnostik auf.<\/p>\n<p>Spezialisierte Teams der unternehmenseigenen Forschungs- und Entwicklungsabteilung arbeiten kontinuierlich an der Qualit\u00e4tsoptimierung und Weiterentwicklung des umfangreichen Produktportfolios von innovativen Biosensoren und Schnelltests f\u00fcr die effiziente Vor-Ort-Analytik. Im Fokus steht der Nachweis kleiner Molek\u00fcle wie Drogen.<br \/>\nDie Detektion weiterer Gefahrstoffe, wie Senfgas oder die Detektion von Mikroorganismen, erg\u00e4nzen das Forschungsfeld der erfahrenen Spezialisten.<\/p>\n<p>Beispiele f\u00fcr marktreife und etablierte Produktreihen des Teams Forschung &amp; Entwicklung von Securetec sind:<\/p>\n<ul>\n<li><a href=\"\/?page_id=45\">DrugWipe<sup>\u00ae<\/sup>\u00a0Schnelltests zum Nachweis von Drogenkonsum in Speichel, Schwei\u00df (Haut) und auf Oberfl\u00e4chen<\/a><\/li>\n<li><a href=\"\/?p=6463\">DrugID<sup>\u00ae<\/sup>\u00a0Schnelltests zur Identifikation von unbekannten Drogen-Substanzen<\/a><\/li>\n<li>LOST-Tests zum Nachweis von Senfgas-Kontaminationen auf der Haut<\/li>\n<\/ul>\n<p class=\"p1\">Weltweit im Einsatz, effizient und zuverl\u00e4ssig \u2013 erfahren Sie mehr \u00fcber unser vielf\u00e4ltiges Produktangebot.<\/p>\n<p>[\/vc_column_text][tm_spacer size=&#8220;lg:30&#8243;][tm_button button=&#8220;url:https%3A%2F%2Fwww.securetec.net%2Fde%2Funternehmen%2Fforschung-und-entwicklung%2Fauftragsentwicklung%2F|title:Auftragsentwicklung&#8220;][tm_spacer size=&#8220;lg:30&#8243;][\/vc_column][vc_column width=&#8220;1\/3&#8243;][tm_image align=&#8220;center&#8220; image=&#8220;16324&#8243;][tm_spacer size=&#8220;lg:30&#8243;][tm_image align=&#8220;center&#8220; image=&#8220;16598&#8243;][tm_spacer size=&#8220;lg:30&#8243;][tm_button full_wide=&#8220;1&#8243; button=&#8220;url:https%3A%2F%2Fwww.securetec.net%2Fde%2Fdrogentest%2F|title:Produkt%C3%BCbersicht&#8220; align=&#8220;center&#8220;][\/vc_column][\/vc_row]<\/p>\n<\/div>","protected":false},"excerpt":{"rendered":"[vc_row][vc_column width=&#8220;2\/3&#8243;][vc_column_text css=&#8220;&#8220;]Als international f\u00fchrender Hersteller von Drogentests weist Securetec mehr als 30 Jahre Entwicklungsexpertise auf dem Gebiet der Lateral-Flow-Technologie, Point-of-Care Diagnostik und In-Vitro-Diagnostik auf. Spezialisierte Teams der unternehmenseigenen Forschungs- und Entwicklungsabteilung arbeiten kontinuierlich an der Qualit\u00e4tsoptimierung und Weiterentwicklung des umfangreichen Produktportfolios von innovativen Biosensoren und Schnelltests f\u00fcr die effiziente Vor-Ort-Analytik. Im Fokus steht der Nachweis kleiner Molek\u00fcle wie Drogen. Die Detektion weiterer Gefahrstoffe, wie Senfgas oder die Detektion von Mikroorganismen, erg\u00e4nzen das Forschungsfeld der erfahrenen Spezialisten. Beispiele f\u00fcr marktreife und etablierte Produktreihen des Teams Forschung &amp; Entwicklung von Securetec sind: DrugWipe\u00ae\u00a0Schnelltests zum Nachweis von Drogenkonsum in Speichel, Schwei\u00df (Haut) und auf Oberfl\u00e4chen DrugID\u00ae\u00a0Schnelltests zur Identifikation von unbekannten Drogen-Substanzen LOST-Tests zum Nachweis von Senfgas-Kontaminationen auf der Haut Weltweit im Einsatz, effizient und zuverl\u00e4ssig \u2013 erfahren Sie mehr \u00fcber unser vielf\u00e4ltiges Produktangebot. [\/vc_column_text][tm_spacer size=&#8220;lg:30&#8243;][tm_button button=&#8220;url:https%3A%2F%2Fwww.securetec.net%2Fde%2Funternehmen%2Fforschung-und-entwicklung%2Fauftragsentwicklung%2F|title:Auftragsentwicklung&#8220;][tm_spacer size=&#8220;lg:30&#8243;][\/vc_column][vc_column width=&#8220;1\/3&#8243;][tm_image align=&#8220;center&#8220; image=&#8220;16324&#8243;][tm_spacer size=&#8220;lg:30&#8243;][tm_image align=&#8220;center&#8220; image=&#8220;16598&#8243;][tm_spacer size=&#8220;lg:30&#8243;][tm_button full_wide=&#8220;1&#8243; button=&#8220;url:https%3A%2F%2Fwww.securetec.net%2Fde%2Fdrogentest%2F|title:Produkt%C3%BCbersicht&#8220; align=&#8220;center&#8220;][\/vc_column][\/vc_row]","protected":false},"author":1,"featured_media":0,"parent":25,"menu_order":0,"comment_status":"closed","ping_status":"closed","template":"","meta":{"footnotes":""},"class_list":["post-27","page","type-page","status-publish","hentry"],"yoast_head":"<!-- This site is optimized with the Yoast SEO plugin v25.6 - https:\/\/yoast.com\/wordpress\/plugins\/seo\/ -->\n<title>Forschung &amp; Entwicklung - Securetec Detektions-Systeme AG<\/title>\n<meta name=\"description\" content=\"Entwicklungserfahrung in Lateral-Flow-Technologie, Point-of-Care Diagnostik, In-Vitro-Diagnostika. In enger Kooperation mit unseren Kunden, f\u00fchrenden Universit\u00e4ten und Industriepartnern entwickeln wir neue Schnelltests.\" \/>\n<meta name=\"robots\" content=\"index, follow, max-snippet:-1, max-image-preview:large, max-video-preview:-1\" \/>\n<link rel=\"canonical\" href=\"https:\/\/www.securetec.net\/de\/unternehmen\/forschung-und-entwicklung\/\" \/>\n<meta property=\"og:locale\" content=\"de_DE\" \/>\n<meta property=\"og:type\" content=\"article\" \/>\n<meta property=\"og:title\" content=\"Forschung &amp; Entwicklung - Securetec Detektions-Systeme AG\" \/>\n<meta property=\"og:description\" content=\"Entwicklungserfahrung in Lateral-Flow-Technologie, Point-of-Care Diagnostik, In-Vitro-Diagnostika. In enger Kooperation mit unseren Kunden, f\u00fchrenden Universit\u00e4ten und Industriepartnern entwickeln wir neue Schnelltests.\" \/>\n<meta property=\"og:url\" content=\"https:\/\/www.securetec.net\/de\/unternehmen\/forschung-und-entwicklung\/\" \/>\n<meta property=\"og:site_name\" content=\"Securetec Detektions-Systeme AG\" \/>\n<meta property=\"article:modified_time\" content=\"2025-08-25T08:44:35+00:00\" \/>\n<meta name=\"twitter:card\" content=\"summary_large_image\" \/>\n<meta name=\"twitter:site\" content=\"@DrugWipeUK\" \/>\n<meta name=\"twitter:label1\" content=\"Est. reading time\" \/>\n\t<meta name=\"twitter:data1\" content=\"2\u00a0Minuten\" \/>\n<script type=\"application\/ld+json\" class=\"yoast-schema-graph\">{\"@context\":\"https:\/\/schema.org\",\"@graph\":[{\"@type\":\"WebPage\",\"@id\":\"https:\/\/www.securetec.net\/de\/unternehmen\/forschung-und-entwicklung\/\",\"url\":\"https:\/\/www.securetec.net\/de\/unternehmen\/forschung-und-entwicklung\/\",\"name\":\"Forschung & Entwicklung - Securetec Detektions-Systeme AG\",\"isPartOf\":{\"@id\":\"https:\/\/www.securetec.net\/de\/#website\"},\"datePublished\":\"2018-07-19T15:37:47+00:00\",\"dateModified\":\"2025-08-25T08:44:35+00:00\",\"description\":\"Entwicklungserfahrung in Lateral-Flow-Technologie, Point-of-Care Diagnostik, In-Vitro-Diagnostika. In enger Kooperation mit unseren Kunden, f\u00fchrenden Universit\u00e4ten und Industriepartnern entwickeln wir neue Schnelltests.\",\"breadcrumb\":{\"@id\":\"https:\/\/www.securetec.net\/de\/unternehmen\/forschung-und-entwicklung\/#breadcrumb\"},\"inLanguage\":\"de\",\"potentialAction\":[{\"@type\":\"ReadAction\",\"target\":[\"https:\/\/www.securetec.net\/de\/unternehmen\/forschung-und-entwicklung\/\"]}]},{\"@type\":\"BreadcrumbList\",\"@id\":\"https:\/\/www.securetec.net\/de\/unternehmen\/forschung-und-entwicklung\/#breadcrumb\",\"itemListElement\":[{\"@type\":\"ListItem\",\"position\":1,\"name\":\"Startseite\",\"item\":\"https:\/\/www.securetec.net\/de\/\"},{\"@type\":\"ListItem\",\"position\":2,\"name\":\"Unternehmen\",\"item\":\"https:\/\/www.securetec.net\/de\/unternehmen\/\"},{\"@type\":\"ListItem\",\"position\":3,\"name\":\"Forschung &#038; Entwicklung\"}]},{\"@type\":\"WebSite\",\"@id\":\"https:\/\/www.securetec.net\/de\/#website\",\"url\":\"https:\/\/www.securetec.net\/de\/\",\"name\":\"Securetec Detektions-Systeme AG\",\"description\":\"We detect to protect\",\"publisher\":{\"@id\":\"https:\/\/www.securetec.net\/de\/#organization\"},\"potentialAction\":[{\"@type\":\"SearchAction\",\"target\":{\"@type\":\"EntryPoint\",\"urlTemplate\":\"https:\/\/www.securetec.net\/de\/?s={search_term_string}\"},\"query-input\":{\"@type\":\"PropertyValueSpecification\",\"valueRequired\":true,\"valueName\":\"search_term_string\"}}],\"inLanguage\":\"de\"},{\"@type\":\"Organization\",\"@id\":\"https:\/\/www.securetec.net\/de\/#organization\",\"name\":\"Securetec Detektions-Systeme AG\",\"url\":\"https:\/\/www.securetec.net\/de\/\",\"logo\":{\"@type\":\"ImageObject\",\"inLanguage\":\"de\",\"@id\":\"https:\/\/www.securetec.net\/de\/#\/schema\/logo\/image\/\",\"url\":\"https:\/\/www.securetec.net\/app\/uploads\/2018\/07\/Securetec_Logo_.png\",\"contentUrl\":\"https:\/\/www.securetec.net\/app\/uploads\/2018\/07\/Securetec_Logo_.png\",\"width\":411,\"height\":189,\"caption\":\"Securetec Detektions-Systeme AG\"},\"image\":{\"@id\":\"https:\/\/www.securetec.net\/de\/#\/schema\/logo\/image\/\"},\"sameAs\":[\"https:\/\/x.com\/DrugWipeUK\",\"https:\/\/www.linkedin.com\/company\/securetec\",\"https:\/\/www.youtube.com\/channel\/UCP9jQA-TYhtqanhaooppMqw\"]}]}<\/script>\n<!-- \/ Yoast SEO plugin. -->","yoast_head_json":{"title":"Forschung & Entwicklung - Securetec Detektions-Systeme AG","description":"Entwicklungserfahrung in Lateral-Flow-Technologie, Point-of-Care Diagnostik, In-Vitro-Diagnostika. In enger Kooperation mit unseren Kunden, f\u00fchrenden Universit\u00e4ten und Industriepartnern entwickeln wir neue Schnelltests.","robots":{"index":"index","follow":"follow","max-snippet":"max-snippet:-1","max-image-preview":"max-image-preview:large","max-video-preview":"max-video-preview:-1"},"canonical":"https:\/\/www.securetec.net\/de\/unternehmen\/forschung-und-entwicklung\/","og_locale":"de_DE","og_type":"article","og_title":"Forschung & Entwicklung - Securetec Detektions-Systeme AG","og_description":"Entwicklungserfahrung in Lateral-Flow-Technologie, Point-of-Care Diagnostik, In-Vitro-Diagnostika. In enger Kooperation mit unseren Kunden, f\u00fchrenden Universit\u00e4ten und Industriepartnern entwickeln wir neue Schnelltests.","og_url":"https:\/\/www.securetec.net\/de\/unternehmen\/forschung-und-entwicklung\/","og_site_name":"Securetec Detektions-Systeme AG","article_modified_time":"2025-08-25T08:44:35+00:00","twitter_card":"summary_large_image","twitter_site":"@DrugWipeUK","twitter_misc":{"Est. reading time":"2\u00a0Minuten"},"schema":{"@context":"https:\/\/schema.org","@graph":[{"@type":"WebPage","@id":"https:\/\/www.securetec.net\/de\/unternehmen\/forschung-und-entwicklung\/","url":"https:\/\/www.securetec.net\/de\/unternehmen\/forschung-und-entwicklung\/","name":"Forschung & Entwicklung - Securetec Detektions-Systeme AG","isPartOf":{"@id":"https:\/\/www.securetec.net\/de\/#website"},"datePublished":"2018-07-19T15:37:47+00:00","dateModified":"2025-08-25T08:44:35+00:00","description":"Entwicklungserfahrung in Lateral-Flow-Technologie, Point-of-Care Diagnostik, In-Vitro-Diagnostika. In enger Kooperation mit unseren Kunden, f\u00fchrenden Universit\u00e4ten und Industriepartnern entwickeln wir neue Schnelltests.","breadcrumb":{"@id":"https:\/\/www.securetec.net\/de\/unternehmen\/forschung-und-entwicklung\/#breadcrumb"},"inLanguage":"de","potentialAction":[{"@type":"ReadAction","target":["https:\/\/www.securetec.net\/de\/unternehmen\/forschung-und-entwicklung\/"]}]},{"@type":"BreadcrumbList","@id":"https:\/\/www.securetec.net\/de\/unternehmen\/forschung-und-entwicklung\/#breadcrumb","itemListElement":[{"@type":"ListItem","position":1,"name":"Startseite","item":"https:\/\/www.securetec.net\/de\/"},{"@type":"ListItem","position":2,"name":"Unternehmen","item":"https:\/\/www.securetec.net\/de\/unternehmen\/"},{"@type":"ListItem","position":3,"name":"Forschung &#038; Entwicklung"}]},{"@type":"WebSite","@id":"https:\/\/www.securetec.net\/de\/#website","url":"https:\/\/www.securetec.net\/de\/","name":"Securetec Detektions-Systeme AG","description":"We detect to protect","publisher":{"@id":"https:\/\/www.securetec.net\/de\/#organization"},"potentialAction":[{"@type":"SearchAction","target":{"@type":"EntryPoint","urlTemplate":"https:\/\/www.securetec.net\/de\/?s={search_term_string}"},"query-input":{"@type":"PropertyValueSpecification","valueRequired":true,"valueName":"search_term_string"}}],"inLanguage":"de"},{"@type":"Organization","@id":"https:\/\/www.securetec.net\/de\/#organization","name":"Securetec Detektions-Systeme AG","url":"https:\/\/www.securetec.net\/de\/","logo":{"@type":"ImageObject","inLanguage":"de","@id":"https:\/\/www.securetec.net\/de\/#\/schema\/logo\/image\/","url":"https:\/\/www.securetec.net\/app\/uploads\/2018\/07\/Securetec_Logo_.png","contentUrl":"https:\/\/www.securetec.net\/app\/uploads\/2018\/07\/Securetec_Logo_.png","width":411,"height":189,"caption":"Securetec Detektions-Systeme AG"},"image":{"@id":"https:\/\/www.securetec.net\/de\/#\/schema\/logo\/image\/"},"sameAs":["https:\/\/x.com\/DrugWipeUK","https:\/\/www.linkedin.com\/company\/securetec","https:\/\/www.youtube.com\/channel\/UCP9jQA-TYhtqanhaooppMqw"]}]}},"_links":{"self":[{"href":"https:\/\/www.securetec.net\/de\/wp-json\/wp\/v2\/pages\/27","targetHints":{"allow":["GET"]}}],"collection":[{"href":"https:\/\/www.securetec.net\/de\/wp-json\/wp\/v2\/pages"}],"about":[{"href":"https:\/\/www.securetec.net\/de\/wp-json\/wp\/v2\/types\/page"}],"author":[{"embeddable":true,"href":"https:\/\/www.securetec.net\/de\/wp-json\/wp\/v2\/users\/1"}],"replies":[{"embeddable":true,"href":"https:\/\/www.securetec.net\/de\/wp-json\/wp\/v2\/comments?post=27"}],"version-history":[{"count":36,"href":"https:\/\/www.securetec.net\/de\/wp-json\/wp\/v2\/pages\/27\/revisions"}],"predecessor-version":[{"id":16602,"href":"https:\/\/www.securetec.net\/de\/wp-json\/wp\/v2\/pages\/27\/revisions\/16602"}],"up":[{"embeddable":true,"href":"https:\/\/www.securetec.net\/de\/wp-json\/wp\/v2\/pages\/25"}],"wp:attachment":[{"href":"https:\/\/www.securetec.net\/de\/wp-json\/wp\/v2\/media?parent=27"}],"curies":[{"name":"wp","href":"https:\/\/api.w.org\/{rel}","templated":true}]}}