{"id":25,"date":"2018-07-19T17:37:24","date_gmt":"2018-07-19T15:37:24","guid":{"rendered":"https:\/\/www.securetec.net\/?page_id=25"},"modified":"2025-11-27T08:59:51","modified_gmt":"2025-11-27T07:59:51","slug":"unternehmen","status":"publish","type":"page","link":"https:\/\/www.securetec.net\/de\/unternehmen\/","title":{"rendered":"Unternehmen"},"content":{"rendered":"<div class=\"wpb-content-wrapper\"><p>[vc_row][vc_column][vc_row_inner content_placement=&#8220;middle&#8220; lg_spacing=&#8220;margin_right:0;margin_left:0;border_top:2;border_right:2;border_bottom:2;border_left:2;padding_top:0;padding_right:0;padding_bottom:0;padding_left:0&#8243;][vc_column_inner][vc_column_text css=&#8220;.vc_custom_1738315813827{padding-top: 20px !important;padding-bottom: 20px !important;padding-left: 10px !important;}&#8220;]<strong>Krisensichere Zukunft mit Securetec als Partner<\/strong><\/p>\n<p>Das SZ-Institut hat zusammen mit der Creditreform Gruppe untersucht, wie krisensicher die Strategien deutscher Unternehmen in den Jahren 2020 bis 2022 waren. Securetec liegt hierbei unter den TOP 100 von insgesamt knapp 5.500 bewerteten Unternehmen.<\/p>\n<p>Die letzten Jahre haben gezeigt, welche fatalen Folgen weltweite und lokale Krisen f\u00fcr die Wirtschaftswelt haben. Auch die Wahl der passenden Gesch\u00e4ftspartner beeinflusst das eigene Unternehmensergebnis.<\/p>\n<p>Gehen Sie auf Nummer sicher mit uns an Ihrer Seite!<\/p>\n<p>Weitere Informationen: <a href=\"https:\/\/www.sueddeutsche.de\/advertorial\/sz-institut\/krisensicherste-unternehmen-2024\/\" target=\"_blank\" rel=\"noopener\">SZ Institut \u2013 krisensicherste Unternehmen 2024<\/a>[\/vc_column_text][\/vc_column_inner][\/vc_row_inner][\/vc_column][\/vc_row][vc_row full_width=&#8220;stretch_row&#8220; equal_height=&#8220;yes&#8220; lg_spacing=&#8220;margin_bottom:50;padding_top:50;padding_bottom:50&#8243;][vc_column width=&#8220;3\/4&#8243;][vc_column_text]Wir sind die Spezialisten f\u00fcr die mobile Erkennung von Drogenkonsum in Speichel, Schwei\u00df und auf Oberfl\u00e4chen.<\/p>\n<p>1995 hat Securetec als einer der Pioniere im Bereich Drogendetektion mit der Entwicklung, Produktion und Vermarktung von Drogenschnelltests begonnen. Die eigene Forschungs- und Entwicklungsabteilung optimiert und erweitert seither kontinuierlich die DrugWipe Produktpalette. An unserem Firmensitz im S\u00fcden von M\u00fcnchen sind neben Vertrieb und Forschung &amp; Entwicklung auch Produktion sowie Qualit\u00e4tskontrolle unter einem Dach vereint. Diese kurzen Wege, gepaart mit hervorragendem technologischem Know-How, hoher Flexibilit\u00e4t und einer konsequenten Kundenorientierung, bilden die Grundlage f\u00fcr die gleichbleibende \u00fcberzeugende Qualit\u00e4t unserer Produkte.<\/p>\n<p>Heute profitieren unsere Kunden mit individuellen und praxistauglichen L\u00f6sungen f\u00fcr ihre komplexen Anforderungen von dieser langj\u00e4hrigen Erfahrung. Der DrugWipe ist in mehr als 30 L\u00e4ndern auf 6 Kontinenten bei Verkehrspolizei, Drogenfahndung, Zollbeh\u00f6rden, Kliniken und Unternehmen erfolgreich im Einsatz.<\/p>\n<p>Wir sind stolz darauf, weltweit einen wichtigen Beitrag zur Sicherheit und Gesundheit der Menschen und der Gesellschaft zu leisten.[\/vc_column_text][tm_spacer size=&#8220;lg:30&#8243;][\/vc_column][vc_column width=&#8220;1\/4&#8243;][vc_row_inner][vc_column_inner][tm_image align=&#8220;center&#8220; image=&#8220;3886&#8243; lg_spacing=&#8220;margin_top:0&#8243;][tm_spacer size=&#8220;lg:30&#8243;][tm_image align=&#8220;center&#8220; image=&#8220;15894&#8243; lg_spacing=&#8220;margin_right:15;margin_left:15&#8243;][\/vc_column_inner][\/vc_row_inner][\/vc_column][\/vc_row][vc_row equal_height=&#8220;yes&#8220; content_placement=&#8220;top&#8220; el_class=&#8220;sec-row-box&#8220;][vc_column width=&#8220;1\/4&#8243;][tm_box_icon style=&#8220;13&#8243; icon_type=&#8220;linea_svg&#8220; icon_linea_svg=&#8220;linea-basic-lightbulb&#8220; box_link=&#8220;url:https%3A%2F%2Fwww.securetec.net%2Fde%2Funternehmen%2Fforschung-und-entwicklung%2F|||&#8220; heading=&#8220;Forschung und Entwicklung&#8220; link=&#8220;url:https%3A%2F%2Fwww.securetec.net%2Fde%2Funternehmen%2Fforschung-und-entwicklung%2F|||&#8220; text=&#8220;Securetec ist Hersteller von Schnelltests und kann 25 Jahre umfangreiche Entwicklungserfahrung auf den Gebieten der Lateral-Flow-Technologie, Point-of-Care Diagnostik und In-Vitro-Diagnostika vorweisen.&#8220;][\/vc_column][vc_column width=&#8220;1\/4&#8243;][tm_box_icon style=&#8220;13&#8243; icon_type=&#8220;linea_svg&#8220; icon_linea_svg=&#8220;linea-basic-gear&#8220; box_link=&#8220;url:https%3A%2F%2Fwww.securetec.net%2Fde%2Funternehmen%2Fproduktion-und-qualitaetssicherung%2F|||&#8220; heading=&#8220;Produktion und Qualit\u00e4tssicherung&#8220; link=&#8220;url:https%3A%2F%2Fwww.securetec.net%2Fde%2Funternehmen%2Fproduktion-und-qualitaetssicherung%2F|||&#8220; text=&#8220;Unser Produktionsteam besteht aus geschulten Mitarbeitern, die nach gepr\u00fcften Arbeitsvorschriften arbeiten. Wir stehen in engem Kontakt mit unserem Qualit\u00e4tssicherungsteam.&#8220;][\/vc_column][vc_column width=&#8220;1\/4&#8243;][tm_box_icon style=&#8220;13&#8243; icon_type=&#8220;linea_svg&#8220; icon_linea_svg=&#8220;linea-ecommerce-graph-increase&#8220; box_link=&#8220;url:https%3A%2F%2Fwww.securetec.net%2Fde%2Funternehmen%2Fmarketing-und-vertrieb%2F|||&#8220; heading=&#8220;Marketing und Vertrieb&#8220; link=&#8220;url:https%3A%2F%2Fwww.securetec.net%2Fde%2Funternehmen%2Fmarketing-und-vertrieb%2F|||&#8220; text=&#8220;Seit der Gr\u00fcndung der Securetec AG 1995 wurde kontinuierlich ein internationales Vertriebsnetz aufgebaut. \u00dcber Kooperationspartner sowie lokale Ansprechpartner direkt vor Ort gew\u00e4hrleistet Securetec die weltweite Verf\u00fcgbarkeit unserer Produkte.&#8220;][\/vc_column][vc_column width=&#8220;1\/4&#8243;][tm_box_icon style=&#8220;13&#8243; icon_type=&#8220;linea_svg&#8220; icon_linea_svg=&#8220;linea-basic-case&#8220; box_link=&#8220;url:https%3A%2F%2Fwww.securetec.net%2Fde%2Funternehmen%2Fkarriere%2F|||&#8220; heading=&#8220;Karriere&#8220; link=&#8220;url:https%3A%2F%2Fwww.securetec.net%2Fde%2Funternehmen%2Fkarriere%2F|||&#8220; text=&#8220;Wir sind ein erfolgreiches, international t\u00e4tiges, mittelst\u00e4ndisches Unternehmen mit Sitz in Neubiberg im S\u00fcden von M\u00fcnchen.&#8220;][\/vc_column][\/vc_row]<\/p>\n<\/div>","protected":false},"excerpt":{"rendered":"[vc_row][vc_column][vc_row_inner content_placement=&#8220;middle&#8220; lg_spacing=&#8220;margin_right:0;margin_left:0;border_top:2;border_right:2;border_bottom:2;border_left:2;padding_top:0;padding_right:0;padding_bottom:0;padding_left:0&#8243;][vc_column_inner][vc_column_text css=&#8220;.vc_custom_1738315813827{padding-top: 20px !important;padding-bottom: 20px !important;padding-left: 10px !important;}&#8220;]Krisensichere Zukunft mit Securetec als Partner Das SZ-Institut hat zusammen mit der Creditreform Gruppe untersucht, wie krisensicher die Strategien deutscher Unternehmen in den Jahren 2020 bis 2022 waren. Securetec liegt hierbei unter den TOP 100 von insgesamt knapp 5.500 bewerteten Unternehmen. Die letzten Jahre haben gezeigt, welche fatalen Folgen weltweite und lokale Krisen f\u00fcr die Wirtschaftswelt haben. Auch die Wahl der passenden Gesch\u00e4ftspartner beeinflusst das eigene Unternehmensergebnis. Gehen Sie auf Nummer sicher mit uns an Ihrer Seite! Weitere Informationen: SZ Institut \u2013 krisensicherste Unternehmen 2024[\/vc_column_text][\/vc_column_inner][\/vc_row_inner][\/vc_column][\/vc_row][vc_row full_width=&#8220;stretch_row&#8220; equal_height=&#8220;yes&#8220; lg_spacing=&#8220;margin_bottom:50;padding_top:50;padding_bottom:50&#8243;][vc_column width=&#8220;3\/4&#8243;][vc_column_text]Wir sind die Spezialisten f\u00fcr die mobile Erkennung von Drogenkonsum in Speichel, Schwei\u00df und auf Oberfl\u00e4chen. 1995 hat Securetec als einer der Pioniere im Bereich Drogendetektion mit der Entwicklung, Produktion und Vermarktung von Drogenschnelltests begonnen. Die eigene Forschungs- und Entwicklungsabteilung optimiert und erweitert seither kontinuierlich die DrugWipe Produktpalette. An unserem Firmensitz im S\u00fcden von M\u00fcnchen sind neben Vertrieb und Forschung &amp; Entwicklung auch Produktion sowie Qualit\u00e4tskontrolle unter einem Dach vereint. Diese kurzen Wege, gepaart mit hervorragendem technologischem Know-How, hoher Flexibilit\u00e4t und einer konsequenten Kundenorientierung, bilden die Grundlage f\u00fcr die gleichbleibende \u00fcberzeugende Qualit\u00e4t unserer Produkte. Heute profitieren unsere Kunden mit individuellen und praxistauglichen L\u00f6sungen f\u00fcr ihre komplexen Anforderungen von dieser langj\u00e4hrigen Erfahrung. Der DrugWipe ist in mehr als 30 L\u00e4ndern auf 6 Kontinenten bei Verkehrspolizei, Drogenfahndung, Zollbeh\u00f6rden, Kliniken und Unternehmen erfolgreich im Einsatz. Wir sind stolz darauf, weltweit einen wichtigen Beitrag zur Sicherheit und Gesundheit der Menschen und der Gesellschaft zu leisten.[\/vc_column_text][tm_spacer size=&#8220;lg:30&#8243;][\/vc_column][vc_column width=&#8220;1\/4&#8243;][vc_row_inner][vc_column_inner][tm_image align=&#8220;center&#8220; image=&#8220;3886&#8243; lg_spacing=&#8220;margin_top:0&#8243;][tm_spacer size=&#8220;lg:30&#8243;][tm_image align=&#8220;center&#8220; image=&#8220;15894&#8243; lg_spacing=&#8220;margin_right:15;margin_left:15&#8243;][\/vc_column_inner][\/vc_row_inner][\/vc_column][\/vc_row][vc_row equal_height=&#8220;yes&#8220; content_placement=&#8220;top&#8220; el_class=&#8220;sec-row-box&#8220;][vc_column width=&#8220;1\/4&#8243;][tm_box_icon style=&#8220;13&#8243; icon_type=&#8220;linea_svg&#8220; icon_linea_svg=&#8220;linea-basic-lightbulb&#8220; box_link=&#8220;url:https%3A%2F%2Fwww.securetec.net%2Fde%2Funternehmen%2Fforschung-und-entwicklung%2F|||&#8220; heading=&#8220;Forschung und Entwicklung&#8220; link=&#8220;url:https%3A%2F%2Fwww.securetec.net%2Fde%2Funternehmen%2Fforschung-und-entwicklung%2F|||&#8220; text=&#8220;Securetec ist Hersteller von Schnelltests und kann 25 Jahre umfangreiche Entwicklungserfahrung auf den Gebieten der Lateral-Flow-Technologie, Point-of-Care Diagnostik und In-Vitro-Diagnostika vorweisen.&#8220;][\/vc_column][vc_column width=&#8220;1\/4&#8243;][tm_box_icon style=&#8220;13&#8243; icon_type=&#8220;linea_svg&#8220; icon_linea_svg=&#8220;linea-basic-gear&#8220; box_link=&#8220;url:https%3A%2F%2Fwww.securetec.net%2Fde%2Funternehmen%2Fproduktion-und-qualitaetssicherung%2F|||&#8220; heading=&#8220;Produktion und Qualit\u00e4tssicherung&#8220; link=&#8220;url:https%3A%2F%2Fwww.securetec.net%2Fde%2Funternehmen%2Fproduktion-und-qualitaetssicherung%2F|||&#8220; text=&#8220;Unser Produktionsteam besteht aus geschulten Mitarbeitern, die nach gepr\u00fcften Arbeitsvorschriften arbeiten. Wir stehen in engem Kontakt mit unserem Qualit\u00e4tssicherungsteam.&#8220;][\/vc_column][vc_column width=&#8220;1\/4&#8243;][tm_box_icon style=&#8220;13&#8243; icon_type=&#8220;linea_svg&#8220; icon_linea_svg=&#8220;linea-ecommerce-graph-increase&#8220; box_link=&#8220;url:https%3A%2F%2Fwww.securetec.net%2Fde%2Funternehmen%2Fmarketing-und-vertrieb%2F|||&#8220; heading=&#8220;Marketing und Vertrieb&#8220; link=&#8220;url:https%3A%2F%2Fwww.securetec.net%2Fde%2Funternehmen%2Fmarketing-und-vertrieb%2F|||&#8220; text=&#8220;Seit der Gr\u00fcndung der Securetec AG 1995 wurde kontinuierlich ein internationales Vertriebsnetz aufgebaut. \u00dcber Kooperationspartner sowie lokale Ansprechpartner direkt vor Ort gew\u00e4hrleistet Securetec die weltweite Verf\u00fcgbarkeit unserer Produkte.&#8220;][\/vc_column][vc_column width=&#8220;1\/4&#8243;][tm_box_icon style=&#8220;13&#8243; icon_type=&#8220;linea_svg&#8220; icon_linea_svg=&#8220;linea-basic-case&#8220; box_link=&#8220;url:https%3A%2F%2Fwww.securetec.net%2Fde%2Funternehmen%2Fkarriere%2F|||&#8220; heading=&#8220;Karriere&#8220; link=&#8220;url:https%3A%2F%2Fwww.securetec.net%2Fde%2Funternehmen%2Fkarriere%2F|||&#8220; text=&#8220;Wir sind ein erfolgreiches, international t\u00e4tiges, mittelst\u00e4ndisches Unternehmen mit Sitz in Neubiberg im S\u00fcden von M\u00fcnchen.&#8220;][\/vc_column][\/vc_row]","protected":false},"author":1,"featured_media":0,"parent":0,"menu_order":0,"comment_status":"closed","ping_status":"closed","template":"","meta":{"footnotes":""},"class_list":["post-25","page","type-page","status-publish","hentry"],"yoast_head":"<!-- This site is optimized with the Yoast SEO plugin v25.6 - https:\/\/yoast.com\/wordpress\/plugins\/seo\/ -->\n<title>Unternehmen - Securetec Detektions-Systeme AG<\/title>\n<meta name=\"description\" content=\"Wir sind die Spezialisten f\u00fcr die mobile Erkennung von Drogenkonsum in Speichel, Schwei\u00df und auf Oberfl\u00e4chen.\" \/>\n<meta name=\"robots\" content=\"index, follow, max-snippet:-1, max-image-preview:large, max-video-preview:-1\" \/>\n<link rel=\"canonical\" href=\"https:\/\/www.securetec.net\/de\/unternehmen\/\" \/>\n<meta property=\"og:locale\" content=\"de_DE\" \/>\n<meta property=\"og:type\" content=\"article\" \/>\n<meta property=\"og:title\" content=\"Unternehmen - Securetec Detektions-Systeme AG\" \/>\n<meta property=\"og:description\" content=\"Wir sind die Spezialisten f\u00fcr die mobile Erkennung von Drogenkonsum in Speichel, Schwei\u00df und auf Oberfl\u00e4chen.\" \/>\n<meta property=\"og:url\" content=\"https:\/\/www.securetec.net\/de\/unternehmen\/\" \/>\n<meta property=\"og:site_name\" content=\"Securetec Detektions-Systeme AG\" \/>\n<meta property=\"article:modified_time\" content=\"2025-11-27T07:59:51+00:00\" \/>\n<meta name=\"twitter:card\" content=\"summary_large_image\" \/>\n<meta name=\"twitter:site\" content=\"@DrugWipeUK\" \/>\n<meta name=\"twitter:label1\" content=\"Est. reading time\" \/>\n\t<meta name=\"twitter:data1\" content=\"3\u00a0Minuten\" \/>\n<script type=\"application\/ld+json\" class=\"yoast-schema-graph\">{\"@context\":\"https:\/\/schema.org\",\"@graph\":[{\"@type\":\"WebPage\",\"@id\":\"https:\/\/www.securetec.net\/de\/unternehmen\/\",\"url\":\"https:\/\/www.securetec.net\/de\/unternehmen\/\",\"name\":\"Unternehmen - Securetec Detektions-Systeme AG\",\"isPartOf\":{\"@id\":\"https:\/\/www.securetec.net\/de\/#website\"},\"datePublished\":\"2018-07-19T15:37:24+00:00\",\"dateModified\":\"2025-11-27T07:59:51+00:00\",\"description\":\"Wir sind die Spezialisten f\u00fcr die mobile Erkennung von Drogenkonsum in Speichel, Schwei\u00df und auf Oberfl\u00e4chen.\",\"breadcrumb\":{\"@id\":\"https:\/\/www.securetec.net\/de\/unternehmen\/#breadcrumb\"},\"inLanguage\":\"de\",\"potentialAction\":[{\"@type\":\"ReadAction\",\"target\":[\"https:\/\/www.securetec.net\/de\/unternehmen\/\"]}]},{\"@type\":\"BreadcrumbList\",\"@id\":\"https:\/\/www.securetec.net\/de\/unternehmen\/#breadcrumb\",\"itemListElement\":[{\"@type\":\"ListItem\",\"position\":1,\"name\":\"Startseite\",\"item\":\"https:\/\/www.securetec.net\/de\/\"},{\"@type\":\"ListItem\",\"position\":2,\"name\":\"Unternehmen\"}]},{\"@type\":\"WebSite\",\"@id\":\"https:\/\/www.securetec.net\/de\/#website\",\"url\":\"https:\/\/www.securetec.net\/de\/\",\"name\":\"Securetec Detektions-Systeme AG\",\"description\":\"We detect to protect\",\"publisher\":{\"@id\":\"https:\/\/www.securetec.net\/de\/#organization\"},\"potentialAction\":[{\"@type\":\"SearchAction\",\"target\":{\"@type\":\"EntryPoint\",\"urlTemplate\":\"https:\/\/www.securetec.net\/de\/?s={search_term_string}\"},\"query-input\":{\"@type\":\"PropertyValueSpecification\",\"valueRequired\":true,\"valueName\":\"search_term_string\"}}],\"inLanguage\":\"de\"},{\"@type\":\"Organization\",\"@id\":\"https:\/\/www.securetec.net\/de\/#organization\",\"name\":\"Securetec Detektions-Systeme AG\",\"url\":\"https:\/\/www.securetec.net\/de\/\",\"logo\":{\"@type\":\"ImageObject\",\"inLanguage\":\"de\",\"@id\":\"https:\/\/www.securetec.net\/de\/#\/schema\/logo\/image\/\",\"url\":\"https:\/\/www.securetec.net\/app\/uploads\/2018\/07\/Securetec_Logo_.png\",\"contentUrl\":\"https:\/\/www.securetec.net\/app\/uploads\/2018\/07\/Securetec_Logo_.png\",\"width\":411,\"height\":189,\"caption\":\"Securetec Detektions-Systeme AG\"},\"image\":{\"@id\":\"https:\/\/www.securetec.net\/de\/#\/schema\/logo\/image\/\"},\"sameAs\":[\"https:\/\/x.com\/DrugWipeUK\",\"https:\/\/www.linkedin.com\/company\/securetec\",\"https:\/\/www.youtube.com\/channel\/UCP9jQA-TYhtqanhaooppMqw\"]}]}<\/script>\n<!-- \/ Yoast SEO plugin. -->","yoast_head_json":{"title":"Unternehmen - Securetec Detektions-Systeme AG","description":"Wir sind die Spezialisten f\u00fcr die mobile Erkennung von Drogenkonsum in Speichel, Schwei\u00df und auf Oberfl\u00e4chen.","robots":{"index":"index","follow":"follow","max-snippet":"max-snippet:-1","max-image-preview":"max-image-preview:large","max-video-preview":"max-video-preview:-1"},"canonical":"https:\/\/www.securetec.net\/de\/unternehmen\/","og_locale":"de_DE","og_type":"article","og_title":"Unternehmen - Securetec Detektions-Systeme AG","og_description":"Wir sind die Spezialisten f\u00fcr die mobile Erkennung von Drogenkonsum in Speichel, Schwei\u00df und auf Oberfl\u00e4chen.","og_url":"https:\/\/www.securetec.net\/de\/unternehmen\/","og_site_name":"Securetec Detektions-Systeme AG","article_modified_time":"2025-11-27T07:59:51+00:00","twitter_card":"summary_large_image","twitter_site":"@DrugWipeUK","twitter_misc":{"Est. reading time":"3\u00a0Minuten"},"schema":{"@context":"https:\/\/schema.org","@graph":[{"@type":"WebPage","@id":"https:\/\/www.securetec.net\/de\/unternehmen\/","url":"https:\/\/www.securetec.net\/de\/unternehmen\/","name":"Unternehmen - Securetec Detektions-Systeme AG","isPartOf":{"@id":"https:\/\/www.securetec.net\/de\/#website"},"datePublished":"2018-07-19T15:37:24+00:00","dateModified":"2025-11-27T07:59:51+00:00","description":"Wir sind die Spezialisten f\u00fcr die mobile Erkennung von Drogenkonsum in Speichel, Schwei\u00df und auf Oberfl\u00e4chen.","breadcrumb":{"@id":"https:\/\/www.securetec.net\/de\/unternehmen\/#breadcrumb"},"inLanguage":"de","potentialAction":[{"@type":"ReadAction","target":["https:\/\/www.securetec.net\/de\/unternehmen\/"]}]},{"@type":"BreadcrumbList","@id":"https:\/\/www.securetec.net\/de\/unternehmen\/#breadcrumb","itemListElement":[{"@type":"ListItem","position":1,"name":"Startseite","item":"https:\/\/www.securetec.net\/de\/"},{"@type":"ListItem","position":2,"name":"Unternehmen"}]},{"@type":"WebSite","@id":"https:\/\/www.securetec.net\/de\/#website","url":"https:\/\/www.securetec.net\/de\/","name":"Securetec Detektions-Systeme AG","description":"We detect to protect","publisher":{"@id":"https:\/\/www.securetec.net\/de\/#organization"},"potentialAction":[{"@type":"SearchAction","target":{"@type":"EntryPoint","urlTemplate":"https:\/\/www.securetec.net\/de\/?s={search_term_string}"},"query-input":{"@type":"PropertyValueSpecification","valueRequired":true,"valueName":"search_term_string"}}],"inLanguage":"de"},{"@type":"Organization","@id":"https:\/\/www.securetec.net\/de\/#organization","name":"Securetec Detektions-Systeme AG","url":"https:\/\/www.securetec.net\/de\/","logo":{"@type":"ImageObject","inLanguage":"de","@id":"https:\/\/www.securetec.net\/de\/#\/schema\/logo\/image\/","url":"https:\/\/www.securetec.net\/app\/uploads\/2018\/07\/Securetec_Logo_.png","contentUrl":"https:\/\/www.securetec.net\/app\/uploads\/2018\/07\/Securetec_Logo_.png","width":411,"height":189,"caption":"Securetec Detektions-Systeme AG"},"image":{"@id":"https:\/\/www.securetec.net\/de\/#\/schema\/logo\/image\/"},"sameAs":["https:\/\/x.com\/DrugWipeUK","https:\/\/www.linkedin.com\/company\/securetec","https:\/\/www.youtube.com\/channel\/UCP9jQA-TYhtqanhaooppMqw"]}]}},"_links":{"self":[{"href":"https:\/\/www.securetec.net\/de\/wp-json\/wp\/v2\/pages\/25","targetHints":{"allow":["GET"]}}],"collection":[{"href":"https:\/\/www.securetec.net\/de\/wp-json\/wp\/v2\/pages"}],"about":[{"href":"https:\/\/www.securetec.net\/de\/wp-json\/wp\/v2\/types\/page"}],"author":[{"embeddable":true,"href":"https:\/\/www.securetec.net\/de\/wp-json\/wp\/v2\/users\/1"}],"replies":[{"embeddable":true,"href":"https:\/\/www.securetec.net\/de\/wp-json\/wp\/v2\/comments?post=25"}],"version-history":[{"count":78,"href":"https:\/\/www.securetec.net\/de\/wp-json\/wp\/v2\/pages\/25\/revisions"}],"predecessor-version":[{"id":16893,"href":"https:\/\/www.securetec.net\/de\/wp-json\/wp\/v2\/pages\/25\/revisions\/16893"}],"wp:attachment":[{"href":"https:\/\/www.securetec.net\/de\/wp-json\/wp\/v2\/media?parent=25"}],"curies":[{"name":"wp","href":"https:\/\/api.w.org\/{rel}","templated":true}]}}