{"id":231,"date":"2018-08-22T11:51:40","date_gmt":"2018-08-22T09:51:40","guid":{"rendered":"https:\/\/www.securetec.net\/?page_id=231"},"modified":"2023-11-09T09:04:08","modified_gmt":"2023-11-09T08:04:08","slug":"anfahrt","status":"publish","type":"page","link":"https:\/\/www.securetec.net\/de\/kontakt\/anfahrt\/","title":{"rendered":"Anfahrt"},"content":{"rendered":"<div class=\"wpb-content-wrapper\"><p>[vc_row][vc_column width=&#8220;1\/2&#8243;][tm_gmaps zoom=&#8220;16&#8243; markers=&#8220;%5B%7B%22address%22%3A%22Lilienthalstra%C3%9Fe%207%2C%2085579%20Neubiberg%22%2C%22icon%22%3A%223473%22%2C%22title%22%3A%22SECURETEC%20AG%22%2C%22info%22%3A%22Lilienthalstra%C3%9Fe%207%2C%5Cn85579%20Neubiberg%22%7D%5D&#8220; api_key=&#8220;AIzaSyC83lXYwLjqvNa7FeAHKxN_eSL83q_Qt2M&#8220;][\/vc_column][vc_column width=&#8220;1\/2&#8243;][vc_column_text]Sie erreichen uns gut mit \u00f6ffentlichen Verkehrsmitteln. Von den nahen Autobahnen A8 bzw. A99 sind es wenige Minuten zu uns.<\/p>\n<p><a href=\"https:\/\/www.google.de\/maps\/dir\/\/Lilienthalstra%C3%9Fe+7,+85579+Neubiberg\/@48.1217406,11.6057758,12z\" target=\"_blank\" rel=\"noopener\">&gt; zum Routenplaner Google<\/a><\/p>\n<h2>Unsere Adresse:<\/h2>\n<p>Securetec Detektions-Systeme AG<br \/>\nLilienthalstra\u00dfe 7<br \/>\n85579 Neubiberg<\/p>\n<p><a href=\"\/?page_id=104\" target=\"_blank\" rel=\"noopener\">&gt; Kontakt<\/a>[\/vc_column_text][\/vc_column][\/vc_row][vc_row lg_spacing=&#8220;margin_top:90&#8243;][vc_column width=&#8220;1\/3&#8243;][vc_column_text]<\/p>\n<h3>Mit dem Auto<\/h3>\n<h4>Vom Zentrum aus<\/h4>\n<p>Fahren Sie auf der Rosenheimer Stra\u00dfe auf die A 8 Richtung Salzburg. Nehmen Sie die Ausfahrt 92b-Neubiberg und biegen an der ersten Ampelkreuzung links nach Neubiberg ab. An der 2. Ampelkreuzung rechts und dann gleich wieder links Richtung Marktplatz auf &#8222;Am Hachinger Bach&#8220;. Dieser Hauptstra\u00dfe folgen Sie bis zu unserem Geb\u00e4ude. Aus dem Hachinger Bach wird die Unterbiberger Stra\u00dfe, weiter auf Marktplatz, weiter auf Zwergerstra\u00dfe, weiter auf Universit\u00e4tsstra\u00dfe, die dann in die Lilienthalstra\u00dfe m\u00fcndet. Unser Geb\u00e4ude befindet sich auf der linken Seite: Lilienthalstra\u00dfe 7.<\/p>\n<h4>Vom S\u00fcden \/ A8 Richtung Salzburg kommend<\/h4>\n<p>Nehmen Sie auf der A8 Richtung M\u00fcnchen die Ausfahrt Neubiberg. Biegen Sie an der ersten Ampelkreuzung rechts nach Neubiberg ab. An der 2. Ampelkreuzung rechts und dann gleich wieder links Richtung Marktplatz auf &#8222;Am Hachinger Bach&#8220;. Dieser Hauptstra\u00dfe folgen Sie bis zum unserem Geb\u00e4ude. Aus dem Hachinger Bach wird die Unterbiberger Stra\u00dfe, weiter auf Marktplatz, weiter auf Zwergerstra\u00dfe, weiter auf Universit\u00e4tsstra\u00dfe, die dann in die Lilienthalstra\u00dfe m\u00fcndet. Unser Geb\u00e4ude befindet sich auf der linken Seite: Lilienthalstra\u00dfe 7.<\/p>\n<h4>Vom Flughafen aus<\/h4>\n<p>Fahren Sie um Stau zu vermeiden die A99. Am Autobahnkreuz A99\/A8 fahren Sie die A8 Richtung M\u00fcnchen Zentrum. Nehmen Sie die Ausfahrt Neubiberg. Biegen Sie an der ersten Ampelkreuzung rechts nach Neubiberg ab. An der 2. Ampelkreuzung rechts und dann gleich wieder links Richtung Marktplatz auf &#8222;Am Hachinger Bach&#8220;. Dieser Hauptstra\u00dfe folgen Sie bis zum unserem Geb\u00e4ude. Aus dem Hachinger Bach wird die Unterbiberger Stra\u00dfe, weiter auf Marktplatz, weiter auf Zwergerstra\u00dfe, weiter auf Universit\u00e4tsstra\u00dfe, die dann in die Lilienthalstra\u00dfe m\u00fcndet. Unser Geb\u00e4ude befindet sich auf der linken Seite:<br \/>\nLilienthalstra\u00dfe 7.<\/p>\n<h4>Parkm\u00f6glichkeiten<\/h4>\n<p>Parken k\u00f6nne Sie links neben dem Securetec Eingang (unbegrenzt) oder direkt vor dem ganzen Geb\u00e4udekomplex entlang der Stra\u00dfe (3 Stunden).[\/vc_column_text][\/vc_column][vc_column width=&#8220;1\/3&#8243;][vc_column_text]<\/p>\n<h3>Mit Bus und Bahn<\/h3>\n<p>Ankunft M\u00fcnchner Hauptbahnhof oder Ostbahnhof<br \/>\nFahren Sie mit der S-Bahnlinie S7 (Richtung Kreuzstra\u00dfe) oder der U-Bahnlinie U5 (Richtung Neuperlach S\u00fcd) zur die Haltestelle \u201eNeuperlach S\u00fcd&#8220;. Von dort aus nehmen Sie sich entweder ein Taxi (ca. 10 min) oder Sie nehmen einen der folgenden Regionalbusse:<\/p>\n<ul>\n<li>Regionalbus 217 nach &#8222;Neuperlach S\u00fcd&#8220; zur Haltestelle &#8222;Lilienthalstra\u00dfe&#8220;<\/li>\n<li>Regionalbus 199 nach Neubiberg, Campeon zur Haltestelle &#8222;Lilienthalstra\u00dfe&#8220;<\/li>\n<\/ul>\n<p>Der Bus h\u00e4lt genau vorm Geb\u00e4ude. Sie finden uns auf der linken Seite des Geb\u00e4udekomplexes Lilienthalstra\u00dfe 7 (Fu\u00dfweg ca. 2 Minuten, ca. 0,1 km).<\/p>\n<p><a href=\"https:\/\/www.mvv-muenchen.de\/fileadmin\/media\/Dateien\/plaene\/pdf\/Netz_2013_A4_.pdf\" target=\"_blank\" rel=\"noopener\">&gt; Zum MVV Netzplan<\/a><br \/>\n<a href=\"https:\/\/www.mvv-muenchen.de\/\" target=\"_blank\" rel=\"noopener\">&gt; Zu Fahrpl\u00e4nen und Tarifen<\/a><br \/>\n<a href=\"https:\/\/www.bahn.de\/p\/view\/index.shtml\" target=\"_blank\" rel=\"noopener\">&gt; www.bahn.de<\/a>[\/vc_column_text][\/vc_column][vc_column width=&#8220;1\/3&#8243;][vc_column_text]<\/p>\n<h3>Mit dem Flugzeug<\/h3>\n<p>Ankunft am Flughafen M\u00fcnchen Franz Josef Strau\u00df. Mit dem Taxi (ca. 50 Euro) oder den S-Bahn Linien S1 oder S8 (Fahrzeit circa 43 Minuten, f\u00e4hrt im 20-Minuten-Takt) bis M\u00fcnchen Ostbahnhof oder Hauptbahnhof.<br \/>\nFahren Sie mit der S-Bahnlinie S7 (Richtung Kreuzstra\u00dfe) oder der U-Bahnlinie U5 (Richtung Neuperlach S\u00fcd) zur die Haltestelle \u201eNeuperlach S\u00fcd&#8220;. Von dort aus nehmen Sie sich entweder ein Taxi (ca. 10 min) oder Sie nehmen einen der folgenden Regionalbusse:<\/p>\n<ul>\n<li>Regionalbus 217 nach &#8222;Neuperlach S\u00fcd&#8220; zur Haltestelle &#8222;Lilienthalstra\u00dfe&#8220;<\/li>\n<li>Regionalbus 199 nach Neubiberg, Campeon zur Haltestelle &#8222;Lilienthalstra\u00dfe&#8220;<\/li>\n<\/ul>\n<p>Der Bus h\u00e4lt genau vorm Geb\u00e4ude. Sie finden uns auf der linken Seite des Geb\u00e4udekomplexes Lilienthalstra\u00dfe 7 (Fu\u00dfweg ca. 2 Minuten, ca. 0,1 km).<\/p>\n<p><a href=\"https:\/\/www.munich-airport.de\/\">&gt; www.flughafen-muenchen.de<\/a>[\/vc_column_text][\/vc_column][\/vc_row]<\/p>\n<\/div>","protected":false},"excerpt":{"rendered":"[vc_row][vc_column width=&#8220;1\/2&#8243;][tm_gmaps zoom=&#8220;16&#8243; markers=&#8220;%5B%7B%22address%22%3A%22Lilienthalstra%C3%9Fe%207%2C%2085579%20Neubiberg%22%2C%22icon%22%3A%223473%22%2C%22title%22%3A%22SECURETEC%20AG%22%2C%22info%22%3A%22Lilienthalstra%C3%9Fe%207%2C%5Cn85579%20Neubiberg%22%7D%5D&#8220; api_key=&#8220;AIzaSyC83lXYwLjqvNa7FeAHKxN_eSL83q_Qt2M&#8220;][\/vc_column][vc_column width=&#8220;1\/2&#8243;][vc_column_text]Sie erreichen uns gut mit \u00f6ffentlichen Verkehrsmitteln. Von den nahen Autobahnen A8 bzw. A99 sind es wenige Minuten zu uns. &gt; zum Routenplaner Google Unsere Adresse: Securetec Detektions-Systeme AG Lilienthalstra\u00dfe 7 85579 Neubiberg &gt; Kontakt[\/vc_column_text][\/vc_column][\/vc_row][vc_row lg_spacing=&#8220;margin_top:90&#8243;][vc_column width=&#8220;1\/3&#8243;][vc_column_text] Mit dem Auto Vom Zentrum aus Fahren Sie auf der Rosenheimer Stra\u00dfe auf die A 8 Richtung Salzburg. Nehmen Sie die Ausfahrt 92b-Neubiberg und biegen an der ersten Ampelkreuzung links nach Neubiberg ab. An der 2. Ampelkreuzung rechts und dann gleich wieder links Richtung Marktplatz auf &#8222;Am Hachinger Bach&#8220;. Dieser Hauptstra\u00dfe folgen Sie bis zu unserem Geb\u00e4ude. Aus dem Hachinger Bach wird die Unterbiberger Stra\u00dfe, weiter auf Marktplatz, weiter auf Zwergerstra\u00dfe, weiter auf Universit\u00e4tsstra\u00dfe, die dann in die Lilienthalstra\u00dfe m\u00fcndet. Unser Geb\u00e4ude befindet sich auf der linken Seite: Lilienthalstra\u00dfe 7. Vom S\u00fcden \/ A8 Richtung Salzburg kommend Nehmen Sie auf der A8 Richtung M\u00fcnchen die Ausfahrt Neubiberg. Biegen Sie an der ersten Ampelkreuzung rechts nach Neubiberg ab. An der 2. Ampelkreuzung rechts und dann gleich wieder links Richtung Marktplatz auf &#8222;Am Hachinger Bach&#8220;. Dieser Hauptstra\u00dfe folgen Sie bis zum unserem Geb\u00e4ude. Aus dem Hachinger Bach wird die Unterbiberger Stra\u00dfe, weiter auf Marktplatz, weiter auf Zwergerstra\u00dfe, weiter auf Universit\u00e4tsstra\u00dfe, die dann in die Lilienthalstra\u00dfe m\u00fcndet. Unser Geb\u00e4ude befindet sich auf der linken Seite: Lilienthalstra\u00dfe 7. Vom Flughafen aus Fahren Sie um Stau zu vermeiden die A99. Am Autobahnkreuz A99\/A8 fahren Sie die A8 Richtung M\u00fcnchen Zentrum. Nehmen Sie die Ausfahrt Neubiberg. Biegen Sie an der ersten Ampelkreuzung rechts nach Neubiberg ab. An der 2. Ampelkreuzung rechts und dann gleich wieder links Richtung Marktplatz auf &#8222;Am Hachinger Bach&#8220;. Dieser Hauptstra\u00dfe folgen Sie bis zum unserem Geb\u00e4ude. Aus dem Hachinger Bach wird die Unterbiberger Stra\u00dfe, weiter auf Marktplatz, weiter auf Zwergerstra\u00dfe, weiter auf Universit\u00e4tsstra\u00dfe, die dann in die Lilienthalstra\u00dfe m\u00fcndet. Unser Geb\u00e4ude befindet sich auf der linken Seite: Lilienthalstra\u00dfe 7. Parkm\u00f6glichkeiten Parken k\u00f6nne Sie links neben dem Securetec Eingang (unbegrenzt) oder direkt vor dem ganzen Geb\u00e4udekomplex entlang der Stra\u00dfe (3 Stunden).[\/vc_column_text][\/vc_column][vc_column width=&#8220;1\/3&#8243;][vc_column_text] Mit Bus und Bahn Ankunft M\u00fcnchner Hauptbahnhof oder Ostbahnhof Fahren Sie mit der S-Bahnlinie S7 (Richtung Kreuzstra\u00dfe) oder der U-Bahnlinie U5 (Richtung Neuperlach S\u00fcd) zur die Haltestelle \u201eNeuperlach S\u00fcd&#8220;. Von dort aus nehmen Sie sich entweder ein Taxi (ca. 10 min) oder Sie nehmen einen der folgenden Regionalbusse: Regionalbus 217 nach &#8222;Neuperlach S\u00fcd&#8220; zur Haltestelle &#8222;Lilienthalstra\u00dfe&#8220; Regionalbus 199 nach Neubiberg, Campeon zur Haltestelle &#8222;Lilienthalstra\u00dfe&#8220; Der Bus h\u00e4lt genau vorm Geb\u00e4ude. Sie finden uns auf der linken Seite des Geb\u00e4udekomplexes Lilienthalstra\u00dfe 7 (Fu\u00dfweg ca. 2 Minuten, ca. 0,1 km). &gt; Zum MVV Netzplan &gt; Zu Fahrpl\u00e4nen und Tarifen &gt; www.bahn.de[\/vc_column_text][\/vc_column][vc_column width=&#8220;1\/3&#8243;][vc_column_text] Mit dem Flugzeug Ankunft am Flughafen M\u00fcnchen Franz Josef Strau\u00df. Mit dem Taxi (ca. 50 Euro) oder den S-Bahn Linien S1 oder S8 (Fahrzeit circa 43 Minuten, f\u00e4hrt im 20-Minuten-Takt) bis M\u00fcnchen Ostbahnhof oder Hauptbahnhof. Fahren Sie mit der S-Bahnlinie S7 (Richtung Kreuzstra\u00dfe) oder der U-Bahnlinie U5 (Richtung Neuperlach S\u00fcd) zur die Haltestelle \u201eNeuperlach S\u00fcd&#8220;. Von dort aus nehmen Sie sich entweder ein Taxi (ca. 10 min) oder Sie nehmen einen der folgenden Regionalbusse: Regionalbus 217 nach &#8222;Neuperlach S\u00fcd&#8220; zur Haltestelle &#8222;Lilienthalstra\u00dfe&#8220; Regionalbus 199 nach Neubiberg, Campeon zur Haltestelle &#8222;Lilienthalstra\u00dfe&#8220; Der Bus h\u00e4lt genau vorm Geb\u00e4ude. Sie finden uns auf der linken Seite des Geb\u00e4udekomplexes Lilienthalstra\u00dfe 7 (Fu\u00dfweg ca. 2 Minuten, ca. 0,1 km). &gt; www.flughafen-muenchen.de[\/vc_column_text][\/vc_column][\/vc_row]","protected":false},"author":2,"featured_media":0,"parent":104,"menu_order":0,"comment_status":"closed","ping_status":"closed","template":"","meta":{"footnotes":""},"class_list":["post-231","page","type-page","status-publish","hentry"],"yoast_head":"<!-- This site is optimized with the Yoast SEO plugin v25.6 - https:\/\/yoast.com\/wordpress\/plugins\/seo\/ -->\n<title>Anfahrt - Securetec Detektions-Systeme AG<\/title>\n<meta name=\"robots\" content=\"index, follow, max-snippet:-1, max-image-preview:large, max-video-preview:-1\" \/>\n<link rel=\"canonical\" href=\"https:\/\/www.securetec.net\/de\/kontakt\/anfahrt\/\" \/>\n<meta property=\"og:locale\" content=\"de_DE\" \/>\n<meta property=\"og:type\" content=\"article\" \/>\n<meta property=\"og:title\" content=\"Anfahrt - Securetec Detektions-Systeme AG\" \/>\n<meta property=\"og:url\" content=\"https:\/\/www.securetec.net\/de\/kontakt\/anfahrt\/\" \/>\n<meta property=\"og:site_name\" content=\"Securetec Detektions-Systeme AG\" \/>\n<meta property=\"article:modified_time\" content=\"2023-11-09T08:04:08+00:00\" \/>\n<meta name=\"twitter:card\" content=\"summary_large_image\" \/>\n<meta name=\"twitter:site\" content=\"@DrugWipeUK\" \/>\n<meta name=\"twitter:label1\" content=\"Est. reading time\" \/>\n\t<meta name=\"twitter:data1\" content=\"4\u00a0Minuten\" \/>\n<script type=\"application\/ld+json\" class=\"yoast-schema-graph\">{\"@context\":\"https:\/\/schema.org\",\"@graph\":[{\"@type\":\"WebPage\",\"@id\":\"https:\/\/www.securetec.net\/de\/kontakt\/anfahrt\/\",\"url\":\"https:\/\/www.securetec.net\/de\/kontakt\/anfahrt\/\",\"name\":\"Anfahrt - Securetec Detektions-Systeme AG\",\"isPartOf\":{\"@id\":\"https:\/\/www.securetec.net\/de\/#website\"},\"datePublished\":\"2018-08-22T09:51:40+00:00\",\"dateModified\":\"2023-11-09T08:04:08+00:00\",\"breadcrumb\":{\"@id\":\"https:\/\/www.securetec.net\/de\/kontakt\/anfahrt\/#breadcrumb\"},\"inLanguage\":\"de\",\"potentialAction\":[{\"@type\":\"ReadAction\",\"target\":[\"https:\/\/www.securetec.net\/de\/kontakt\/anfahrt\/\"]}]},{\"@type\":\"BreadcrumbList\",\"@id\":\"https:\/\/www.securetec.net\/de\/kontakt\/anfahrt\/#breadcrumb\",\"itemListElement\":[{\"@type\":\"ListItem\",\"position\":1,\"name\":\"Startseite\",\"item\":\"https:\/\/www.securetec.net\/de\/\"},{\"@type\":\"ListItem\",\"position\":2,\"name\":\"Kontakt\",\"item\":\"https:\/\/www.securetec.net\/de\/kontakt\/\"},{\"@type\":\"ListItem\",\"position\":3,\"name\":\"Anfahrt\"}]},{\"@type\":\"WebSite\",\"@id\":\"https:\/\/www.securetec.net\/de\/#website\",\"url\":\"https:\/\/www.securetec.net\/de\/\",\"name\":\"Securetec Detektions-Systeme AG\",\"description\":\"We detect to protect\",\"publisher\":{\"@id\":\"https:\/\/www.securetec.net\/de\/#organization\"},\"potentialAction\":[{\"@type\":\"SearchAction\",\"target\":{\"@type\":\"EntryPoint\",\"urlTemplate\":\"https:\/\/www.securetec.net\/de\/?s={search_term_string}\"},\"query-input\":{\"@type\":\"PropertyValueSpecification\",\"valueRequired\":true,\"valueName\":\"search_term_string\"}}],\"inLanguage\":\"de\"},{\"@type\":\"Organization\",\"@id\":\"https:\/\/www.securetec.net\/de\/#organization\",\"name\":\"Securetec Detektions-Systeme AG\",\"url\":\"https:\/\/www.securetec.net\/de\/\",\"logo\":{\"@type\":\"ImageObject\",\"inLanguage\":\"de\",\"@id\":\"https:\/\/www.securetec.net\/de\/#\/schema\/logo\/image\/\",\"url\":\"https:\/\/www.securetec.net\/app\/uploads\/2018\/07\/Securetec_Logo_.png\",\"contentUrl\":\"https:\/\/www.securetec.net\/app\/uploads\/2018\/07\/Securetec_Logo_.png\",\"width\":411,\"height\":189,\"caption\":\"Securetec Detektions-Systeme AG\"},\"image\":{\"@id\":\"https:\/\/www.securetec.net\/de\/#\/schema\/logo\/image\/\"},\"sameAs\":[\"https:\/\/x.com\/DrugWipeUK\",\"https:\/\/www.linkedin.com\/company\/securetec\",\"https:\/\/www.youtube.com\/channel\/UCP9jQA-TYhtqanhaooppMqw\"]}]}<\/script>\n<!-- \/ Yoast SEO plugin. -->","yoast_head_json":{"title":"Anfahrt - Securetec Detektions-Systeme AG","robots":{"index":"index","follow":"follow","max-snippet":"max-snippet:-1","max-image-preview":"max-image-preview:large","max-video-preview":"max-video-preview:-1"},"canonical":"https:\/\/www.securetec.net\/de\/kontakt\/anfahrt\/","og_locale":"de_DE","og_type":"article","og_title":"Anfahrt - Securetec Detektions-Systeme AG","og_url":"https:\/\/www.securetec.net\/de\/kontakt\/anfahrt\/","og_site_name":"Securetec Detektions-Systeme AG","article_modified_time":"2023-11-09T08:04:08+00:00","twitter_card":"summary_large_image","twitter_site":"@DrugWipeUK","twitter_misc":{"Est. reading time":"4\u00a0Minuten"},"schema":{"@context":"https:\/\/schema.org","@graph":[{"@type":"WebPage","@id":"https:\/\/www.securetec.net\/de\/kontakt\/anfahrt\/","url":"https:\/\/www.securetec.net\/de\/kontakt\/anfahrt\/","name":"Anfahrt - Securetec Detektions-Systeme AG","isPartOf":{"@id":"https:\/\/www.securetec.net\/de\/#website"},"datePublished":"2018-08-22T09:51:40+00:00","dateModified":"2023-11-09T08:04:08+00:00","breadcrumb":{"@id":"https:\/\/www.securetec.net\/de\/kontakt\/anfahrt\/#breadcrumb"},"inLanguage":"de","potentialAction":[{"@type":"ReadAction","target":["https:\/\/www.securetec.net\/de\/kontakt\/anfahrt\/"]}]},{"@type":"BreadcrumbList","@id":"https:\/\/www.securetec.net\/de\/kontakt\/anfahrt\/#breadcrumb","itemListElement":[{"@type":"ListItem","position":1,"name":"Startseite","item":"https:\/\/www.securetec.net\/de\/"},{"@type":"ListItem","position":2,"name":"Kontakt","item":"https:\/\/www.securetec.net\/de\/kontakt\/"},{"@type":"ListItem","position":3,"name":"Anfahrt"}]},{"@type":"WebSite","@id":"https:\/\/www.securetec.net\/de\/#website","url":"https:\/\/www.securetec.net\/de\/","name":"Securetec Detektions-Systeme AG","description":"We detect to protect","publisher":{"@id":"https:\/\/www.securetec.net\/de\/#organization"},"potentialAction":[{"@type":"SearchAction","target":{"@type":"EntryPoint","urlTemplate":"https:\/\/www.securetec.net\/de\/?s={search_term_string}"},"query-input":{"@type":"PropertyValueSpecification","valueRequired":true,"valueName":"search_term_string"}}],"inLanguage":"de"},{"@type":"Organization","@id":"https:\/\/www.securetec.net\/de\/#organization","name":"Securetec Detektions-Systeme AG","url":"https:\/\/www.securetec.net\/de\/","logo":{"@type":"ImageObject","inLanguage":"de","@id":"https:\/\/www.securetec.net\/de\/#\/schema\/logo\/image\/","url":"https:\/\/www.securetec.net\/app\/uploads\/2018\/07\/Securetec_Logo_.png","contentUrl":"https:\/\/www.securetec.net\/app\/uploads\/2018\/07\/Securetec_Logo_.png","width":411,"height":189,"caption":"Securetec Detektions-Systeme AG"},"image":{"@id":"https:\/\/www.securetec.net\/de\/#\/schema\/logo\/image\/"},"sameAs":["https:\/\/x.com\/DrugWipeUK","https:\/\/www.linkedin.com\/company\/securetec","https:\/\/www.youtube.com\/channel\/UCP9jQA-TYhtqanhaooppMqw"]}]}},"_links":{"self":[{"href":"https:\/\/www.securetec.net\/de\/wp-json\/wp\/v2\/pages\/231","targetHints":{"allow":["GET"]}}],"collection":[{"href":"https:\/\/www.securetec.net\/de\/wp-json\/wp\/v2\/pages"}],"about":[{"href":"https:\/\/www.securetec.net\/de\/wp-json\/wp\/v2\/types\/page"}],"author":[{"embeddable":true,"href":"https:\/\/www.securetec.net\/de\/wp-json\/wp\/v2\/users\/2"}],"replies":[{"embeddable":true,"href":"https:\/\/www.securetec.net\/de\/wp-json\/wp\/v2\/comments?post=231"}],"version-history":[{"count":17,"href":"https:\/\/www.securetec.net\/de\/wp-json\/wp\/v2\/pages\/231\/revisions"}],"predecessor-version":[{"id":14996,"href":"https:\/\/www.securetec.net\/de\/wp-json\/wp\/v2\/pages\/231\/revisions\/14996"}],"up":[{"embeddable":true,"href":"https:\/\/www.securetec.net\/de\/wp-json\/wp\/v2\/pages\/104"}],"wp:attachment":[{"href":"https:\/\/www.securetec.net\/de\/wp-json\/wp\/v2\/media?parent=231"}],"curies":[{"name":"wp","href":"https:\/\/api.w.org\/{rel}","templated":true}]}}