{"id":19,"date":"2018-07-19T17:20:12","date_gmt":"2018-07-19T15:20:12","guid":{"rendered":"https:\/\/www.securetec.net\/?page_id=19"},"modified":"2025-07-31T09:34:35","modified_gmt":"2025-07-31T07:34:35","slug":"home-2","status":"publish","type":"page","link":"https:\/\/www.securetec.net\/de\/","title":{"rendered":"Home"},"content":{"rendered":"<div class=\"wpb-content-wrapper\"><p>[vc_row css_animation=&#8220;none&#8220; lg_spacing=&#8220;margin_top:40;margin_bottom:50&#8243; md_spacing=&#8220;margin_top:35&#8243; sm_spacing=&#8220;margin_top:30;margin_bottom:40&#8243; xs_spacing=&#8220;margin_top:30;margin_bottom:25&#8243;][vc_column width=&#8220;1\/6&#8243;][\/vc_column][vc_column width=&#8220;2\/3&#8243;][tm_heading tag=&#8220;h1&#8243; custom_google_font=&#8220;&#8220; google_fonts=&#8220;font_family:Open%20Sans%3A300%2C300italic%2Cregular%2Citalic%2C600%2C600italic%2C700%2C700italic%2C800%2C800italic|font_style:600%20bold%20regular%3A600%3Anormal&#8220; text_color=&#8220;primary_color&#8220; text=&#8220;We detect to protect&#8220;][vc_column_text css=&#8220;&#8220;]<\/p>\n<p style=\"text-align: center;\">Wir sind Hersteller des weltweit von Polizei und Zoll eingesetzten Drogenschnelltest DrugWipe<sup>\u00ae<\/sup> und bieten Ihnen 30 Jahre umfangreiche Entwicklungserfahrung in der Lateral-Flow-Technologie.<\/p>\n<p>[\/vc_column_text][tm_spacer size=&#8220;lg:30&#8243;][tm_button button=&#8220;url:https%3A%2F%2Fwww.securetec.net%2Fde%2Funternehmen%2Fkarriere%2Fstellenangebote%2F|title:Stellenangebote|target:_blank&#8220; align=&#8220;center&#8220; color=&#8220;secondary&#8220;][\/vc_column][vc_column width=&#8220;1\/6&#8243;][\/vc_column][\/vc_row][vc_row equal_height=&#8220;yes&#8220; css_animation=&#8220;none&#8220; column_separator=&#8220;01&#8243; lg_spacing=&#8220;margin_bottom:60&#8243;][vc_column css_animation=&#8220;slideInUp&#8220; width=&#8220;1\/3&#8243; el_class=&#8220;icon-box&#8220; xs_spacing=&#8220;margin_top:10;margin_right:10;margin_left:10&#8243; sm_spacing=&#8220;margin_top:10;margin_right:10;margin_left:10&#8243;][tm_spacer size=&#8220;lg:20&#8243;][tm_heading custom_google_font=&#8220;&#8220; animation=&#8220;none&#8220; text=&#8220;DrugWipe in den Medien&#8220; link=&#8220;\/drugwipe-in-den-medien\/&#8220;][tm_image align=&#8220;center&#8220; image=&#8220;16235&#8243;][tm_box_icon el_class=&#8220;home-video&#8220; button_color=&#8220;primary&#8220; heading=&#8220;&#8222;Pioniere beim Aufsp\u00fcren von Drogen&#8222;&#8220; lg_spacing=&#8220;padding_top:0&#8243; text=&#8220;\u201eDie renommierte Firma Securetec, ans\u00e4ssig in Neubiberg, feiert ihr 30-j\u00e4hriges Bestehen \u2013 und hat gro\u00dfes vor in der n\u00e4heren Zukunft.\u201c Harald Hettich bringt es im M\u00fcnchner Merkur Ende Juli treffend auf den Punkt, als er \u00fcber 30 Jahre Securetec und den DrugWipe berichtet hat.&#8220;][vc_btn title=&#8220;Vollst\u00e4ndigen Artikel lesen&#8220; size=&#8220;lg&#8220; align=&#8220;center&#8220; css=&#8220;&#8220; button_block=&#8220;true&#8220; link=&#8220;url:https%3A%2F%2Fwww.merkur.de%2Flokales%2Fmuenchen-lk%2Fneubiberg-ort29121%2Fneubiberg-pioniere-beim-aufspueren-von-drogen-93854380.html|title:Artikel%20lesen|target:_blank|rel:nofollow&#8220;][\/vc_column][vc_column css_animation=&#8220;slideInUp&#8220; width=&#8220;1\/3&#8243; xs_spacing=&#8220;margin_top:10;margin_right:10;margin_left:10&#8243; sm_spacing=&#8220;margin_top:10;margin_right:10;margin_left:10&#8243; el_class=&#8220;icon-box&#8220;][tm_spacer size=&#8220;lg:20&#8243;][tm_heading custom_google_font=&#8220;&#8220; animation=&#8220;none&#8220; text=&#8220;News&#8220; link=&#8220;\/unternehmen\/news\/&#8220;][tm_blog gutter=&#8220;30&#8243; animation=&#8220;none&#8220; number=&#8220;1&#8243; taxonomies=&#8220;category:home&#8220;][\/vc_column][vc_column css_animation=&#8220;slideInUp&#8220; width=&#8220;1\/3&#8243; el_class=&#8220;icon-box&#8220; sm_spacing=&#8220;margin_top:10;margin_right:10;margin_left:10&#8243;][tm_spacer size=&#8220;lg:20&#8243;][tm_heading custom_google_font=&#8220;&#8220; animation=&#8220;none&#8220; text=&#8220;Social Media&#8220;][vc_column_text]<code><h3 style=\"text-align: left;\"><img decoding=\"async\" class=\"alignnone wp-image-16201\" style=\"margin-right: 20px;\" src=\"https:\/\/www.securetec.net\/app\/uploads\/2025\/06\/Threads_app_logo.svg_.png\" alt=\"\" width=\"35\" height=\"35\" srcset=\"https:\/\/www.securetec.net\/app\/uploads\/2025\/06\/Threads_app_logo.svg_.png 768w, https:\/\/www.securetec.net\/app\/uploads\/2025\/06\/Threads_app_logo.svg_-300x300.png 300w, https:\/\/www.securetec.net\/app\/uploads\/2025\/06\/Threads_app_logo.svg_-150x150.png 150w\" sizes=\"(max-width: 35px) 100vw, 35px\" \/><a href=\"https:\/\/www.threads.com\/@drugwipe\" target=\"_blank\" rel=\"noopener\">@drugwipe<\/a><\/h3>\n<p><span class=\"x1lliihq x1plvlek xryxfnj x1n2onr6 xyejjpt x15dsfln xi7mnp6 x193iq5w xeuugli x1fj9vlw x13faqbe x1vvkbs x1s928wv xhkezso x1gmr53x x1cpjm7i x1fgarty x1943h6x x1i0vuye xjohtrz xo1l8bm xp07o12 x1yc453h xat24cr xdj266r\" dir=\"auto\">Drug driving has reached \u201cepidemic\u201d proportions say police: <a href=\"https:\/\/maldon.nub.news\/news\/local-news\/drug-driving-has-reached-epidemic-proportions-say-police-284631\" target=\"_blank\" rel=\"noopener\">https:\/\/maldon.nub.news\/news\/local-news\/drug-driving-has-reached-epidemic-proportions-say-police-284631<\/a><\/span><\/p>\n<\/code>[\/vc_column_text][tm_spacer size=&#8220;lg:20&#8243;][\/vc_column][\/vc_row]<\/p>\n<\/div>","protected":false},"excerpt":{"rendered":"[vc_row css_animation=&#8220;none&#8220; lg_spacing=&#8220;margin_top:40;margin_bottom:50&#8243; md_spacing=&#8220;margin_top:35&#8243; sm_spacing=&#8220;margin_top:30;margin_bottom:40&#8243; xs_spacing=&#8220;margin_top:30;margin_bottom:25&#8243;][vc_column width=&#8220;1\/6&#8243;][\/vc_column][vc_column width=&#8220;2\/3&#8243;][tm_heading tag=&#8220;h1&#8243; custom_google_font=&#8220;&#8220; google_fonts=&#8220;font_family:Open%20Sans%3A300%2C300italic%2Cregular%2Citalic%2C600%2C600italic%2C700%2C700italic%2C800%2C800italic|font_style:600%20bold%20regular%3A600%3Anormal&#8220; text_color=&#8220;primary_color&#8220; text=&#8220;We detect to protect&#8220;][vc_column_text css=&#8220;&#8220;] Wir sind Hersteller des weltweit von Polizei und Zoll eingesetzten Drogenschnelltest DrugWipe\u00ae und bieten Ihnen 30 Jahre umfangreiche Entwicklungserfahrung in der Lateral-Flow-Technologie. [\/vc_column_text][tm_spacer size=&#8220;lg:30&#8243;][tm_button button=&#8220;url:https%3A%2F%2Fwww.securetec.net%2Fde%2Funternehmen%2Fkarriere%2Fstellenangebote%2F|title:Stellenangebote|target:_blank&#8220; align=&#8220;center&#8220; color=&#8220;secondary&#8220;][\/vc_column][vc_column width=&#8220;1\/6&#8243;][\/vc_column][\/vc_row][vc_row equal_height=&#8220;yes&#8220; css_animation=&#8220;none&#8220; column_separator=&#8220;01&#8243; lg_spacing=&#8220;margin_bottom:60&#8243;][vc_column css_animation=&#8220;slideInUp&#8220; width=&#8220;1\/3&#8243; el_class=&#8220;icon-box&#8220; xs_spacing=&#8220;margin_top:10;margin_right:10;margin_left:10&#8243; sm_spacing=&#8220;margin_top:10;margin_right:10;margin_left:10&#8243;][tm_spacer size=&#8220;lg:20&#8243;][tm_heading custom_google_font=&#8220;&#8220; animation=&#8220;none&#8220; text=&#8220;DrugWipe in den Medien&#8220; link=&#8220;\/drugwipe-in-den-medien\/&#8220;][tm_image align=&#8220;center&#8220; image=&#8220;16235&#8243;][tm_box_icon el_class=&#8220;home-video&#8220; button_color=&#8220;primary&#8220; heading=&#8220;&#8222;Pioniere beim Aufsp\u00fcren von Drogen&#8222;&#8220; lg_spacing=&#8220;padding_top:0&#8243; text=&#8220;\u201eDie renommierte Firma Securetec, ans\u00e4ssig in Neubiberg, feiert ihr 30-j\u00e4hriges Bestehen \u2013 und hat gro\u00dfes vor in der n\u00e4heren Zukunft.\u201c Harald Hettich bringt es im M\u00fcnchner Merkur Ende Juli treffend auf den Punkt, als er \u00fcber 30 Jahre Securetec und den DrugWipe berichtet hat.&#8220;][vc_btn title=&#8220;Vollst\u00e4ndigen Artikel lesen&#8220; size=&#8220;lg&#8220; align=&#8220;center&#8220; css=&#8220;&#8220; button_block=&#8220;true&#8220; link=&#8220;url:https%3A%2F%2Fwww.merkur.de%2Flokales%2Fmuenchen-lk%2Fneubiberg-ort29121%2Fneubiberg-pioniere-beim-aufspueren-von-drogen-93854380.html|title:Artikel%20lesen|target:_blank|rel:nofollow&#8220;][\/vc_column][vc_column css_animation=&#8220;slideInUp&#8220; width=&#8220;1\/3&#8243; xs_spacing=&#8220;margin_top:10;margin_right:10;margin_left:10&#8243; sm_spacing=&#8220;margin_top:10;margin_right:10;margin_left:10&#8243; el_class=&#8220;icon-box&#8220;][tm_spacer size=&#8220;lg:20&#8243;][tm_heading custom_google_font=&#8220;&#8220; animation=&#8220;none&#8220; text=&#8220;News&#8220; link=&#8220;\/unternehmen\/news\/&#8220;][tm_blog gutter=&#8220;30&#8243; animation=&#8220;none&#8220; number=&#8220;1&#8243; taxonomies=&#8220;category:home&#8220;][\/vc_column][vc_column css_animation=&#8220;slideInUp&#8220; width=&#8220;1\/3&#8243; el_class=&#8220;icon-box&#8220; sm_spacing=&#8220;margin_top:10;margin_right:10;margin_left:10&#8243;][tm_spacer size=&#8220;lg:20&#8243;][tm_heading custom_google_font=&#8220;&#8220; animation=&#8220;none&#8220; text=&#8220;Social Media&#8220;][vc_column_text][\/vc_column_text][tm_spacer size=&#8220;lg:20&#8243;][\/vc_column][\/vc_row]","protected":false},"author":1,"featured_media":0,"parent":0,"menu_order":0,"comment_status":"closed","ping_status":"closed","template":"","meta":{"footnotes":""},"class_list":["post-19","page","type-page","status-publish","hentry"],"yoast_head":"<!-- This site is optimized with the Yoast SEO plugin v25.6 - https:\/\/yoast.com\/wordpress\/plugins\/seo\/ -->\n<title>Home - Securetec Detektions-Systeme AG<\/title>\n<meta name=\"description\" content=\"Wir sind Hersteller des weltweit von Polizei und Zoll eingesetzten Drogenschnelltest DrugWipe\u00ae und bieten Lateral-Flow-Technologie.\" \/>\n<meta name=\"robots\" content=\"index, follow, max-snippet:-1, max-image-preview:large, max-video-preview:-1\" \/>\n<link rel=\"canonical\" href=\"https:\/\/www.securetec.net\/de\/\" \/>\n<meta property=\"og:locale\" content=\"de_DE\" \/>\n<meta property=\"og:type\" content=\"article\" \/>\n<meta property=\"og:title\" content=\"Home - Securetec Detektions-Systeme AG\" \/>\n<meta property=\"og:description\" content=\"Wir sind Hersteller des weltweit von Polizei und Zoll eingesetzten Drogenschnelltest DrugWipe\u00ae und bieten Lateral-Flow-Technologie.\" \/>\n<meta property=\"og:url\" content=\"https:\/\/www.securetec.net\/de\/\" \/>\n<meta property=\"og:site_name\" content=\"Securetec Detektions-Systeme AG\" \/>\n<meta property=\"article:modified_time\" content=\"2025-07-31T07:34:35+00:00\" \/>\n<meta name=\"twitter:card\" content=\"summary_large_image\" \/>\n<meta name=\"twitter:site\" content=\"@DrugWipeUK\" \/>\n<meta name=\"twitter:label1\" content=\"Est. reading time\" \/>\n\t<meta name=\"twitter:data1\" content=\"2\u00a0Minuten\" \/>\n<script type=\"application\/ld+json\" class=\"yoast-schema-graph\">{\"@context\":\"https:\/\/schema.org\",\"@graph\":[{\"@type\":\"WebPage\",\"@id\":\"https:\/\/www.securetec.net\/de\/\",\"url\":\"https:\/\/www.securetec.net\/de\/\",\"name\":\"Home - Securetec Detektions-Systeme AG\",\"isPartOf\":{\"@id\":\"https:\/\/www.securetec.net\/de\/#website\"},\"datePublished\":\"2018-07-19T15:20:12+00:00\",\"dateModified\":\"2025-07-31T07:34:35+00:00\",\"description\":\"Wir sind Hersteller des weltweit von Polizei und Zoll eingesetzten Drogenschnelltest DrugWipe\u00ae und bieten Lateral-Flow-Technologie.\",\"breadcrumb\":{\"@id\":\"https:\/\/www.securetec.net\/de\/#breadcrumb\"},\"inLanguage\":\"de\",\"potentialAction\":[{\"@type\":\"ReadAction\",\"target\":[\"https:\/\/www.securetec.net\/de\/\"]}]},{\"@type\":\"BreadcrumbList\",\"@id\":\"https:\/\/www.securetec.net\/de\/#breadcrumb\",\"itemListElement\":[{\"@type\":\"ListItem\",\"position\":1,\"name\":\"Startseite\",\"item\":\"https:\/\/www.securetec.net\/de\/\"},{\"@type\":\"ListItem\",\"position\":2,\"name\":\"Home\"}]},{\"@type\":\"WebSite\",\"@id\":\"https:\/\/www.securetec.net\/de\/#website\",\"url\":\"https:\/\/www.securetec.net\/de\/\",\"name\":\"Securetec Detektions-Systeme AG\",\"description\":\"We detect to protect\",\"publisher\":{\"@id\":\"https:\/\/www.securetec.net\/de\/#organization\"},\"potentialAction\":[{\"@type\":\"SearchAction\",\"target\":{\"@type\":\"EntryPoint\",\"urlTemplate\":\"https:\/\/www.securetec.net\/de\/?s={search_term_string}\"},\"query-input\":{\"@type\":\"PropertyValueSpecification\",\"valueRequired\":true,\"valueName\":\"search_term_string\"}}],\"inLanguage\":\"de\"},{\"@type\":\"Organization\",\"@id\":\"https:\/\/www.securetec.net\/de\/#organization\",\"name\":\"Securetec Detektions-Systeme AG\",\"url\":\"https:\/\/www.securetec.net\/de\/\",\"logo\":{\"@type\":\"ImageObject\",\"inLanguage\":\"de\",\"@id\":\"https:\/\/www.securetec.net\/de\/#\/schema\/logo\/image\/\",\"url\":\"https:\/\/www.securetec.net\/app\/uploads\/2018\/07\/Securetec_Logo_.png\",\"contentUrl\":\"https:\/\/www.securetec.net\/app\/uploads\/2018\/07\/Securetec_Logo_.png\",\"width\":411,\"height\":189,\"caption\":\"Securetec Detektions-Systeme AG\"},\"image\":{\"@id\":\"https:\/\/www.securetec.net\/de\/#\/schema\/logo\/image\/\"},\"sameAs\":[\"https:\/\/x.com\/DrugWipeUK\",\"https:\/\/www.linkedin.com\/company\/securetec\",\"https:\/\/www.youtube.com\/channel\/UCP9jQA-TYhtqanhaooppMqw\"]}]}<\/script>\n<!-- \/ Yoast SEO plugin. -->","yoast_head_json":{"title":"Home - Securetec Detektions-Systeme AG","description":"Wir sind Hersteller des weltweit von Polizei und Zoll eingesetzten Drogenschnelltest DrugWipe\u00ae und bieten Lateral-Flow-Technologie.","robots":{"index":"index","follow":"follow","max-snippet":"max-snippet:-1","max-image-preview":"max-image-preview:large","max-video-preview":"max-video-preview:-1"},"canonical":"https:\/\/www.securetec.net\/de\/","og_locale":"de_DE","og_type":"article","og_title":"Home - Securetec Detektions-Systeme AG","og_description":"Wir sind Hersteller des weltweit von Polizei und Zoll eingesetzten Drogenschnelltest DrugWipe\u00ae und bieten Lateral-Flow-Technologie.","og_url":"https:\/\/www.securetec.net\/de\/","og_site_name":"Securetec Detektions-Systeme AG","article_modified_time":"2025-07-31T07:34:35+00:00","twitter_card":"summary_large_image","twitter_site":"@DrugWipeUK","twitter_misc":{"Est. reading time":"2\u00a0Minuten"},"schema":{"@context":"https:\/\/schema.org","@graph":[{"@type":"WebPage","@id":"https:\/\/www.securetec.net\/de\/","url":"https:\/\/www.securetec.net\/de\/","name":"Home - Securetec Detektions-Systeme AG","isPartOf":{"@id":"https:\/\/www.securetec.net\/de\/#website"},"datePublished":"2018-07-19T15:20:12+00:00","dateModified":"2025-07-31T07:34:35+00:00","description":"Wir sind Hersteller des weltweit von Polizei und Zoll eingesetzten Drogenschnelltest DrugWipe\u00ae und bieten Lateral-Flow-Technologie.","breadcrumb":{"@id":"https:\/\/www.securetec.net\/de\/#breadcrumb"},"inLanguage":"de","potentialAction":[{"@type":"ReadAction","target":["https:\/\/www.securetec.net\/de\/"]}]},{"@type":"BreadcrumbList","@id":"https:\/\/www.securetec.net\/de\/#breadcrumb","itemListElement":[{"@type":"ListItem","position":1,"name":"Startseite","item":"https:\/\/www.securetec.net\/de\/"},{"@type":"ListItem","position":2,"name":"Home"}]},{"@type":"WebSite","@id":"https:\/\/www.securetec.net\/de\/#website","url":"https:\/\/www.securetec.net\/de\/","name":"Securetec Detektions-Systeme AG","description":"We detect to protect","publisher":{"@id":"https:\/\/www.securetec.net\/de\/#organization"},"potentialAction":[{"@type":"SearchAction","target":{"@type":"EntryPoint","urlTemplate":"https:\/\/www.securetec.net\/de\/?s={search_term_string}"},"query-input":{"@type":"PropertyValueSpecification","valueRequired":true,"valueName":"search_term_string"}}],"inLanguage":"de"},{"@type":"Organization","@id":"https:\/\/www.securetec.net\/de\/#organization","name":"Securetec Detektions-Systeme AG","url":"https:\/\/www.securetec.net\/de\/","logo":{"@type":"ImageObject","inLanguage":"de","@id":"https:\/\/www.securetec.net\/de\/#\/schema\/logo\/image\/","url":"https:\/\/www.securetec.net\/app\/uploads\/2018\/07\/Securetec_Logo_.png","contentUrl":"https:\/\/www.securetec.net\/app\/uploads\/2018\/07\/Securetec_Logo_.png","width":411,"height":189,"caption":"Securetec Detektions-Systeme AG"},"image":{"@id":"https:\/\/www.securetec.net\/de\/#\/schema\/logo\/image\/"},"sameAs":["https:\/\/x.com\/DrugWipeUK","https:\/\/www.linkedin.com\/company\/securetec","https:\/\/www.youtube.com\/channel\/UCP9jQA-TYhtqanhaooppMqw"]}]}},"_links":{"self":[{"href":"https:\/\/www.securetec.net\/de\/wp-json\/wp\/v2\/pages\/19","targetHints":{"allow":["GET"]}}],"collection":[{"href":"https:\/\/www.securetec.net\/de\/wp-json\/wp\/v2\/pages"}],"about":[{"href":"https:\/\/www.securetec.net\/de\/wp-json\/wp\/v2\/types\/page"}],"author":[{"embeddable":true,"href":"https:\/\/www.securetec.net\/de\/wp-json\/wp\/v2\/users\/1"}],"replies":[{"embeddable":true,"href":"https:\/\/www.securetec.net\/de\/wp-json\/wp\/v2\/comments?post=19"}],"version-history":[{"count":197,"href":"https:\/\/www.securetec.net\/de\/wp-json\/wp\/v2\/pages\/19\/revisions"}],"predecessor-version":[{"id":16246,"href":"https:\/\/www.securetec.net\/de\/wp-json\/wp\/v2\/pages\/19\/revisions\/16246"}],"wp:attachment":[{"href":"https:\/\/www.securetec.net\/de\/wp-json\/wp\/v2\/media?parent=19"}],"curies":[{"name":"wp","href":"https:\/\/api.w.org\/{rel}","templated":true}]}}