{"id":15321,"date":"2024-04-08T07:45:52","date_gmt":"2024-04-08T05:45:52","guid":{"rendered":"https:\/\/www.securetec.net\/?page_id=15321"},"modified":"2024-04-08T08:54:31","modified_gmt":"2024-04-08T06:54:31","slug":"getestet-mit-echtem-speichel","status":"publish","type":"page","link":"https:\/\/www.securetec.net\/de\/drogentest\/getestet-mit-echtem-speichel\/","title":{"rendered":"Getestet mit echtem Speichel"},"content":{"rendered":"<div class=\"wpb-content-wrapper\"><p>[vc_row][vc_column][vc_column_text]<\/p>\n<h1 style=\"text-align: center;\">Qualit\u00e4tsmerkmal: Getestet mit echtem Speichel<\/h1>\n<p>[\/vc_column_text][tm_spacer size=&#8220;lg:50&#8243;][\/vc_column][\/vc_row][vc_row][vc_column width=&#8220;1\/3&#8243;][tm_image align=&#8220;center&#8220; image=&#8220;15349&#8243;][tm_spacer size=&#8220;lg:50&#8243;][\/vc_column][vc_column width=&#8220;2\/3&#8243;][vc_column_text]<\/p>\n<h2>Gro\u00dfer Aufwand f\u00fcr gleichbleibend hohe Qualit\u00e4t<\/h2>\n<p>Der Drogenschnelltest DrugWipe wird mit echtem Speichel entwickelt und getestet, auch wenn dadurch mehr Aufwand im Labor entsteht. Die Testergebnisse bilden daher die Realit\u00e4t ab und belegen die ausgezeichnete Zuverl\u00e4s\u00adsigkeit der DrugWipe Speicheltests.[\/vc_column_text][tm_spacer size=&#8220;lg:50&#8243;][vc_column_text]<\/p>\n<h2>Nat\u00fcrlicher Speichel ist nicht ersetzbar<\/h2>\n<p>99,5 % Wasser und 0,5 % gel\u00f6ste Enzyme, Mineralstoffe und Salze \u2014 was sich so einfach anh\u00f6rt, ist eine hoch komplexe Fl\u00fcssigkeit: menschlicher Speichel. Bis heute ist es nicht gelungen, k\u00fcnstlichen Speichel realistisch nachzubilden. Darum arbeitet Securetec bei der Testentwicklung nur mit echtem Speichel, trotz Mehraufwand.[\/vc_column_text][tm_spacer size=&#8220;lg:50&#8243;][\/vc_column][\/vc_row]<\/p>\n<\/div>","protected":false},"excerpt":{"rendered":"[vc_row][vc_column][vc_column_text] Qualit\u00e4tsmerkmal: Getestet mit echtem Speichel [\/vc_column_text][tm_spacer size=&#8220;lg:50&#8243;][\/vc_column][\/vc_row][vc_row][vc_column width=&#8220;1\/3&#8243;][tm_image align=&#8220;center&#8220; image=&#8220;15349&#8243;][tm_spacer size=&#8220;lg:50&#8243;][\/vc_column][vc_column width=&#8220;2\/3&#8243;][vc_column_text] Gro\u00dfer Aufwand f\u00fcr gleichbleibend hohe Qualit\u00e4t Der Drogenschnelltest DrugWipe wird mit echtem Speichel entwickelt und getestet, auch wenn dadurch mehr Aufwand im Labor entsteht. Die Testergebnisse bilden daher die Realit\u00e4t ab und belegen die ausgezeichnete Zuverl\u00e4s\u00adsigkeit der DrugWipe Speicheltests.[\/vc_column_text][tm_spacer size=&#8220;lg:50&#8243;][vc_column_text] Nat\u00fcrlicher Speichel ist nicht ersetzbar 99,5 % Wasser und 0,5 % gel\u00f6ste Enzyme, Mineralstoffe und Salze \u2014 was sich so einfach anh\u00f6rt, ist eine hoch komplexe Fl\u00fcssigkeit: menschlicher Speichel. Bis heute ist es nicht gelungen, k\u00fcnstlichen Speichel realistisch nachzubilden. Darum arbeitet Securetec bei der Testentwicklung nur mit echtem Speichel, trotz Mehraufwand.[\/vc_column_text][tm_spacer size=&#8220;lg:50&#8243;][\/vc_column][\/vc_row]","protected":false},"author":95,"featured_media":0,"parent":45,"menu_order":0,"comment_status":"closed","ping_status":"closed","template":"","meta":{"footnotes":""},"class_list":["post-15321","page","type-page","status-publish","hentry"],"yoast_head":"<!-- This site is optimized with the Yoast SEO plugin v25.6 - https:\/\/yoast.com\/wordpress\/plugins\/seo\/ -->\n<title>Getestet mit echtem Speichel - Securetec Detektions-Systeme AG<\/title>\n<meta name=\"robots\" content=\"index, follow, max-snippet:-1, max-image-preview:large, max-video-preview:-1\" \/>\n<link rel=\"canonical\" href=\"https:\/\/www.securetec.net\/de\/drogentest\/getestet-mit-echtem-speichel\/\" \/>\n<meta property=\"og:locale\" content=\"de_DE\" \/>\n<meta property=\"og:type\" content=\"article\" \/>\n<meta property=\"og:title\" content=\"Getestet mit echtem Speichel - Securetec Detektions-Systeme AG\" \/>\n<meta property=\"og:url\" content=\"https:\/\/www.securetec.net\/de\/drogentest\/getestet-mit-echtem-speichel\/\" \/>\n<meta property=\"og:site_name\" content=\"Securetec Detektions-Systeme AG\" \/>\n<meta property=\"article:modified_time\" content=\"2024-04-08T06:54:31+00:00\" \/>\n<meta name=\"twitter:card\" content=\"summary_large_image\" \/>\n<meta name=\"twitter:site\" content=\"@DrugWipeUK\" \/>\n<meta name=\"twitter:label1\" content=\"Est. reading time\" \/>\n\t<meta name=\"twitter:data1\" content=\"1\u00a0Minute\" \/>\n<script type=\"application\/ld+json\" class=\"yoast-schema-graph\">{\"@context\":\"https:\/\/schema.org\",\"@graph\":[{\"@type\":\"WebPage\",\"@id\":\"https:\/\/www.securetec.net\/de\/drogentest\/getestet-mit-echtem-speichel\/\",\"url\":\"https:\/\/www.securetec.net\/de\/drogentest\/getestet-mit-echtem-speichel\/\",\"name\":\"Getestet mit echtem Speichel - Securetec Detektions-Systeme AG\",\"isPartOf\":{\"@id\":\"https:\/\/www.securetec.net\/de\/#website\"},\"datePublished\":\"2024-04-08T05:45:52+00:00\",\"dateModified\":\"2024-04-08T06:54:31+00:00\",\"breadcrumb\":{\"@id\":\"https:\/\/www.securetec.net\/de\/drogentest\/getestet-mit-echtem-speichel\/#breadcrumb\"},\"inLanguage\":\"de\",\"potentialAction\":[{\"@type\":\"ReadAction\",\"target\":[\"https:\/\/www.securetec.net\/de\/drogentest\/getestet-mit-echtem-speichel\/\"]}]},{\"@type\":\"BreadcrumbList\",\"@id\":\"https:\/\/www.securetec.net\/de\/drogentest\/getestet-mit-echtem-speichel\/#breadcrumb\",\"itemListElement\":[{\"@type\":\"ListItem\",\"position\":1,\"name\":\"Startseite\",\"item\":\"https:\/\/www.securetec.net\/de\/\"},{\"@type\":\"ListItem\",\"position\":2,\"name\":\"Drogentest Produkt\u00fcbersicht\",\"item\":\"https:\/\/www.securetec.net\/de\/drogentest\/\"},{\"@type\":\"ListItem\",\"position\":3,\"name\":\"Getestet mit echtem Speichel\"}]},{\"@type\":\"WebSite\",\"@id\":\"https:\/\/www.securetec.net\/de\/#website\",\"url\":\"https:\/\/www.securetec.net\/de\/\",\"name\":\"Securetec Detektions-Systeme AG\",\"description\":\"We detect to protect\",\"publisher\":{\"@id\":\"https:\/\/www.securetec.net\/de\/#organization\"},\"potentialAction\":[{\"@type\":\"SearchAction\",\"target\":{\"@type\":\"EntryPoint\",\"urlTemplate\":\"https:\/\/www.securetec.net\/de\/?s={search_term_string}\"},\"query-input\":{\"@type\":\"PropertyValueSpecification\",\"valueRequired\":true,\"valueName\":\"search_term_string\"}}],\"inLanguage\":\"de\"},{\"@type\":\"Organization\",\"@id\":\"https:\/\/www.securetec.net\/de\/#organization\",\"name\":\"Securetec Detektions-Systeme AG\",\"url\":\"https:\/\/www.securetec.net\/de\/\",\"logo\":{\"@type\":\"ImageObject\",\"inLanguage\":\"de\",\"@id\":\"https:\/\/www.securetec.net\/de\/#\/schema\/logo\/image\/\",\"url\":\"https:\/\/www.securetec.net\/app\/uploads\/2018\/07\/Securetec_Logo_.png\",\"contentUrl\":\"https:\/\/www.securetec.net\/app\/uploads\/2018\/07\/Securetec_Logo_.png\",\"width\":411,\"height\":189,\"caption\":\"Securetec Detektions-Systeme AG\"},\"image\":{\"@id\":\"https:\/\/www.securetec.net\/de\/#\/schema\/logo\/image\/\"},\"sameAs\":[\"https:\/\/x.com\/DrugWipeUK\",\"https:\/\/www.linkedin.com\/company\/securetec\",\"https:\/\/www.youtube.com\/channel\/UCP9jQA-TYhtqanhaooppMqw\"]}]}<\/script>\n<!-- \/ Yoast SEO plugin. -->","yoast_head_json":{"title":"Getestet mit echtem Speichel - Securetec Detektions-Systeme AG","robots":{"index":"index","follow":"follow","max-snippet":"max-snippet:-1","max-image-preview":"max-image-preview:large","max-video-preview":"max-video-preview:-1"},"canonical":"https:\/\/www.securetec.net\/de\/drogentest\/getestet-mit-echtem-speichel\/","og_locale":"de_DE","og_type":"article","og_title":"Getestet mit echtem Speichel - Securetec Detektions-Systeme AG","og_url":"https:\/\/www.securetec.net\/de\/drogentest\/getestet-mit-echtem-speichel\/","og_site_name":"Securetec Detektions-Systeme AG","article_modified_time":"2024-04-08T06:54:31+00:00","twitter_card":"summary_large_image","twitter_site":"@DrugWipeUK","twitter_misc":{"Est. reading time":"1\u00a0Minute"},"schema":{"@context":"https:\/\/schema.org","@graph":[{"@type":"WebPage","@id":"https:\/\/www.securetec.net\/de\/drogentest\/getestet-mit-echtem-speichel\/","url":"https:\/\/www.securetec.net\/de\/drogentest\/getestet-mit-echtem-speichel\/","name":"Getestet mit echtem Speichel - Securetec Detektions-Systeme AG","isPartOf":{"@id":"https:\/\/www.securetec.net\/de\/#website"},"datePublished":"2024-04-08T05:45:52+00:00","dateModified":"2024-04-08T06:54:31+00:00","breadcrumb":{"@id":"https:\/\/www.securetec.net\/de\/drogentest\/getestet-mit-echtem-speichel\/#breadcrumb"},"inLanguage":"de","potentialAction":[{"@type":"ReadAction","target":["https:\/\/www.securetec.net\/de\/drogentest\/getestet-mit-echtem-speichel\/"]}]},{"@type":"BreadcrumbList","@id":"https:\/\/www.securetec.net\/de\/drogentest\/getestet-mit-echtem-speichel\/#breadcrumb","itemListElement":[{"@type":"ListItem","position":1,"name":"Startseite","item":"https:\/\/www.securetec.net\/de\/"},{"@type":"ListItem","position":2,"name":"Drogentest Produkt\u00fcbersicht","item":"https:\/\/www.securetec.net\/de\/drogentest\/"},{"@type":"ListItem","position":3,"name":"Getestet mit echtem Speichel"}]},{"@type":"WebSite","@id":"https:\/\/www.securetec.net\/de\/#website","url":"https:\/\/www.securetec.net\/de\/","name":"Securetec Detektions-Systeme AG","description":"We detect to protect","publisher":{"@id":"https:\/\/www.securetec.net\/de\/#organization"},"potentialAction":[{"@type":"SearchAction","target":{"@type":"EntryPoint","urlTemplate":"https:\/\/www.securetec.net\/de\/?s={search_term_string}"},"query-input":{"@type":"PropertyValueSpecification","valueRequired":true,"valueName":"search_term_string"}}],"inLanguage":"de"},{"@type":"Organization","@id":"https:\/\/www.securetec.net\/de\/#organization","name":"Securetec Detektions-Systeme AG","url":"https:\/\/www.securetec.net\/de\/","logo":{"@type":"ImageObject","inLanguage":"de","@id":"https:\/\/www.securetec.net\/de\/#\/schema\/logo\/image\/","url":"https:\/\/www.securetec.net\/app\/uploads\/2018\/07\/Securetec_Logo_.png","contentUrl":"https:\/\/www.securetec.net\/app\/uploads\/2018\/07\/Securetec_Logo_.png","width":411,"height":189,"caption":"Securetec Detektions-Systeme AG"},"image":{"@id":"https:\/\/www.securetec.net\/de\/#\/schema\/logo\/image\/"},"sameAs":["https:\/\/x.com\/DrugWipeUK","https:\/\/www.linkedin.com\/company\/securetec","https:\/\/www.youtube.com\/channel\/UCP9jQA-TYhtqanhaooppMqw"]}]}},"_links":{"self":[{"href":"https:\/\/www.securetec.net\/de\/wp-json\/wp\/v2\/pages\/15321","targetHints":{"allow":["GET"]}}],"collection":[{"href":"https:\/\/www.securetec.net\/de\/wp-json\/wp\/v2\/pages"}],"about":[{"href":"https:\/\/www.securetec.net\/de\/wp-json\/wp\/v2\/types\/page"}],"author":[{"embeddable":true,"href":"https:\/\/www.securetec.net\/de\/wp-json\/wp\/v2\/users\/95"}],"replies":[{"embeddable":true,"href":"https:\/\/www.securetec.net\/de\/wp-json\/wp\/v2\/comments?post=15321"}],"version-history":[{"count":2,"href":"https:\/\/www.securetec.net\/de\/wp-json\/wp\/v2\/pages\/15321\/revisions"}],"predecessor-version":[{"id":15353,"href":"https:\/\/www.securetec.net\/de\/wp-json\/wp\/v2\/pages\/15321\/revisions\/15353"}],"up":[{"embeddable":true,"href":"https:\/\/www.securetec.net\/de\/wp-json\/wp\/v2\/pages\/45"}],"wp:attachment":[{"href":"https:\/\/www.securetec.net\/de\/wp-json\/wp\/v2\/media?parent=15321"}],"curies":[{"name":"wp","href":"https:\/\/api.w.org\/{rel}","templated":true}]}}