{"id":15127,"date":"2024-01-16T11:28:57","date_gmt":"2024-01-16T10:28:57","guid":{"rendered":"https:\/\/www.securetec.net\/?page_id=15127"},"modified":"2024-01-22T09:30:54","modified_gmt":"2024-01-22T08:30:54","slug":"arktische-verhaeltnisse","status":"publish","type":"page","link":"https:\/\/www.securetec.net\/de\/drogentest\/arktische-verhaeltnisse\/","title":{"rendered":"Arktische Verh\u00e4ltnisse?"},"content":{"rendered":"<div class=\"wpb-content-wrapper\"><p>[vc_row][vc_column][vc_column_text]<\/p>\n<h1 style=\"text-align: center;\">B\u00e4renstark auch bei 2 \u00b0C: DrugWipe\u00ae<\/h1>\n<p>[\/vc_column_text][tm_spacer size=&#8220;lg:50&#8243;][\/vc_column][\/vc_row][vc_row][vc_column width=&#8220;1\/3&#8243;][tm_image align=&#8220;center&#8220; image=&#8220;15128&#8243;][tm_spacer size=&#8220;lg:50&#8243;][\/vc_column][vc_column width=&#8220;2\/3&#8243;][vc_column_text]Wenn andere k\u00e4ltebedingt aufgeben, kann man sich auf ihn immer noch verlassen &#8211; der Drogenschnelltest DrugWipe funktioniert auch bei 2\u00b0 Celsius zuverl\u00e4ssig und ausfallsicher. Auch bei Winterwetter kann getestet werden.[\/vc_column_text][tm_spacer size=&#8220;lg:50&#8243;][vc_column_text]<\/p>\n<h2>Best\u00e4tigte Sicherheit<\/h2>\n<p>Im kalten Einsatz bew\u00e4hrt: unsere Kunden in Nordeuropa, die mit dem DrugWipe schon seit Jahren testen, best\u00e4tigen den problemlosen Einsatz im Winter. Seine Anwendungstemperaturen liegen zwischen 2\u00b0 und 50\u00b0 Celsius, die Lagertemperatur liegt zwischen 2\u00b0 und 30\u00b0 Celsius.[\/vc_column_text][tm_spacer size=&#8220;lg:50&#8243;][\/vc_column][\/vc_row]<\/p>\n<\/div>","protected":false},"excerpt":{"rendered":"[vc_row][vc_column][vc_column_text] B\u00e4renstark auch bei 2 \u00b0C: DrugWipe\u00ae [\/vc_column_text][tm_spacer size=&#8220;lg:50&#8243;][\/vc_column][\/vc_row][vc_row][vc_column width=&#8220;1\/3&#8243;][tm_image align=&#8220;center&#8220; image=&#8220;15128&#8243;][tm_spacer size=&#8220;lg:50&#8243;][\/vc_column][vc_column width=&#8220;2\/3&#8243;][vc_column_text]Wenn andere k\u00e4ltebedingt aufgeben, kann man sich auf ihn immer noch verlassen &#8211; der Drogenschnelltest DrugWipe funktioniert auch bei 2\u00b0 Celsius zuverl\u00e4ssig und ausfallsicher. Auch bei Winterwetter kann getestet werden.[\/vc_column_text][tm_spacer size=&#8220;lg:50&#8243;][vc_column_text] Best\u00e4tigte Sicherheit Im kalten Einsatz bew\u00e4hrt: unsere Kunden in Nordeuropa, die mit dem DrugWipe schon seit Jahren testen, best\u00e4tigen den problemlosen Einsatz im Winter. Seine Anwendungstemperaturen liegen zwischen 2\u00b0 und 50\u00b0 Celsius, die Lagertemperatur liegt zwischen 2\u00b0 und 30\u00b0 Celsius.[\/vc_column_text][tm_spacer size=&#8220;lg:50&#8243;][\/vc_column][\/vc_row]","protected":false},"author":95,"featured_media":0,"parent":45,"menu_order":0,"comment_status":"closed","ping_status":"closed","template":"","meta":{"footnotes":""},"class_list":["post-15127","page","type-page","status-publish","hentry"],"yoast_head":"<!-- This site is optimized with the Yoast SEO plugin v25.6 - https:\/\/yoast.com\/wordpress\/plugins\/seo\/ -->\n<title>Arktische Verh\u00e4ltnisse? - Securetec Detektions-Systeme AG<\/title>\n<meta name=\"robots\" content=\"index, follow, max-snippet:-1, max-image-preview:large, max-video-preview:-1\" \/>\n<link rel=\"canonical\" href=\"https:\/\/www.securetec.net\/de\/drogentest\/arktische-verhaeltnisse\/\" \/>\n<meta property=\"og:locale\" content=\"de_DE\" \/>\n<meta property=\"og:type\" content=\"article\" \/>\n<meta property=\"og:title\" content=\"Arktische Verh\u00e4ltnisse? - Securetec Detektions-Systeme AG\" \/>\n<meta property=\"og:url\" content=\"https:\/\/www.securetec.net\/de\/drogentest\/arktische-verhaeltnisse\/\" \/>\n<meta property=\"og:site_name\" content=\"Securetec Detektions-Systeme AG\" \/>\n<meta property=\"article:modified_time\" content=\"2024-01-22T08:30:54+00:00\" \/>\n<meta name=\"twitter:card\" content=\"summary_large_image\" \/>\n<meta name=\"twitter:site\" content=\"@DrugWipeUK\" \/>\n<meta name=\"twitter:label1\" content=\"Est. reading time\" \/>\n\t<meta name=\"twitter:data1\" content=\"1\u00a0Minute\" \/>\n<script type=\"application\/ld+json\" class=\"yoast-schema-graph\">{\"@context\":\"https:\/\/schema.org\",\"@graph\":[{\"@type\":\"WebPage\",\"@id\":\"https:\/\/www.securetec.net\/de\/drogentest\/arktische-verhaeltnisse\/\",\"url\":\"https:\/\/www.securetec.net\/de\/drogentest\/arktische-verhaeltnisse\/\",\"name\":\"Arktische Verh\u00e4ltnisse? - Securetec Detektions-Systeme AG\",\"isPartOf\":{\"@id\":\"https:\/\/www.securetec.net\/de\/#website\"},\"datePublished\":\"2024-01-16T10:28:57+00:00\",\"dateModified\":\"2024-01-22T08:30:54+00:00\",\"breadcrumb\":{\"@id\":\"https:\/\/www.securetec.net\/de\/drogentest\/arktische-verhaeltnisse\/#breadcrumb\"},\"inLanguage\":\"de\",\"potentialAction\":[{\"@type\":\"ReadAction\",\"target\":[\"https:\/\/www.securetec.net\/de\/drogentest\/arktische-verhaeltnisse\/\"]}]},{\"@type\":\"BreadcrumbList\",\"@id\":\"https:\/\/www.securetec.net\/de\/drogentest\/arktische-verhaeltnisse\/#breadcrumb\",\"itemListElement\":[{\"@type\":\"ListItem\",\"position\":1,\"name\":\"Startseite\",\"item\":\"https:\/\/www.securetec.net\/de\/\"},{\"@type\":\"ListItem\",\"position\":2,\"name\":\"Drogentest Produkt\u00fcbersicht\",\"item\":\"https:\/\/www.securetec.net\/de\/drogentest\/\"},{\"@type\":\"ListItem\",\"position\":3,\"name\":\"Arktische Verh\u00e4ltnisse?\"}]},{\"@type\":\"WebSite\",\"@id\":\"https:\/\/www.securetec.net\/de\/#website\",\"url\":\"https:\/\/www.securetec.net\/de\/\",\"name\":\"Securetec Detektions-Systeme AG\",\"description\":\"We detect to protect\",\"publisher\":{\"@id\":\"https:\/\/www.securetec.net\/de\/#organization\"},\"potentialAction\":[{\"@type\":\"SearchAction\",\"target\":{\"@type\":\"EntryPoint\",\"urlTemplate\":\"https:\/\/www.securetec.net\/de\/?s={search_term_string}\"},\"query-input\":{\"@type\":\"PropertyValueSpecification\",\"valueRequired\":true,\"valueName\":\"search_term_string\"}}],\"inLanguage\":\"de\"},{\"@type\":\"Organization\",\"@id\":\"https:\/\/www.securetec.net\/de\/#organization\",\"name\":\"Securetec Detektions-Systeme AG\",\"url\":\"https:\/\/www.securetec.net\/de\/\",\"logo\":{\"@type\":\"ImageObject\",\"inLanguage\":\"de\",\"@id\":\"https:\/\/www.securetec.net\/de\/#\/schema\/logo\/image\/\",\"url\":\"https:\/\/www.securetec.net\/app\/uploads\/2018\/07\/Securetec_Logo_.png\",\"contentUrl\":\"https:\/\/www.securetec.net\/app\/uploads\/2018\/07\/Securetec_Logo_.png\",\"width\":411,\"height\":189,\"caption\":\"Securetec Detektions-Systeme AG\"},\"image\":{\"@id\":\"https:\/\/www.securetec.net\/de\/#\/schema\/logo\/image\/\"},\"sameAs\":[\"https:\/\/x.com\/DrugWipeUK\",\"https:\/\/www.linkedin.com\/company\/securetec\",\"https:\/\/www.youtube.com\/channel\/UCP9jQA-TYhtqanhaooppMqw\"]}]}<\/script>\n<!-- \/ Yoast SEO plugin. -->","yoast_head_json":{"title":"Arktische Verh\u00e4ltnisse? - Securetec Detektions-Systeme AG","robots":{"index":"index","follow":"follow","max-snippet":"max-snippet:-1","max-image-preview":"max-image-preview:large","max-video-preview":"max-video-preview:-1"},"canonical":"https:\/\/www.securetec.net\/de\/drogentest\/arktische-verhaeltnisse\/","og_locale":"de_DE","og_type":"article","og_title":"Arktische Verh\u00e4ltnisse? - Securetec Detektions-Systeme AG","og_url":"https:\/\/www.securetec.net\/de\/drogentest\/arktische-verhaeltnisse\/","og_site_name":"Securetec Detektions-Systeme AG","article_modified_time":"2024-01-22T08:30:54+00:00","twitter_card":"summary_large_image","twitter_site":"@DrugWipeUK","twitter_misc":{"Est. reading time":"1\u00a0Minute"},"schema":{"@context":"https:\/\/schema.org","@graph":[{"@type":"WebPage","@id":"https:\/\/www.securetec.net\/de\/drogentest\/arktische-verhaeltnisse\/","url":"https:\/\/www.securetec.net\/de\/drogentest\/arktische-verhaeltnisse\/","name":"Arktische Verh\u00e4ltnisse? - Securetec Detektions-Systeme AG","isPartOf":{"@id":"https:\/\/www.securetec.net\/de\/#website"},"datePublished":"2024-01-16T10:28:57+00:00","dateModified":"2024-01-22T08:30:54+00:00","breadcrumb":{"@id":"https:\/\/www.securetec.net\/de\/drogentest\/arktische-verhaeltnisse\/#breadcrumb"},"inLanguage":"de","potentialAction":[{"@type":"ReadAction","target":["https:\/\/www.securetec.net\/de\/drogentest\/arktische-verhaeltnisse\/"]}]},{"@type":"BreadcrumbList","@id":"https:\/\/www.securetec.net\/de\/drogentest\/arktische-verhaeltnisse\/#breadcrumb","itemListElement":[{"@type":"ListItem","position":1,"name":"Startseite","item":"https:\/\/www.securetec.net\/de\/"},{"@type":"ListItem","position":2,"name":"Drogentest Produkt\u00fcbersicht","item":"https:\/\/www.securetec.net\/de\/drogentest\/"},{"@type":"ListItem","position":3,"name":"Arktische Verh\u00e4ltnisse?"}]},{"@type":"WebSite","@id":"https:\/\/www.securetec.net\/de\/#website","url":"https:\/\/www.securetec.net\/de\/","name":"Securetec Detektions-Systeme AG","description":"We detect to protect","publisher":{"@id":"https:\/\/www.securetec.net\/de\/#organization"},"potentialAction":[{"@type":"SearchAction","target":{"@type":"EntryPoint","urlTemplate":"https:\/\/www.securetec.net\/de\/?s={search_term_string}"},"query-input":{"@type":"PropertyValueSpecification","valueRequired":true,"valueName":"search_term_string"}}],"inLanguage":"de"},{"@type":"Organization","@id":"https:\/\/www.securetec.net\/de\/#organization","name":"Securetec Detektions-Systeme AG","url":"https:\/\/www.securetec.net\/de\/","logo":{"@type":"ImageObject","inLanguage":"de","@id":"https:\/\/www.securetec.net\/de\/#\/schema\/logo\/image\/","url":"https:\/\/www.securetec.net\/app\/uploads\/2018\/07\/Securetec_Logo_.png","contentUrl":"https:\/\/www.securetec.net\/app\/uploads\/2018\/07\/Securetec_Logo_.png","width":411,"height":189,"caption":"Securetec Detektions-Systeme AG"},"image":{"@id":"https:\/\/www.securetec.net\/de\/#\/schema\/logo\/image\/"},"sameAs":["https:\/\/x.com\/DrugWipeUK","https:\/\/www.linkedin.com\/company\/securetec","https:\/\/www.youtube.com\/channel\/UCP9jQA-TYhtqanhaooppMqw"]}]}},"_links":{"self":[{"href":"https:\/\/www.securetec.net\/de\/wp-json\/wp\/v2\/pages\/15127","targetHints":{"allow":["GET"]}}],"collection":[{"href":"https:\/\/www.securetec.net\/de\/wp-json\/wp\/v2\/pages"}],"about":[{"href":"https:\/\/www.securetec.net\/de\/wp-json\/wp\/v2\/types\/page"}],"author":[{"embeddable":true,"href":"https:\/\/www.securetec.net\/de\/wp-json\/wp\/v2\/users\/95"}],"replies":[{"embeddable":true,"href":"https:\/\/www.securetec.net\/de\/wp-json\/wp\/v2\/comments?post=15127"}],"version-history":[{"count":1,"href":"https:\/\/www.securetec.net\/de\/wp-json\/wp\/v2\/pages\/15127\/revisions"}],"predecessor-version":[{"id":15132,"href":"https:\/\/www.securetec.net\/de\/wp-json\/wp\/v2\/pages\/15127\/revisions\/15132"}],"up":[{"embeddable":true,"href":"https:\/\/www.securetec.net\/de\/wp-json\/wp\/v2\/pages\/45"}],"wp:attachment":[{"href":"https:\/\/www.securetec.net\/de\/wp-json\/wp\/v2\/media?parent=15127"}],"curies":[{"name":"wp","href":"https:\/\/api.w.org\/{rel}","templated":true}]}}