{"id":14964,"date":"2023-11-09T09:43:37","date_gmt":"2023-11-09T08:43:37","guid":{"rendered":"https:\/\/www.securetec.net\/?page_id=14964"},"modified":"2023-11-09T09:43:37","modified_gmt":"2023-11-09T08:43:37","slug":"compliance","status":"publish","type":"page","link":"https:\/\/www.securetec.net\/de\/unternehmen\/compliance\/","title":{"rendered":"Compliance"},"content":{"rendered":"<div class=\"wpb-content-wrapper\"><p>[vc_row][vc_column][vc_column_text]Das Thema Compliance hat bei Securetec Detektions-Systeme AG einen hohen Stellenwert. Wir bekennen uns ausdr\u00fccklich zu einem fairen Wettbewerb sowie zur Einhaltung aller geltenden nationalen und internationalen Gesetze. Wir tolerieren insbesondere keine Form von Korruption, Bestechung und Preisabsprachen. Au\u00dferdem legen wir Wert darauf, dass Securetec keine Gesch\u00e4fte macht, die in irgendeiner Weise durch illegale Praktiken beeinflusst werden oder zustande kommen. Dar\u00fcber hinaus sind wir sehr stolz darauf, dass Menschen aus vielen verschiedenen L\u00e4ndern und Kulturen bei uns und mit uns zusammenarbeiten. Wir sehen dies als eine gro\u00dfe Bereicherung f\u00fcr uns alle. Wir lehnen jede Form der Diskriminierung ab und gehen konsequent dagegen vor. Unternehmensleitung und F\u00fchrungskr\u00e4fte sind ihren Mitarbeitern Vorbild bei der Beachtung dieser Leitlinien.[\/vc_column_text][tm_spacer size=&#8220;lg:30&#8243;][vc_column_text]<\/p>\n<h2>Hinweisgebersystem<\/h2>\n<p>Zur Meldung von wesentlichen Verst\u00f6\u00dfen gegen unsere Verhaltenskodexe und andere Zuwiderhandlungen steht unseren Mitarbeitenden, Kunden, Lieferanten und anderen Parteien ein anonymes externes Internetsystem zur Verf\u00fcgung. Dieses System ist auf Deutsch und Englisch verf\u00fcgbar. Es erlaubt einen vertraulichen und durch spezielle Verschl\u00fcsselung gesicherten Dialog mit der Securetec Compliance-Abteilung. Bitte beachten Sie dazu vor dem Aufruf auch unseren Datenschutzhinweis (Link zum PDF).[\/vc_column_text][tm_spacer size=&#8220;lg:30&#8243;][tm_button button=&#8220;url:https%3A%2F%2Fapp.whistle-report.com%2Freport%2Fddee3f80-498e-498a-88e7-e4e5d8a17886|title:Hinweisgebersystem%20aufrufen|target:_blank|rel:nofollow&#8220; icon_align=&#8220;left&#8220; align=&#8220;center&#8220; icon_type=&#8220;fontawesome&#8220; icon_fontawesome=&#8220;fas fa-external-link-alt&#8220;][tm_spacer size=&#8220;lg:30&#8243;][vc_column_text]<\/p>\n<p style=\"text-align: center;\">Wir werden jeden Vorgang sorgf\u00e4ltig pr\u00fcfen und gegebenenfalls die erforderlichen Ma\u00dfnahmen einleiten.<\/p>\n<p>[\/vc_column_text][tm_spacer size=&#8220;lg:30&#8243;][vc_row_inner][vc_column_inner width=&#8220;1\/6&#8243;][\/vc_column_inner][vc_column_inner width=&#8220;4\/6&#8243;][tm_image align=&#8220;center&#8220; image=&#8220;14972&#8243;][\/vc_column_inner][vc_column_inner width=&#8220;1\/6&#8243;][\/vc_column_inner][\/vc_row_inner][\/vc_column][\/vc_row]<\/p>\n<\/div>","protected":false},"excerpt":{"rendered":"[vc_row][vc_column][vc_column_text]Das Thema Compliance hat bei Securetec Detektions-Systeme AG einen hohen Stellenwert. Wir bekennen uns ausdr\u00fccklich zu einem fairen Wettbewerb sowie zur Einhaltung aller geltenden nationalen und internationalen Gesetze. Wir tolerieren insbesondere keine Form von Korruption, Bestechung und Preisabsprachen. Au\u00dferdem legen wir Wert darauf, dass Securetec keine Gesch\u00e4fte macht, die in irgendeiner Weise durch illegale Praktiken beeinflusst werden oder zustande kommen. Dar\u00fcber hinaus sind wir sehr stolz darauf, dass Menschen aus vielen verschiedenen L\u00e4ndern und Kulturen bei uns und mit uns zusammenarbeiten. Wir sehen dies als eine gro\u00dfe Bereicherung f\u00fcr uns alle. Wir lehnen jede Form der Diskriminierung ab und gehen konsequent dagegen vor. Unternehmensleitung und F\u00fchrungskr\u00e4fte sind ihren Mitarbeitern Vorbild bei der Beachtung dieser Leitlinien.[\/vc_column_text][tm_spacer size=&#8220;lg:30&#8243;][vc_column_text] Hinweisgebersystem Zur Meldung von wesentlichen Verst\u00f6\u00dfen gegen unsere Verhaltenskodexe und andere Zuwiderhandlungen steht unseren Mitarbeitenden, Kunden, Lieferanten und anderen Parteien ein anonymes externes Internetsystem zur Verf\u00fcgung. Dieses System ist auf Deutsch und Englisch verf\u00fcgbar. Es erlaubt einen vertraulichen und durch spezielle Verschl\u00fcsselung gesicherten Dialog mit der Securetec Compliance-Abteilung. Bitte beachten Sie dazu vor dem Aufruf auch unseren Datenschutzhinweis (Link zum PDF).[\/vc_column_text][tm_spacer size=&#8220;lg:30&#8243;][tm_button button=&#8220;url:https%3A%2F%2Fapp.whistle-report.com%2Freport%2Fddee3f80-498e-498a-88e7-e4e5d8a17886|title:Hinweisgebersystem%20aufrufen|target:_blank|rel:nofollow&#8220; icon_align=&#8220;left&#8220; align=&#8220;center&#8220; icon_type=&#8220;fontawesome&#8220; icon_fontawesome=&#8220;fas fa-external-link-alt&#8220;][tm_spacer size=&#8220;lg:30&#8243;][vc_column_text] Wir werden jeden Vorgang sorgf\u00e4ltig pr\u00fcfen und gegebenenfalls die erforderlichen Ma\u00dfnahmen einleiten. [\/vc_column_text][tm_spacer size=&#8220;lg:30&#8243;][vc_row_inner][vc_column_inner width=&#8220;1\/6&#8243;][\/vc_column_inner][vc_column_inner width=&#8220;4\/6&#8243;][tm_image align=&#8220;center&#8220; image=&#8220;14972&#8243;][\/vc_column_inner][vc_column_inner width=&#8220;1\/6&#8243;][\/vc_column_inner][\/vc_row_inner][\/vc_column][\/vc_row]","protected":false},"author":95,"featured_media":0,"parent":25,"menu_order":0,"comment_status":"closed","ping_status":"closed","template":"","meta":{"footnotes":""},"class_list":["post-14964","page","type-page","status-publish","hentry"],"yoast_head":"<!-- This site is optimized with the Yoast SEO plugin v25.6 - https:\/\/yoast.com\/wordpress\/plugins\/seo\/ -->\n<title>Compliance - Securetec Detektions-Systeme AG<\/title>\n<meta name=\"robots\" content=\"index, follow, max-snippet:-1, max-image-preview:large, max-video-preview:-1\" \/>\n<link rel=\"canonical\" href=\"https:\/\/www.securetec.net\/de\/unternehmen\/compliance\/\" \/>\n<meta property=\"og:locale\" content=\"de_DE\" \/>\n<meta property=\"og:type\" content=\"article\" \/>\n<meta property=\"og:title\" content=\"Compliance - Securetec Detektions-Systeme AG\" \/>\n<meta property=\"og:url\" content=\"https:\/\/www.securetec.net\/de\/unternehmen\/compliance\/\" \/>\n<meta property=\"og:site_name\" content=\"Securetec Detektions-Systeme AG\" \/>\n<meta name=\"twitter:card\" content=\"summary_large_image\" \/>\n<meta name=\"twitter:site\" content=\"@DrugWipeUK\" \/>\n<meta name=\"twitter:label1\" content=\"Est. reading time\" \/>\n\t<meta name=\"twitter:data1\" content=\"2\u00a0Minuten\" \/>\n<script type=\"application\/ld+json\" class=\"yoast-schema-graph\">{\"@context\":\"https:\/\/schema.org\",\"@graph\":[{\"@type\":\"WebPage\",\"@id\":\"https:\/\/www.securetec.net\/de\/unternehmen\/compliance\/\",\"url\":\"https:\/\/www.securetec.net\/de\/unternehmen\/compliance\/\",\"name\":\"Compliance - Securetec Detektions-Systeme AG\",\"isPartOf\":{\"@id\":\"https:\/\/www.securetec.net\/de\/#website\"},\"datePublished\":\"2023-11-09T08:43:37+00:00\",\"breadcrumb\":{\"@id\":\"https:\/\/www.securetec.net\/de\/unternehmen\/compliance\/#breadcrumb\"},\"inLanguage\":\"de\",\"potentialAction\":[{\"@type\":\"ReadAction\",\"target\":[\"https:\/\/www.securetec.net\/de\/unternehmen\/compliance\/\"]}]},{\"@type\":\"BreadcrumbList\",\"@id\":\"https:\/\/www.securetec.net\/de\/unternehmen\/compliance\/#breadcrumb\",\"itemListElement\":[{\"@type\":\"ListItem\",\"position\":1,\"name\":\"Startseite\",\"item\":\"https:\/\/www.securetec.net\/de\/\"},{\"@type\":\"ListItem\",\"position\":2,\"name\":\"Unternehmen\",\"item\":\"https:\/\/www.securetec.net\/de\/unternehmen\/\"},{\"@type\":\"ListItem\",\"position\":3,\"name\":\"Compliance\"}]},{\"@type\":\"WebSite\",\"@id\":\"https:\/\/www.securetec.net\/de\/#website\",\"url\":\"https:\/\/www.securetec.net\/de\/\",\"name\":\"Securetec Detektions-Systeme AG\",\"description\":\"We detect to protect\",\"publisher\":{\"@id\":\"https:\/\/www.securetec.net\/de\/#organization\"},\"potentialAction\":[{\"@type\":\"SearchAction\",\"target\":{\"@type\":\"EntryPoint\",\"urlTemplate\":\"https:\/\/www.securetec.net\/de\/?s={search_term_string}\"},\"query-input\":{\"@type\":\"PropertyValueSpecification\",\"valueRequired\":true,\"valueName\":\"search_term_string\"}}],\"inLanguage\":\"de\"},{\"@type\":\"Organization\",\"@id\":\"https:\/\/www.securetec.net\/de\/#organization\",\"name\":\"Securetec Detektions-Systeme AG\",\"url\":\"https:\/\/www.securetec.net\/de\/\",\"logo\":{\"@type\":\"ImageObject\",\"inLanguage\":\"de\",\"@id\":\"https:\/\/www.securetec.net\/de\/#\/schema\/logo\/image\/\",\"url\":\"https:\/\/www.securetec.net\/app\/uploads\/2018\/07\/Securetec_Logo_.png\",\"contentUrl\":\"https:\/\/www.securetec.net\/app\/uploads\/2018\/07\/Securetec_Logo_.png\",\"width\":411,\"height\":189,\"caption\":\"Securetec Detektions-Systeme AG\"},\"image\":{\"@id\":\"https:\/\/www.securetec.net\/de\/#\/schema\/logo\/image\/\"},\"sameAs\":[\"https:\/\/x.com\/DrugWipeUK\",\"https:\/\/www.linkedin.com\/company\/securetec\",\"https:\/\/www.youtube.com\/channel\/UCP9jQA-TYhtqanhaooppMqw\"]}]}<\/script>\n<!-- \/ Yoast SEO plugin. -->","yoast_head_json":{"title":"Compliance - Securetec Detektions-Systeme AG","robots":{"index":"index","follow":"follow","max-snippet":"max-snippet:-1","max-image-preview":"max-image-preview:large","max-video-preview":"max-video-preview:-1"},"canonical":"https:\/\/www.securetec.net\/de\/unternehmen\/compliance\/","og_locale":"de_DE","og_type":"article","og_title":"Compliance - Securetec Detektions-Systeme AG","og_url":"https:\/\/www.securetec.net\/de\/unternehmen\/compliance\/","og_site_name":"Securetec Detektions-Systeme AG","twitter_card":"summary_large_image","twitter_site":"@DrugWipeUK","twitter_misc":{"Est. reading time":"2\u00a0Minuten"},"schema":{"@context":"https:\/\/schema.org","@graph":[{"@type":"WebPage","@id":"https:\/\/www.securetec.net\/de\/unternehmen\/compliance\/","url":"https:\/\/www.securetec.net\/de\/unternehmen\/compliance\/","name":"Compliance - Securetec Detektions-Systeme AG","isPartOf":{"@id":"https:\/\/www.securetec.net\/de\/#website"},"datePublished":"2023-11-09T08:43:37+00:00","breadcrumb":{"@id":"https:\/\/www.securetec.net\/de\/unternehmen\/compliance\/#breadcrumb"},"inLanguage":"de","potentialAction":[{"@type":"ReadAction","target":["https:\/\/www.securetec.net\/de\/unternehmen\/compliance\/"]}]},{"@type":"BreadcrumbList","@id":"https:\/\/www.securetec.net\/de\/unternehmen\/compliance\/#breadcrumb","itemListElement":[{"@type":"ListItem","position":1,"name":"Startseite","item":"https:\/\/www.securetec.net\/de\/"},{"@type":"ListItem","position":2,"name":"Unternehmen","item":"https:\/\/www.securetec.net\/de\/unternehmen\/"},{"@type":"ListItem","position":3,"name":"Compliance"}]},{"@type":"WebSite","@id":"https:\/\/www.securetec.net\/de\/#website","url":"https:\/\/www.securetec.net\/de\/","name":"Securetec Detektions-Systeme AG","description":"We detect to protect","publisher":{"@id":"https:\/\/www.securetec.net\/de\/#organization"},"potentialAction":[{"@type":"SearchAction","target":{"@type":"EntryPoint","urlTemplate":"https:\/\/www.securetec.net\/de\/?s={search_term_string}"},"query-input":{"@type":"PropertyValueSpecification","valueRequired":true,"valueName":"search_term_string"}}],"inLanguage":"de"},{"@type":"Organization","@id":"https:\/\/www.securetec.net\/de\/#organization","name":"Securetec Detektions-Systeme AG","url":"https:\/\/www.securetec.net\/de\/","logo":{"@type":"ImageObject","inLanguage":"de","@id":"https:\/\/www.securetec.net\/de\/#\/schema\/logo\/image\/","url":"https:\/\/www.securetec.net\/app\/uploads\/2018\/07\/Securetec_Logo_.png","contentUrl":"https:\/\/www.securetec.net\/app\/uploads\/2018\/07\/Securetec_Logo_.png","width":411,"height":189,"caption":"Securetec Detektions-Systeme AG"},"image":{"@id":"https:\/\/www.securetec.net\/de\/#\/schema\/logo\/image\/"},"sameAs":["https:\/\/x.com\/DrugWipeUK","https:\/\/www.linkedin.com\/company\/securetec","https:\/\/www.youtube.com\/channel\/UCP9jQA-TYhtqanhaooppMqw"]}]}},"_links":{"self":[{"href":"https:\/\/www.securetec.net\/de\/wp-json\/wp\/v2\/pages\/14964","targetHints":{"allow":["GET"]}}],"collection":[{"href":"https:\/\/www.securetec.net\/de\/wp-json\/wp\/v2\/pages"}],"about":[{"href":"https:\/\/www.securetec.net\/de\/wp-json\/wp\/v2\/types\/page"}],"author":[{"embeddable":true,"href":"https:\/\/www.securetec.net\/de\/wp-json\/wp\/v2\/users\/95"}],"replies":[{"embeddable":true,"href":"https:\/\/www.securetec.net\/de\/wp-json\/wp\/v2\/comments?post=14964"}],"version-history":[{"count":12,"href":"https:\/\/www.securetec.net\/de\/wp-json\/wp\/v2\/pages\/14964\/revisions"}],"predecessor-version":[{"id":15005,"href":"https:\/\/www.securetec.net\/de\/wp-json\/wp\/v2\/pages\/14964\/revisions\/15005"}],"up":[{"embeddable":true,"href":"https:\/\/www.securetec.net\/de\/wp-json\/wp\/v2\/pages\/25"}],"wp:attachment":[{"href":"https:\/\/www.securetec.net\/de\/wp-json\/wp\/v2\/media?parent=14964"}],"curies":[{"name":"wp","href":"https:\/\/api.w.org\/{rel}","templated":true}]}}