{"id":14880,"date":"2023-10-04T11:13:39","date_gmt":"2023-10-04T09:13:39","guid":{"rendered":"https:\/\/www.securetec.net\/?page_id=14880"},"modified":"2025-04-30T12:28:33","modified_gmt":"2025-04-30T10:28:33","slug":"wuestentemperaturen","status":"publish","type":"page","link":"https:\/\/www.securetec.net\/de\/drogentest\/wuestentemperaturen\/","title":{"rendered":"W\u00fcstentemperaturen?"},"content":{"rendered":"<div class=\"wpb-content-wrapper\"><p>[vc_row][vc_column][vc_column_text css=&#8220;&#8220;]<\/p>\n<h1 style=\"text-align: center;\">DrugWipe<sup>\u00ae<\/sup> &#8211; auch bei hohen Temperaturen anwendbar<\/h1>\n<p>[\/vc_column_text][tm_spacer size=&#8220;lg:50&#8243;][\/vc_column][\/vc_row][vc_row][vc_column width=&#8220;1\/3&#8243;][tm_image align=&#8220;center&#8220; image=&#8220;14882&#8243;][tm_spacer size=&#8220;lg:50&#8243;][\/vc_column][vc_column width=&#8220;2\/3&#8243;][vc_column_text]Kein Problem f\u00fcr den DrugWipe \u2013 sogar bei Umgebungstemperaturen bis 50\u00b0 Celsius funktioniert der Drogenschnelltest zuverl\u00e4ssig. Auch im Hochsommer k\u00f6nnen also Drogentests ohne Einschr\u00e4nkung durchgef\u00fchrt werden.[\/vc_column_text][tm_spacer size=&#8220;lg:50&#8243;][vc_column_text]<\/p>\n<h2>Hohe Zuverl\u00e4ssigkeit<\/h2>\n<p>In dem Temperaturbereich zwischen 2\u00b0 und 50\u00b0 Celsius kann der DrugWipe problemlos eingesetzt werden. Entsprechend unserer hohen Qualit\u00e4tsanspr\u00fcche sind die Speicheltests auch widrigen Umgebungsbedingungen gewachsen, so auch extremen Anwendungstemperaturen. Die Temperatur f\u00fcr die Lagerung liegt zwischen 2\u00b0 und 30\u00b0 Celsius.[\/vc_column_text][tm_spacer size=&#8220;lg:50&#8243;][\/vc_column][\/vc_row]<\/p>\n<\/div>","protected":false},"excerpt":{"rendered":"[vc_row][vc_column][vc_column_text css=&#8220;&#8220;] DrugWipe\u00ae &#8211; auch bei hohen Temperaturen anwendbar [\/vc_column_text][tm_spacer size=&#8220;lg:50&#8243;][\/vc_column][\/vc_row][vc_row][vc_column width=&#8220;1\/3&#8243;][tm_image align=&#8220;center&#8220; image=&#8220;14882&#8243;][tm_spacer size=&#8220;lg:50&#8243;][\/vc_column][vc_column width=&#8220;2\/3&#8243;][vc_column_text]Kein Problem f\u00fcr den DrugWipe \u2013 sogar bei Umgebungstemperaturen bis 50\u00b0 Celsius funktioniert der Drogenschnelltest zuverl\u00e4ssig. Auch im Hochsommer k\u00f6nnen also Drogentests ohne Einschr\u00e4nkung durchgef\u00fchrt werden.[\/vc_column_text][tm_spacer size=&#8220;lg:50&#8243;][vc_column_text] Hohe Zuverl\u00e4ssigkeit In dem Temperaturbereich zwischen 2\u00b0 und 50\u00b0 Celsius kann der DrugWipe problemlos eingesetzt werden. Entsprechend unserer hohen Qualit\u00e4tsanspr\u00fcche sind die Speicheltests auch widrigen Umgebungsbedingungen gewachsen, so auch extremen Anwendungstemperaturen. Die Temperatur f\u00fcr die Lagerung liegt zwischen 2\u00b0 und 30\u00b0 Celsius.[\/vc_column_text][tm_spacer size=&#8220;lg:50&#8243;][\/vc_column][\/vc_row]","protected":false},"author":95,"featured_media":0,"parent":45,"menu_order":0,"comment_status":"closed","ping_status":"closed","template":"","meta":{"footnotes":""},"class_list":["post-14880","page","type-page","status-publish","hentry"],"yoast_head":"<!-- This site is optimized with the Yoast SEO plugin v25.6 - https:\/\/yoast.com\/wordpress\/plugins\/seo\/ -->\n<title>W\u00fcstentemperaturen? - Securetec Detektions-Systeme AG<\/title>\n<meta name=\"robots\" content=\"index, follow, max-snippet:-1, max-image-preview:large, max-video-preview:-1\" \/>\n<link rel=\"canonical\" href=\"https:\/\/www.securetec.net\/de\/drogentest\/wuestentemperaturen\/\" \/>\n<meta property=\"og:locale\" content=\"de_DE\" \/>\n<meta property=\"og:type\" content=\"article\" \/>\n<meta property=\"og:title\" content=\"W\u00fcstentemperaturen? - Securetec Detektions-Systeme AG\" \/>\n<meta property=\"og:url\" content=\"https:\/\/www.securetec.net\/de\/drogentest\/wuestentemperaturen\/\" \/>\n<meta property=\"og:site_name\" content=\"Securetec Detektions-Systeme AG\" \/>\n<meta property=\"article:modified_time\" content=\"2025-04-30T10:28:33+00:00\" \/>\n<meta name=\"twitter:card\" content=\"summary_large_image\" \/>\n<meta name=\"twitter:site\" content=\"@DrugWipeUK\" \/>\n<meta name=\"twitter:label1\" content=\"Est. reading time\" \/>\n\t<meta name=\"twitter:data1\" content=\"1\u00a0Minute\" \/>\n<script type=\"application\/ld+json\" class=\"yoast-schema-graph\">{\"@context\":\"https:\/\/schema.org\",\"@graph\":[{\"@type\":\"WebPage\",\"@id\":\"https:\/\/www.securetec.net\/de\/drogentest\/wuestentemperaturen\/\",\"url\":\"https:\/\/www.securetec.net\/de\/drogentest\/wuestentemperaturen\/\",\"name\":\"W\u00fcstentemperaturen? - Securetec Detektions-Systeme AG\",\"isPartOf\":{\"@id\":\"https:\/\/www.securetec.net\/de\/#website\"},\"datePublished\":\"2023-10-04T09:13:39+00:00\",\"dateModified\":\"2025-04-30T10:28:33+00:00\",\"breadcrumb\":{\"@id\":\"https:\/\/www.securetec.net\/de\/drogentest\/wuestentemperaturen\/#breadcrumb\"},\"inLanguage\":\"de\",\"potentialAction\":[{\"@type\":\"ReadAction\",\"target\":[\"https:\/\/www.securetec.net\/de\/drogentest\/wuestentemperaturen\/\"]}]},{\"@type\":\"BreadcrumbList\",\"@id\":\"https:\/\/www.securetec.net\/de\/drogentest\/wuestentemperaturen\/#breadcrumb\",\"itemListElement\":[{\"@type\":\"ListItem\",\"position\":1,\"name\":\"Startseite\",\"item\":\"https:\/\/www.securetec.net\/de\/\"},{\"@type\":\"ListItem\",\"position\":2,\"name\":\"Drogentest Produkt\u00fcbersicht\",\"item\":\"https:\/\/www.securetec.net\/de\/drogentest\/\"},{\"@type\":\"ListItem\",\"position\":3,\"name\":\"W\u00fcstentemperaturen?\"}]},{\"@type\":\"WebSite\",\"@id\":\"https:\/\/www.securetec.net\/de\/#website\",\"url\":\"https:\/\/www.securetec.net\/de\/\",\"name\":\"Securetec Detektions-Systeme AG\",\"description\":\"We detect to protect\",\"publisher\":{\"@id\":\"https:\/\/www.securetec.net\/de\/#organization\"},\"potentialAction\":[{\"@type\":\"SearchAction\",\"target\":{\"@type\":\"EntryPoint\",\"urlTemplate\":\"https:\/\/www.securetec.net\/de\/?s={search_term_string}\"},\"query-input\":{\"@type\":\"PropertyValueSpecification\",\"valueRequired\":true,\"valueName\":\"search_term_string\"}}],\"inLanguage\":\"de\"},{\"@type\":\"Organization\",\"@id\":\"https:\/\/www.securetec.net\/de\/#organization\",\"name\":\"Securetec Detektions-Systeme AG\",\"url\":\"https:\/\/www.securetec.net\/de\/\",\"logo\":{\"@type\":\"ImageObject\",\"inLanguage\":\"de\",\"@id\":\"https:\/\/www.securetec.net\/de\/#\/schema\/logo\/image\/\",\"url\":\"https:\/\/www.securetec.net\/app\/uploads\/2018\/07\/Securetec_Logo_.png\",\"contentUrl\":\"https:\/\/www.securetec.net\/app\/uploads\/2018\/07\/Securetec_Logo_.png\",\"width\":411,\"height\":189,\"caption\":\"Securetec Detektions-Systeme AG\"},\"image\":{\"@id\":\"https:\/\/www.securetec.net\/de\/#\/schema\/logo\/image\/\"},\"sameAs\":[\"https:\/\/x.com\/DrugWipeUK\",\"https:\/\/www.linkedin.com\/company\/securetec\",\"https:\/\/www.youtube.com\/channel\/UCP9jQA-TYhtqanhaooppMqw\"]}]}<\/script>\n<!-- \/ Yoast SEO plugin. -->","yoast_head_json":{"title":"W\u00fcstentemperaturen? - Securetec Detektions-Systeme AG","robots":{"index":"index","follow":"follow","max-snippet":"max-snippet:-1","max-image-preview":"max-image-preview:large","max-video-preview":"max-video-preview:-1"},"canonical":"https:\/\/www.securetec.net\/de\/drogentest\/wuestentemperaturen\/","og_locale":"de_DE","og_type":"article","og_title":"W\u00fcstentemperaturen? - Securetec Detektions-Systeme AG","og_url":"https:\/\/www.securetec.net\/de\/drogentest\/wuestentemperaturen\/","og_site_name":"Securetec Detektions-Systeme AG","article_modified_time":"2025-04-30T10:28:33+00:00","twitter_card":"summary_large_image","twitter_site":"@DrugWipeUK","twitter_misc":{"Est. reading time":"1\u00a0Minute"},"schema":{"@context":"https:\/\/schema.org","@graph":[{"@type":"WebPage","@id":"https:\/\/www.securetec.net\/de\/drogentest\/wuestentemperaturen\/","url":"https:\/\/www.securetec.net\/de\/drogentest\/wuestentemperaturen\/","name":"W\u00fcstentemperaturen? - Securetec Detektions-Systeme AG","isPartOf":{"@id":"https:\/\/www.securetec.net\/de\/#website"},"datePublished":"2023-10-04T09:13:39+00:00","dateModified":"2025-04-30T10:28:33+00:00","breadcrumb":{"@id":"https:\/\/www.securetec.net\/de\/drogentest\/wuestentemperaturen\/#breadcrumb"},"inLanguage":"de","potentialAction":[{"@type":"ReadAction","target":["https:\/\/www.securetec.net\/de\/drogentest\/wuestentemperaturen\/"]}]},{"@type":"BreadcrumbList","@id":"https:\/\/www.securetec.net\/de\/drogentest\/wuestentemperaturen\/#breadcrumb","itemListElement":[{"@type":"ListItem","position":1,"name":"Startseite","item":"https:\/\/www.securetec.net\/de\/"},{"@type":"ListItem","position":2,"name":"Drogentest Produkt\u00fcbersicht","item":"https:\/\/www.securetec.net\/de\/drogentest\/"},{"@type":"ListItem","position":3,"name":"W\u00fcstentemperaturen?"}]},{"@type":"WebSite","@id":"https:\/\/www.securetec.net\/de\/#website","url":"https:\/\/www.securetec.net\/de\/","name":"Securetec Detektions-Systeme AG","description":"We detect to protect","publisher":{"@id":"https:\/\/www.securetec.net\/de\/#organization"},"potentialAction":[{"@type":"SearchAction","target":{"@type":"EntryPoint","urlTemplate":"https:\/\/www.securetec.net\/de\/?s={search_term_string}"},"query-input":{"@type":"PropertyValueSpecification","valueRequired":true,"valueName":"search_term_string"}}],"inLanguage":"de"},{"@type":"Organization","@id":"https:\/\/www.securetec.net\/de\/#organization","name":"Securetec Detektions-Systeme AG","url":"https:\/\/www.securetec.net\/de\/","logo":{"@type":"ImageObject","inLanguage":"de","@id":"https:\/\/www.securetec.net\/de\/#\/schema\/logo\/image\/","url":"https:\/\/www.securetec.net\/app\/uploads\/2018\/07\/Securetec_Logo_.png","contentUrl":"https:\/\/www.securetec.net\/app\/uploads\/2018\/07\/Securetec_Logo_.png","width":411,"height":189,"caption":"Securetec Detektions-Systeme AG"},"image":{"@id":"https:\/\/www.securetec.net\/de\/#\/schema\/logo\/image\/"},"sameAs":["https:\/\/x.com\/DrugWipeUK","https:\/\/www.linkedin.com\/company\/securetec","https:\/\/www.youtube.com\/channel\/UCP9jQA-TYhtqanhaooppMqw"]}]}},"_links":{"self":[{"href":"https:\/\/www.securetec.net\/de\/wp-json\/wp\/v2\/pages\/14880","targetHints":{"allow":["GET"]}}],"collection":[{"href":"https:\/\/www.securetec.net\/de\/wp-json\/wp\/v2\/pages"}],"about":[{"href":"https:\/\/www.securetec.net\/de\/wp-json\/wp\/v2\/types\/page"}],"author":[{"embeddable":true,"href":"https:\/\/www.securetec.net\/de\/wp-json\/wp\/v2\/users\/95"}],"replies":[{"embeddable":true,"href":"https:\/\/www.securetec.net\/de\/wp-json\/wp\/v2\/comments?post=14880"}],"version-history":[{"count":8,"href":"https:\/\/www.securetec.net\/de\/wp-json\/wp\/v2\/pages\/14880\/revisions"}],"predecessor-version":[{"id":16027,"href":"https:\/\/www.securetec.net\/de\/wp-json\/wp\/v2\/pages\/14880\/revisions\/16027"}],"up":[{"embeddable":true,"href":"https:\/\/www.securetec.net\/de\/wp-json\/wp\/v2\/pages\/45"}],"wp:attachment":[{"href":"https:\/\/www.securetec.net\/de\/wp-json\/wp\/v2\/media?parent=14880"}],"curies":[{"name":"wp","href":"https:\/\/api.w.org\/{rel}","templated":true}]}}