{"id":14500,"date":"2023-06-23T15:38:14","date_gmt":"2023-06-23T13:38:14","guid":{"rendered":"https:\/\/www.securetec.net\/?page_id=14500"},"modified":"2024-01-22T09:35:27","modified_gmt":"2024-01-22T08:35:27","slug":"mobilitaet","status":"publish","type":"page","link":"https:\/\/www.securetec.net\/de\/drogentest\/mobilitaet\/","title":{"rendered":"Mobilit\u00e4t &#038; Unabh\u00e4ngigkeit"},"content":{"rendered":"<div class=\"wpb-content-wrapper\"><p>[vc_row][vc_column][vc_column_text]<\/p>\n<h1 style=\"text-align: center;\">DrugWipe\u00ae &#8211; Uneingeschr\u00e4nkt mobil und zuverl\u00e4ssig<\/h1>\n<p>[\/vc_column_text][tm_spacer size=&#8220;lg:50&#8243;][\/vc_column][\/vc_row][vc_row][vc_column width=&#8220;1\/3&#8243;][tm_image align=&#8220;center&#8220; image=&#8220;14670&#8243;][tm_spacer size=&#8220;lg:50&#8243;][\/vc_column][vc_column width=&#8220;1\/3&#8243;][vc_column_text]Mobilit\u00e4t und Zuverl\u00e4ssigkeit geh\u00f6ren zu den wichtigsten Merkmalen des Drogenschnelltests DrugWipe. Unabh\u00e4ngig von jeglicher Stromversorgung detektiert der Test den Konsum der gebr\u00e4uchlichsten Drogen jederzeit und \u00fcberall.[\/vc_column_text][tm_spacer size=&#8220;lg:50&#8243;][\/vc_column][vc_column width=&#8220;1\/3&#8243;][tm_image align=&#8220;center&#8220; image=&#8220;14674&#8243;][tm_spacer size=&#8220;lg:50&#8243;][\/vc_column][\/vc_row][vc_row][vc_column][vc_column_text]<\/p>\n<h2>Einfache Handhabung<\/h2>\n<p>F\u00fcr die sichere Auswertung des Tests wird kein elektronisches Ger\u00e4t ben\u00f6tigt. Auf der Testkassette selbst gibt es eine deutliche Anzeige, ob Drogen konsumiert wurden. Ganz ohne Batterie oder Stromversorgung ist der DrugWipe damit einer der wenigen Drogenschnelltests, der ohne weitere Hilfsmittel zuverl\u00e4ssig angewendet werden kann.[\/vc_column_text][\/vc_column][\/vc_row]<\/p>\n<\/div>","protected":false},"excerpt":{"rendered":"[vc_row][vc_column][vc_column_text] DrugWipe\u00ae &#8211; Uneingeschr\u00e4nkt mobil und zuverl\u00e4ssig [\/vc_column_text][tm_spacer size=&#8220;lg:50&#8243;][\/vc_column][\/vc_row][vc_row][vc_column width=&#8220;1\/3&#8243;][tm_image align=&#8220;center&#8220; image=&#8220;14670&#8243;][tm_spacer size=&#8220;lg:50&#8243;][\/vc_column][vc_column width=&#8220;1\/3&#8243;][vc_column_text]Mobilit\u00e4t und Zuverl\u00e4ssigkeit geh\u00f6ren zu den wichtigsten Merkmalen des Drogenschnelltests DrugWipe. Unabh\u00e4ngig von jeglicher Stromversorgung detektiert der Test den Konsum der gebr\u00e4uchlichsten Drogen jederzeit und \u00fcberall.[\/vc_column_text][tm_spacer size=&#8220;lg:50&#8243;][\/vc_column][vc_column width=&#8220;1\/3&#8243;][tm_image align=&#8220;center&#8220; image=&#8220;14674&#8243;][tm_spacer size=&#8220;lg:50&#8243;][\/vc_column][\/vc_row][vc_row][vc_column][vc_column_text] Einfache Handhabung F\u00fcr die sichere Auswertung des Tests wird kein elektronisches Ger\u00e4t ben\u00f6tigt. Auf der Testkassette selbst gibt es eine deutliche Anzeige, ob Drogen konsumiert wurden. Ganz ohne Batterie oder Stromversorgung ist der DrugWipe damit einer der wenigen Drogenschnelltests, der ohne weitere Hilfsmittel zuverl\u00e4ssig angewendet werden kann.[\/vc_column_text][\/vc_column][\/vc_row]","protected":false},"author":95,"featured_media":0,"parent":45,"menu_order":0,"comment_status":"closed","ping_status":"closed","template":"","meta":{"footnotes":""},"class_list":["post-14500","page","type-page","status-publish","hentry"],"yoast_head":"<!-- This site is optimized with the Yoast SEO plugin v25.6 - https:\/\/yoast.com\/wordpress\/plugins\/seo\/ -->\n<title>Mobilit\u00e4t &amp; Unabh\u00e4ngigkeit - Securetec Detektions-Systeme AG<\/title>\n<meta name=\"robots\" content=\"index, follow, max-snippet:-1, max-image-preview:large, max-video-preview:-1\" \/>\n<link rel=\"canonical\" href=\"https:\/\/www.securetec.net\/de\/drogentest\/mobilitaet\/\" \/>\n<meta property=\"og:locale\" content=\"de_DE\" \/>\n<meta property=\"og:type\" content=\"article\" \/>\n<meta property=\"og:title\" content=\"Mobilit\u00e4t &amp; Unabh\u00e4ngigkeit - Securetec Detektions-Systeme AG\" \/>\n<meta property=\"og:url\" content=\"https:\/\/www.securetec.net\/de\/drogentest\/mobilitaet\/\" \/>\n<meta property=\"og:site_name\" content=\"Securetec Detektions-Systeme AG\" \/>\n<meta property=\"article:modified_time\" content=\"2024-01-22T08:35:27+00:00\" \/>\n<meta name=\"twitter:card\" content=\"summary_large_image\" \/>\n<meta name=\"twitter:site\" content=\"@DrugWipeUK\" \/>\n<meta name=\"twitter:label1\" content=\"Est. reading time\" \/>\n\t<meta name=\"twitter:data1\" content=\"1\u00a0Minute\" \/>\n<script type=\"application\/ld+json\" class=\"yoast-schema-graph\">{\"@context\":\"https:\/\/schema.org\",\"@graph\":[{\"@type\":\"WebPage\",\"@id\":\"https:\/\/www.securetec.net\/de\/drogentest\/mobilitaet\/\",\"url\":\"https:\/\/www.securetec.net\/de\/drogentest\/mobilitaet\/\",\"name\":\"Mobilit\u00e4t & Unabh\u00e4ngigkeit - Securetec Detektions-Systeme AG\",\"isPartOf\":{\"@id\":\"https:\/\/www.securetec.net\/de\/#website\"},\"datePublished\":\"2023-06-23T13:38:14+00:00\",\"dateModified\":\"2024-01-22T08:35:27+00:00\",\"breadcrumb\":{\"@id\":\"https:\/\/www.securetec.net\/de\/drogentest\/mobilitaet\/#breadcrumb\"},\"inLanguage\":\"de\",\"potentialAction\":[{\"@type\":\"ReadAction\",\"target\":[\"https:\/\/www.securetec.net\/de\/drogentest\/mobilitaet\/\"]}]},{\"@type\":\"BreadcrumbList\",\"@id\":\"https:\/\/www.securetec.net\/de\/drogentest\/mobilitaet\/#breadcrumb\",\"itemListElement\":[{\"@type\":\"ListItem\",\"position\":1,\"name\":\"Startseite\",\"item\":\"https:\/\/www.securetec.net\/de\/\"},{\"@type\":\"ListItem\",\"position\":2,\"name\":\"Drogentest Produkt\u00fcbersicht\",\"item\":\"https:\/\/www.securetec.net\/de\/drogentest\/\"},{\"@type\":\"ListItem\",\"position\":3,\"name\":\"Mobilit\u00e4t &#038; Unabh\u00e4ngigkeit\"}]},{\"@type\":\"WebSite\",\"@id\":\"https:\/\/www.securetec.net\/de\/#website\",\"url\":\"https:\/\/www.securetec.net\/de\/\",\"name\":\"Securetec Detektions-Systeme AG\",\"description\":\"We detect to protect\",\"publisher\":{\"@id\":\"https:\/\/www.securetec.net\/de\/#organization\"},\"potentialAction\":[{\"@type\":\"SearchAction\",\"target\":{\"@type\":\"EntryPoint\",\"urlTemplate\":\"https:\/\/www.securetec.net\/de\/?s={search_term_string}\"},\"query-input\":{\"@type\":\"PropertyValueSpecification\",\"valueRequired\":true,\"valueName\":\"search_term_string\"}}],\"inLanguage\":\"de\"},{\"@type\":\"Organization\",\"@id\":\"https:\/\/www.securetec.net\/de\/#organization\",\"name\":\"Securetec Detektions-Systeme AG\",\"url\":\"https:\/\/www.securetec.net\/de\/\",\"logo\":{\"@type\":\"ImageObject\",\"inLanguage\":\"de\",\"@id\":\"https:\/\/www.securetec.net\/de\/#\/schema\/logo\/image\/\",\"url\":\"https:\/\/www.securetec.net\/app\/uploads\/2018\/07\/Securetec_Logo_.png\",\"contentUrl\":\"https:\/\/www.securetec.net\/app\/uploads\/2018\/07\/Securetec_Logo_.png\",\"width\":411,\"height\":189,\"caption\":\"Securetec Detektions-Systeme AG\"},\"image\":{\"@id\":\"https:\/\/www.securetec.net\/de\/#\/schema\/logo\/image\/\"},\"sameAs\":[\"https:\/\/x.com\/DrugWipeUK\",\"https:\/\/www.linkedin.com\/company\/securetec\",\"https:\/\/www.youtube.com\/channel\/UCP9jQA-TYhtqanhaooppMqw\"]}]}<\/script>\n<!-- \/ Yoast SEO plugin. -->","yoast_head_json":{"title":"Mobilit\u00e4t & Unabh\u00e4ngigkeit - Securetec Detektions-Systeme AG","robots":{"index":"index","follow":"follow","max-snippet":"max-snippet:-1","max-image-preview":"max-image-preview:large","max-video-preview":"max-video-preview:-1"},"canonical":"https:\/\/www.securetec.net\/de\/drogentest\/mobilitaet\/","og_locale":"de_DE","og_type":"article","og_title":"Mobilit\u00e4t & Unabh\u00e4ngigkeit - Securetec Detektions-Systeme AG","og_url":"https:\/\/www.securetec.net\/de\/drogentest\/mobilitaet\/","og_site_name":"Securetec Detektions-Systeme AG","article_modified_time":"2024-01-22T08:35:27+00:00","twitter_card":"summary_large_image","twitter_site":"@DrugWipeUK","twitter_misc":{"Est. reading time":"1\u00a0Minute"},"schema":{"@context":"https:\/\/schema.org","@graph":[{"@type":"WebPage","@id":"https:\/\/www.securetec.net\/de\/drogentest\/mobilitaet\/","url":"https:\/\/www.securetec.net\/de\/drogentest\/mobilitaet\/","name":"Mobilit\u00e4t & Unabh\u00e4ngigkeit - Securetec Detektions-Systeme AG","isPartOf":{"@id":"https:\/\/www.securetec.net\/de\/#website"},"datePublished":"2023-06-23T13:38:14+00:00","dateModified":"2024-01-22T08:35:27+00:00","breadcrumb":{"@id":"https:\/\/www.securetec.net\/de\/drogentest\/mobilitaet\/#breadcrumb"},"inLanguage":"de","potentialAction":[{"@type":"ReadAction","target":["https:\/\/www.securetec.net\/de\/drogentest\/mobilitaet\/"]}]},{"@type":"BreadcrumbList","@id":"https:\/\/www.securetec.net\/de\/drogentest\/mobilitaet\/#breadcrumb","itemListElement":[{"@type":"ListItem","position":1,"name":"Startseite","item":"https:\/\/www.securetec.net\/de\/"},{"@type":"ListItem","position":2,"name":"Drogentest Produkt\u00fcbersicht","item":"https:\/\/www.securetec.net\/de\/drogentest\/"},{"@type":"ListItem","position":3,"name":"Mobilit\u00e4t &#038; Unabh\u00e4ngigkeit"}]},{"@type":"WebSite","@id":"https:\/\/www.securetec.net\/de\/#website","url":"https:\/\/www.securetec.net\/de\/","name":"Securetec Detektions-Systeme AG","description":"We detect to protect","publisher":{"@id":"https:\/\/www.securetec.net\/de\/#organization"},"potentialAction":[{"@type":"SearchAction","target":{"@type":"EntryPoint","urlTemplate":"https:\/\/www.securetec.net\/de\/?s={search_term_string}"},"query-input":{"@type":"PropertyValueSpecification","valueRequired":true,"valueName":"search_term_string"}}],"inLanguage":"de"},{"@type":"Organization","@id":"https:\/\/www.securetec.net\/de\/#organization","name":"Securetec Detektions-Systeme AG","url":"https:\/\/www.securetec.net\/de\/","logo":{"@type":"ImageObject","inLanguage":"de","@id":"https:\/\/www.securetec.net\/de\/#\/schema\/logo\/image\/","url":"https:\/\/www.securetec.net\/app\/uploads\/2018\/07\/Securetec_Logo_.png","contentUrl":"https:\/\/www.securetec.net\/app\/uploads\/2018\/07\/Securetec_Logo_.png","width":411,"height":189,"caption":"Securetec Detektions-Systeme AG"},"image":{"@id":"https:\/\/www.securetec.net\/de\/#\/schema\/logo\/image\/"},"sameAs":["https:\/\/x.com\/DrugWipeUK","https:\/\/www.linkedin.com\/company\/securetec","https:\/\/www.youtube.com\/channel\/UCP9jQA-TYhtqanhaooppMqw"]}]}},"_links":{"self":[{"href":"https:\/\/www.securetec.net\/de\/wp-json\/wp\/v2\/pages\/14500","targetHints":{"allow":["GET"]}}],"collection":[{"href":"https:\/\/www.securetec.net\/de\/wp-json\/wp\/v2\/pages"}],"about":[{"href":"https:\/\/www.securetec.net\/de\/wp-json\/wp\/v2\/types\/page"}],"author":[{"embeddable":true,"href":"https:\/\/www.securetec.net\/de\/wp-json\/wp\/v2\/users\/95"}],"replies":[{"embeddable":true,"href":"https:\/\/www.securetec.net\/de\/wp-json\/wp\/v2\/comments?post=14500"}],"version-history":[{"count":25,"href":"https:\/\/www.securetec.net\/de\/wp-json\/wp\/v2\/pages\/14500\/revisions"}],"predecessor-version":[{"id":14519,"href":"https:\/\/www.securetec.net\/de\/wp-json\/wp\/v2\/pages\/14500\/revisions\/14519"}],"up":[{"embeddable":true,"href":"https:\/\/www.securetec.net\/de\/wp-json\/wp\/v2\/pages\/45"}],"wp:attachment":[{"href":"https:\/\/www.securetec.net\/de\/wp-json\/wp\/v2\/media?parent=14500"}],"curies":[{"name":"wp","href":"https:\/\/api.w.org\/{rel}","templated":true}]}}