{"id":13128,"date":"2021-12-23T13:35:52","date_gmt":"2021-12-23T12:35:52","guid":{"rendered":"https:\/\/www.securetec.net\/?page_id=13128"},"modified":"2021-12-23T14:13:28","modified_gmt":"2021-12-23T13:13:28","slug":"labormitarbeiter-m-w-d-in-vollzeit-40h-bzw-teilzeit-mind-30h-welche","status":"publish","type":"page","link":"https:\/\/www.securetec.net\/de\/labormitarbeiter-m-w-d-in-vollzeit-40h-bzw-teilzeit-mind-30h-welche\/","title":{"rendered":"Labormitarbeiter (m\/w\/d) in Vollzeit (40h) bzw. Teilzeit (mind. 30h)"},"content":{"rendered":"<div class=\"wpb-content-wrapper\"><p>[vc_row][vc_column][vc_column_text]<\/p>\n<h3>Wer sind wir?<\/h3>\n<h2><\/h2>\n<p>[\/vc_column_text][vc_column_text]Die Securetec Detektions-Systeme AG in Neubiberg bei M\u00fcnchen stellt Schnelltests zum Nachweis von Drogen, Gefahrstoffen und anderen Zielsubstanzen her. Auf dem Gebiet der Drogen-Schnelltests sind wir Weltmarktf\u00fchrer und verkaufen national und international millionenfach unsere Tests an die Polizei, den Zoll und Firmen.<\/p>\n<p>Seit 25 Jahren arbeitet unser mittelst\u00e4ndisches Familienunternehmen erfolgreich im regen, abteilungs\u00fcbergreifenden Austausch und respektvollem Umgang an ma\u00dfgeschneiderten Produkten von hoher Qualit\u00e4t. Von der Entwicklung, \u00fcber die Produktion bis hin zum Vertrieb haben wir alle Abteilungen f\u00fcr die Herstellung bis zum Verkauf unserer Produkte im Haus. Wir sind nach ISO 9001:2015 und EN ISO 13485:2016 zertifiziert.<\/p>\n<p>In der Forschungs- und Entwicklungsabteilung arbeiten wir an der Entwicklung von neuen Produkten und Nachweistechnologien sowie der stetigen Verbesserung und kundenspezifischen Anpassung unserer Produkte. Dazu arbeiten wir innovativ und motiviert in hoch qualifizierten Teams mit vielseitigem wissenschaftlichen Ausbildungshintergrund in angenehmer Arbeitsatmosph\u00e4re zusammen.<\/p>\n<p>F\u00fcr unser Team ben\u00f6tigen wir eine Elternzeitvertretung f\u00fcr zun\u00e4chst 12 Monate und suchen deshalb zum n\u00e4chstm\u00f6glichen Zeitpunkt einen<\/p>\n<h2>Labormitarbeiter (m\/w\/d)<br \/>\nin Vollzeit (40h) bzw. Teilzeit (mind. 30h)<\/h2>\n<p>[\/vc_column_text][tm_spacer size=&#8220;lg:30&#8243;][\/vc_column][\/vc_row][vc_row][vc_column][vc_column_text]<\/p>\n<h3>Welche Aufgaben erwarten Sie?<\/h3>\n<h2><\/h2>\n<p>[\/vc_column_text][vc_column_text]\u2022 Projektmitarbeit bei der Neu- und Weiterentwicklung von immunchromatographischen Tests auf dem Gebiet der Sicherheitstechnik (Drogen, Gefahrstoffe etc.)<br \/>\n\u2022 Projektmitarbeit bei der Neuentwicklung von medizinischen Diagnostika<br \/>\n\u2022 Eigenverantwortliche Durchf\u00fchrung von Laborexperimenten<br \/>\n\u2022 Projektarbeit und Dokumentation entsprechend der ISO-Normen 9001 und 13485<br \/>\n\u2022 Enge Zusammenarbeit mit dem Projektleiter bei der Erreichung von Projektzielen<br \/>\n\u2022 Recherchearbeiten in deutscher und englischer Sprache<br \/>\n\u2022 Enge Zusammenarbeit mit dem Qualit\u00e4tsmanagement und der Produktion<br \/>\n\u2022 Allgemeine Labort\u00e4tigkeiten<\/p>\n<h3>Was bringen Sie mit?<\/h3>\n<p>\u2022 Sie sind Technischer Assistent (m\/w\/d) oder Laborant (m\/w\/d) bzw. verf\u00fcgen \u00fcber eine naturwissenschaftliche Ausbildung (Studium)<br \/>\n\u2022 W\u00fcnschenswert sind grunds\u00e4tzliche Kenntnisse zu In Vitro-Diagnostika, insbesondere lateral flow Tests, und den ISO-Normen 9001 und 13485<br \/>\n\u2022 Sie haben Freude am selbst\u00e4ndigen, pr\u00e4zisen und zuverl\u00e4ssigen Arbeiten<br \/>\n\u2022 Sie arbeiten gerne im Team und bringen ein gro\u00dfes Engagement f\u00fcr die T\u00e4tigkeit im Labor mit<br \/>\n\u2022 Sie haben Freude an wechselnden Aufgabenstellungen und besitzen die Flexibilit\u00e4t zur Mitarbeit in verschiedenen Projekten<br \/>\n\u2022 Abgerundet wird Ihr Profil durch gute Kenntnisse im MS-Office-Paket und in Grundkenntnissen der englischen Sprache<\/p>\n<h3>Was k\u00f6nnen Sie von uns erwarten?<\/h3>\n<p>\u2022 Ausbildung zum Experten f\u00fcr Lateral Flow Tests<br \/>\n\u2022 Abwechslungsreiches Arbeiten in einem innovativen Umfeld<br \/>\n\u2022 Ein starker Teamzusammenhalt und eine offene Kommunikation sind f\u00fcr uns eine wichtige Grundlage f\u00fcr erfolgreiches Arbeiten<br \/>\n\u2022 Mitarbeit an der Entwicklung von Produkten, die erfolgreich am Markt verkauft werden und somit zum Firmenerfolg beitragen<br \/>\n\u2022 Arbeit in einem T\u00e4tigkeitsbereich zum Schutz der Bev\u00f6lkerung (Drogenpr\u00e4vention, Beitrag zum weltweiten Kampf gegen Drogen, Unterst\u00fctzung von Polizei und Zoll)<br \/>\n\u2022 Eine intensive Einarbeitung ist f\u00fcr uns selbstverst\u00e4ndlich<br \/>\n\u2022 Unsere Strukturen bieten Raum f\u00fcr eigenst\u00e4ndiges und eigenverantwortliches Arbeiten<br \/>\n\u2022 Individuelle F\u00f6rderung unserer Mitarbeiter sowie eine langfristige Perspektive sind f\u00fcr uns selbstverst\u00e4ndlich<br \/>\n\u2022 Nach der erfolgreichen Probezeit haben Sie Anspruch auf eine betriebliche Altersversorgung<br \/>\n\u2022 Kostenfreies Obst und Kaffee, SB-K\u00fchlschrank mit Hauptmahlzeiten, Snacks und Getr\u00e4nken<\/p>\n<p>Wir freuen uns auf Ihre vollst\u00e4ndigen und aussagekr\u00e4ftigen Bewerbungsunterlagen (Anschreiben, Lebenslauf, Zeugnisse) mit Angabe zu Ihren Gehaltsvorstellungen an bewerbung@securetec.net[\/vc_column_text][\/vc_column][\/vc_row][vc_row][vc_column][vc_column_text]<div class='w3eden'><!-- WPDM Link Template: Default Template -->\n\n<div class=\"link-template-default card mb-2\">\n    <div class=\"card-body\">\n        <div class=\"media\">\n            <div class=\"mr-3 img-48\"><img decoding=\"async\" class=\"wpdm_icon\" alt=\"Icon\" src=\"https:\/\/www.securetec.net\/app\/plugins\/download-manager\/assets\/file-type-icons\/pdf.svg\" \/><\/div>\n            <div class=\"media-body\">\n                <h3 class=\"package-title\"><a href='https:\/\/www.securetec.net\/de\/download\/labormitarbeiter-m-w-d-in-vollzeit-40h-bzw-teilzeit-mind-30h-2\/'>Labormitarbeiter (m\/w\/d) in Vollzeit (40h) bzw. Teilzeit (mind. 30h)<\/a><\/h3>\n                <div class=\"text-muted text-small\"><i class=\"fas fa-copy\"><\/i> 1 Datei(en) <i class=\"fas fa-hdd ml-3\"><\/i> 0.00 KB<\/div>\n            <\/div>\n            <div class=\"ml-3\">\n                <a class='wpdm-download-link download-on-click btn btn-primary ' target=_blank rel='nofollow' href='#' data-downloadurl=\"https:\/\/www.securetec.net\/de\/download\/labormitarbeiter-m-w-d-in-vollzeit-40h-bzw-teilzeit-mind-30h-2\/?wpdmdl=13156&refresh=69d34583075df1775453571\">Download<\/a>\n            <\/div>\n        <\/div>\n    <\/div>\n<\/div>\n\n<\/div>[\/vc_column_text][\/vc_column][\/vc_row]<\/p>\n<\/div>","protected":false},"excerpt":{"rendered":"[vc_row][vc_column][vc_column_text] Wer sind wir? [\/vc_column_text][vc_column_text]Die Securetec Detektions-Systeme AG in Neubiberg bei M\u00fcnchen stellt Schnelltests zum Nachweis von Drogen, Gefahrstoffen und anderen Zielsubstanzen her. Auf dem Gebiet der Drogen-Schnelltests sind wir Weltmarktf\u00fchrer und verkaufen national und international millionenfach unsere Tests an die Polizei, den Zoll und Firmen. Seit 25 Jahren arbeitet unser mittelst\u00e4ndisches Familienunternehmen erfolgreich im regen, abteilungs\u00fcbergreifenden Austausch und respektvollem Umgang an ma\u00dfgeschneiderten Produkten von hoher Qualit\u00e4t. Von der Entwicklung, \u00fcber die Produktion bis hin zum Vertrieb haben wir alle Abteilungen f\u00fcr die Herstellung bis zum Verkauf unserer Produkte im Haus. Wir sind nach ISO 9001:2015 und EN ISO 13485:2016 zertifiziert. In der Forschungs- und Entwicklungsabteilung arbeiten wir an der Entwicklung von neuen Produkten und Nachweistechnologien sowie der stetigen Verbesserung und kundenspezifischen Anpassung unserer Produkte. Dazu arbeiten wir innovativ und motiviert in hoch qualifizierten Teams mit vielseitigem wissenschaftlichen Ausbildungshintergrund in angenehmer Arbeitsatmosph\u00e4re zusammen. F\u00fcr unser Team ben\u00f6tigen wir eine Elternzeitvertretung f\u00fcr zun\u00e4chst 12 Monate und suchen deshalb zum n\u00e4chstm\u00f6glichen Zeitpunkt einen Labormitarbeiter (m\/w\/d) in Vollzeit (40h) bzw. Teilzeit (mind. 30h) [\/vc_column_text][tm_spacer size=&#8220;lg:30&#8243;][\/vc_column][\/vc_row][vc_row][vc_column][vc_column_text] Welche Aufgaben erwarten Sie? [\/vc_column_text][vc_column_text]\u2022 Projektmitarbeit bei der Neu- und Weiterentwicklung von immunchromatographischen Tests auf dem Gebiet der Sicherheitstechnik (Drogen, Gefahrstoffe etc.) \u2022 Projektmitarbeit bei der Neuentwicklung von medizinischen Diagnostika \u2022 Eigenverantwortliche Durchf\u00fchrung von Laborexperimenten \u2022 Projektarbeit und Dokumentation entsprechend der ISO-Normen 9001 und 13485 \u2022 Enge Zusammenarbeit mit dem Projektleiter bei der Erreichung von Projektzielen \u2022 Recherchearbeiten in deutscher und englischer Sprache \u2022 Enge Zusammenarbeit mit dem Qualit\u00e4tsmanagement und der Produktion \u2022 Allgemeine Labort\u00e4tigkeiten Was bringen Sie mit? \u2022 Sie sind Technischer Assistent (m\/w\/d) oder Laborant (m\/w\/d) bzw. verf\u00fcgen \u00fcber eine naturwissenschaftliche Ausbildung (Studium) \u2022 W\u00fcnschenswert sind grunds\u00e4tzliche Kenntnisse zu In Vitro-Diagnostika, insbesondere lateral flow Tests, und den ISO-Normen 9001 und 13485 \u2022 Sie haben Freude am selbst\u00e4ndigen, pr\u00e4zisen und zuverl\u00e4ssigen Arbeiten \u2022 Sie arbeiten gerne im Team und bringen ein gro\u00dfes Engagement f\u00fcr die T\u00e4tigkeit im Labor mit \u2022 Sie haben Freude an wechselnden Aufgabenstellungen und besitzen die Flexibilit\u00e4t zur Mitarbeit in verschiedenen Projekten \u2022 Abgerundet wird Ihr Profil durch gute Kenntnisse im MS-Office-Paket und in Grundkenntnissen der englischen Sprache Was k\u00f6nnen Sie von uns erwarten? \u2022 Ausbildung zum Experten f\u00fcr Lateral Flow Tests \u2022 Abwechslungsreiches Arbeiten in einem innovativen Umfeld \u2022 Ein starker Teamzusammenhalt und eine offene Kommunikation sind f\u00fcr uns eine wichtige Grundlage f\u00fcr erfolgreiches Arbeiten \u2022 Mitarbeit an der Entwicklung von Produkten, die erfolgreich am Markt verkauft werden und somit zum Firmenerfolg beitragen \u2022 Arbeit in einem T\u00e4tigkeitsbereich zum Schutz der Bev\u00f6lkerung (Drogenpr\u00e4vention, Beitrag zum weltweiten Kampf gegen Drogen, Unterst\u00fctzung von Polizei und Zoll) \u2022 Eine intensive Einarbeitung ist f\u00fcr uns selbstverst\u00e4ndlich \u2022 Unsere Strukturen bieten Raum f\u00fcr eigenst\u00e4ndiges und eigenverantwortliches Arbeiten \u2022 Individuelle F\u00f6rderung unserer Mitarbeiter sowie eine langfristige Perspektive sind f\u00fcr uns selbstverst\u00e4ndlich \u2022 Nach der erfolgreichen Probezeit haben Sie Anspruch auf eine betriebliche Altersversorgung \u2022 Kostenfreies Obst und Kaffee, SB-K\u00fchlschrank mit Hauptmahlzeiten, Snacks und Getr\u00e4nken Wir freuen uns auf Ihre vollst\u00e4ndigen und aussagekr\u00e4ftigen Bewerbungsunterlagen (Anschreiben, Lebenslauf, Zeugnisse) mit Angabe zu Ihren Gehaltsvorstellungen an bewerbung@securetec.net[\/vc_column_text][\/vc_column][\/vc_row][vc_row][vc_column][vc_column_text][\/vc_column_text][\/vc_column][\/vc_row]","protected":false},"author":6,"featured_media":0,"parent":0,"menu_order":0,"comment_status":"closed","ping_status":"closed","template":"","meta":{"footnotes":""},"class_list":["post-13128","page","type-page","status-publish","hentry"],"yoast_head":"<!-- This site is optimized with the Yoast SEO plugin v25.6 - https:\/\/yoast.com\/wordpress\/plugins\/seo\/ -->\n<title>Labormitarbeiter (m\/w\/d) in Vollzeit (40h) bzw. Teilzeit (mind. 30h) - Securetec Detektions-Systeme AG<\/title>\n<meta name=\"robots\" content=\"index, follow, max-snippet:-1, max-image-preview:large, max-video-preview:-1\" \/>\n<link rel=\"canonical\" href=\"https:\/\/www.securetec.net\/de\/labormitarbeiter-m-w-d-in-vollzeit-40h-bzw-teilzeit-mind-30h-welche\/\" \/>\n<meta property=\"og:locale\" content=\"de_DE\" \/>\n<meta property=\"og:type\" content=\"article\" \/>\n<meta property=\"og:title\" content=\"Labormitarbeiter (m\/w\/d) in Vollzeit (40h) bzw. Teilzeit (mind. 30h) - Securetec Detektions-Systeme AG\" \/>\n<meta property=\"og:url\" content=\"https:\/\/www.securetec.net\/de\/labormitarbeiter-m-w-d-in-vollzeit-40h-bzw-teilzeit-mind-30h-welche\/\" \/>\n<meta property=\"og:site_name\" content=\"Securetec Detektions-Systeme AG\" \/>\n<meta property=\"article:modified_time\" content=\"2021-12-23T13:13:28+00:00\" \/>\n<meta name=\"twitter:card\" content=\"summary_large_image\" \/>\n<meta name=\"twitter:site\" content=\"@DrugWipeUK\" \/>\n<meta name=\"twitter:label1\" content=\"Est. reading time\" \/>\n\t<meta name=\"twitter:data1\" content=\"3\u00a0Minuten\" \/>\n<script type=\"application\/ld+json\" class=\"yoast-schema-graph\">{\"@context\":\"https:\/\/schema.org\",\"@graph\":[{\"@type\":\"WebPage\",\"@id\":\"https:\/\/www.securetec.net\/de\/labormitarbeiter-m-w-d-in-vollzeit-40h-bzw-teilzeit-mind-30h-welche\/\",\"url\":\"https:\/\/www.securetec.net\/de\/labormitarbeiter-m-w-d-in-vollzeit-40h-bzw-teilzeit-mind-30h-welche\/\",\"name\":\"Labormitarbeiter (m\/w\/d) in Vollzeit (40h) bzw. Teilzeit (mind. 30h) - Securetec Detektions-Systeme AG\",\"isPartOf\":{\"@id\":\"https:\/\/www.securetec.net\/de\/#website\"},\"datePublished\":\"2021-12-23T12:35:52+00:00\",\"dateModified\":\"2021-12-23T13:13:28+00:00\",\"breadcrumb\":{\"@id\":\"https:\/\/www.securetec.net\/de\/labormitarbeiter-m-w-d-in-vollzeit-40h-bzw-teilzeit-mind-30h-welche\/#breadcrumb\"},\"inLanguage\":\"de\",\"potentialAction\":[{\"@type\":\"ReadAction\",\"target\":[\"https:\/\/www.securetec.net\/de\/labormitarbeiter-m-w-d-in-vollzeit-40h-bzw-teilzeit-mind-30h-welche\/\"]}]},{\"@type\":\"BreadcrumbList\",\"@id\":\"https:\/\/www.securetec.net\/de\/labormitarbeiter-m-w-d-in-vollzeit-40h-bzw-teilzeit-mind-30h-welche\/#breadcrumb\",\"itemListElement\":[{\"@type\":\"ListItem\",\"position\":1,\"name\":\"Startseite\",\"item\":\"https:\/\/www.securetec.net\/de\/\"},{\"@type\":\"ListItem\",\"position\":2,\"name\":\"Labormitarbeiter (m\/w\/d) in Vollzeit (40h) bzw. Teilzeit (mind. 30h)\"}]},{\"@type\":\"WebSite\",\"@id\":\"https:\/\/www.securetec.net\/de\/#website\",\"url\":\"https:\/\/www.securetec.net\/de\/\",\"name\":\"Securetec Detektions-Systeme AG\",\"description\":\"We detect to protect\",\"publisher\":{\"@id\":\"https:\/\/www.securetec.net\/de\/#organization\"},\"potentialAction\":[{\"@type\":\"SearchAction\",\"target\":{\"@type\":\"EntryPoint\",\"urlTemplate\":\"https:\/\/www.securetec.net\/de\/?s={search_term_string}\"},\"query-input\":{\"@type\":\"PropertyValueSpecification\",\"valueRequired\":true,\"valueName\":\"search_term_string\"}}],\"inLanguage\":\"de\"},{\"@type\":\"Organization\",\"@id\":\"https:\/\/www.securetec.net\/de\/#organization\",\"name\":\"Securetec Detektions-Systeme AG\",\"url\":\"https:\/\/www.securetec.net\/de\/\",\"logo\":{\"@type\":\"ImageObject\",\"inLanguage\":\"de\",\"@id\":\"https:\/\/www.securetec.net\/de\/#\/schema\/logo\/image\/\",\"url\":\"https:\/\/www.securetec.net\/app\/uploads\/2018\/07\/Securetec_Logo_.png\",\"contentUrl\":\"https:\/\/www.securetec.net\/app\/uploads\/2018\/07\/Securetec_Logo_.png\",\"width\":411,\"height\":189,\"caption\":\"Securetec Detektions-Systeme AG\"},\"image\":{\"@id\":\"https:\/\/www.securetec.net\/de\/#\/schema\/logo\/image\/\"},\"sameAs\":[\"https:\/\/x.com\/DrugWipeUK\",\"https:\/\/www.linkedin.com\/company\/securetec\",\"https:\/\/www.youtube.com\/channel\/UCP9jQA-TYhtqanhaooppMqw\"]}]}<\/script>\n<!-- \/ Yoast SEO plugin. -->","yoast_head_json":{"title":"Labormitarbeiter (m\/w\/d) in Vollzeit (40h) bzw. Teilzeit (mind. 30h) - Securetec Detektions-Systeme AG","robots":{"index":"index","follow":"follow","max-snippet":"max-snippet:-1","max-image-preview":"max-image-preview:large","max-video-preview":"max-video-preview:-1"},"canonical":"https:\/\/www.securetec.net\/de\/labormitarbeiter-m-w-d-in-vollzeit-40h-bzw-teilzeit-mind-30h-welche\/","og_locale":"de_DE","og_type":"article","og_title":"Labormitarbeiter (m\/w\/d) in Vollzeit (40h) bzw. Teilzeit (mind. 30h) - Securetec Detektions-Systeme AG","og_url":"https:\/\/www.securetec.net\/de\/labormitarbeiter-m-w-d-in-vollzeit-40h-bzw-teilzeit-mind-30h-welche\/","og_site_name":"Securetec Detektions-Systeme AG","article_modified_time":"2021-12-23T13:13:28+00:00","twitter_card":"summary_large_image","twitter_site":"@DrugWipeUK","twitter_misc":{"Est. reading time":"3\u00a0Minuten"},"schema":{"@context":"https:\/\/schema.org","@graph":[{"@type":"WebPage","@id":"https:\/\/www.securetec.net\/de\/labormitarbeiter-m-w-d-in-vollzeit-40h-bzw-teilzeit-mind-30h-welche\/","url":"https:\/\/www.securetec.net\/de\/labormitarbeiter-m-w-d-in-vollzeit-40h-bzw-teilzeit-mind-30h-welche\/","name":"Labormitarbeiter (m\/w\/d) in Vollzeit (40h) bzw. Teilzeit (mind. 30h) - Securetec Detektions-Systeme AG","isPartOf":{"@id":"https:\/\/www.securetec.net\/de\/#website"},"datePublished":"2021-12-23T12:35:52+00:00","dateModified":"2021-12-23T13:13:28+00:00","breadcrumb":{"@id":"https:\/\/www.securetec.net\/de\/labormitarbeiter-m-w-d-in-vollzeit-40h-bzw-teilzeit-mind-30h-welche\/#breadcrumb"},"inLanguage":"de","potentialAction":[{"@type":"ReadAction","target":["https:\/\/www.securetec.net\/de\/labormitarbeiter-m-w-d-in-vollzeit-40h-bzw-teilzeit-mind-30h-welche\/"]}]},{"@type":"BreadcrumbList","@id":"https:\/\/www.securetec.net\/de\/labormitarbeiter-m-w-d-in-vollzeit-40h-bzw-teilzeit-mind-30h-welche\/#breadcrumb","itemListElement":[{"@type":"ListItem","position":1,"name":"Startseite","item":"https:\/\/www.securetec.net\/de\/"},{"@type":"ListItem","position":2,"name":"Labormitarbeiter (m\/w\/d) in Vollzeit (40h) bzw. Teilzeit (mind. 30h)"}]},{"@type":"WebSite","@id":"https:\/\/www.securetec.net\/de\/#website","url":"https:\/\/www.securetec.net\/de\/","name":"Securetec Detektions-Systeme AG","description":"We detect to protect","publisher":{"@id":"https:\/\/www.securetec.net\/de\/#organization"},"potentialAction":[{"@type":"SearchAction","target":{"@type":"EntryPoint","urlTemplate":"https:\/\/www.securetec.net\/de\/?s={search_term_string}"},"query-input":{"@type":"PropertyValueSpecification","valueRequired":true,"valueName":"search_term_string"}}],"inLanguage":"de"},{"@type":"Organization","@id":"https:\/\/www.securetec.net\/de\/#organization","name":"Securetec Detektions-Systeme AG","url":"https:\/\/www.securetec.net\/de\/","logo":{"@type":"ImageObject","inLanguage":"de","@id":"https:\/\/www.securetec.net\/de\/#\/schema\/logo\/image\/","url":"https:\/\/www.securetec.net\/app\/uploads\/2018\/07\/Securetec_Logo_.png","contentUrl":"https:\/\/www.securetec.net\/app\/uploads\/2018\/07\/Securetec_Logo_.png","width":411,"height":189,"caption":"Securetec Detektions-Systeme AG"},"image":{"@id":"https:\/\/www.securetec.net\/de\/#\/schema\/logo\/image\/"},"sameAs":["https:\/\/x.com\/DrugWipeUK","https:\/\/www.linkedin.com\/company\/securetec","https:\/\/www.youtube.com\/channel\/UCP9jQA-TYhtqanhaooppMqw"]}]}},"_links":{"self":[{"href":"https:\/\/www.securetec.net\/de\/wp-json\/wp\/v2\/pages\/13128","targetHints":{"allow":["GET"]}}],"collection":[{"href":"https:\/\/www.securetec.net\/de\/wp-json\/wp\/v2\/pages"}],"about":[{"href":"https:\/\/www.securetec.net\/de\/wp-json\/wp\/v2\/types\/page"}],"author":[{"embeddable":true,"href":"https:\/\/www.securetec.net\/de\/wp-json\/wp\/v2\/users\/6"}],"replies":[{"embeddable":true,"href":"https:\/\/www.securetec.net\/de\/wp-json\/wp\/v2\/comments?post=13128"}],"version-history":[{"count":15,"href":"https:\/\/www.securetec.net\/de\/wp-json\/wp\/v2\/pages\/13128\/revisions"}],"predecessor-version":[{"id":13157,"href":"https:\/\/www.securetec.net\/de\/wp-json\/wp\/v2\/pages\/13128\/revisions\/13157"}],"wp:attachment":[{"href":"https:\/\/www.securetec.net\/de\/wp-json\/wp\/v2\/media?parent=13128"}],"curies":[{"name":"wp","href":"https:\/\/api.w.org\/{rel}","templated":true}]}}