{"id":102,"date":"2018-07-19T17:53:30","date_gmt":"2018-07-19T15:53:30","guid":{"rendered":"https:\/\/www.securetec.net\/?page_id=102"},"modified":"2019-01-28T12:38:28","modified_gmt":"2019-01-28T11:38:28","slug":"poc-testing-mit-immunoassays","status":"publish","type":"page","link":"https:\/\/www.securetec.net\/de\/kundenloesungen\/point-of-care-diagnostik\/poc-testing-mit-immunoassays\/","title":{"rendered":"POC Testing mit Immunoassays"},"content":{"rendered":"<div class=\"wpb-content-wrapper\"><p>[vc_row][vc_column width=&#8220;2\/3&#8243;][vc_column_text]Anwenderfreundliche Testsysteme wie Immunoassays, IVD Schnelltests oder auch eine ger\u00e4tebasierte L\u00f6sungen f\u00fcr das\u00a0<strong>POC Testing<\/strong>\u00a0sind unsere Welt.<\/p>\n<p>Ein Lateral Flow Streifentest erm\u00f6glicht einen unmittelbaren Nachweis, zum Beispiel f\u00fcr die medizinische Diagnostik und das\u00a0<strong>Point-of-Care Testing<\/strong>.<\/p>\n<p>Securetec entwickelt und produziert Lateral Flow Tests f\u00fcr unterschiedliche Analyten und Anwendungs\u00adsituationen. Wir informieren Sie gerne umfassend \u00fcber die M\u00f6glichkeiten einer Zusammenarbeit.<\/p>\n<p><a href=\"\/?page_id=29\">Auftragsentwicklung: Von der Idee zum fertigen Produkt<\/a>[\/vc_column_text][\/vc_column][vc_column width=&#8220;1\/3&#8243; content_alignment=&#8220;right&#8220;][tm_image align=&#8220;right&#8220; image=&#8220;4746&#8243;][\/vc_column][\/vc_row]<\/p>\n<\/div>","protected":false},"excerpt":{"rendered":"[vc_row][vc_column width=&#8220;2\/3&#8243;][vc_column_text]Anwenderfreundliche Testsysteme wie Immunoassays, IVD Schnelltests oder auch eine ger\u00e4tebasierte L\u00f6sungen f\u00fcr das\u00a0POC Testing\u00a0sind unsere Welt. Ein Lateral Flow Streifentest erm\u00f6glicht einen unmittelbaren Nachweis, zum Beispiel f\u00fcr die medizinische Diagnostik und das\u00a0Point-of-Care Testing. Securetec entwickelt und produziert Lateral Flow Tests f\u00fcr unterschiedliche Analyten und Anwendungs\u00adsituationen. Wir informieren Sie gerne umfassend \u00fcber die M\u00f6glichkeiten einer Zusammenarbeit. Auftragsentwicklung: Von der Idee zum fertigen Produkt[\/vc_column_text][\/vc_column][vc_column width=&#8220;1\/3&#8243; content_alignment=&#8220;right&#8220;][tm_image align=&#8220;right&#8220; image=&#8220;4746&#8243;][\/vc_column][\/vc_row]","protected":false},"author":1,"featured_media":0,"parent":94,"menu_order":0,"comment_status":"closed","ping_status":"closed","template":"","meta":{"footnotes":""},"class_list":["post-102","page","type-page","status-publish","hentry"],"yoast_head":"<!-- This site is optimized with the Yoast SEO plugin v25.6 - https:\/\/yoast.com\/wordpress\/plugins\/seo\/ -->\n<title>POC Testing mit Immunoassays - Securetec Detektions-Systeme AG<\/title>\n<meta name=\"description\" content=\"Anwenderfreundliche Testsysteme wie Immunoassays, IVD Schnelltests oder auch eine ger\u00e4tebasierte L\u00f6sungen f\u00fcr das Point-of-Care Testing sind unsere Welt.\" \/>\n<meta name=\"robots\" content=\"index, follow, max-snippet:-1, max-image-preview:large, max-video-preview:-1\" \/>\n<link rel=\"canonical\" href=\"https:\/\/www.securetec.net\/de\/kundenloesungen\/point-of-care-diagnostik\/poc-testing-mit-immunoassays\/\" \/>\n<meta property=\"og:locale\" content=\"de_DE\" \/>\n<meta property=\"og:type\" content=\"article\" \/>\n<meta property=\"og:title\" content=\"POC Testing mit Immunoassays - Securetec Detektions-Systeme AG\" \/>\n<meta property=\"og:description\" content=\"Anwenderfreundliche Testsysteme wie Immunoassays, IVD Schnelltests oder auch eine ger\u00e4tebasierte L\u00f6sungen f\u00fcr das Point-of-Care Testing sind unsere Welt.\" \/>\n<meta property=\"og:url\" content=\"https:\/\/www.securetec.net\/de\/kundenloesungen\/point-of-care-diagnostik\/poc-testing-mit-immunoassays\/\" \/>\n<meta property=\"og:site_name\" content=\"Securetec Detektions-Systeme AG\" \/>\n<meta property=\"article:modified_time\" content=\"2019-01-28T11:38:28+00:00\" \/>\n<meta name=\"twitter:card\" content=\"summary_large_image\" \/>\n<meta name=\"twitter:site\" content=\"@DrugWipeUK\" \/>\n<meta name=\"twitter:label1\" content=\"Est. reading time\" \/>\n\t<meta name=\"twitter:data1\" content=\"1\u00a0Minute\" \/>\n<script type=\"application\/ld+json\" class=\"yoast-schema-graph\">{\"@context\":\"https:\/\/schema.org\",\"@graph\":[{\"@type\":\"WebPage\",\"@id\":\"https:\/\/www.securetec.net\/de\/kundenloesungen\/point-of-care-diagnostik\/poc-testing-mit-immunoassays\/\",\"url\":\"https:\/\/www.securetec.net\/de\/kundenloesungen\/point-of-care-diagnostik\/poc-testing-mit-immunoassays\/\",\"name\":\"POC Testing mit Immunoassays - Securetec Detektions-Systeme AG\",\"isPartOf\":{\"@id\":\"https:\/\/www.securetec.net\/de\/#website\"},\"datePublished\":\"2018-07-19T15:53:30+00:00\",\"dateModified\":\"2019-01-28T11:38:28+00:00\",\"description\":\"Anwenderfreundliche Testsysteme wie Immunoassays, IVD Schnelltests oder auch eine ger\u00e4tebasierte L\u00f6sungen f\u00fcr das Point-of-Care Testing sind unsere Welt.\",\"breadcrumb\":{\"@id\":\"https:\/\/www.securetec.net\/de\/kundenloesungen\/point-of-care-diagnostik\/poc-testing-mit-immunoassays\/#breadcrumb\"},\"inLanguage\":\"de\",\"potentialAction\":[{\"@type\":\"ReadAction\",\"target\":[\"https:\/\/www.securetec.net\/de\/kundenloesungen\/point-of-care-diagnostik\/poc-testing-mit-immunoassays\/\"]}]},{\"@type\":\"BreadcrumbList\",\"@id\":\"https:\/\/www.securetec.net\/de\/kundenloesungen\/point-of-care-diagnostik\/poc-testing-mit-immunoassays\/#breadcrumb\",\"itemListElement\":[{\"@type\":\"ListItem\",\"position\":1,\"name\":\"Startseite\",\"item\":\"https:\/\/www.securetec.net\/de\/\"},{\"@type\":\"ListItem\",\"position\":2,\"name\":\"Kundenl\u00f6sungen\",\"item\":\"https:\/\/www.securetec.net\/de\/kundenloesungen\/\"},{\"@type\":\"ListItem\",\"position\":3,\"name\":\"Point-of-Care Diagnostik\",\"item\":\"https:\/\/www.securetec.net\/de\/kundenloesungen\/point-of-care-diagnostik\/\"},{\"@type\":\"ListItem\",\"position\":4,\"name\":\"POC Testing mit Immunoassays\"}]},{\"@type\":\"WebSite\",\"@id\":\"https:\/\/www.securetec.net\/de\/#website\",\"url\":\"https:\/\/www.securetec.net\/de\/\",\"name\":\"Securetec Detektions-Systeme AG\",\"description\":\"We detect to protect\",\"publisher\":{\"@id\":\"https:\/\/www.securetec.net\/de\/#organization\"},\"potentialAction\":[{\"@type\":\"SearchAction\",\"target\":{\"@type\":\"EntryPoint\",\"urlTemplate\":\"https:\/\/www.securetec.net\/de\/?s={search_term_string}\"},\"query-input\":{\"@type\":\"PropertyValueSpecification\",\"valueRequired\":true,\"valueName\":\"search_term_string\"}}],\"inLanguage\":\"de\"},{\"@type\":\"Organization\",\"@id\":\"https:\/\/www.securetec.net\/de\/#organization\",\"name\":\"Securetec Detektions-Systeme AG\",\"url\":\"https:\/\/www.securetec.net\/de\/\",\"logo\":{\"@type\":\"ImageObject\",\"inLanguage\":\"de\",\"@id\":\"https:\/\/www.securetec.net\/de\/#\/schema\/logo\/image\/\",\"url\":\"https:\/\/www.securetec.net\/app\/uploads\/2018\/07\/Securetec_Logo_.png\",\"contentUrl\":\"https:\/\/www.securetec.net\/app\/uploads\/2018\/07\/Securetec_Logo_.png\",\"width\":411,\"height\":189,\"caption\":\"Securetec Detektions-Systeme AG\"},\"image\":{\"@id\":\"https:\/\/www.securetec.net\/de\/#\/schema\/logo\/image\/\"},\"sameAs\":[\"https:\/\/x.com\/DrugWipeUK\",\"https:\/\/www.linkedin.com\/company\/securetec\",\"https:\/\/www.youtube.com\/channel\/UCP9jQA-TYhtqanhaooppMqw\"]}]}<\/script>\n<!-- \/ Yoast SEO plugin. -->","yoast_head_json":{"title":"POC Testing mit Immunoassays - Securetec Detektions-Systeme AG","description":"Anwenderfreundliche Testsysteme wie Immunoassays, IVD Schnelltests oder auch eine ger\u00e4tebasierte L\u00f6sungen f\u00fcr das Point-of-Care Testing sind unsere Welt.","robots":{"index":"index","follow":"follow","max-snippet":"max-snippet:-1","max-image-preview":"max-image-preview:large","max-video-preview":"max-video-preview:-1"},"canonical":"https:\/\/www.securetec.net\/de\/kundenloesungen\/point-of-care-diagnostik\/poc-testing-mit-immunoassays\/","og_locale":"de_DE","og_type":"article","og_title":"POC Testing mit Immunoassays - Securetec Detektions-Systeme AG","og_description":"Anwenderfreundliche Testsysteme wie Immunoassays, IVD Schnelltests oder auch eine ger\u00e4tebasierte L\u00f6sungen f\u00fcr das Point-of-Care Testing sind unsere Welt.","og_url":"https:\/\/www.securetec.net\/de\/kundenloesungen\/point-of-care-diagnostik\/poc-testing-mit-immunoassays\/","og_site_name":"Securetec Detektions-Systeme AG","article_modified_time":"2019-01-28T11:38:28+00:00","twitter_card":"summary_large_image","twitter_site":"@DrugWipeUK","twitter_misc":{"Est. reading time":"1\u00a0Minute"},"schema":{"@context":"https:\/\/schema.org","@graph":[{"@type":"WebPage","@id":"https:\/\/www.securetec.net\/de\/kundenloesungen\/point-of-care-diagnostik\/poc-testing-mit-immunoassays\/","url":"https:\/\/www.securetec.net\/de\/kundenloesungen\/point-of-care-diagnostik\/poc-testing-mit-immunoassays\/","name":"POC Testing mit Immunoassays - Securetec Detektions-Systeme AG","isPartOf":{"@id":"https:\/\/www.securetec.net\/de\/#website"},"datePublished":"2018-07-19T15:53:30+00:00","dateModified":"2019-01-28T11:38:28+00:00","description":"Anwenderfreundliche Testsysteme wie Immunoassays, IVD Schnelltests oder auch eine ger\u00e4tebasierte L\u00f6sungen f\u00fcr das Point-of-Care Testing sind unsere Welt.","breadcrumb":{"@id":"https:\/\/www.securetec.net\/de\/kundenloesungen\/point-of-care-diagnostik\/poc-testing-mit-immunoassays\/#breadcrumb"},"inLanguage":"de","potentialAction":[{"@type":"ReadAction","target":["https:\/\/www.securetec.net\/de\/kundenloesungen\/point-of-care-diagnostik\/poc-testing-mit-immunoassays\/"]}]},{"@type":"BreadcrumbList","@id":"https:\/\/www.securetec.net\/de\/kundenloesungen\/point-of-care-diagnostik\/poc-testing-mit-immunoassays\/#breadcrumb","itemListElement":[{"@type":"ListItem","position":1,"name":"Startseite","item":"https:\/\/www.securetec.net\/de\/"},{"@type":"ListItem","position":2,"name":"Kundenl\u00f6sungen","item":"https:\/\/www.securetec.net\/de\/kundenloesungen\/"},{"@type":"ListItem","position":3,"name":"Point-of-Care Diagnostik","item":"https:\/\/www.securetec.net\/de\/kundenloesungen\/point-of-care-diagnostik\/"},{"@type":"ListItem","position":4,"name":"POC Testing mit Immunoassays"}]},{"@type":"WebSite","@id":"https:\/\/www.securetec.net\/de\/#website","url":"https:\/\/www.securetec.net\/de\/","name":"Securetec Detektions-Systeme AG","description":"We detect to protect","publisher":{"@id":"https:\/\/www.securetec.net\/de\/#organization"},"potentialAction":[{"@type":"SearchAction","target":{"@type":"EntryPoint","urlTemplate":"https:\/\/www.securetec.net\/de\/?s={search_term_string}"},"query-input":{"@type":"PropertyValueSpecification","valueRequired":true,"valueName":"search_term_string"}}],"inLanguage":"de"},{"@type":"Organization","@id":"https:\/\/www.securetec.net\/de\/#organization","name":"Securetec Detektions-Systeme AG","url":"https:\/\/www.securetec.net\/de\/","logo":{"@type":"ImageObject","inLanguage":"de","@id":"https:\/\/www.securetec.net\/de\/#\/schema\/logo\/image\/","url":"https:\/\/www.securetec.net\/app\/uploads\/2018\/07\/Securetec_Logo_.png","contentUrl":"https:\/\/www.securetec.net\/app\/uploads\/2018\/07\/Securetec_Logo_.png","width":411,"height":189,"caption":"Securetec Detektions-Systeme AG"},"image":{"@id":"https:\/\/www.securetec.net\/de\/#\/schema\/logo\/image\/"},"sameAs":["https:\/\/x.com\/DrugWipeUK","https:\/\/www.linkedin.com\/company\/securetec","https:\/\/www.youtube.com\/channel\/UCP9jQA-TYhtqanhaooppMqw"]}]}},"_links":{"self":[{"href":"https:\/\/www.securetec.net\/de\/wp-json\/wp\/v2\/pages\/102","targetHints":{"allow":["GET"]}}],"collection":[{"href":"https:\/\/www.securetec.net\/de\/wp-json\/wp\/v2\/pages"}],"about":[{"href":"https:\/\/www.securetec.net\/de\/wp-json\/wp\/v2\/types\/page"}],"author":[{"embeddable":true,"href":"https:\/\/www.securetec.net\/de\/wp-json\/wp\/v2\/users\/1"}],"replies":[{"embeddable":true,"href":"https:\/\/www.securetec.net\/de\/wp-json\/wp\/v2\/comments?post=102"}],"version-history":[{"count":3,"href":"https:\/\/www.securetec.net\/de\/wp-json\/wp\/v2\/pages\/102\/revisions"}],"predecessor-version":[{"id":9413,"href":"https:\/\/www.securetec.net\/de\/wp-json\/wp\/v2\/pages\/102\/revisions\/9413"}],"up":[{"embeddable":true,"href":"https:\/\/www.securetec.net\/de\/wp-json\/wp\/v2\/pages\/94"}],"wp:attachment":[{"href":"https:\/\/www.securetec.net\/de\/wp-json\/wp\/v2\/media?parent=102"}],"curies":[{"name":"wp","href":"https:\/\/api.w.org\/{rel}","templated":true}]}}